{"id":1741,"date":"2018-07-16T05:25:45","date_gmt":"2018-07-16T05:25:45","guid":{"rendered":"http:\/\/fsrm.ch\/site\/?page_id=1741"},"modified":"2024-01-22T07:52:51","modified_gmt":"2024-01-22T07:52:51","slug":"lageplan","status":"publish","type":"page","link":"https:\/\/fsrm.ch\/site\/de\/lageplan\/","title":{"rendered":"lageplan"},"content":{"rendered":"\t\t<div data-elementor-type=\"wp-post\" data-elementor-id=\"1741\" class=\"elementor elementor-1741\" data-elementor-post-type=\"page\">\n\t\t\t\t\t\t<section class=\"elementor-section elementor-top-section elementor-element elementor-element-348be9f9 elementor-section-stretched elementor-section-full_width elementor-section-content-middle elementor-section-height-default elementor-section-height-default\" data-id=\"348be9f9\" data-element_type=\"section\" data-settings=\"{&quot;stretch_section&quot;:&quot;section-stretched&quot;}\">\n\t\t\t\t\t\t<div class=\"elementor-container elementor-column-gap-default\">\n\t\t\t\t\t<div class=\"elementor-column elementor-col-100 elementor-top-column elementor-element elementor-element-2ef4fce6\" data-id=\"2ef4fce6\" data-element_type=\"column\" data-settings=\"{&quot;background_background&quot;:&quot;classic&quot;}\">\n\t\t\t<div class=\"elementor-widget-wrap elementor-element-populated\">\n\t\t\t\t\t\t<div class=\"elementor-element elementor-element-543fef0 elementor-widget elementor-widget-shortcode\" data-id=\"543fef0\" data-element_type=\"widget\" data-widget_type=\"shortcode.default\">\n\t\t\t\t<div class=\"elementor-widget-container\">\n\t\t\t\t\t\t\t<div class=\"elementor-shortcode\"><div id=\"wpgmza_map\" class=\"wpgmza_map\" data-settings='{\"id\":\"1\",\"map_title\":\"FSRM\",\"map_width\":\"100\",\"map_height\":\"400\",\"map_start_lat\":\"46.993402\",\"map_start_lng\":\"6.937807\",\"map_start_location\":\"46.993402000000025,6.937807000000021\",\"map_start_zoom\":\"15\",\"default_marker\":\"0\",\"type\":\"1\",\"alignment\":\"2\",\"directions_enabled\":\"1\",\"styling_enabled\":\"0\",\"styling_json\":\"\",\"active\":\"0\",\"kml\":\"\",\"bicycle\":\"0\",\"traffic\":\"0\",\"dbox\":\"1\",\"dbox_width\":\"100\",\"listmarkers\":\"0\",\"listmarkers_advanced\":\"0\",\"filterbycat\":\"0\",\"ugm_enabled\":\"0\",\"ugm_category_enabled\":\"0\",\"fusion\":\"\",\"map_width_type\":\"\\\\%\",\"map_height_type\":\"px\",\"mass_marker_support\":\"1\",\"ugm_access\":\"0\",\"order_markers_by\":\"1\",\"order_markers_choice\":\"2\",\"show_user_location\":\"0\",\"default_to\":\"\",\"other_settings\":{\"store_locator_enabled\":2,\"store_locator_distance\":2,\"store_locator_default_radius\":\"10\",\"store_locator_not_found_message\":\"No results found in this location. Please try again.\",\"store_locator_bounce\":2,\"store_locator_query_string\":\"ZIP \\\/ Address:\",\"store_locator_default_address\":\"\",\"wpgmza_store_locator_restrict\":\"\",\"store_locator_style\":\"modern\",\"wpgmza_store_locator_radius_style\":\"modern\",\"map_max_zoom\":\"1\",\"transport_layer\":0,\"wpgmza_theme_data\":\"[{\\\\\\\"featureType\\\\\\\":\\\\\\\"landscape\\\\\\\",\\\\\\\"stylers\\\\\\\":[{\\\\\\\"saturation\\\\\\\":-100},{\\\\\\\"lightness\\\\\\\":65},{\\\\\\\"visibility\\\\\\\":\\\\\\\"on\\\\\\\"}]},{\\\\\\\"featureType\\\\\\\":\\\\\\\"poi\\\\\\\",\\\\\\\"stylers\\\\\\\":[{\\\\\\\"saturation\\\\\\\":-100},{\\\\\\\"lightness\\\\\\\":51},{\\\\\\\"visibility\\\\\\\":\\\\\\\"simplified\\\\\\\"}]},{\\\\\\\"featureType\\\\\\\":\\\\\\\"road.highway\\\\\\\",\\\\\\\"stylers\\\\\\\":[{\\\\\\\"saturation\\\\\\\":-100},{\\\\\\\"visibility\\\\\\\":\\\\\\\"simplified\\\\\\\"}]},{\\\\\\\"featureType\\\\\\\":\\\\\\\"road.arterial\\\\\\\",\\\\\\\"stylers\\\\\\\":[{\\\\\\\"saturation\\\\\\\":-100},{\\\\\\\"lightness\\\\\\\":30},{\\\\\\\"visibility\\\\\\\":\\\\\\\"on\\\\\\\"}]},{\\\\\\\"featureType\\\\\\\":\\\\\\\"road.local\\\\\\\",\\\\\\\"stylers\\\\\\\":[{\\\\\\\"saturation\\\\\\\":-100},{\\\\\\\"lightness\\\\\\\":40},{\\\\\\\"visibility\\\\\\\":\\\\\\\"on\\\\\\\"}]},{\\\\\\\"featureType\\\\\\\":\\\\\\\"transit\\\\\\\",\\\\\\\"stylers\\\\\\\":[{\\\\\\\"saturation\\\\\\\":-100},{\\\\\\\"visibility\\\\\\\":\\\\\\\"simplified\\\\\\\"}]},{\\\\\\\"featureType\\\\\\\":\\\\\\\"administrative.province\\\\\\\",\\\\\\\"stylers\\\\\\\":[{\\\\\\\"visibility\\\\\\\":\\\\\\\"off\\\\\\\"}]},{\\\\\\\"featureType\\\\\\\":\\\\\\\"water\\\\\\\",\\\\\\\"elementType\\\\\\\":\\\\\\\"labels\\\\\\\",\\\\\\\"stylers\\\\\\\":[{\\\\\\\"visibility\\\\\\\":\\\\\\\"on\\\\\\\"},{\\\\\\\"lightness\\\\\\\":-25},{\\\\\\\"saturation\\\\\\\":-100}]},{\\\\\\\"featureType\\\\\\\":\\\\\\\"water\\\\\\\",\\\\\\\"elementType\\\\\\\":\\\\\\\"geometry\\\\\\\",\\\\\\\"stylers\\\\\\\":[{\\\\\\\"hue\\\\\\\":\\\\\\\"#ffff00\\\\\\\"},{\\\\\\\"lightness\\\\\\\":-25},{\\\\\\\"saturation\\\\\\\":-97}]}]\",\"wpgmza_theme_selection\":3,\"wpgmza_show_points_of_interest\":1}}' data-map-id='1' Data-maps-engine='' data-shortcode-attributes='{\"id\":\"1\"}' style=\"display:block; overflow:auto; width:100%; height:400px; float:left;\"><\/div><\/div>\n\t\t\t\t\t\t<\/div>\n\t\t\t\t<\/div>\n\t\t\t\t\t<\/div>\n\t\t<\/div>\n\t\t\t\t\t<\/div>\n\t\t<\/section>\n\t\t\t\t<section class=\"elementor-section elementor-top-section elementor-element elementor-element-3e23ce3 elementor-section-stretched elementor-section-content-middle elementor-section-boxed elementor-section-height-default elementor-section-height-default\" data-id=\"3e23ce3\" data-element_type=\"section\" data-settings=\"{&quot;stretch_section&quot;:&quot;section-stretched&quot;}\">\n\t\t\t\t\t\t<div class=\"elementor-container elementor-column-gap-default\">\n\t\t\t\t\t<div class=\"elementor-column elementor-col-100 elementor-top-column elementor-element elementor-element-115a8783\" data-id=\"115a8783\" data-element_type=\"column\">\n\t\t\t<div class=\"elementor-widget-wrap elementor-element-populated\">\n\t\t\t\t\t\t<div class=\"elementor-element elementor-element-3d2867bb elementor-widget elementor-widget-heading\" data-id=\"3d2867bb\" data-element_type=\"widget\" data-widget_type=\"heading.default\">\n\t\t\t\t<div class=\"elementor-widget-container\">\n\t\t\t\t\t<h2 class=\"elementor-heading-title elementor-size-default\">LAGEPLAN<\/h2>\t\t\t\t<\/div>\n\t\t\t\t<\/div>\n\t\t\t\t<div class=\"elementor-element elementor-element-74305a6c elementor-widget elementor-widget-text-editor\" data-id=\"74305a6c\" data-element_type=\"widget\" data-widget_type=\"text-editor.default\">\n\t\t\t\t<div class=\"elementor-widget-container\">\n\t\t\t\t\t\t\t\t\t<p>FSRM <br \/>Schweizerische Stiftung f\u00fcr mikrotechnische Forschung<br \/>Ruelle DuPeyrou 4, CP 2353<br \/>2000 Neuch\u00e2tel<br \/>Schweiz<\/p><p>+41 32 720 09 00 <br \/><a href=\"mailto:fsrm@fsrm.ch\">fsrm@fsrm.ch<\/a><\/p>\t\t\t\t\t\t\t\t<\/div>\n\t\t\t\t<\/div>\n\t\t\t\t<div class=\"elementor-element elementor-element-1129de91 elementor-widget elementor-widget-heading\" data-id=\"1129de91\" data-element_type=\"widget\" data-widget_type=\"heading.default\">\n\t\t\t\t<div class=\"elementor-widget-container\">\n\t\t\t\t\t<h2 class=\"elementor-heading-title elementor-size-default\">Anreise<\/h2>\t\t\t\t<\/div>\n\t\t\t\t<\/div>\n\t\t\t\t<div class=\"elementor-element elementor-element-193d8cdb elementor-widget elementor-widget-heading\" data-id=\"193d8cdb\" data-element_type=\"widget\" data-widget_type=\"heading.default\">\n\t\t\t\t<div class=\"elementor-widget-container\">\n\t\t\t\t\t<h2 class=\"elementor-heading-title elementor-size-default\">... mit dem Flugzeug und der Bahn<\/h2>\t\t\t\t<\/div>\n\t\t\t\t<\/div>\n\t\t\t\t<div class=\"elementor-element elementor-element-30ec2a9 elementor-widget elementor-widget-text-editor\" data-id=\"30ec2a9\" data-element_type=\"widget\" data-widget_type=\"text-editor.default\">\n\t\t\t\t<div class=\"elementor-widget-container\">\n\t\t\t\t\t\t\t\t\t<p>Flugh\u00e4fen\u00a0<span style=\"text-decoration: underline;\"><a href=\"http:\/\/www.zurich-airport.com\/\" target=\"_blank\" rel=\"noopener\">Zurich<\/a>,<\/span>\u00a0<span style=\"text-decoration: underline;\"><a href=\"http:\/\/www.gva.ch\/\" target=\"_blank\" rel=\"noopener\">Genf<\/a>,<\/span>\u00a0<span style=\"text-decoration: underline;\"><a href=\"http:\/\/www.euroairport.com\/\" target=\"_blank\" rel=\"noopener\">Basel<\/a><\/span>\u00a0et\u00a0<span style=\"text-decoration: underline;\"><a href=\"http:\/\/www.flughafenbern.ch\/\" target=\"_blank\" rel=\"noopener\">Bern<\/a>.<\/span> Von dort st\u00fcndlich direkte Z\u00fcge nach Neuch\u00e2tel. [\u00a0<a href=\"http:\/\/www.sbb.ch\/\" target=\"_blank\" rel=\"noopener\"><span style=\"text-decoration: underline;\">Fahrplan<\/span> SBB<\/a>\u00a0]<\/p>\t\t\t\t\t\t\t\t<\/div>\n\t\t\t\t<\/div>\n\t\t\t\t<div class=\"elementor-element elementor-element-0b91814 elementor-widget elementor-widget-heading\" data-id=\"0b91814\" data-element_type=\"widget\" data-widget_type=\"heading.default\">\n\t\t\t\t<div class=\"elementor-widget-container\">\n\t\t\t\t\t<h2 class=\"elementor-heading-title elementor-size-default\">... mit dem Auto<\/h2>\t\t\t\t<\/div>\n\t\t\t\t<\/div>\n\t\t\t\t<div class=\"elementor-element elementor-element-335f344 elementor-widget elementor-widget-text-editor\" data-id=\"335f344\" data-element_type=\"widget\" data-widget_type=\"text-editor.default\">\n\t\t\t\t<div class=\"elementor-widget-container\">\n\t\t\t\t\t\t\t\t\t<p>Folgen Sie den Wegweisern &#8220;Neuch\u00e2tel-Centre&#8221;. N\u00e4chstes Parkhaus &#8220;Parking du Port&#8221; einige Gehminuten entfernt. Alle \u00fcbrigen Parkpl\u00e4tze sind in der blauen Zone (max. 1,5 h) und meistens besetzt. [\u00a0<span style=\"text-decoration: underline;\"><a href=\"https:\/\/map.search.ch\/..Neuch\u00e2tel,Place-du-Port-4@561632,204632\" target=\"_blank\" rel=\"noopener\">Karte<\/a><\/span>\u00a0]<\/p>\t\t\t\t\t\t\t\t<\/div>\n\t\t\t\t<\/div>\n\t\t\t\t<div class=\"elementor-element elementor-element-1aee790 elementor-widget elementor-widget-heading\" data-id=\"1aee790\" data-element_type=\"widget\" data-widget_type=\"heading.default\">\n\t\t\t\t<div class=\"elementor-widget-container\">\n\t\t\t\t\t<h2 class=\"elementor-heading-title elementor-size-default\">... the last mile<\/h2>\t\t\t\t<\/div>\n\t\t\t\t<\/div>\n\t\t\t\t<div class=\"elementor-element elementor-element-4559374 elementor-widget elementor-widget-text-editor\" data-id=\"4559374\" data-element_type=\"widget\" data-widget_type=\"text-editor.default\">\n\t\t\t\t<div class=\"elementor-widget-container\">\n\t\t\t\t\t\t\t\t\t<p>In weniger als 10 Minuten.<\/p>\t\t\t\t\t\t\t\t<\/div>\n\t\t\t\t<\/div>\n\t\t\t\t<div class=\"elementor-element elementor-element-78ffb38 elementor-widget elementor-widget-heading\" data-id=\"78ffb38\" data-element_type=\"widget\" data-widget_type=\"heading.default\">\n\t\t\t\t<div class=\"elementor-widget-container\">\n\t\t\t\t\t<h2 class=\"elementor-heading-title elementor-size-default\">Vom Bahnhof zu Fuss<\/h2>\t\t\t\t<\/div>\n\t\t\t\t<\/div>\n\t\t\t\t<div class=\"elementor-element elementor-element-6ec8cca elementor-widget elementor-widget-text-editor\" data-id=\"6ec8cca\" data-element_type=\"widget\" data-widget_type=\"text-editor.default\">\n\t\t\t\t<div class=\"elementor-widget-container\">\n\t\t\t\t\t\t\t\t\t<ol><li>Gehen Sie die Treppe hinauf zur Bahnhofshalle\/Billetterie<\/li><li>Ausgang rechts<\/li><li>Gehen Sie die\u00a0<i>Avenue de la Gare\u00a0<\/i>hinunter.<\/li><li>An der Kreuzung links<\/li><li>Nach ca. 50 m. bei der Schule Inlingua: links die Treppe hinunter<\/li><li>\u00fcber die Strasse, links halten und wieder links die Treppen hinunter<\/li><li>Geradeaus bergab zum unteren Ausgang des kleinen Parks. Die\u00a0<i>Rue de l&#8217;Orangerie<\/i>\u00a0(Eingang Kursraum) ist gegen\u00fcber. Links der Apotheke ist die\u00a0<i>RuelleDuPeyrou\u00a0<\/i>(Eingang B\u00fcros)<\/li><\/ol>\t\t\t\t\t\t\t\t<\/div>\n\t\t\t\t<\/div>\n\t\t\t\t<div class=\"elementor-element elementor-element-369c11d elementor-widget elementor-widget-heading\" data-id=\"369c11d\" data-element_type=\"widget\" data-widget_type=\"heading.default\">\n\t\t\t\t<div class=\"elementor-widget-container\">\n\t\t\t\t\t<h2 class=\"elementor-heading-title elementor-size-default\">Vom Bahnhof per Zahnradbahn\n\n<\/h2>\t\t\t\t<\/div>\n\t\t\t\t<\/div>\n\t\t\t\t<div class=\"elementor-element elementor-element-4cce9a27 elementor-widget elementor-widget-text-editor\" data-id=\"4cce9a27\" data-element_type=\"widget\" data-widget_type=\"text-editor.default\">\n\t\t\t\t<div class=\"elementor-widget-container\">\n\t\t\t\t\t\t\t\t\t<ol><li>Im Bahnhof nehmen Sie im Untergeschoss die Zahnradbahn <i>Fun&#8217;ambule<\/i> (Ticket am Automaten)<\/li><li>In 1 Fahrtminute sind Sie im\u00a0<i>Park Jardin Anglais\u00a0<\/i>(es gibt nur diesen Stop).<\/li><li>Ausgang:\u00a0<i>Jardin Anglais<\/i>. Geradeaus weiter durch den Park, bis zum Restaurant\u00a0<i>Bleu Caf\u00e9\u00a0<\/i>auf der rechten Seite.<\/li><li>Die\u00a0<i>Ruelle DuPeyrou\u00a0<\/i>(Eingang B\u00fcros) ist das erste Str\u00e4sschen rechts.<\/li><li>Die\u00a0<i>Rue de l&#8217;Orangerie\u00a0<\/i>(Eingang Kursraum) ist die zweite Strasse rechts.<\/li><\/ol>\t\t\t\t\t\t\t\t<\/div>\n\t\t\t\t<\/div>\n\t\t\t\t<div class=\"elementor-element elementor-element-3580af7 elementor-widget elementor-widget-text-editor\" data-id=\"3580af7\" data-element_type=\"widget\" data-widget_type=\"text-editor.default\">\n\t\t\t\t<div class=\"elementor-widget-container\">\n\t\t\t\t\t\t\t\t\t<p><img fetchpriority=\"high\" decoding=\"async\" class=\"alignleft wp-image-1070\" src=\"http:\/\/fsrm.ch\/site\/wp-content\/uploads\/2018\/05\/fsrm_grande-300x139.jpg\" alt=\"\" width=\"355\" height=\"165\" srcset=\"https:\/\/fsrm.ch\/site\/wp-content\/uploads\/2018\/05\/fsrm_grande-300x139.jpg 300w, https:\/\/fsrm.ch\/site\/wp-content\/uploads\/2018\/05\/fsrm_grande-768x357.jpg 768w, https:\/\/fsrm.ch\/site\/wp-content\/uploads\/2018\/05\/fsrm_grande-1024x475.jpg 1024w, https:\/\/fsrm.ch\/site\/wp-content\/uploads\/2018\/05\/fsrm_grande.jpg 1441w\" sizes=\"(max-width: 355px) 100vw, 355px\" \/><img decoding=\"async\" class=\"alignleft wp-image-1261\" src=\"http:\/\/fsrm.ch\/site\/wp-content\/uploads\/2018\/04\/Salle_Cours_Vide_2-300x139.jpg\" alt=\"\" width=\"355\" height=\"165\" srcset=\"https:\/\/fsrm.ch\/site\/wp-content\/uploads\/2018\/04\/Salle_Cours_Vide_2-300x139.jpg 300w, https:\/\/fsrm.ch\/site\/wp-content\/uploads\/2018\/04\/Salle_Cours_Vide_2-768x357.jpg 768w, https:\/\/fsrm.ch\/site\/wp-content\/uploads\/2018\/04\/Salle_Cours_Vide_2-1024x475.jpg 1024w, https:\/\/fsrm.ch\/site\/wp-content\/uploads\/2018\/04\/Salle_Cours_Vide_2.jpg 1441w\" sizes=\"(max-width: 355px) 100vw, 355px\" \/><\/p>\t\t\t\t\t\t\t\t<\/div>\n\t\t\t\t<\/div>\n\t\t\t\t\t<\/div>\n\t\t<\/div>\n\t\t\t\t\t<\/div>\n\t\t<\/section>\n\t\t\t\t<\/div>\n\t\t","protected":false},"excerpt":{"rendered":"<p>LAGEPLAN FSRM Schweizerische Stiftung f\u00fcr mikrotechnische ForschungRuelle DuPeyrou 4, CP 23532000 Neuch\u00e2telSchweiz +41 32 720 09 00 fsrm@fsrm.ch Anreise &#8230; mit dem Flugzeug und der Bahn Flugh\u00e4fen\u00a0Zurich,\u00a0Genf,\u00a0Basel\u00a0et\u00a0Bern. Von dort st\u00fcndlich direkte Z\u00fcge nach Neuch\u00e2tel. [\u00a0Fahrplan SBB\u00a0] &#8230; mit dem Auto Folgen Sie den Wegweisern &#8220;Neuch\u00e2tel-Centre&#8221;. N\u00e4chstes Parkhaus &#8220;Parking du Port&#8221; einige Gehminuten entfernt. Alle \u00fcbrigen [&hellip;]<\/p>\n","protected":false},"author":6,"featured_media":0,"parent":0,"menu_order":0,"comment_status":"closed","ping_status":"closed","template":"","meta":{"footnotes":""},"class_list":["post-1741","page","type-page","status-publish","hentry"],"yoast_head":"<!-- This site is optimized with the Yoast SEO plugin v25.4 - https:\/\/yoast.com\/wordpress\/plugins\/seo\/ -->\n<title>lageplan - FSRM<\/title>\n<meta name=\"robots\" content=\"index, follow, max-snippet:-1, max-image-preview:large, max-video-preview:-1\" \/>\n<link rel=\"canonical\" href=\"https:\/\/fsrm.ch\/site\/de\/lageplan\/\" \/>\n<meta property=\"og:locale\" content=\"en_US\" \/>\n<meta property=\"og:type\" content=\"article\" \/>\n<meta property=\"og:title\" content=\"lageplan - FSRM\" \/>\n<meta property=\"og:description\" content=\"LAGEPLAN FSRM Schweizerische Stiftung f\u00fcr mikrotechnische ForschungRuelle DuPeyrou 4, CP 23532000 Neuch\u00e2telSchweiz +41 32 720 09 00 fsrm@fsrm.ch Anreise &#8230; mit dem Flugzeug und der Bahn Flugh\u00e4fen\u00a0Zurich,\u00a0Genf,\u00a0Basel\u00a0et\u00a0Bern. Von dort st\u00fcndlich direkte Z\u00fcge nach Neuch\u00e2tel. [\u00a0Fahrplan SBB\u00a0] &#8230; mit dem Auto Folgen Sie den Wegweisern &#8220;Neuch\u00e2tel-Centre&#8221;. N\u00e4chstes Parkhaus &#8220;Parking du Port&#8221; einige Gehminuten entfernt. Alle \u00fcbrigen [&hellip;]\" \/>\n<meta property=\"og:url\" content=\"https:\/\/fsrm.ch\/site\/de\/lageplan\/\" \/>\n<meta property=\"og:site_name\" content=\"FSRM\" \/>\n<meta property=\"article:publisher\" content=\"https:\/\/www.facebook.com\/fsrm.ch\" \/>\n<meta property=\"article:modified_time\" content=\"2024-01-22T07:52:51+00:00\" \/>\n<meta property=\"og:image\" content=\"http:\/\/fsrm.ch\/site\/wp-content\/uploads\/2018\/05\/fsrm_grande-300x139.jpg\" \/>\n<meta name=\"twitter:card\" content=\"summary_large_image\" \/>\n<meta name=\"twitter:label1\" content=\"Est. reading time\" \/>\n\t<meta name=\"twitter:data1\" content=\"1 minute\" \/>\n<script type=\"application\/ld+json\" class=\"yoast-schema-graph\">{\"@context\":\"https:\/\/schema.org\",\"@graph\":[{\"@type\":\"WebPage\",\"@id\":\"https:\/\/fsrm.ch\/site\/de\/lageplan\/\",\"url\":\"https:\/\/fsrm.ch\/site\/de\/lageplan\/\",\"name\":\"lageplan - FSRM\",\"isPartOf\":{\"@id\":\"https:\/\/fsrm.ch\/site\/#website\"},\"primaryImageOfPage\":{\"@id\":\"https:\/\/fsrm.ch\/site\/de\/lageplan\/#primaryimage\"},\"image\":{\"@id\":\"https:\/\/fsrm.ch\/site\/de\/lageplan\/#primaryimage\"},\"thumbnailUrl\":\"http:\/\/fsrm.ch\/site\/wp-content\/uploads\/2018\/05\/fsrm_grande-300x139.jpg\",\"datePublished\":\"2018-07-16T05:25:45+00:00\",\"dateModified\":\"2024-01-22T07:52:51+00:00\",\"breadcrumb\":{\"@id\":\"https:\/\/fsrm.ch\/site\/de\/lageplan\/#breadcrumb\"},\"inLanguage\":\"en-US\",\"potentialAction\":[{\"@type\":\"ReadAction\",\"target\":[\"https:\/\/fsrm.ch\/site\/de\/lageplan\/\"]}]},{\"@type\":\"ImageObject\",\"inLanguage\":\"en-US\",\"@id\":\"https:\/\/fsrm.ch\/site\/de\/lageplan\/#primaryimage\",\"url\":\"https:\/\/fsrm.ch\/site\/wp-content\/uploads\/2018\/05\/fsrm_grande.jpg\",\"contentUrl\":\"https:\/\/fsrm.ch\/site\/wp-content\/uploads\/2018\/05\/fsrm_grande.jpg\",\"width\":1441,\"height\":669},{\"@type\":\"BreadcrumbList\",\"@id\":\"https:\/\/fsrm.ch\/site\/de\/lageplan\/#breadcrumb\",\"itemListElement\":[{\"@type\":\"ListItem\",\"position\":1,\"name\":\"Home\",\"item\":\"https:\/\/fsrm.ch\/site\/\"},{\"@type\":\"ListItem\",\"position\":2,\"name\":\"lageplan\"}]},{\"@type\":\"WebSite\",\"@id\":\"https:\/\/fsrm.ch\/site\/#website\",\"url\":\"https:\/\/fsrm.ch\/site\/\",\"name\":\"FSRM\",\"description\":\"Formation continue, cours de perfectionnement professionnel et organisation d&#039;\u00e9v\u00e9nements.\",\"publisher\":{\"@id\":\"https:\/\/fsrm.ch\/site\/#organization\"},\"potentialAction\":[{\"@type\":\"SearchAction\",\"target\":{\"@type\":\"EntryPoint\",\"urlTemplate\":\"https:\/\/fsrm.ch\/site\/?s={search_term_string}\"},\"query-input\":{\"@type\":\"PropertyValueSpecification\",\"valueRequired\":true,\"valueName\":\"search_term_string\"}}],\"inLanguage\":\"en-US\"},{\"@type\":\"Organization\",\"@id\":\"https:\/\/fsrm.ch\/site\/#organization\",\"name\":\"FSRM\",\"url\":\"https:\/\/fsrm.ch\/site\/\",\"logo\":{\"@type\":\"ImageObject\",\"inLanguage\":\"en-US\",\"@id\":\"https:\/\/fsrm.ch\/site\/#\/schema\/logo\/image\/\",\"url\":\"https:\/\/fsrm.ch\/site\/wp-content\/uploads\/2025\/05\/fsrm-logo.png\",\"contentUrl\":\"https:\/\/fsrm.ch\/site\/wp-content\/uploads\/2025\/05\/fsrm-logo.png\",\"width\":1000,\"height\":539,\"caption\":\"FSRM\"},\"image\":{\"@id\":\"https:\/\/fsrm.ch\/site\/#\/schema\/logo\/image\/\"},\"sameAs\":[\"https:\/\/www.facebook.com\/fsrm.ch\",\"https:\/\/www.linkedin.com\/company\/fsrm-swiss-foundation-for-research-in-microtechnology\",\"https:\/\/www.youtube.com\/user\/fsrmch\"]}]}<\/script>\n<!-- \/ Yoast SEO plugin. -->","yoast_head_json":{"title":"lageplan - FSRM","robots":{"index":"index","follow":"follow","max-snippet":"max-snippet:-1","max-image-preview":"max-image-preview:large","max-video-preview":"max-video-preview:-1"},"canonical":"https:\/\/fsrm.ch\/site\/de\/lageplan\/","og_locale":"en_US","og_type":"article","og_title":"lageplan - FSRM","og_description":"LAGEPLAN FSRM Schweizerische Stiftung f\u00fcr mikrotechnische ForschungRuelle DuPeyrou 4, CP 23532000 Neuch\u00e2telSchweiz +41 32 720 09 00 fsrm@fsrm.ch Anreise &#8230; mit dem Flugzeug und der Bahn Flugh\u00e4fen\u00a0Zurich,\u00a0Genf,\u00a0Basel\u00a0et\u00a0Bern. Von dort st\u00fcndlich direkte Z\u00fcge nach Neuch\u00e2tel. [\u00a0Fahrplan SBB\u00a0] &#8230; mit dem Auto Folgen Sie den Wegweisern &#8220;Neuch\u00e2tel-Centre&#8221;. N\u00e4chstes Parkhaus &#8220;Parking du Port&#8221; einige Gehminuten entfernt. Alle \u00fcbrigen [&hellip;]","og_url":"https:\/\/fsrm.ch\/site\/de\/lageplan\/","og_site_name":"FSRM","article_publisher":"https:\/\/www.facebook.com\/fsrm.ch","article_modified_time":"2024-01-22T07:52:51+00:00","og_image":[{"url":"http:\/\/fsrm.ch\/site\/wp-content\/uploads\/2018\/05\/fsrm_grande-300x139.jpg","type":"","width":"","height":""}],"twitter_card":"summary_large_image","twitter_misc":{"Est. reading time":"1 minute"},"schema":{"@context":"https:\/\/schema.org","@graph":[{"@type":"WebPage","@id":"https:\/\/fsrm.ch\/site\/de\/lageplan\/","url":"https:\/\/fsrm.ch\/site\/de\/lageplan\/","name":"lageplan - FSRM","isPartOf":{"@id":"https:\/\/fsrm.ch\/site\/#website"},"primaryImageOfPage":{"@id":"https:\/\/fsrm.ch\/site\/de\/lageplan\/#primaryimage"},"image":{"@id":"https:\/\/fsrm.ch\/site\/de\/lageplan\/#primaryimage"},"thumbnailUrl":"http:\/\/fsrm.ch\/site\/wp-content\/uploads\/2018\/05\/fsrm_grande-300x139.jpg","datePublished":"2018-07-16T05:25:45+00:00","dateModified":"2024-01-22T07:52:51+00:00","breadcrumb":{"@id":"https:\/\/fsrm.ch\/site\/de\/lageplan\/#breadcrumb"},"inLanguage":"en-US","potentialAction":[{"@type":"ReadAction","target":["https:\/\/fsrm.ch\/site\/de\/lageplan\/"]}]},{"@type":"ImageObject","inLanguage":"en-US","@id":"https:\/\/fsrm.ch\/site\/de\/lageplan\/#primaryimage","url":"https:\/\/fsrm.ch\/site\/wp-content\/uploads\/2018\/05\/fsrm_grande.jpg","contentUrl":"https:\/\/fsrm.ch\/site\/wp-content\/uploads\/2018\/05\/fsrm_grande.jpg","width":1441,"height":669},{"@type":"BreadcrumbList","@id":"https:\/\/fsrm.ch\/site\/de\/lageplan\/#breadcrumb","itemListElement":[{"@type":"ListItem","position":1,"name":"Home","item":"https:\/\/fsrm.ch\/site\/"},{"@type":"ListItem","position":2,"name":"lageplan"}]},{"@type":"WebSite","@id":"https:\/\/fsrm.ch\/site\/#website","url":"https:\/\/fsrm.ch\/site\/","name":"FSRM","description":"Formation continue, cours de perfectionnement professionnel et organisation d&#039;\u00e9v\u00e9nements.","publisher":{"@id":"https:\/\/fsrm.ch\/site\/#organization"},"potentialAction":[{"@type":"SearchAction","target":{"@type":"EntryPoint","urlTemplate":"https:\/\/fsrm.ch\/site\/?s={search_term_string}"},"query-input":{"@type":"PropertyValueSpecification","valueRequired":true,"valueName":"search_term_string"}}],"inLanguage":"en-US"},{"@type":"Organization","@id":"https:\/\/fsrm.ch\/site\/#organization","name":"FSRM","url":"https:\/\/fsrm.ch\/site\/","logo":{"@type":"ImageObject","inLanguage":"en-US","@id":"https:\/\/fsrm.ch\/site\/#\/schema\/logo\/image\/","url":"https:\/\/fsrm.ch\/site\/wp-content\/uploads\/2025\/05\/fsrm-logo.png","contentUrl":"https:\/\/fsrm.ch\/site\/wp-content\/uploads\/2025\/05\/fsrm-logo.png","width":1000,"height":539,"caption":"FSRM"},"image":{"@id":"https:\/\/fsrm.ch\/site\/#\/schema\/logo\/image\/"},"sameAs":["https:\/\/www.facebook.com\/fsrm.ch","https:\/\/www.linkedin.com\/company\/fsrm-swiss-foundation-for-research-in-microtechnology","https:\/\/www.youtube.com\/user\/fsrmch"]}]}},"_links":{"self":[{"href":"https:\/\/fsrm.ch\/site\/wp-json\/wp\/v2\/pages\/1741","targetHints":{"allow":["GET"]}}],"collection":[{"href":"https:\/\/fsrm.ch\/site\/wp-json\/wp\/v2\/pages"}],"about":[{"href":"https:\/\/fsrm.ch\/site\/wp-json\/wp\/v2\/types\/page"}],"author":[{"embeddable":true,"href":"https:\/\/fsrm.ch\/site\/wp-json\/wp\/v2\/users\/6"}],"replies":[{"embeddable":true,"href":"https:\/\/fsrm.ch\/site\/wp-json\/wp\/v2\/comments?post=1741"}],"version-history":[{"count":17,"href":"https:\/\/fsrm.ch\/site\/wp-json\/wp\/v2\/pages\/1741\/revisions"}],"predecessor-version":[{"id":6058,"href":"https:\/\/fsrm.ch\/site\/wp-json\/wp\/v2\/pages\/1741\/revisions\/6058"}],"wp:attachment":[{"href":"https:\/\/fsrm.ch\/site\/wp-json\/wp\/v2\/media?parent=1741"}],"curies":[{"name":"wp","href":"https:\/\/api.w.org\/{rel}","templated":true}]}}