{"id":1748,"date":"2018-07-16T05:38:46","date_gmt":"2018-07-16T05:38:46","guid":{"rendered":"http:\/\/fsrm.ch\/site\/?page_id=1748"},"modified":"2025-09-08T10:08:49","modified_gmt":"2025-09-08T10:08:49","slug":"geschaftsbedingungen","status":"publish","type":"page","link":"https:\/\/fsrm.ch\/site\/de\/geschaftsbedingungen\/","title":{"rendered":"gesch\u00e4ftsbedingungen"},"content":{"rendered":"\t\t<div data-elementor-type=\"wp-post\" data-elementor-id=\"1748\" class=\"elementor elementor-1748\" data-elementor-post-type=\"page\">\n\t\t\t\t\t\t<section class=\"elementor-section elementor-top-section elementor-element elementor-element-500e0645 elementor-section-stretched elementor-section-full_width elementor-section-content-middle elementor-section-height-default elementor-section-height-default\" data-id=\"500e0645\" data-element_type=\"section\" data-settings=\"{&quot;stretch_section&quot;:&quot;section-stretched&quot;}\">\n\t\t\t\t\t\t<div class=\"elementor-container elementor-column-gap-default\">\n\t\t\t\t\t<div class=\"elementor-column elementor-col-100 elementor-top-column elementor-element elementor-element-5bca1800\" data-id=\"5bca1800\" data-element_type=\"column\" data-settings=\"{&quot;background_background&quot;:&quot;classic&quot;}\">\n\t\t\t<div class=\"elementor-widget-wrap elementor-element-populated\">\n\t\t\t\t\t\t<div class=\"elementor-element elementor-element-45bed1d6 elementor-widget elementor-widget-image\" data-id=\"45bed1d6\" data-element_type=\"widget\" data-widget_type=\"image.default\">\n\t\t\t\t<div class=\"elementor-widget-container\">\n\t\t\t\t\t\t\t\t\t\t\t\t\t\t\t<img fetchpriority=\"high\" decoding=\"async\" width=\"768\" height=\"357\" src=\"https:\/\/fsrm.ch\/site\/wp-content\/uploads\/2018\/05\/cours_5-1-768x357.jpg\" class=\"attachment-medium_large size-medium_large wp-image-1033\" alt=\"\" srcset=\"https:\/\/fsrm.ch\/site\/wp-content\/uploads\/2018\/05\/cours_5-1-768x357.jpg 768w, https:\/\/fsrm.ch\/site\/wp-content\/uploads\/2018\/05\/cours_5-1-300x139.jpg 300w, https:\/\/fsrm.ch\/site\/wp-content\/uploads\/2018\/05\/cours_5-1-1024x475.jpg 1024w, https:\/\/fsrm.ch\/site\/wp-content\/uploads\/2018\/05\/cours_5-1.jpg 1441w\" sizes=\"(max-width: 768px) 100vw, 768px\" \/>\t\t\t\t\t\t\t\t\t\t\t\t\t\t\t<\/div>\n\t\t\t\t<\/div>\n\t\t\t\t\t<\/div>\n\t\t<\/div>\n\t\t\t\t\t<\/div>\n\t\t<\/section>\n\t\t\t\t<section class=\"elementor-section elementor-top-section elementor-element elementor-element-58692d90 elementor-section-stretched elementor-section-content-middle elementor-section-boxed elementor-section-height-default elementor-section-height-default\" data-id=\"58692d90\" data-element_type=\"section\" data-settings=\"{&quot;stretch_section&quot;:&quot;section-stretched&quot;}\">\n\t\t\t\t\t\t<div class=\"elementor-container elementor-column-gap-default\">\n\t\t\t\t\t<div class=\"elementor-column elementor-col-100 elementor-top-column elementor-element elementor-element-7c1eea75\" data-id=\"7c1eea75\" data-element_type=\"column\">\n\t\t\t<div class=\"elementor-widget-wrap elementor-element-populated\">\n\t\t\t\t\t\t<div class=\"elementor-element elementor-element-25ab879d elementor-widget elementor-widget-heading\" data-id=\"25ab879d\" data-element_type=\"widget\" data-widget_type=\"heading.default\">\n\t\t\t\t<div class=\"elementor-widget-container\">\n\t\t\t\t\t<h2 class=\"elementor-heading-title elementor-size-default\">GESCH\u00c4FTSBEDINGUNGEN<\/h2>\t\t\t\t<\/div>\n\t\t\t\t<\/div>\n\t\t\t\t<div class=\"elementor-element elementor-element-4df789ac elementor-widget elementor-widget-text-editor\" data-id=\"4df789ac\" data-element_type=\"widget\" data-widget_type=\"text-editor.default\">\n\t\t\t\t<div class=\"elementor-widget-container\">\n\t\t\t\t\t\t\t\t\t<p><a href=\"#cours\">&gt; <\/a><a href=\"#cours\">kursteilnahme<\/a><\/p>\t\t\t\t\t\t\t\t<\/div>\n\t\t\t\t<\/div>\n\t\t\t\t<div class=\"elementor-element elementor-element-895c1e7 elementor-widget elementor-widget-text-editor\" data-id=\"895c1e7\" data-element_type=\"widget\" data-widget_type=\"text-editor.default\">\n\t\t\t\t<div class=\"elementor-widget-container\">\n\t\t\t\t\t\t\t\t\t<p><a href=\"#donn\u00e9es\">&gt; <\/a><a href=\"https:\/\/fsrm.ch\/site\/de\/datenschutzrichtlinie\/\">datenschutzrichtlinie<\/a><\/p>\t\t\t\t\t\t\t\t<\/div>\n\t\t\t\t<\/div>\n\t\t\t\t<div class=\"elementor-element elementor-element-168b418 elementor-widget elementor-widget-menu-anchor\" data-id=\"168b418\" data-element_type=\"widget\" data-widget_type=\"menu-anchor.default\">\n\t\t\t\t<div class=\"elementor-widget-container\">\n\t\t\t\t\t\t\t<div class=\"elementor-menu-anchor\" id=\"cours\"><\/div>\n\t\t\t\t\t\t<\/div>\n\t\t\t\t<\/div>\n\t\t\t\t<div class=\"elementor-element elementor-element-579fa13 elementor-widget elementor-widget-heading\" data-id=\"579fa13\" data-element_type=\"widget\" data-widget_type=\"heading.default\">\n\t\t\t\t<div class=\"elementor-widget-container\">\n\t\t\t\t\t<h2 class=\"elementor-heading-title elementor-size-default\">Kursteilnahme<\/h2>\t\t\t\t<\/div>\n\t\t\t\t<\/div>\n\t\t\t\t<div class=\"elementor-element elementor-element-93f26ea elementor-widget elementor-widget-heading\" data-id=\"93f26ea\" data-element_type=\"widget\" data-widget_type=\"heading.default\">\n\t\t\t\t<div class=\"elementor-widget-container\">\n\t\t\t\t\t<h2 class=\"elementor-heading-title elementor-size-default\">Anmeldung<\/h2>\t\t\t\t<\/div>\n\t\t\t\t<\/div>\n\t\t\t\t<div class=\"elementor-element elementor-element-8728744 elementor-widget elementor-widget-text-editor\" data-id=\"8728744\" data-element_type=\"widget\" data-widget_type=\"text-editor.default\">\n\t\t\t\t<div class=\"elementor-widget-container\">\n\t\t\t\t\t\t\t\t\t<p>Bitte melden Sie sich online via Kursbeschreibung auf\u00a0<a href=\"https:\/\/fsrm.ch\/doc\/agendaDate.php?lang=d\" target=\"_blank\" rel=\"noopener\"><span style=\"text-decoration: underline;\">www.fsrm.ch<\/span><\/a>, oder per E-Mail an <span style=\"text-decoration: underline;\"><a href=\"mailto:fsrm@fsrm.ch\">fsrm@fsrm.ch<\/a>.<\/span><\/p><p>Anmeldeschluss ist 14 Tage vor Kursbeginn.<\/p>\t\t\t\t\t\t\t\t<\/div>\n\t\t\t\t<\/div>\n\t\t\t\t<div class=\"elementor-element elementor-element-6c4f045d elementor-widget elementor-widget-heading\" data-id=\"6c4f045d\" data-element_type=\"widget\" data-widget_type=\"heading.default\">\n\t\t\t\t<div class=\"elementor-widget-container\">\n\t\t\t\t\t<h2 class=\"elementor-heading-title elementor-size-default\">Best\u00e4tigung<\/h2>\t\t\t\t<\/div>\n\t\t\t\t<\/div>\n\t\t\t\t<div class=\"elementor-element elementor-element-c16bb11 elementor-widget elementor-widget-text-editor\" data-id=\"c16bb11\" data-element_type=\"widget\" data-widget_type=\"text-editor.default\">\n\t\t\t\t<div class=\"elementor-widget-container\">\n\t\t\t\t\t\t\t\t\t<p>Sie erhalten direkt nach der Anmeldung eine automatische Best\u00e4tigung. Sobald die n\u00f6tige Mindestanzahl an Teilnehmern erreicht ist, erhalten Sie per Mail die definitive Best\u00e4tigung mit der Rechnung und allen weiteren Informationen.<\/p><p>F\u00fcr Fragen stehen wir Ihnen gerne zur Verf\u00fcgung! <a href=\"fsrm@fsrm.ch\" target=\"_blank\" rel=\"noopener\">fsrm@fsrm.ch<\/a><\/p>\t\t\t\t\t\t\t\t<\/div>\n\t\t\t\t<\/div>\n\t\t\t\t<div class=\"elementor-element elementor-element-e10ca0a elementor-widget elementor-widget-heading\" data-id=\"e10ca0a\" data-element_type=\"widget\" data-widget_type=\"heading.default\">\n\t\t\t\t<div class=\"elementor-widget-container\">\n\t\t\t\t\t<h2 class=\"elementor-heading-title elementor-size-default\">Kursgeb\u00fchren<\/h2>\t\t\t\t<\/div>\n\t\t\t\t<\/div>\n\t\t\t\t<div class=\"elementor-element elementor-element-95a27aa elementor-widget elementor-widget-text-editor\" data-id=\"95a27aa\" data-element_type=\"widget\" data-widget_type=\"text-editor.default\">\n\t\t\t\t<div class=\"elementor-widget-container\">\n\t\t\t\t\t\t\t\t\t<p>Die Kursgeb\u00fchrensind vor Kursbeginn zu bezahlen. Sie beinhalten die Kursunterlagen sowie Mittagessen und Kaffeepausen, sofern es sich um einen Pr\u00e4senzkurs handelt.<\/p><p><a href=\"https:\/\/www.fsrm.ch\/d\/formRabais.php\"><span style=\"text-decoration: underline;\">M\u00f6gliche Verg\u00fcnstigungen<\/span><\/a><span style=\"text-decoration: underline;\">.<\/span><\/p>\t\t\t\t\t\t\t\t<\/div>\n\t\t\t\t<\/div>\n\t\t\t\t<div class=\"elementor-element elementor-element-b28c64c elementor-widget elementor-widget-heading\" data-id=\"b28c64c\" data-element_type=\"widget\" data-widget_type=\"heading.default\">\n\t\t\t\t<div class=\"elementor-widget-container\">\n\t\t\t\t\t<h2 class=\"elementor-heading-title elementor-size-default\">Hotel<\/h2>\t\t\t\t<\/div>\n\t\t\t\t<\/div>\n\t\t\t\t<div class=\"elementor-element elementor-element-49804aa elementor-widget elementor-widget-text-editor\" data-id=\"49804aa\" data-element_type=\"widget\" data-widget_type=\"text-editor.default\">\n\t\t\t\t<div class=\"elementor-widget-container\">\n\t\t\t\t\t\t\t\t\t<p>Falls Sie ein Hotelzimmer ben\u00f6tigen, buchen Sie dieses bitte selbst.<\/p>\t\t\t\t\t\t\t\t<\/div>\n\t\t\t\t<\/div>\n\t\t\t\t<div class=\"elementor-element elementor-element-c1cb2d7 elementor-widget elementor-widget-heading\" data-id=\"c1cb2d7\" data-element_type=\"widget\" data-widget_type=\"heading.default\">\n\t\t\t\t<div class=\"elementor-widget-container\">\n\t\t\t\t\t<h2 class=\"elementor-heading-title elementor-size-default\">Annullierung<\/h2>\t\t\t\t<\/div>\n\t\t\t\t<\/div>\n\t\t\t\t<div class=\"elementor-element elementor-element-512a71c elementor-widget elementor-widget-text-editor\" data-id=\"512a71c\" data-element_type=\"widget\" data-widget_type=\"text-editor.default\">\n\t\t\t\t<div class=\"elementor-widget-container\">\n\t\t\t\t\t\t\t\t\t<p>Falls Sie verhindert sind, am Kurs teilzunehmen, muss Ihre Annullierung sp\u00e4testens 14 Tage vor Kursbeginn bei uns eintreffen. Wir erstatten dann die gesamten Kursgeb\u00fchren zur\u00fcck. Bei sp\u00e4terer Annullierung sind die vollen Kursgeb\u00fchren zu bezahlen. Sie k\u00f6nnen jedoch jederzeit einen Stellvertreter schicken.<\/p><p>Wir behalten uns vor, Kurse mit weniger als 5-6 Teilnehmern zu annullieren. Wenn ein Kurs nicht stattfinden kann, werden Sie sp\u00e4testens 7 Tage vor Kursbeginn informiert (10 Tage vor Kursbeginn bei Kursen ausserhalb der Schweiz). Eventuell bezahlte Kursgeb\u00fchren werden zur\u00fcck erstattet. Reisekosten werden keine erstattet. Im Zweifelsfalle kontaktieren Sie uns bitte, ob der Kurs best\u00e4tigt ist.<\/p><p>Bei Fragen wenden Sie sich bitte an unser Kurssekretariat\u00a0<span style=\"text-decoration: underline;\"><a href=\"mailto:fsrm@fsrm.ch\">fsrm@fsrm.ch<\/a><\/span><\/p>\t\t\t\t\t\t\t\t<\/div>\n\t\t\t\t<\/div>\n\t\t\t\t<div class=\"elementor-element elementor-element-07bb508 elementor-widget elementor-widget-heading\" data-id=\"07bb508\" data-element_type=\"widget\" data-widget_type=\"heading.default\">\n\t\t\t\t<div class=\"elementor-widget-container\">\n\t\t\t\t\t<h2 class=\"elementor-heading-title elementor-size-default\">Teilnahmebest\u00e4tigung<\/h2>\t\t\t\t<\/div>\n\t\t\t\t<\/div>\n\t\t\t\t<div class=\"elementor-element elementor-element-4cf3f15b elementor-widget elementor-widget-text-editor\" data-id=\"4cf3f15b\" data-element_type=\"widget\" data-widget_type=\"text-editor.default\">\n\t\t\t\t<div class=\"elementor-widget-container\">\n\t\t\t\t\t\t\t\t\t<p>Am Ende des Kurses erhalten Sie eine Teilnahmebest\u00e4tigung.<\/p>\t\t\t\t\t\t\t\t<\/div>\n\t\t\t\t<\/div>\n\t\t\t\t<div class=\"elementor-element elementor-element-86de5ff elementor-widget elementor-widget-heading\" data-id=\"86de5ff\" data-element_type=\"widget\" data-widget_type=\"heading.default\">\n\t\t\t\t<div class=\"elementor-widget-container\">\n\t\t\t\t\t<h2 class=\"elementor-heading-title elementor-size-default\">Zustimmung zu pers\u00f6nlichen Daten<\/h2>\t\t\t\t<\/div>\n\t\t\t\t<\/div>\n\t\t\t\t<div class=\"elementor-element elementor-element-4820e8c elementor-widget elementor-widget-text-editor\" data-id=\"4820e8c\" data-element_type=\"widget\" data-widget_type=\"text-editor.default\">\n\t\t\t\t<div class=\"elementor-widget-container\">\n\t\t\t\t\t\t\t\t\t<p>Mit der Anmeldung zu einem von der FSRM organisierten Kurs oder einer Veranstaltung erkl\u00e4ren Sie sich mit der Verwendung Ihrer pers\u00f6nlichen Daten durch die FSRM einverstanden.<\/p>\n<p>Weitere Informationen finden Sie in unserer&nbsp;<a href=\"https:\/\/fsrm.ch\/site\/de\/datenschutzrichtlinie\/\">Datenschutzrichtlinie<\/a>.<\/p>\t\t\t\t\t\t\t\t<\/div>\n\t\t\t\t<\/div>\n\t\t\t\t<div class=\"elementor-element elementor-element-14e38bd elementor-widget elementor-widget-heading\" data-id=\"14e38bd\" data-element_type=\"widget\" data-widget_type=\"heading.default\">\n\t\t\t\t<div class=\"elementor-widget-container\">\n\t\t\t\t\t<h2 class=\"elementor-heading-title elementor-size-default\">Kontakt<\/h2>\t\t\t\t<\/div>\n\t\t\t\t<\/div>\n\t\t\t\t<div class=\"elementor-element elementor-element-2a8e74a elementor-widget elementor-widget-text-editor\" data-id=\"2a8e74a\" data-element_type=\"widget\" data-widget_type=\"text-editor.default\">\n\t\t\t\t<div class=\"elementor-widget-container\">\n\t\t\t\t\t\t\t\t\t<p>F\u00fcr Fragen in Bezug auf Ihre pers\u00f6nlichen Daten wenden Sie sich bitte an :<\/p>\n<p>Sebastian Gautsch, Direktor<br>FSRM<br>Ruelle DuPeyrou 4<br>2000 Neuch\u00e2tel, Schweiz<br>+41 32&nbsp;720 09 00<\/p>\t\t\t\t\t\t\t\t<\/div>\n\t\t\t\t<\/div>\n\t\t\t\t\t<\/div>\n\t\t<\/div>\n\t\t\t\t\t<\/div>\n\t\t<\/section>\n\t\t\t\t<\/div>\n\t\t","protected":false},"excerpt":{"rendered":"<p>GESCH\u00c4FTSBEDINGUNGEN &gt; kursteilnahme &gt; datenschutzrichtlinie Kursteilnahme Anmeldung Bitte melden Sie sich online via Kursbeschreibung auf\u00a0www.fsrm.ch, oder per E-Mail an fsrm@fsrm.ch. Anmeldeschluss ist 14 Tage vor Kursbeginn. Best\u00e4tigung Sie erhalten direkt nach der Anmeldung eine automatische Best\u00e4tigung. Sobald die n\u00f6tige Mindestanzahl an Teilnehmern erreicht ist, erhalten Sie per Mail die definitive Best\u00e4tigung mit der Rechnung und [&hellip;]<\/p>\n","protected":false},"author":6,"featured_media":0,"parent":0,"menu_order":0,"comment_status":"closed","ping_status":"closed","template":"","meta":{"footnotes":""},"class_list":["post-1748","page","type-page","status-publish","hentry"],"yoast_head":"<!-- This site is optimized with the Yoast SEO plugin v25.4 - https:\/\/yoast.com\/wordpress\/plugins\/seo\/ -->\n<title>gesch\u00e4ftsbedingungen - FSRM<\/title>\n<meta name=\"robots\" content=\"index, follow, max-snippet:-1, max-image-preview:large, max-video-preview:-1\" \/>\n<link rel=\"canonical\" href=\"https:\/\/fsrm.ch\/site\/de\/geschaftsbedingungen\/\" \/>\n<meta property=\"og:locale\" content=\"en_US\" \/>\n<meta property=\"og:type\" content=\"article\" \/>\n<meta property=\"og:title\" content=\"gesch\u00e4ftsbedingungen - FSRM\" \/>\n<meta property=\"og:description\" content=\"GESCH\u00c4FTSBEDINGUNGEN &gt; kursteilnahme &gt; datenschutzrichtlinie Kursteilnahme Anmeldung Bitte melden Sie sich online via Kursbeschreibung auf\u00a0www.fsrm.ch, oder per E-Mail an fsrm@fsrm.ch. Anmeldeschluss ist 14 Tage vor Kursbeginn. Best\u00e4tigung Sie erhalten direkt nach der Anmeldung eine automatische Best\u00e4tigung. Sobald die n\u00f6tige Mindestanzahl an Teilnehmern erreicht ist, erhalten Sie per Mail die definitive Best\u00e4tigung mit der Rechnung und [&hellip;]\" \/>\n<meta property=\"og:url\" content=\"https:\/\/fsrm.ch\/site\/de\/geschaftsbedingungen\/\" \/>\n<meta property=\"og:site_name\" content=\"FSRM\" \/>\n<meta property=\"article:publisher\" content=\"https:\/\/www.facebook.com\/fsrm.ch\" \/>\n<meta property=\"article:modified_time\" content=\"2025-09-08T10:08:49+00:00\" \/>\n<meta property=\"og:image\" content=\"https:\/\/fsrm.ch\/site\/wp-content\/uploads\/2018\/05\/cours_5-1.jpg\" \/>\n\t<meta property=\"og:image:width\" content=\"1441\" \/>\n\t<meta property=\"og:image:height\" content=\"669\" \/>\n\t<meta property=\"og:image:type\" content=\"image\/jpeg\" \/>\n<meta name=\"twitter:card\" content=\"summary_large_image\" \/>\n<meta name=\"twitter:label1\" content=\"Est. reading time\" \/>\n\t<meta name=\"twitter:data1\" content=\"2 minutes\" \/>\n<script type=\"application\/ld+json\" class=\"yoast-schema-graph\">{\"@context\":\"https:\/\/schema.org\",\"@graph\":[{\"@type\":\"WebPage\",\"@id\":\"https:\/\/fsrm.ch\/site\/de\/geschaftsbedingungen\/\",\"url\":\"https:\/\/fsrm.ch\/site\/de\/geschaftsbedingungen\/\",\"name\":\"gesch\u00e4ftsbedingungen - FSRM\",\"isPartOf\":{\"@id\":\"https:\/\/fsrm.ch\/site\/#website\"},\"primaryImageOfPage\":{\"@id\":\"https:\/\/fsrm.ch\/site\/de\/geschaftsbedingungen\/#primaryimage\"},\"image\":{\"@id\":\"https:\/\/fsrm.ch\/site\/de\/geschaftsbedingungen\/#primaryimage\"},\"thumbnailUrl\":\"https:\/\/fsrm.ch\/site\/wp-content\/uploads\/2018\/05\/cours_5-1-768x357.jpg\",\"datePublished\":\"2018-07-16T05:38:46+00:00\",\"dateModified\":\"2025-09-08T10:08:49+00:00\",\"breadcrumb\":{\"@id\":\"https:\/\/fsrm.ch\/site\/de\/geschaftsbedingungen\/#breadcrumb\"},\"inLanguage\":\"en-US\",\"potentialAction\":[{\"@type\":\"ReadAction\",\"target\":[\"https:\/\/fsrm.ch\/site\/de\/geschaftsbedingungen\/\"]}]},{\"@type\":\"ImageObject\",\"inLanguage\":\"en-US\",\"@id\":\"https:\/\/fsrm.ch\/site\/de\/geschaftsbedingungen\/#primaryimage\",\"url\":\"https:\/\/fsrm.ch\/site\/wp-content\/uploads\/2018\/05\/cours_5-1.jpg\",\"contentUrl\":\"https:\/\/fsrm.ch\/site\/wp-content\/uploads\/2018\/05\/cours_5-1.jpg\",\"width\":1441,\"height\":669},{\"@type\":\"BreadcrumbList\",\"@id\":\"https:\/\/fsrm.ch\/site\/de\/geschaftsbedingungen\/#breadcrumb\",\"itemListElement\":[{\"@type\":\"ListItem\",\"position\":1,\"name\":\"Home\",\"item\":\"https:\/\/fsrm.ch\/site\/\"},{\"@type\":\"ListItem\",\"position\":2,\"name\":\"gesch\u00e4ftsbedingungen\"}]},{\"@type\":\"WebSite\",\"@id\":\"https:\/\/fsrm.ch\/site\/#website\",\"url\":\"https:\/\/fsrm.ch\/site\/\",\"name\":\"FSRM\",\"description\":\"Formation continue, cours de perfectionnement professionnel et organisation d&#039;\u00e9v\u00e9nements.\",\"publisher\":{\"@id\":\"https:\/\/fsrm.ch\/site\/#organization\"},\"potentialAction\":[{\"@type\":\"SearchAction\",\"target\":{\"@type\":\"EntryPoint\",\"urlTemplate\":\"https:\/\/fsrm.ch\/site\/?s={search_term_string}\"},\"query-input\":{\"@type\":\"PropertyValueSpecification\",\"valueRequired\":true,\"valueName\":\"search_term_string\"}}],\"inLanguage\":\"en-US\"},{\"@type\":\"Organization\",\"@id\":\"https:\/\/fsrm.ch\/site\/#organization\",\"name\":\"FSRM\",\"url\":\"https:\/\/fsrm.ch\/site\/\",\"logo\":{\"@type\":\"ImageObject\",\"inLanguage\":\"en-US\",\"@id\":\"https:\/\/fsrm.ch\/site\/#\/schema\/logo\/image\/\",\"url\":\"https:\/\/fsrm.ch\/site\/wp-content\/uploads\/2025\/05\/fsrm-logo.png\",\"contentUrl\":\"https:\/\/fsrm.ch\/site\/wp-content\/uploads\/2025\/05\/fsrm-logo.png\",\"width\":1000,\"height\":539,\"caption\":\"FSRM\"},\"image\":{\"@id\":\"https:\/\/fsrm.ch\/site\/#\/schema\/logo\/image\/\"},\"sameAs\":[\"https:\/\/www.facebook.com\/fsrm.ch\",\"https:\/\/www.linkedin.com\/company\/fsrm-swiss-foundation-for-research-in-microtechnology\",\"https:\/\/www.youtube.com\/user\/fsrmch\"]}]}<\/script>\n<!-- \/ Yoast SEO plugin. -->","yoast_head_json":{"title":"gesch\u00e4ftsbedingungen - FSRM","robots":{"index":"index","follow":"follow","max-snippet":"max-snippet:-1","max-image-preview":"max-image-preview:large","max-video-preview":"max-video-preview:-1"},"canonical":"https:\/\/fsrm.ch\/site\/de\/geschaftsbedingungen\/","og_locale":"en_US","og_type":"article","og_title":"gesch\u00e4ftsbedingungen - FSRM","og_description":"GESCH\u00c4FTSBEDINGUNGEN &gt; kursteilnahme &gt; datenschutzrichtlinie Kursteilnahme Anmeldung Bitte melden Sie sich online via Kursbeschreibung auf\u00a0www.fsrm.ch, oder per E-Mail an fsrm@fsrm.ch. Anmeldeschluss ist 14 Tage vor Kursbeginn. Best\u00e4tigung Sie erhalten direkt nach der Anmeldung eine automatische Best\u00e4tigung. Sobald die n\u00f6tige Mindestanzahl an Teilnehmern erreicht ist, erhalten Sie per Mail die definitive Best\u00e4tigung mit der Rechnung und [&hellip;]","og_url":"https:\/\/fsrm.ch\/site\/de\/geschaftsbedingungen\/","og_site_name":"FSRM","article_publisher":"https:\/\/www.facebook.com\/fsrm.ch","article_modified_time":"2025-09-08T10:08:49+00:00","og_image":[{"width":1441,"height":669,"url":"https:\/\/fsrm.ch\/site\/wp-content\/uploads\/2018\/05\/cours_5-1.jpg","type":"image\/jpeg"}],"twitter_card":"summary_large_image","twitter_misc":{"Est. reading time":"2 minutes"},"schema":{"@context":"https:\/\/schema.org","@graph":[{"@type":"WebPage","@id":"https:\/\/fsrm.ch\/site\/de\/geschaftsbedingungen\/","url":"https:\/\/fsrm.ch\/site\/de\/geschaftsbedingungen\/","name":"gesch\u00e4ftsbedingungen - FSRM","isPartOf":{"@id":"https:\/\/fsrm.ch\/site\/#website"},"primaryImageOfPage":{"@id":"https:\/\/fsrm.ch\/site\/de\/geschaftsbedingungen\/#primaryimage"},"image":{"@id":"https:\/\/fsrm.ch\/site\/de\/geschaftsbedingungen\/#primaryimage"},"thumbnailUrl":"https:\/\/fsrm.ch\/site\/wp-content\/uploads\/2018\/05\/cours_5-1-768x357.jpg","datePublished":"2018-07-16T05:38:46+00:00","dateModified":"2025-09-08T10:08:49+00:00","breadcrumb":{"@id":"https:\/\/fsrm.ch\/site\/de\/geschaftsbedingungen\/#breadcrumb"},"inLanguage":"en-US","potentialAction":[{"@type":"ReadAction","target":["https:\/\/fsrm.ch\/site\/de\/geschaftsbedingungen\/"]}]},{"@type":"ImageObject","inLanguage":"en-US","@id":"https:\/\/fsrm.ch\/site\/de\/geschaftsbedingungen\/#primaryimage","url":"https:\/\/fsrm.ch\/site\/wp-content\/uploads\/2018\/05\/cours_5-1.jpg","contentUrl":"https:\/\/fsrm.ch\/site\/wp-content\/uploads\/2018\/05\/cours_5-1.jpg","width":1441,"height":669},{"@type":"BreadcrumbList","@id":"https:\/\/fsrm.ch\/site\/de\/geschaftsbedingungen\/#breadcrumb","itemListElement":[{"@type":"ListItem","position":1,"name":"Home","item":"https:\/\/fsrm.ch\/site\/"},{"@type":"ListItem","position":2,"name":"gesch\u00e4ftsbedingungen"}]},{"@type":"WebSite","@id":"https:\/\/fsrm.ch\/site\/#website","url":"https:\/\/fsrm.ch\/site\/","name":"FSRM","description":"Formation continue, cours de perfectionnement professionnel et organisation d&#039;\u00e9v\u00e9nements.","publisher":{"@id":"https:\/\/fsrm.ch\/site\/#organization"},"potentialAction":[{"@type":"SearchAction","target":{"@type":"EntryPoint","urlTemplate":"https:\/\/fsrm.ch\/site\/?s={search_term_string}"},"query-input":{"@type":"PropertyValueSpecification","valueRequired":true,"valueName":"search_term_string"}}],"inLanguage":"en-US"},{"@type":"Organization","@id":"https:\/\/fsrm.ch\/site\/#organization","name":"FSRM","url":"https:\/\/fsrm.ch\/site\/","logo":{"@type":"ImageObject","inLanguage":"en-US","@id":"https:\/\/fsrm.ch\/site\/#\/schema\/logo\/image\/","url":"https:\/\/fsrm.ch\/site\/wp-content\/uploads\/2025\/05\/fsrm-logo.png","contentUrl":"https:\/\/fsrm.ch\/site\/wp-content\/uploads\/2025\/05\/fsrm-logo.png","width":1000,"height":539,"caption":"FSRM"},"image":{"@id":"https:\/\/fsrm.ch\/site\/#\/schema\/logo\/image\/"},"sameAs":["https:\/\/www.facebook.com\/fsrm.ch","https:\/\/www.linkedin.com\/company\/fsrm-swiss-foundation-for-research-in-microtechnology","https:\/\/www.youtube.com\/user\/fsrmch"]}]}},"_links":{"self":[{"href":"https:\/\/fsrm.ch\/site\/wp-json\/wp\/v2\/pages\/1748","targetHints":{"allow":["GET"]}}],"collection":[{"href":"https:\/\/fsrm.ch\/site\/wp-json\/wp\/v2\/pages"}],"about":[{"href":"https:\/\/fsrm.ch\/site\/wp-json\/wp\/v2\/types\/page"}],"author":[{"embeddable":true,"href":"https:\/\/fsrm.ch\/site\/wp-json\/wp\/v2\/users\/6"}],"replies":[{"embeddable":true,"href":"https:\/\/fsrm.ch\/site\/wp-json\/wp\/v2\/comments?post=1748"}],"version-history":[{"count":40,"href":"https:\/\/fsrm.ch\/site\/wp-json\/wp\/v2\/pages\/1748\/revisions"}],"predecessor-version":[{"id":8668,"href":"https:\/\/fsrm.ch\/site\/wp-json\/wp\/v2\/pages\/1748\/revisions\/8668"}],"wp:attachment":[{"href":"https:\/\/fsrm.ch\/site\/wp-json\/wp\/v2\/media?parent=1748"}],"curies":[{"name":"wp","href":"https:\/\/api.w.org\/{rel}","templated":true}]}}