{"id":1759,"date":"2018-07-16T07:01:22","date_gmt":"2018-07-16T07:01:22","guid":{"rendered":"http:\/\/fsrm.ch\/site\/?page_id=1759"},"modified":"2024-10-08T06:29:01","modified_gmt":"2024-10-08T06:29:01","slug":"fsrm_de","status":"publish","type":"page","link":"https:\/\/fsrm.ch\/site\/de\/fsrm_de\/","title":{"rendered":"fsrm_d"},"content":{"rendered":"\t\t<div data-elementor-type=\"wp-post\" data-elementor-id=\"1759\" class=\"elementor elementor-1759\" data-elementor-post-type=\"page\">\n\t\t\t\t\t\t<section class=\"elementor-section elementor-top-section elementor-element elementor-element-8d38087 elementor-section-stretched elementor-section-full_width elementor-section-content-middle elementor-section-height-default elementor-section-height-default\" data-id=\"8d38087\" data-element_type=\"section\" data-settings=\"{&quot;stretch_section&quot;:&quot;section-stretched&quot;}\">\n\t\t\t\t\t\t<div class=\"elementor-container elementor-column-gap-default\">\n\t\t\t\t\t<div class=\"elementor-column elementor-col-100 elementor-top-column elementor-element elementor-element-9990449\" data-id=\"9990449\" data-element_type=\"column\" data-settings=\"{&quot;background_background&quot;:&quot;classic&quot;}\">\n\t\t\t<div class=\"elementor-widget-wrap elementor-element-populated\">\n\t\t\t\t\t\t<div class=\"elementor-element elementor-element-0eb5d83 elementor-widget elementor-widget-image\" data-id=\"0eb5d83\" data-element_type=\"widget\" data-widget_type=\"image.default\">\n\t\t\t\t<div class=\"elementor-widget-container\">\n\t\t\t\t\t\t\t\t\t\t\t\t\t\t\t<img fetchpriority=\"high\" decoding=\"async\" width=\"768\" height=\"357\" src=\"https:\/\/fsrm.ch\/site\/wp-content\/uploads\/2018\/05\/fsrm_grande-768x357.jpg\" class=\"attachment-medium_large size-medium_large wp-image-1070\" alt=\"\" srcset=\"https:\/\/fsrm.ch\/site\/wp-content\/uploads\/2018\/05\/fsrm_grande-768x357.jpg 768w, https:\/\/fsrm.ch\/site\/wp-content\/uploads\/2018\/05\/fsrm_grande-300x139.jpg 300w, https:\/\/fsrm.ch\/site\/wp-content\/uploads\/2018\/05\/fsrm_grande-1024x475.jpg 1024w, https:\/\/fsrm.ch\/site\/wp-content\/uploads\/2018\/05\/fsrm_grande.jpg 1441w\" sizes=\"(max-width: 768px) 100vw, 768px\" \/>\t\t\t\t\t\t\t\t\t\t\t\t\t\t\t<\/div>\n\t\t\t\t<\/div>\n\t\t\t\t\t<\/div>\n\t\t<\/div>\n\t\t\t\t\t<\/div>\n\t\t<\/section>\n\t\t\t\t<section class=\"elementor-section elementor-top-section elementor-element elementor-element-1c90c245 elementor-section-stretched elementor-section-content-middle elementor-section-boxed elementor-section-height-default elementor-section-height-default\" data-id=\"1c90c245\" data-element_type=\"section\" data-settings=\"{&quot;stretch_section&quot;:&quot;section-stretched&quot;}\">\n\t\t\t\t\t\t<div class=\"elementor-container elementor-column-gap-default\">\n\t\t\t\t\t<div class=\"elementor-column elementor-col-100 elementor-top-column elementor-element elementor-element-4af892fb\" data-id=\"4af892fb\" data-element_type=\"column\">\n\t\t\t<div class=\"elementor-widget-wrap elementor-element-populated\">\n\t\t\t\t\t\t<div class=\"elementor-element elementor-element-6b9f81b3 elementor-widget elementor-widget-heading\" data-id=\"6b9f81b3\" data-element_type=\"widget\" data-widget_type=\"heading.default\">\n\t\t\t\t<div class=\"elementor-widget-container\">\n\t\t\t\t\t<h2 class=\"elementor-heading-title elementor-size-default\">DAS WICHTIGSTE IN K\u00dcRZE<\/h2>\t\t\t\t<\/div>\n\t\t\t\t<\/div>\n\t\t\t\t<div class=\"elementor-element elementor-element-777d83a0 elementor-widget elementor-widget-heading\" data-id=\"777d83a0\" data-element_type=\"widget\" data-widget_type=\"heading.default\">\n\t\t\t\t<div class=\"elementor-widget-container\">\n\t\t\t\t\t<h2 class=\"elementor-heading-title elementor-size-default\">Gr\u00fcndung<\/h2>\t\t\t\t<\/div>\n\t\t\t\t<\/div>\n\t\t\t\t<div class=\"elementor-element elementor-element-541bc476 elementor-widget elementor-widget-text-editor\" data-id=\"541bc476\" data-element_type=\"widget\" data-widget_type=\"text-editor.default\">\n\t\t\t\t<div class=\"elementor-widget-container\">\n\t\t\t\t\t\t\t\t\t<p style=\"text-align: left;\">Die FSRM Schweizerische Stiftung f\u00fcr mikrotechnische Forschung wurde 1978 von Bund, einigen Kantonen, St\u00e4dten, Berufsverb\u00e4nden und 24 Firmen gegr\u00fcndet.<\/p>\t\t\t\t\t\t\t\t<\/div>\n\t\t\t\t<\/div>\n\t\t\t\t<div class=\"elementor-element elementor-element-8a23bb4 elementor-widget elementor-widget-heading\" data-id=\"8a23bb4\" data-element_type=\"widget\" data-widget_type=\"heading.default\">\n\t\t\t\t<div class=\"elementor-widget-container\">\n\t\t\t\t\t<h2 class=\"elementor-heading-title elementor-size-default\">Rechtsform<\/h2>\t\t\t\t<\/div>\n\t\t\t\t<\/div>\n\t\t\t\t<div class=\"elementor-element elementor-element-7996bce8 elementor-widget elementor-widget-text-editor\" data-id=\"7996bce8\" data-element_type=\"widget\" data-widget_type=\"text-editor.default\">\n\t\t\t\t<div class=\"elementor-widget-container\">\n\t\t\t\t\t\t\t\t\t<p>Privatrechtliche Stifung.<\/p>\t\t\t\t\t\t\t\t<\/div>\n\t\t\t\t<\/div>\n\t\t\t\t<div class=\"elementor-element elementor-element-8ab0f2a elementor-widget elementor-widget-heading\" data-id=\"8ab0f2a\" data-element_type=\"widget\" data-widget_type=\"heading.default\">\n\t\t\t\t<div class=\"elementor-widget-container\">\n\t\t\t\t\t<h2 class=\"elementor-heading-title elementor-size-default\">Aufgabe<\/h2>\t\t\t\t<\/div>\n\t\t\t\t<\/div>\n\t\t\t\t<div class=\"elementor-element elementor-element-71105e6 elementor-widget elementor-widget-text-editor\" data-id=\"71105e6\" data-element_type=\"widget\" data-widget_type=\"text-editor.default\">\n\t\t\t\t<div class=\"elementor-widget-container\">\n\t\t\t\t\t\t\t\t\t<p>F\u00f6rderung der Mikrotechnik und deren Anwendungen.<\/p>\t\t\t\t\t\t\t\t<\/div>\n\t\t\t\t<\/div>\n\t\t\t\t<div class=\"elementor-element elementor-element-2ea1b576 elementor-widget elementor-widget-heading\" data-id=\"2ea1b576\" data-element_type=\"widget\" data-widget_type=\"heading.default\">\n\t\t\t\t<div class=\"elementor-widget-container\">\n\t\t\t\t\t<h2 class=\"elementor-heading-title elementor-size-default\">Team<\/h2>\t\t\t\t<\/div>\n\t\t\t\t<\/div>\n\t\t\t\t<div class=\"elementor-element elementor-element-4e7db3e9 elementor-widget elementor-widget-text-editor\" data-id=\"4e7db3e9\" data-element_type=\"widget\" data-widget_type=\"text-editor.default\">\n\t\t\t\t<div class=\"elementor-widget-container\">\n\t\t\t\t\t\t\t\t\t<p>9 Mitarbeitende<\/p><p><a href=\"https:\/\/fsrm.ch\/site\/index.php\/de\/kontakt\/\" target=\"_blank\" rel=\"noopener\"><span style=\"text-decoration: underline;\">Kontakt<\/span><\/a><\/p>\t\t\t\t\t\t\t\t<\/div>\n\t\t\t\t<\/div>\n\t\t\t\t\t<\/div>\n\t\t<\/div>\n\t\t\t\t\t<\/div>\n\t\t<\/section>\n\t\t\t\t<\/div>\n\t\t","protected":false},"excerpt":{"rendered":"<p>DAS WICHTIGSTE IN K\u00dcRZE Gr\u00fcndung Die FSRM Schweizerische Stiftung f\u00fcr mikrotechnische Forschung wurde 1978 von Bund, einigen Kantonen, St\u00e4dten, Berufsverb\u00e4nden und 24 Firmen gegr\u00fcndet. Rechtsform Privatrechtliche Stifung. Aufgabe F\u00f6rderung der Mikrotechnik und deren Anwendungen. Team 9 Mitarbeitende Kontakt<\/p>\n","protected":false},"author":6,"featured_media":0,"parent":0,"menu_order":0,"comment_status":"closed","ping_status":"closed","template":"","meta":{"footnotes":""},"class_list":["post-1759","page","type-page","status-publish","hentry"],"yoast_head":"<!-- This site is optimized with the Yoast SEO plugin v25.4 - https:\/\/yoast.com\/wordpress\/plugins\/seo\/ -->\n<title>fsrm_d - FSRM<\/title>\n<meta name=\"robots\" content=\"index, follow, max-snippet:-1, max-image-preview:large, max-video-preview:-1\" \/>\n<link rel=\"canonical\" href=\"https:\/\/fsrm.ch\/site\/de\/fsrm_de\/\" \/>\n<meta property=\"og:locale\" content=\"en_US\" \/>\n<meta property=\"og:type\" content=\"article\" \/>\n<meta property=\"og:title\" content=\"fsrm_d - FSRM\" \/>\n<meta property=\"og:description\" content=\"DAS WICHTIGSTE IN K\u00dcRZE Gr\u00fcndung Die FSRM Schweizerische Stiftung f\u00fcr mikrotechnische Forschung wurde 1978 von Bund, einigen Kantonen, St\u00e4dten, Berufsverb\u00e4nden und 24 Firmen gegr\u00fcndet. Rechtsform Privatrechtliche Stifung. Aufgabe F\u00f6rderung der Mikrotechnik und deren Anwendungen. Team 9 Mitarbeitende Kontakt\" \/>\n<meta property=\"og:url\" content=\"https:\/\/fsrm.ch\/site\/de\/fsrm_de\/\" \/>\n<meta property=\"og:site_name\" content=\"FSRM\" \/>\n<meta property=\"article:publisher\" content=\"https:\/\/www.facebook.com\/fsrm.ch\" \/>\n<meta property=\"article:modified_time\" content=\"2024-10-08T06:29:01+00:00\" \/>\n<meta property=\"og:image\" content=\"https:\/\/fsrm.ch\/site\/wp-content\/uploads\/2018\/05\/fsrm_grande-768x357.jpg\" \/>\n<meta name=\"twitter:card\" content=\"summary_large_image\" \/>\n<script type=\"application\/ld+json\" class=\"yoast-schema-graph\">{\"@context\":\"https:\/\/schema.org\",\"@graph\":[{\"@type\":\"WebPage\",\"@id\":\"https:\/\/fsrm.ch\/site\/de\/fsrm_de\/\",\"url\":\"https:\/\/fsrm.ch\/site\/de\/fsrm_de\/\",\"name\":\"fsrm_d - FSRM\",\"isPartOf\":{\"@id\":\"https:\/\/fsrm.ch\/site\/#website\"},\"primaryImageOfPage\":{\"@id\":\"https:\/\/fsrm.ch\/site\/de\/fsrm_de\/#primaryimage\"},\"image\":{\"@id\":\"https:\/\/fsrm.ch\/site\/de\/fsrm_de\/#primaryimage\"},\"thumbnailUrl\":\"https:\/\/fsrm.ch\/site\/wp-content\/uploads\/2018\/05\/fsrm_grande-768x357.jpg\",\"datePublished\":\"2018-07-16T07:01:22+00:00\",\"dateModified\":\"2024-10-08T06:29:01+00:00\",\"breadcrumb\":{\"@id\":\"https:\/\/fsrm.ch\/site\/de\/fsrm_de\/#breadcrumb\"},\"inLanguage\":\"en-US\",\"potentialAction\":[{\"@type\":\"ReadAction\",\"target\":[\"https:\/\/fsrm.ch\/site\/de\/fsrm_de\/\"]}]},{\"@type\":\"ImageObject\",\"inLanguage\":\"en-US\",\"@id\":\"https:\/\/fsrm.ch\/site\/de\/fsrm_de\/#primaryimage\",\"url\":\"https:\/\/fsrm.ch\/site\/wp-content\/uploads\/2018\/05\/fsrm_grande.jpg\",\"contentUrl\":\"https:\/\/fsrm.ch\/site\/wp-content\/uploads\/2018\/05\/fsrm_grande.jpg\",\"width\":1441,\"height\":669},{\"@type\":\"BreadcrumbList\",\"@id\":\"https:\/\/fsrm.ch\/site\/de\/fsrm_de\/#breadcrumb\",\"itemListElement\":[{\"@type\":\"ListItem\",\"position\":1,\"name\":\"Home\",\"item\":\"https:\/\/fsrm.ch\/site\/\"},{\"@type\":\"ListItem\",\"position\":2,\"name\":\"fsrm_d\"}]},{\"@type\":\"WebSite\",\"@id\":\"https:\/\/fsrm.ch\/site\/#website\",\"url\":\"https:\/\/fsrm.ch\/site\/\",\"name\":\"FSRM\",\"description\":\"Formation continue, cours de perfectionnement professionnel et organisation d&#039;\u00e9v\u00e9nements.\",\"publisher\":{\"@id\":\"https:\/\/fsrm.ch\/site\/#organization\"},\"potentialAction\":[{\"@type\":\"SearchAction\",\"target\":{\"@type\":\"EntryPoint\",\"urlTemplate\":\"https:\/\/fsrm.ch\/site\/?s={search_term_string}\"},\"query-input\":{\"@type\":\"PropertyValueSpecification\",\"valueRequired\":true,\"valueName\":\"search_term_string\"}}],\"inLanguage\":\"en-US\"},{\"@type\":\"Organization\",\"@id\":\"https:\/\/fsrm.ch\/site\/#organization\",\"name\":\"FSRM\",\"url\":\"https:\/\/fsrm.ch\/site\/\",\"logo\":{\"@type\":\"ImageObject\",\"inLanguage\":\"en-US\",\"@id\":\"https:\/\/fsrm.ch\/site\/#\/schema\/logo\/image\/\",\"url\":\"https:\/\/fsrm.ch\/site\/wp-content\/uploads\/2025\/05\/fsrm-logo.png\",\"contentUrl\":\"https:\/\/fsrm.ch\/site\/wp-content\/uploads\/2025\/05\/fsrm-logo.png\",\"width\":1000,\"height\":539,\"caption\":\"FSRM\"},\"image\":{\"@id\":\"https:\/\/fsrm.ch\/site\/#\/schema\/logo\/image\/\"},\"sameAs\":[\"https:\/\/www.facebook.com\/fsrm.ch\",\"https:\/\/www.linkedin.com\/company\/fsrm-swiss-foundation-for-research-in-microtechnology\",\"https:\/\/www.youtube.com\/user\/fsrmch\"]}]}<\/script>\n<!-- \/ Yoast SEO plugin. -->","yoast_head_json":{"title":"fsrm_d - FSRM","robots":{"index":"index","follow":"follow","max-snippet":"max-snippet:-1","max-image-preview":"max-image-preview:large","max-video-preview":"max-video-preview:-1"},"canonical":"https:\/\/fsrm.ch\/site\/de\/fsrm_de\/","og_locale":"en_US","og_type":"article","og_title":"fsrm_d - FSRM","og_description":"DAS WICHTIGSTE IN K\u00dcRZE Gr\u00fcndung Die FSRM Schweizerische Stiftung f\u00fcr mikrotechnische Forschung wurde 1978 von Bund, einigen Kantonen, St\u00e4dten, Berufsverb\u00e4nden und 24 Firmen gegr\u00fcndet. Rechtsform Privatrechtliche Stifung. Aufgabe F\u00f6rderung der Mikrotechnik und deren Anwendungen. Team 9 Mitarbeitende Kontakt","og_url":"https:\/\/fsrm.ch\/site\/de\/fsrm_de\/","og_site_name":"FSRM","article_publisher":"https:\/\/www.facebook.com\/fsrm.ch","article_modified_time":"2024-10-08T06:29:01+00:00","og_image":[{"url":"https:\/\/fsrm.ch\/site\/wp-content\/uploads\/2018\/05\/fsrm_grande-768x357.jpg","type":"","width":"","height":""}],"twitter_card":"summary_large_image","schema":{"@context":"https:\/\/schema.org","@graph":[{"@type":"WebPage","@id":"https:\/\/fsrm.ch\/site\/de\/fsrm_de\/","url":"https:\/\/fsrm.ch\/site\/de\/fsrm_de\/","name":"fsrm_d - FSRM","isPartOf":{"@id":"https:\/\/fsrm.ch\/site\/#website"},"primaryImageOfPage":{"@id":"https:\/\/fsrm.ch\/site\/de\/fsrm_de\/#primaryimage"},"image":{"@id":"https:\/\/fsrm.ch\/site\/de\/fsrm_de\/#primaryimage"},"thumbnailUrl":"https:\/\/fsrm.ch\/site\/wp-content\/uploads\/2018\/05\/fsrm_grande-768x357.jpg","datePublished":"2018-07-16T07:01:22+00:00","dateModified":"2024-10-08T06:29:01+00:00","breadcrumb":{"@id":"https:\/\/fsrm.ch\/site\/de\/fsrm_de\/#breadcrumb"},"inLanguage":"en-US","potentialAction":[{"@type":"ReadAction","target":["https:\/\/fsrm.ch\/site\/de\/fsrm_de\/"]}]},{"@type":"ImageObject","inLanguage":"en-US","@id":"https:\/\/fsrm.ch\/site\/de\/fsrm_de\/#primaryimage","url":"https:\/\/fsrm.ch\/site\/wp-content\/uploads\/2018\/05\/fsrm_grande.jpg","contentUrl":"https:\/\/fsrm.ch\/site\/wp-content\/uploads\/2018\/05\/fsrm_grande.jpg","width":1441,"height":669},{"@type":"BreadcrumbList","@id":"https:\/\/fsrm.ch\/site\/de\/fsrm_de\/#breadcrumb","itemListElement":[{"@type":"ListItem","position":1,"name":"Home","item":"https:\/\/fsrm.ch\/site\/"},{"@type":"ListItem","position":2,"name":"fsrm_d"}]},{"@type":"WebSite","@id":"https:\/\/fsrm.ch\/site\/#website","url":"https:\/\/fsrm.ch\/site\/","name":"FSRM","description":"Formation continue, cours de perfectionnement professionnel et organisation d&#039;\u00e9v\u00e9nements.","publisher":{"@id":"https:\/\/fsrm.ch\/site\/#organization"},"potentialAction":[{"@type":"SearchAction","target":{"@type":"EntryPoint","urlTemplate":"https:\/\/fsrm.ch\/site\/?s={search_term_string}"},"query-input":{"@type":"PropertyValueSpecification","valueRequired":true,"valueName":"search_term_string"}}],"inLanguage":"en-US"},{"@type":"Organization","@id":"https:\/\/fsrm.ch\/site\/#organization","name":"FSRM","url":"https:\/\/fsrm.ch\/site\/","logo":{"@type":"ImageObject","inLanguage":"en-US","@id":"https:\/\/fsrm.ch\/site\/#\/schema\/logo\/image\/","url":"https:\/\/fsrm.ch\/site\/wp-content\/uploads\/2025\/05\/fsrm-logo.png","contentUrl":"https:\/\/fsrm.ch\/site\/wp-content\/uploads\/2025\/05\/fsrm-logo.png","width":1000,"height":539,"caption":"FSRM"},"image":{"@id":"https:\/\/fsrm.ch\/site\/#\/schema\/logo\/image\/"},"sameAs":["https:\/\/www.facebook.com\/fsrm.ch","https:\/\/www.linkedin.com\/company\/fsrm-swiss-foundation-for-research-in-microtechnology","https:\/\/www.youtube.com\/user\/fsrmch"]}]}},"_links":{"self":[{"href":"https:\/\/fsrm.ch\/site\/wp-json\/wp\/v2\/pages\/1759","targetHints":{"allow":["GET"]}}],"collection":[{"href":"https:\/\/fsrm.ch\/site\/wp-json\/wp\/v2\/pages"}],"about":[{"href":"https:\/\/fsrm.ch\/site\/wp-json\/wp\/v2\/types\/page"}],"author":[{"embeddable":true,"href":"https:\/\/fsrm.ch\/site\/wp-json\/wp\/v2\/users\/6"}],"replies":[{"embeddable":true,"href":"https:\/\/fsrm.ch\/site\/wp-json\/wp\/v2\/comments?post=1759"}],"version-history":[{"count":11,"href":"https:\/\/fsrm.ch\/site\/wp-json\/wp\/v2\/pages\/1759\/revisions"}],"predecessor-version":[{"id":6867,"href":"https:\/\/fsrm.ch\/site\/wp-json\/wp\/v2\/pages\/1759\/revisions\/6867"}],"wp:attachment":[{"href":"https:\/\/fsrm.ch\/site\/wp-json\/wp\/v2\/media?parent=1759"}],"curies":[{"name":"wp","href":"https:\/\/api.w.org\/{rel}","templated":true}]}}