{"id":1767,"date":"2018-07-16T07:16:55","date_gmt":"2018-07-16T07:16:55","guid":{"rendered":"http:\/\/fsrm.ch\/site\/?page_id=1767"},"modified":"2026-01-12T12:40:04","modified_gmt":"2026-01-12T12:40:04","slug":"charte_en","status":"publish","type":"page","link":"https:\/\/fsrm.ch\/site\/en\/charte_en\/","title":{"rendered":"charter"},"content":{"rendered":"\t\t<div data-elementor-type=\"wp-post\" data-elementor-id=\"1767\" class=\"elementor elementor-1767\" data-elementor-post-type=\"page\">\n\t\t\t\t\t\t<section class=\"elementor-section elementor-top-section elementor-element elementor-element-2e904466 elementor-section-stretched elementor-section-full_width elementor-section-content-middle elementor-section-height-default elementor-section-height-default\" data-id=\"2e904466\" data-element_type=\"section\" data-settings=\"{&quot;stretch_section&quot;:&quot;section-stretched&quot;}\">\n\t\t\t\t\t\t<div class=\"elementor-container elementor-column-gap-default\">\n\t\t\t\t\t<div class=\"elementor-column elementor-col-100 elementor-top-column elementor-element elementor-element-37936ee7\" data-id=\"37936ee7\" data-element_type=\"column\" data-settings=\"{&quot;background_background&quot;:&quot;classic&quot;}\">\n\t\t\t<div class=\"elementor-widget-wrap elementor-element-populated\">\n\t\t\t\t\t\t<div class=\"elementor-element elementor-element-68f598ff elementor-widget elementor-widget-image\" data-id=\"68f598ff\" data-element_type=\"widget\" data-widget_type=\"image.default\">\n\t\t\t\t<div class=\"elementor-widget-container\">\n\t\t\t\t\t\t\t\t\t\t\t\t\t\t\t<img fetchpriority=\"high\" decoding=\"async\" width=\"768\" height=\"357\" src=\"https:\/\/fsrm.ch\/site\/wp-content\/uploads\/2018\/05\/fsrm_grande-768x357.jpg\" class=\"attachment-medium_large size-medium_large wp-image-1070\" alt=\"\" srcset=\"https:\/\/fsrm.ch\/site\/wp-content\/uploads\/2018\/05\/fsrm_grande-768x357.jpg 768w, https:\/\/fsrm.ch\/site\/wp-content\/uploads\/2018\/05\/fsrm_grande-300x139.jpg 300w, https:\/\/fsrm.ch\/site\/wp-content\/uploads\/2018\/05\/fsrm_grande-1024x475.jpg 1024w, https:\/\/fsrm.ch\/site\/wp-content\/uploads\/2018\/05\/fsrm_grande.jpg 1441w\" sizes=\"(max-width: 768px) 100vw, 768px\" \/>\t\t\t\t\t\t\t\t\t\t\t\t\t\t\t<\/div>\n\t\t\t\t<\/div>\n\t\t\t\t\t<\/div>\n\t\t<\/div>\n\t\t\t\t\t<\/div>\n\t\t<\/section>\n\t\t\t\t<section class=\"elementor-section elementor-top-section elementor-element elementor-element-64a4e25f elementor-section-stretched elementor-section-content-middle elementor-section-boxed elementor-section-height-default elementor-section-height-default\" data-id=\"64a4e25f\" data-element_type=\"section\" data-settings=\"{&quot;stretch_section&quot;:&quot;section-stretched&quot;}\">\n\t\t\t\t\t\t<div class=\"elementor-container elementor-column-gap-default\">\n\t\t\t\t\t<div class=\"elementor-column elementor-col-100 elementor-top-column elementor-element elementor-element-13b5c908\" data-id=\"13b5c908\" data-element_type=\"column\">\n\t\t\t<div class=\"elementor-widget-wrap elementor-element-populated\">\n\t\t\t\t\t\t<div class=\"elementor-element elementor-element-941bd82 elementor-widget elementor-widget-heading\" data-id=\"941bd82\" data-element_type=\"widget\" data-widget_type=\"heading.default\">\n\t\t\t\t<div class=\"elementor-widget-container\">\n\t\t\t\t\t<h2 class=\"elementor-heading-title elementor-size-default\">charter<\/h2>\t\t\t\t<\/div>\n\t\t\t\t<\/div>\n\t\t\t\t<div class=\"elementor-element elementor-element-450ea811 elementor-widget elementor-widget-text-editor\" data-id=\"450ea811\" data-element_type=\"widget\" data-widget_type=\"text-editor.default\">\n\t\t\t\t<div class=\"elementor-widget-container\">\n\t\t\t\t\t\t\t\t\t<div>Fondation de droit priv\u00e9, la FSRM a \u00e9t\u00e9 cr\u00e9\u00e9e en 1978, \u00e0 l\u2019initiative de la Conf\u00e9d\u00e9ration, de 11 cantons, 3 villes, 12 associations et 24 entreprises.<\/div>\t\t\t\t\t\t\t\t<\/div>\n\t\t\t\t<\/div>\n\t\t\t\t<div class=\"elementor-element elementor-element-4907f55c elementor-widget elementor-widget-heading\" data-id=\"4907f55c\" data-element_type=\"widget\" data-widget_type=\"heading.default\">\n\t\t\t\t<div class=\"elementor-widget-container\">\n\t\t\t\t\t<h2 class=\"elementor-heading-title elementor-size-default\">Mission<\/h2>\t\t\t\t<\/div>\n\t\t\t\t<\/div>\n\t\t\t\t<div class=\"elementor-element elementor-element-45759e76 elementor-widget elementor-widget-text-editor\" data-id=\"45759e76\" data-element_type=\"widget\" data-widget_type=\"text-editor.default\">\n\t\t\t\t<div class=\"elementor-widget-container\">\n\t\t\t\t\t\t\t\t\t<div class=\"page\" title=\"Page 1\"><div class=\"layoutArea\"><div class=\"column\"><p>Nous nous investissons dans toutes formes d\u2019initiatives permettant de valoriser et d\u2019encourager le de\u0301veloppement de la microtechnique et des activite\u0301s e\u0301conomiques qui en de\u0301coulent.<\/p><p>Nous nous engageons a\u0300 assurer le perfectionnement technique des inge\u0301nieurs et techniciens de l\u2019industrie et des professeurs et chercheurs des instituts de recherche et formation tout au long de leur carrie\u0300re professionnelle. Nous de\u0301veloppons pour cela des cours de formation continue de haut niveau dans les domaines qui re\u0301pondent aux besoins de l\u2019industrie et des institutions de recherche.<\/p><p>Nous veillons a\u0300 rester aux avant-postes de l\u2019actualite\u0301 scientifique et e\u0301conomique afin d\u2019identifier les the\u0301matiques a\u0300 la pointe de la technique et de les inclure dans nos offres de formation.<\/p><p>Nous menons continuellement des re\u0301flexions sur la formation et les diffe\u0301rentes fac\u0327ons de la dispenser, en tenant compte des technologies modernes de formation.<\/p><\/div><\/div><\/div>\t\t\t\t\t\t\t\t<\/div>\n\t\t\t\t<\/div>\n\t\t\t\t<div class=\"elementor-element elementor-element-283264a8 elementor-widget elementor-widget-heading\" data-id=\"283264a8\" data-element_type=\"widget\" data-widget_type=\"heading.default\">\n\t\t\t\t<div class=\"elementor-widget-container\">\n\t\t\t\t\t<h2 class=\"elementor-heading-title elementor-size-default\">Engagement<\/h2>\t\t\t\t<\/div>\n\t\t\t\t<\/div>\n\t\t\t\t<div class=\"elementor-element elementor-element-2b04aa7b elementor-widget elementor-widget-text-editor\" data-id=\"2b04aa7b\" data-element_type=\"widget\" data-widget_type=\"text-editor.default\">\n\t\t\t\t<div class=\"elementor-widget-container\">\n\t\t\t\t\t\t\t\t\t<div class=\"page\" title=\"Page 1\"><div class=\"layoutArea\"><div class=\"column\"><p>Nous recrutons pour l\u2019enseignement de nos cours des spe\u0301cialistes externes reconnus pouvant faire valoir d\u2019une grande expe\u0301rience dans les domaines traite\u0301s. Nous veillons a\u0300 ce qu\u2019ils transmettent des connaissances applicables imme\u0301diatement dans la pratique professionnelle des participants.<\/p><p>Nous nous engageons a\u0300 re\u0301unir les meilleures conditions cadres pour assurer le bon de\u0301roulement des formations et autres e\u0301ve\u0301nements que nous organisons, dans une atmosphe\u0300re agre\u0301able, propice au transfert de connaissances.<\/p><p>Nous soignons pour cela tout particulie\u0300rement l\u2019accueil des participants et des enseignants. Nous veillons au bien-e\u0302tre de nos propres collaborateurs en leur proposant des conditions de travail agre\u0301ables et motivantes.<\/p><\/div><\/div><\/div>\t\t\t\t\t\t\t\t<\/div>\n\t\t\t\t<\/div>\n\t\t\t\t<div class=\"elementor-element elementor-element-2e8fd7f3 elementor-widget elementor-widget-heading\" data-id=\"2e8fd7f3\" data-element_type=\"widget\" data-widget_type=\"heading.default\">\n\t\t\t\t<div class=\"elementor-widget-container\">\n\t\t\t\t\t<h2 class=\"elementor-heading-title elementor-size-default\">Responsabilit\u00e9<\/h2>\t\t\t\t<\/div>\n\t\t\t\t<\/div>\n\t\t\t\t<div class=\"elementor-element elementor-element-6ccc8b79 elementor-widget elementor-widget-text-editor\" data-id=\"6ccc8b79\" data-element_type=\"widget\" data-widget_type=\"text-editor.default\">\n\t\t\t\t<div class=\"elementor-widget-container\">\n\t\t\t\t\t\t\t\t\t<div class=\"page\" title=\"Page 1\">\n<div class=\"layoutArea\">\n<div class=\"column\">\n<p>Nous nous engageons a\u0300 transmettre dans nos formations des connaissances techniques respectueuses des valeurs e\u0301thiques de l\u2019inge\u0301nieur. Les enseignants s\u2019engagent a\u0300 e\u0302tre respectueux des valeurs et ide\u0301es des participants et de garantir la confidentialite\u0301 des e\u0301changes durant le cours.<\/p>\n<p>Nous veillons a\u0300 la finalite\u0301 des projets dans lesquels nous nous investissons. Ils doivent viser le de\u0301veloppement d\u2019applications de la microtechnique responsables du point de vue de leur impact sur la socie\u0301te\u0301, par exemple les applications me\u0301dicales et environnementales.<\/p>\n<p>Nous favorisons tout particulie\u0300rement les projets qui permettent de susciter l\u2019inte\u0301re\u0302t des jeunes et d\u2019assurer la rele\u0300ve des inge\u0301nieurs.&nbsp;<span style=\"font-size: 1rem;\">C\u2019est le cas de l\u2019initiative FSRM-kids.<\/span><\/p>\n<\/div>\n<\/div>\n<\/div>\t\t\t\t\t\t\t\t<\/div>\n\t\t\t\t<\/div>\n\t\t\t\t<div class=\"elementor-element elementor-element-f86aacc elementor-widget elementor-widget-text-editor\" data-id=\"f86aacc\" data-element_type=\"widget\" data-widget_type=\"text-editor.default\">\n\t\t\t\t<div class=\"elementor-widget-container\">\n\t\t\t\t\t\t\t\t\t<p style=\"text-align: right;\">Sebastian Gautsch, Directeur<br \/>12.01.2026<\/p>\t\t\t\t\t\t\t\t<\/div>\n\t\t\t\t<\/div>\n\t\t\t\t\t<\/div>\n\t\t<\/div>\n\t\t\t\t\t<\/div>\n\t\t<\/section>\n\t\t\t\t<\/div>\n\t\t","protected":false},"excerpt":{"rendered":"<p>charter Fondation de droit priv\u00e9, la FSRM a \u00e9t\u00e9 cr\u00e9\u00e9e en 1978, \u00e0 l\u2019initiative de la Conf\u00e9d\u00e9ration, de 11 cantons, 3 villes, 12 associations et 24 entreprises. Mission Nous nous investissons dans toutes formes d\u2019initiatives permettant de valoriser et d\u2019encourager le de\u0301veloppement de la microtechnique et des activite\u0301s e\u0301conomiques qui en de\u0301coulent. Nous nous engageons [&hellip;]<\/p>\n","protected":false},"author":6,"featured_media":0,"parent":0,"menu_order":0,"comment_status":"closed","ping_status":"closed","template":"","meta":{"footnotes":""},"class_list":["post-1767","page","type-page","status-publish","hentry"],"yoast_head":"<!-- This site is optimized with the Yoast SEO plugin v25.4 - https:\/\/yoast.com\/wordpress\/plugins\/seo\/ -->\n<title>charter - FSRM<\/title>\n<meta name=\"robots\" content=\"index, follow, max-snippet:-1, max-image-preview:large, max-video-preview:-1\" \/>\n<link rel=\"canonical\" href=\"https:\/\/fsrm.ch\/site\/en\/charte_en\/\" \/>\n<meta property=\"og:locale\" content=\"en_US\" \/>\n<meta property=\"og:type\" content=\"article\" \/>\n<meta property=\"og:title\" content=\"charter - FSRM\" \/>\n<meta property=\"og:description\" content=\"charter Fondation de droit priv\u00e9, la FSRM a \u00e9t\u00e9 cr\u00e9\u00e9e en 1978, \u00e0 l\u2019initiative de la Conf\u00e9d\u00e9ration, de 11 cantons, 3 villes, 12 associations et 24 entreprises. Mission Nous nous investissons dans toutes formes d\u2019initiatives permettant de valoriser et d\u2019encourager le de\u0301veloppement de la microtechnique et des activite\u0301s e\u0301conomiques qui en de\u0301coulent. Nous nous engageons [&hellip;]\" \/>\n<meta property=\"og:url\" content=\"https:\/\/fsrm.ch\/site\/en\/charte_en\/\" \/>\n<meta property=\"og:site_name\" content=\"FSRM\" \/>\n<meta property=\"article:publisher\" content=\"https:\/\/www.facebook.com\/fsrm.ch\" \/>\n<meta property=\"article:modified_time\" content=\"2026-01-12T12:40:04+00:00\" \/>\n<meta property=\"og:image\" content=\"https:\/\/fsrm.ch\/site\/wp-content\/uploads\/2018\/05\/fsrm_grande.jpg\" \/>\n\t<meta property=\"og:image:width\" content=\"1441\" \/>\n\t<meta property=\"og:image:height\" content=\"669\" \/>\n\t<meta property=\"og:image:type\" content=\"image\/jpeg\" \/>\n<meta name=\"twitter:card\" content=\"summary_large_image\" \/>\n<meta name=\"twitter:label1\" content=\"Est. reading time\" \/>\n\t<meta name=\"twitter:data1\" content=\"2 minutes\" \/>\n<script type=\"application\/ld+json\" class=\"yoast-schema-graph\">{\"@context\":\"https:\/\/schema.org\",\"@graph\":[{\"@type\":\"WebPage\",\"@id\":\"https:\/\/fsrm.ch\/site\/en\/charte_en\/\",\"url\":\"https:\/\/fsrm.ch\/site\/en\/charte_en\/\",\"name\":\"charter - FSRM\",\"isPartOf\":{\"@id\":\"https:\/\/fsrm.ch\/site\/#website\"},\"primaryImageOfPage\":{\"@id\":\"https:\/\/fsrm.ch\/site\/en\/charte_en\/#primaryimage\"},\"image\":{\"@id\":\"https:\/\/fsrm.ch\/site\/en\/charte_en\/#primaryimage\"},\"thumbnailUrl\":\"https:\/\/fsrm.ch\/site\/wp-content\/uploads\/2018\/05\/fsrm_grande-768x357.jpg\",\"datePublished\":\"2018-07-16T07:16:55+00:00\",\"dateModified\":\"2026-01-12T12:40:04+00:00\",\"breadcrumb\":{\"@id\":\"https:\/\/fsrm.ch\/site\/en\/charte_en\/#breadcrumb\"},\"inLanguage\":\"en-US\",\"potentialAction\":[{\"@type\":\"ReadAction\",\"target\":[\"https:\/\/fsrm.ch\/site\/en\/charte_en\/\"]}]},{\"@type\":\"ImageObject\",\"inLanguage\":\"en-US\",\"@id\":\"https:\/\/fsrm.ch\/site\/en\/charte_en\/#primaryimage\",\"url\":\"https:\/\/fsrm.ch\/site\/wp-content\/uploads\/2018\/05\/fsrm_grande.jpg\",\"contentUrl\":\"https:\/\/fsrm.ch\/site\/wp-content\/uploads\/2018\/05\/fsrm_grande.jpg\",\"width\":1441,\"height\":669},{\"@type\":\"BreadcrumbList\",\"@id\":\"https:\/\/fsrm.ch\/site\/en\/charte_en\/#breadcrumb\",\"itemListElement\":[{\"@type\":\"ListItem\",\"position\":1,\"name\":\"Home\",\"item\":\"https:\/\/fsrm.ch\/site\/\"},{\"@type\":\"ListItem\",\"position\":2,\"name\":\"charter\"}]},{\"@type\":\"WebSite\",\"@id\":\"https:\/\/fsrm.ch\/site\/#website\",\"url\":\"https:\/\/fsrm.ch\/site\/\",\"name\":\"FSRM\",\"description\":\"Formation continue, cours de perfectionnement professionnel et organisation d&#039;\u00e9v\u00e9nements.\",\"publisher\":{\"@id\":\"https:\/\/fsrm.ch\/site\/#organization\"},\"potentialAction\":[{\"@type\":\"SearchAction\",\"target\":{\"@type\":\"EntryPoint\",\"urlTemplate\":\"https:\/\/fsrm.ch\/site\/?s={search_term_string}\"},\"query-input\":{\"@type\":\"PropertyValueSpecification\",\"valueRequired\":true,\"valueName\":\"search_term_string\"}}],\"inLanguage\":\"en-US\"},{\"@type\":\"Organization\",\"@id\":\"https:\/\/fsrm.ch\/site\/#organization\",\"name\":\"FSRM\",\"url\":\"https:\/\/fsrm.ch\/site\/\",\"logo\":{\"@type\":\"ImageObject\",\"inLanguage\":\"en-US\",\"@id\":\"https:\/\/fsrm.ch\/site\/#\/schema\/logo\/image\/\",\"url\":\"https:\/\/fsrm.ch\/site\/wp-content\/uploads\/2025\/05\/fsrm-logo.png\",\"contentUrl\":\"https:\/\/fsrm.ch\/site\/wp-content\/uploads\/2025\/05\/fsrm-logo.png\",\"width\":1000,\"height\":539,\"caption\":\"FSRM\"},\"image\":{\"@id\":\"https:\/\/fsrm.ch\/site\/#\/schema\/logo\/image\/\"},\"sameAs\":[\"https:\/\/www.facebook.com\/fsrm.ch\",\"https:\/\/www.linkedin.com\/company\/fsrm-swiss-foundation-for-research-in-microtechnology\",\"https:\/\/www.youtube.com\/user\/fsrmch\"]}]}<\/script>\n<!-- \/ Yoast SEO plugin. -->","yoast_head_json":{"title":"charter - FSRM","robots":{"index":"index","follow":"follow","max-snippet":"max-snippet:-1","max-image-preview":"max-image-preview:large","max-video-preview":"max-video-preview:-1"},"canonical":"https:\/\/fsrm.ch\/site\/en\/charte_en\/","og_locale":"en_US","og_type":"article","og_title":"charter - FSRM","og_description":"charter Fondation de droit priv\u00e9, la FSRM a \u00e9t\u00e9 cr\u00e9\u00e9e en 1978, \u00e0 l\u2019initiative de la Conf\u00e9d\u00e9ration, de 11 cantons, 3 villes, 12 associations et 24 entreprises. Mission Nous nous investissons dans toutes formes d\u2019initiatives permettant de valoriser et d\u2019encourager le de\u0301veloppement de la microtechnique et des activite\u0301s e\u0301conomiques qui en de\u0301coulent. Nous nous engageons [&hellip;]","og_url":"https:\/\/fsrm.ch\/site\/en\/charte_en\/","og_site_name":"FSRM","article_publisher":"https:\/\/www.facebook.com\/fsrm.ch","article_modified_time":"2026-01-12T12:40:04+00:00","og_image":[{"width":1441,"height":669,"url":"https:\/\/fsrm.ch\/site\/wp-content\/uploads\/2018\/05\/fsrm_grande.jpg","type":"image\/jpeg"}],"twitter_card":"summary_large_image","twitter_misc":{"Est. reading time":"2 minutes"},"schema":{"@context":"https:\/\/schema.org","@graph":[{"@type":"WebPage","@id":"https:\/\/fsrm.ch\/site\/en\/charte_en\/","url":"https:\/\/fsrm.ch\/site\/en\/charte_en\/","name":"charter - FSRM","isPartOf":{"@id":"https:\/\/fsrm.ch\/site\/#website"},"primaryImageOfPage":{"@id":"https:\/\/fsrm.ch\/site\/en\/charte_en\/#primaryimage"},"image":{"@id":"https:\/\/fsrm.ch\/site\/en\/charte_en\/#primaryimage"},"thumbnailUrl":"https:\/\/fsrm.ch\/site\/wp-content\/uploads\/2018\/05\/fsrm_grande-768x357.jpg","datePublished":"2018-07-16T07:16:55+00:00","dateModified":"2026-01-12T12:40:04+00:00","breadcrumb":{"@id":"https:\/\/fsrm.ch\/site\/en\/charte_en\/#breadcrumb"},"inLanguage":"en-US","potentialAction":[{"@type":"ReadAction","target":["https:\/\/fsrm.ch\/site\/en\/charte_en\/"]}]},{"@type":"ImageObject","inLanguage":"en-US","@id":"https:\/\/fsrm.ch\/site\/en\/charte_en\/#primaryimage","url":"https:\/\/fsrm.ch\/site\/wp-content\/uploads\/2018\/05\/fsrm_grande.jpg","contentUrl":"https:\/\/fsrm.ch\/site\/wp-content\/uploads\/2018\/05\/fsrm_grande.jpg","width":1441,"height":669},{"@type":"BreadcrumbList","@id":"https:\/\/fsrm.ch\/site\/en\/charte_en\/#breadcrumb","itemListElement":[{"@type":"ListItem","position":1,"name":"Home","item":"https:\/\/fsrm.ch\/site\/"},{"@type":"ListItem","position":2,"name":"charter"}]},{"@type":"WebSite","@id":"https:\/\/fsrm.ch\/site\/#website","url":"https:\/\/fsrm.ch\/site\/","name":"FSRM","description":"Formation continue, cours de perfectionnement professionnel et organisation d&#039;\u00e9v\u00e9nements.","publisher":{"@id":"https:\/\/fsrm.ch\/site\/#organization"},"potentialAction":[{"@type":"SearchAction","target":{"@type":"EntryPoint","urlTemplate":"https:\/\/fsrm.ch\/site\/?s={search_term_string}"},"query-input":{"@type":"PropertyValueSpecification","valueRequired":true,"valueName":"search_term_string"}}],"inLanguage":"en-US"},{"@type":"Organization","@id":"https:\/\/fsrm.ch\/site\/#organization","name":"FSRM","url":"https:\/\/fsrm.ch\/site\/","logo":{"@type":"ImageObject","inLanguage":"en-US","@id":"https:\/\/fsrm.ch\/site\/#\/schema\/logo\/image\/","url":"https:\/\/fsrm.ch\/site\/wp-content\/uploads\/2025\/05\/fsrm-logo.png","contentUrl":"https:\/\/fsrm.ch\/site\/wp-content\/uploads\/2025\/05\/fsrm-logo.png","width":1000,"height":539,"caption":"FSRM"},"image":{"@id":"https:\/\/fsrm.ch\/site\/#\/schema\/logo\/image\/"},"sameAs":["https:\/\/www.facebook.com\/fsrm.ch","https:\/\/www.linkedin.com\/company\/fsrm-swiss-foundation-for-research-in-microtechnology","https:\/\/www.youtube.com\/user\/fsrmch"]}]}},"_links":{"self":[{"href":"https:\/\/fsrm.ch\/site\/wp-json\/wp\/v2\/pages\/1767","targetHints":{"allow":["GET"]}}],"collection":[{"href":"https:\/\/fsrm.ch\/site\/wp-json\/wp\/v2\/pages"}],"about":[{"href":"https:\/\/fsrm.ch\/site\/wp-json\/wp\/v2\/types\/page"}],"author":[{"embeddable":true,"href":"https:\/\/fsrm.ch\/site\/wp-json\/wp\/v2\/users\/6"}],"replies":[{"embeddable":true,"href":"https:\/\/fsrm.ch\/site\/wp-json\/wp\/v2\/comments?post=1767"}],"version-history":[{"count":23,"href":"https:\/\/fsrm.ch\/site\/wp-json\/wp\/v2\/pages\/1767\/revisions"}],"predecessor-version":[{"id":9027,"href":"https:\/\/fsrm.ch\/site\/wp-json\/wp\/v2\/pages\/1767\/revisions\/9027"}],"wp:attachment":[{"href":"https:\/\/fsrm.ch\/site\/wp-json\/wp\/v2\/media?parent=1767"}],"curies":[{"name":"wp","href":"https:\/\/api.w.org\/{rel}","templated":true}]}}