{"id":1788,"date":"2018-07-16T07:37:24","date_gmt":"2018-07-16T07:37:24","guid":{"rendered":"http:\/\/fsrm.ch\/site\/?page_id=1788"},"modified":"2024-10-31T09:26:23","modified_gmt":"2024-10-31T09:26:23","slug":"allgemeine-information","status":"publish","type":"page","link":"https:\/\/fsrm.ch\/site\/de\/allgemeine-information\/","title":{"rendered":"allgemeine information"},"content":{"rendered":"\t\t<div data-elementor-type=\"wp-post\" data-elementor-id=\"1788\" class=\"elementor elementor-1788\" data-elementor-post-type=\"page\">\n\t\t\t\t\t\t<section class=\"elementor-section elementor-top-section elementor-element elementor-element-6b3f888d elementor-section-stretched elementor-section-full_width elementor-section-content-middle elementor-section-height-default elementor-section-height-default\" data-id=\"6b3f888d\" data-element_type=\"section\" data-settings=\"{&quot;stretch_section&quot;:&quot;section-stretched&quot;}\">\n\t\t\t\t\t\t<div class=\"elementor-container elementor-column-gap-default\">\n\t\t\t\t\t<div class=\"elementor-column elementor-col-100 elementor-top-column elementor-element elementor-element-8cb0cc6\" data-id=\"8cb0cc6\" data-element_type=\"column\" data-settings=\"{&quot;background_background&quot;:&quot;classic&quot;}\">\n\t\t\t<div class=\"elementor-widget-wrap elementor-element-populated\">\n\t\t\t\t\t\t<div class=\"elementor-element elementor-element-bbf4491 elementor-widget elementor-widget-image\" data-id=\"bbf4491\" data-element_type=\"widget\" data-widget_type=\"image.default\">\n\t\t\t\t<div class=\"elementor-widget-container\">\n\t\t\t\t\t\t\t\t\t\t\t\t\t\t\t<img fetchpriority=\"high\" decoding=\"async\" width=\"768\" height=\"357\" src=\"https:\/\/fsrm.ch\/site\/wp-content\/uploads\/2018\/06\/Cours_Tablette-768x357.jpg\" class=\"attachment-medium_large size-medium_large wp-image-1459\" alt=\"\" srcset=\"https:\/\/fsrm.ch\/site\/wp-content\/uploads\/2018\/06\/Cours_Tablette-768x357.jpg 768w, https:\/\/fsrm.ch\/site\/wp-content\/uploads\/2018\/06\/Cours_Tablette-300x139.jpg 300w, https:\/\/fsrm.ch\/site\/wp-content\/uploads\/2018\/06\/Cours_Tablette-1024x475.jpg 1024w, https:\/\/fsrm.ch\/site\/wp-content\/uploads\/2018\/06\/Cours_Tablette.jpg 1441w\" sizes=\"(max-width: 768px) 100vw, 768px\" \/>\t\t\t\t\t\t\t\t\t\t\t\t\t\t\t<\/div>\n\t\t\t\t<\/div>\n\t\t\t\t\t<\/div>\n\t\t<\/div>\n\t\t\t\t\t<\/div>\n\t\t<\/section>\n\t\t\t\t<section class=\"elementor-section elementor-top-section elementor-element elementor-element-480952d4 elementor-section-stretched elementor-section-content-middle elementor-section-boxed elementor-section-height-default elementor-section-height-default\" data-id=\"480952d4\" data-element_type=\"section\" data-settings=\"{&quot;stretch_section&quot;:&quot;section-stretched&quot;}\">\n\t\t\t\t\t\t<div class=\"elementor-container elementor-column-gap-default\">\n\t\t\t\t\t<div class=\"elementor-column elementor-col-100 elementor-top-column elementor-element elementor-element-342cec6a\" data-id=\"342cec6a\" data-element_type=\"column\">\n\t\t\t<div class=\"elementor-widget-wrap elementor-element-populated\">\n\t\t\t\t\t\t<div class=\"elementor-element elementor-element-41715945 elementor-widget elementor-widget-heading\" data-id=\"41715945\" data-element_type=\"widget\" data-widget_type=\"heading.default\">\n\t\t\t\t<div class=\"elementor-widget-container\">\n\t\t\t\t\t<h2 class=\"elementor-heading-title elementor-size-default\">KURSE - ALLGEMEINE INFORMATIONEN<\/h2>\t\t\t\t<\/div>\n\t\t\t\t<\/div>\n\t\t\t\t<div class=\"elementor-element elementor-element-5255160 elementor-widget elementor-widget-heading\" data-id=\"5255160\" data-element_type=\"widget\" data-widget_type=\"heading.default\">\n\t\t\t\t<div class=\"elementor-widget-container\">\n\t\t\t\t\t<h2 class=\"elementor-heading-title elementor-size-default\">150 Kursthemen<\/h2>\t\t\t\t<\/div>\n\t\t\t\t<\/div>\n\t\t\t\t<div class=\"elementor-element elementor-element-7bdeae81 elementor-widget elementor-widget-text-editor\" data-id=\"7bdeae81\" data-element_type=\"widget\" data-widget_type=\"text-editor.default\">\n\t\t\t\t<div class=\"elementor-widget-container\">\n\t\t\t\t\t\t\t\t\t<p>In unserem Kursprogramm finden Sie Kurse auf Franz\u00f6sisch, Deutsch und Englisch in folgenden Bereichen:<\/p><p style=\"margin: 0cm; margin-bottom: .0001pt;\">\u2013 Management<\/p><p>\u2013 Produktentwicklung<br \/>\u2013 Normen, Qualit\u00e4t, Umwelt<br \/>\u2013 Fabrikationsprozesse<br \/>\u2013 Mikro- und Nanotechnologien<br \/>\u2013 Messwesen, Sensoren, Aktoren<br \/>\u2013 Medizinbranche<br \/>\u2013 Werkstoffe<br \/>\u2013 Produktion<\/p><p><span style=\"text-decoration: underline;\"><a href=\"https:\/\/www.fsrm.ch\/d\/formAgenda.php\">Kursagenda<\/a><\/span><\/p><p><span style=\"text-decoration: underline;\"><a href=\"https:\/\/fsrm.ch\/site\/index.php\/de\/geschaftsbedingungen\/\">Praktische Informationen zur Anmeldung<\/a><\/span><\/p>\t\t\t\t\t\t\t\t<\/div>\n\t\t\t\t<\/div>\n\t\t\t\t<div class=\"elementor-element elementor-element-7ac06631 elementor-widget elementor-widget-heading\" data-id=\"7ac06631\" data-element_type=\"widget\" data-widget_type=\"heading.default\">\n\t\t\t\t<div class=\"elementor-widget-container\">\n\t\t\t\t\t<h2 class=\"elementor-heading-title elementor-size-default\">Kompetente Dozenten<\/h2>\t\t\t\t<\/div>\n\t\t\t\t<\/div>\n\t\t\t\t<div class=\"elementor-element elementor-element-7653cf83 elementor-widget elementor-widget-text-editor\" data-id=\"7653cf83\" data-element_type=\"widget\" data-widget_type=\"text-editor.default\">\n\t\t\t\t<div class=\"elementor-widget-container\">\n\t\t\t\t\t\t\t\t\t<p>\u00dcber 200 Spezialisten, von denen mehr als ein Drittel aus dem Ausland kommt, garantieren das hohe Qualit\u00e4tsniveau unserer Kurse. Sie kommen aus Forschung und Industrie, oder sind Freiberufler, und vermitteln Wissen, das direkt in der Praxis anwendbar ist.<\/p>\t\t\t\t\t\t\t\t<\/div>\n\t\t\t\t<\/div>\n\t\t\t\t<div class=\"elementor-element elementor-element-8da6957 elementor-widget elementor-widget-heading\" data-id=\"8da6957\" data-element_type=\"widget\" data-widget_type=\"heading.default\">\n\t\t\t\t<div class=\"elementor-widget-container\">\n\t\t\t\t\t<h2 class=\"elementor-heading-title elementor-size-default\">Massgeschneiderte Kurse<\/h2>\t\t\t\t<\/div>\n\t\t\t\t<\/div>\n\t\t\t\t<div class=\"elementor-element elementor-element-5069f8c elementor-widget elementor-widget-text-editor\" data-id=\"5069f8c\" data-element_type=\"widget\" data-widget_type=\"text-editor.default\">\n\t\t\t\t<div class=\"elementor-widget-container\">\n\t\t\t\t\t\t\t\t\t<p>Im Zentrum unserer Bem\u00fchungen stehen Ihre Bed\u00fcrfnisse. M\u00f6chten Sie einen Kurs f\u00fcr Ihre Mitarbeiter in Ihrer Firma durchf\u00fchren? Bitte\u00a0<span style=\"text-decoration: underline;\"><a href=\"mailto:fsrm@fsrm.ch\">kontaktieren Sie uns<\/a><\/span>, Kurse k\u00f6nnen f\u00fcr Ihre spezifischen Bed\u00fcrfnisse entwickelt und f\u00fcr Ihre Mitarbeiter vor Ort gehalten werden. Unsere Kurse sind praxisbezogen, damit die Teilnehmer das Erlernte direkt am Arbeitsplatz anwenden k\u00f6nnen.<\/p>\t\t\t\t\t\t\t\t<\/div>\n\t\t\t\t<\/div>\n\t\t\t\t<div class=\"elementor-element elementor-element-24c5f8f elementor-widget elementor-widget-heading\" data-id=\"24c5f8f\" data-element_type=\"widget\" data-widget_type=\"heading.default\">\n\t\t\t\t<div class=\"elementor-widget-container\">\n\t\t\t\t\t<h2 class=\"elementor-heading-title elementor-size-default\">Beteiligung an EU-Projekten<\/h2>\t\t\t\t<\/div>\n\t\t\t\t<\/div>\n\t\t\t\t<div class=\"elementor-element elementor-element-33f9ad4 elementor-widget elementor-widget-text-editor\" data-id=\"33f9ad4\" data-element_type=\"widget\" data-widget_type=\"text-editor.default\">\n\t\t\t\t<div class=\"elementor-widget-container\">\n\t\t\t\t\t\t\t\t\t<p>Wir bringen unsere Erfahrung und Kompetenz im Bereich Weiterbildung als Partner in mehreren EU-Projekten ein, in deren Rahmen wir z.B. Workshops, Kurse und Fortbildungswochen organisieren und das Workpackage \u00ab Training and Dissemination \u00bb leiten. <a href=\"https:\/\/fsrm.ch\/site\/de\/dissemination_de\/?lang=d\" target=\"_blank\" rel=\"noopener\"><span style=\"text-decoration: underline;\"><strong>Weitere Informationen.<\/strong><\/span><\/a><\/p>\t\t\t\t\t\t\t\t<\/div>\n\t\t\t\t<\/div>\n\t\t\t\t<div class=\"elementor-element elementor-element-5535554 elementor-widget elementor-widget-heading\" data-id=\"5535554\" data-element_type=\"widget\" data-widget_type=\"heading.default\">\n\t\t\t\t<div class=\"elementor-widget-container\">\n\t\t\t\t\t<h2 class=\"elementor-heading-title elementor-size-default\">Zielgruppe<\/h2>\t\t\t\t<\/div>\n\t\t\t\t<\/div>\n\t\t\t\t<div class=\"elementor-element elementor-element-d9d00dc elementor-widget elementor-widget-text-editor\" data-id=\"d9d00dc\" data-element_type=\"widget\" data-widget_type=\"text-editor.default\">\n\t\t\t\t<div class=\"elementor-widget-container\">\n\t\t\t\t\t\t\t\t\t<div id=\"cours\">Unsere technischen Kurse richten sich an Ingenieure und Techniker.<\/div><div>Die Kurse im Bereich Management richten sich an Berufst\u00e4tige aller Fachrichtungen, die am jeweiligen Thema interessiert sind.<\/div><div>Vorkenntnisse sind nicht erforderlich, oder in der Kursbeschreibung erw\u00e4hnt.<\/div>\t\t\t\t\t\t\t\t<\/div>\n\t\t\t\t<\/div>\n\t\t\t\t\t<\/div>\n\t\t<\/div>\n\t\t\t\t\t<\/div>\n\t\t<\/section>\n\t\t\t\t<\/div>\n\t\t","protected":false},"excerpt":{"rendered":"<p>KURSE &#8211; ALLGEMEINE INFORMATIONEN 150 Kursthemen In unserem Kursprogramm finden Sie Kurse auf Franz\u00f6sisch, Deutsch und Englisch in folgenden Bereichen: \u2013 Management \u2013 Produktentwicklung\u2013 Normen, Qualit\u00e4t, Umwelt\u2013 Fabrikationsprozesse\u2013 Mikro- und Nanotechnologien\u2013 Messwesen, Sensoren, Aktoren\u2013 Medizinbranche\u2013 Werkstoffe\u2013 Produktion Kursagenda Praktische Informationen zur Anmeldung Kompetente Dozenten \u00dcber 200 Spezialisten, von denen mehr als ein Drittel aus dem [&hellip;]<\/p>\n","protected":false},"author":6,"featured_media":0,"parent":0,"menu_order":0,"comment_status":"closed","ping_status":"closed","template":"","meta":{"footnotes":""},"class_list":["post-1788","page","type-page","status-publish","hentry"],"yoast_head":"<!-- This site is optimized with the Yoast SEO plugin v25.4 - https:\/\/yoast.com\/wordpress\/plugins\/seo\/ -->\n<title>allgemeine information - FSRM<\/title>\n<meta name=\"robots\" content=\"index, follow, max-snippet:-1, max-image-preview:large, max-video-preview:-1\" \/>\n<link rel=\"canonical\" href=\"https:\/\/fsrm.ch\/site\/de\/allgemeine-information\/\" \/>\n<meta property=\"og:locale\" content=\"en_US\" \/>\n<meta property=\"og:type\" content=\"article\" \/>\n<meta property=\"og:title\" content=\"allgemeine information - FSRM\" \/>\n<meta property=\"og:description\" content=\"KURSE &#8211; ALLGEMEINE INFORMATIONEN 150 Kursthemen In unserem Kursprogramm finden Sie Kurse auf Franz\u00f6sisch, Deutsch und Englisch in folgenden Bereichen: \u2013 Management \u2013 Produktentwicklung\u2013 Normen, Qualit\u00e4t, Umwelt\u2013 Fabrikationsprozesse\u2013 Mikro- und Nanotechnologien\u2013 Messwesen, Sensoren, Aktoren\u2013 Medizinbranche\u2013 Werkstoffe\u2013 Produktion Kursagenda Praktische Informationen zur Anmeldung Kompetente Dozenten \u00dcber 200 Spezialisten, von denen mehr als ein Drittel aus dem [&hellip;]\" \/>\n<meta property=\"og:url\" content=\"https:\/\/fsrm.ch\/site\/de\/allgemeine-information\/\" \/>\n<meta property=\"og:site_name\" content=\"FSRM\" \/>\n<meta property=\"article:publisher\" content=\"https:\/\/www.facebook.com\/fsrm.ch\" \/>\n<meta property=\"article:modified_time\" content=\"2024-10-31T09:26:23+00:00\" \/>\n<meta property=\"og:image\" content=\"https:\/\/fsrm.ch\/site\/wp-content\/uploads\/2018\/06\/Cours_Tablette-768x357.jpg\" \/>\n<meta name=\"twitter:card\" content=\"summary_large_image\" \/>\n<meta name=\"twitter:label1\" content=\"Est. reading time\" \/>\n\t<meta name=\"twitter:data1\" content=\"1 minute\" \/>\n<script type=\"application\/ld+json\" class=\"yoast-schema-graph\">{\"@context\":\"https:\/\/schema.org\",\"@graph\":[{\"@type\":\"WebPage\",\"@id\":\"https:\/\/fsrm.ch\/site\/de\/allgemeine-information\/\",\"url\":\"https:\/\/fsrm.ch\/site\/de\/allgemeine-information\/\",\"name\":\"allgemeine information - FSRM\",\"isPartOf\":{\"@id\":\"https:\/\/fsrm.ch\/site\/#website\"},\"primaryImageOfPage\":{\"@id\":\"https:\/\/fsrm.ch\/site\/de\/allgemeine-information\/#primaryimage\"},\"image\":{\"@id\":\"https:\/\/fsrm.ch\/site\/de\/allgemeine-information\/#primaryimage\"},\"thumbnailUrl\":\"https:\/\/fsrm.ch\/site\/wp-content\/uploads\/2018\/06\/Cours_Tablette-768x357.jpg\",\"datePublished\":\"2018-07-16T07:37:24+00:00\",\"dateModified\":\"2024-10-31T09:26:23+00:00\",\"breadcrumb\":{\"@id\":\"https:\/\/fsrm.ch\/site\/de\/allgemeine-information\/#breadcrumb\"},\"inLanguage\":\"en-US\",\"potentialAction\":[{\"@type\":\"ReadAction\",\"target\":[\"https:\/\/fsrm.ch\/site\/de\/allgemeine-information\/\"]}]},{\"@type\":\"ImageObject\",\"inLanguage\":\"en-US\",\"@id\":\"https:\/\/fsrm.ch\/site\/de\/allgemeine-information\/#primaryimage\",\"url\":\"https:\/\/fsrm.ch\/site\/wp-content\/uploads\/2018\/06\/Cours_Tablette.jpg\",\"contentUrl\":\"https:\/\/fsrm.ch\/site\/wp-content\/uploads\/2018\/06\/Cours_Tablette.jpg\",\"width\":1441,\"height\":669},{\"@type\":\"BreadcrumbList\",\"@id\":\"https:\/\/fsrm.ch\/site\/de\/allgemeine-information\/#breadcrumb\",\"itemListElement\":[{\"@type\":\"ListItem\",\"position\":1,\"name\":\"Home\",\"item\":\"https:\/\/fsrm.ch\/site\/\"},{\"@type\":\"ListItem\",\"position\":2,\"name\":\"allgemeine information\"}]},{\"@type\":\"WebSite\",\"@id\":\"https:\/\/fsrm.ch\/site\/#website\",\"url\":\"https:\/\/fsrm.ch\/site\/\",\"name\":\"FSRM\",\"description\":\"Formation continue, cours de perfectionnement professionnel et organisation d&#039;\u00e9v\u00e9nements.\",\"publisher\":{\"@id\":\"https:\/\/fsrm.ch\/site\/#organization\"},\"potentialAction\":[{\"@type\":\"SearchAction\",\"target\":{\"@type\":\"EntryPoint\",\"urlTemplate\":\"https:\/\/fsrm.ch\/site\/?s={search_term_string}\"},\"query-input\":{\"@type\":\"PropertyValueSpecification\",\"valueRequired\":true,\"valueName\":\"search_term_string\"}}],\"inLanguage\":\"en-US\"},{\"@type\":\"Organization\",\"@id\":\"https:\/\/fsrm.ch\/site\/#organization\",\"name\":\"FSRM\",\"url\":\"https:\/\/fsrm.ch\/site\/\",\"logo\":{\"@type\":\"ImageObject\",\"inLanguage\":\"en-US\",\"@id\":\"https:\/\/fsrm.ch\/site\/#\/schema\/logo\/image\/\",\"url\":\"https:\/\/fsrm.ch\/site\/wp-content\/uploads\/2025\/05\/fsrm-logo.png\",\"contentUrl\":\"https:\/\/fsrm.ch\/site\/wp-content\/uploads\/2025\/05\/fsrm-logo.png\",\"width\":1000,\"height\":539,\"caption\":\"FSRM\"},\"image\":{\"@id\":\"https:\/\/fsrm.ch\/site\/#\/schema\/logo\/image\/\"},\"sameAs\":[\"https:\/\/www.facebook.com\/fsrm.ch\",\"https:\/\/www.linkedin.com\/company\/fsrm-swiss-foundation-for-research-in-microtechnology\",\"https:\/\/www.youtube.com\/user\/fsrmch\"]}]}<\/script>\n<!-- \/ Yoast SEO plugin. -->","yoast_head_json":{"title":"allgemeine information - FSRM","robots":{"index":"index","follow":"follow","max-snippet":"max-snippet:-1","max-image-preview":"max-image-preview:large","max-video-preview":"max-video-preview:-1"},"canonical":"https:\/\/fsrm.ch\/site\/de\/allgemeine-information\/","og_locale":"en_US","og_type":"article","og_title":"allgemeine information - FSRM","og_description":"KURSE &#8211; ALLGEMEINE INFORMATIONEN 150 Kursthemen In unserem Kursprogramm finden Sie Kurse auf Franz\u00f6sisch, Deutsch und Englisch in folgenden Bereichen: \u2013 Management \u2013 Produktentwicklung\u2013 Normen, Qualit\u00e4t, Umwelt\u2013 Fabrikationsprozesse\u2013 Mikro- und Nanotechnologien\u2013 Messwesen, Sensoren, Aktoren\u2013 Medizinbranche\u2013 Werkstoffe\u2013 Produktion Kursagenda Praktische Informationen zur Anmeldung Kompetente Dozenten \u00dcber 200 Spezialisten, von denen mehr als ein Drittel aus dem [&hellip;]","og_url":"https:\/\/fsrm.ch\/site\/de\/allgemeine-information\/","og_site_name":"FSRM","article_publisher":"https:\/\/www.facebook.com\/fsrm.ch","article_modified_time":"2024-10-31T09:26:23+00:00","og_image":[{"url":"https:\/\/fsrm.ch\/site\/wp-content\/uploads\/2018\/06\/Cours_Tablette-768x357.jpg","type":"","width":"","height":""}],"twitter_card":"summary_large_image","twitter_misc":{"Est. reading time":"1 minute"},"schema":{"@context":"https:\/\/schema.org","@graph":[{"@type":"WebPage","@id":"https:\/\/fsrm.ch\/site\/de\/allgemeine-information\/","url":"https:\/\/fsrm.ch\/site\/de\/allgemeine-information\/","name":"allgemeine information - FSRM","isPartOf":{"@id":"https:\/\/fsrm.ch\/site\/#website"},"primaryImageOfPage":{"@id":"https:\/\/fsrm.ch\/site\/de\/allgemeine-information\/#primaryimage"},"image":{"@id":"https:\/\/fsrm.ch\/site\/de\/allgemeine-information\/#primaryimage"},"thumbnailUrl":"https:\/\/fsrm.ch\/site\/wp-content\/uploads\/2018\/06\/Cours_Tablette-768x357.jpg","datePublished":"2018-07-16T07:37:24+00:00","dateModified":"2024-10-31T09:26:23+00:00","breadcrumb":{"@id":"https:\/\/fsrm.ch\/site\/de\/allgemeine-information\/#breadcrumb"},"inLanguage":"en-US","potentialAction":[{"@type":"ReadAction","target":["https:\/\/fsrm.ch\/site\/de\/allgemeine-information\/"]}]},{"@type":"ImageObject","inLanguage":"en-US","@id":"https:\/\/fsrm.ch\/site\/de\/allgemeine-information\/#primaryimage","url":"https:\/\/fsrm.ch\/site\/wp-content\/uploads\/2018\/06\/Cours_Tablette.jpg","contentUrl":"https:\/\/fsrm.ch\/site\/wp-content\/uploads\/2018\/06\/Cours_Tablette.jpg","width":1441,"height":669},{"@type":"BreadcrumbList","@id":"https:\/\/fsrm.ch\/site\/de\/allgemeine-information\/#breadcrumb","itemListElement":[{"@type":"ListItem","position":1,"name":"Home","item":"https:\/\/fsrm.ch\/site\/"},{"@type":"ListItem","position":2,"name":"allgemeine information"}]},{"@type":"WebSite","@id":"https:\/\/fsrm.ch\/site\/#website","url":"https:\/\/fsrm.ch\/site\/","name":"FSRM","description":"Formation continue, cours de perfectionnement professionnel et organisation d&#039;\u00e9v\u00e9nements.","publisher":{"@id":"https:\/\/fsrm.ch\/site\/#organization"},"potentialAction":[{"@type":"SearchAction","target":{"@type":"EntryPoint","urlTemplate":"https:\/\/fsrm.ch\/site\/?s={search_term_string}"},"query-input":{"@type":"PropertyValueSpecification","valueRequired":true,"valueName":"search_term_string"}}],"inLanguage":"en-US"},{"@type":"Organization","@id":"https:\/\/fsrm.ch\/site\/#organization","name":"FSRM","url":"https:\/\/fsrm.ch\/site\/","logo":{"@type":"ImageObject","inLanguage":"en-US","@id":"https:\/\/fsrm.ch\/site\/#\/schema\/logo\/image\/","url":"https:\/\/fsrm.ch\/site\/wp-content\/uploads\/2025\/05\/fsrm-logo.png","contentUrl":"https:\/\/fsrm.ch\/site\/wp-content\/uploads\/2025\/05\/fsrm-logo.png","width":1000,"height":539,"caption":"FSRM"},"image":{"@id":"https:\/\/fsrm.ch\/site\/#\/schema\/logo\/image\/"},"sameAs":["https:\/\/www.facebook.com\/fsrm.ch","https:\/\/www.linkedin.com\/company\/fsrm-swiss-foundation-for-research-in-microtechnology","https:\/\/www.youtube.com\/user\/fsrmch"]}]}},"_links":{"self":[{"href":"https:\/\/fsrm.ch\/site\/wp-json\/wp\/v2\/pages\/1788","targetHints":{"allow":["GET"]}}],"collection":[{"href":"https:\/\/fsrm.ch\/site\/wp-json\/wp\/v2\/pages"}],"about":[{"href":"https:\/\/fsrm.ch\/site\/wp-json\/wp\/v2\/types\/page"}],"author":[{"embeddable":true,"href":"https:\/\/fsrm.ch\/site\/wp-json\/wp\/v2\/users\/6"}],"replies":[{"embeddable":true,"href":"https:\/\/fsrm.ch\/site\/wp-json\/wp\/v2\/comments?post=1788"}],"version-history":[{"count":20,"href":"https:\/\/fsrm.ch\/site\/wp-json\/wp\/v2\/pages\/1788\/revisions"}],"predecessor-version":[{"id":6980,"href":"https:\/\/fsrm.ch\/site\/wp-json\/wp\/v2\/pages\/1788\/revisions\/6980"}],"wp:attachment":[{"href":"https:\/\/fsrm.ch\/site\/wp-json\/wp\/v2\/media?parent=1788"}],"curies":[{"name":"wp","href":"https:\/\/api.w.org\/{rel}","templated":true}]}}