{"id":1869,"date":"2018-07-25T08:08:51","date_gmt":"2018-07-25T08:08:51","guid":{"rendered":"http:\/\/fsrm.ch\/site\/?page_id=1869"},"modified":"2024-11-28T09:37:03","modified_gmt":"2024-11-28T09:37:03","slug":"veroffentlichungen","status":"publish","type":"page","link":"https:\/\/fsrm.ch\/site\/de\/veroffentlichungen\/","title":{"rendered":"ver\u00f6ffentlichungen"},"content":{"rendered":"\t\t<div data-elementor-type=\"wp-post\" data-elementor-id=\"1869\" class=\"elementor elementor-1869\" data-elementor-post-type=\"page\">\n\t\t\t\t\t\t<section class=\"elementor-section elementor-top-section elementor-element elementor-element-2c01158e elementor-section-stretched elementor-section-full_width elementor-section-content-middle elementor-section-height-default elementor-section-height-default\" data-id=\"2c01158e\" data-element_type=\"section\" data-settings=\"{&quot;stretch_section&quot;:&quot;section-stretched&quot;}\">\n\t\t\t\t\t\t<div class=\"elementor-container elementor-column-gap-default\">\n\t\t\t\t\t<div class=\"elementor-column elementor-col-100 elementor-top-column elementor-element elementor-element-7833b56c\" data-id=\"7833b56c\" data-element_type=\"column\" data-settings=\"{&quot;background_background&quot;:&quot;classic&quot;}\">\n\t\t\t<div class=\"elementor-widget-wrap elementor-element-populated\">\n\t\t\t\t\t\t<div class=\"elementor-element elementor-element-29c7b205 elementor-widget elementor-widget-image\" data-id=\"29c7b205\" data-element_type=\"widget\" data-widget_type=\"image.default\">\n\t\t\t\t<div class=\"elementor-widget-container\">\n\t\t\t\t\t\t\t\t\t\t\t\t\t\t\t<img fetchpriority=\"high\" decoding=\"async\" width=\"768\" height=\"357\" src=\"https:\/\/fsrm.ch\/site\/wp-content\/uploads\/2018\/04\/brochures-768x357.jpg\" class=\"attachment-medium_large size-medium_large wp-image-1278\" alt=\"\" srcset=\"https:\/\/fsrm.ch\/site\/wp-content\/uploads\/2018\/04\/brochures-768x357.jpg 768w, https:\/\/fsrm.ch\/site\/wp-content\/uploads\/2018\/04\/brochures-300x139.jpg 300w, https:\/\/fsrm.ch\/site\/wp-content\/uploads\/2018\/04\/brochures-1024x475.jpg 1024w, https:\/\/fsrm.ch\/site\/wp-content\/uploads\/2018\/04\/brochures.jpg 1441w\" sizes=\"(max-width: 768px) 100vw, 768px\" \/>\t\t\t\t\t\t\t\t\t\t\t\t\t\t\t<\/div>\n\t\t\t\t<\/div>\n\t\t\t\t\t<\/div>\n\t\t<\/div>\n\t\t\t\t\t<\/div>\n\t\t<\/section>\n\t\t\t\t<section class=\"elementor-section elementor-top-section elementor-element elementor-element-20d62d4c elementor-section-stretched elementor-section-content-middle elementor-section-boxed elementor-section-height-default elementor-section-height-default\" data-id=\"20d62d4c\" data-element_type=\"section\" data-settings=\"{&quot;stretch_section&quot;:&quot;section-stretched&quot;}\">\n\t\t\t\t\t\t<div class=\"elementor-container elementor-column-gap-default\">\n\t\t\t\t\t<div class=\"elementor-column elementor-col-100 elementor-top-column elementor-element elementor-element-5d8654b3\" data-id=\"5d8654b3\" data-element_type=\"column\">\n\t\t\t<div class=\"elementor-widget-wrap elementor-element-populated\">\n\t\t\t\t\t\t<div class=\"elementor-element elementor-element-707c9fe6 elementor-widget elementor-widget-heading\" data-id=\"707c9fe6\" data-element_type=\"widget\" data-widget_type=\"heading.default\">\n\t\t\t\t<div class=\"elementor-widget-container\">\n\t\t\t\t\t<h2 class=\"elementor-heading-title elementor-size-default\">VER\u00d6FFENTLICHUNGEN UND LOGOS<\/h2>\t\t\t\t<\/div>\n\t\t\t\t<\/div>\n\t\t\t\t<div class=\"elementor-element elementor-element-41d3837b elementor-widget elementor-widget-heading\" data-id=\"41d3837b\" data-element_type=\"widget\" data-widget_type=\"heading.default\">\n\t\t\t\t<div class=\"elementor-widget-container\">\n\t\t\t\t\t<h2 class=\"elementor-heading-title elementor-size-default\">Ver\u00f6ffentlichungen<\/h2>\t\t\t\t<\/div>\n\t\t\t\t<\/div>\n\t\t\t\t<div class=\"elementor-element elementor-element-5d8d29b elementor-widget elementor-widget-text-editor\" data-id=\"5d8d29b\" data-element_type=\"widget\" data-widget_type=\"text-editor.default\">\n\t\t\t\t<div class=\"elementor-widget-container\">\n\t\t\t\t\t\t\t\t\t<p><a href=\"http:\/\/fsrm.ch\/site\/wp-content\/uploads\/2018\/10\/2018-FSRM-40-ans_8-PAGES_HD_pour_impression.pdf\" target=\"_blank\" rel=\"noopener\">Plaquette 40 ans FSRM (FR)<\/a><\/p>\t\t\t\t\t\t\t\t<\/div>\n\t\t\t\t<\/div>\n\t\t\t\t<div class=\"elementor-element elementor-element-1202b7b elementor-widget elementor-widget-text-editor\" data-id=\"1202b7b\" data-element_type=\"widget\" data-widget_type=\"text-editor.default\">\n\t\t\t\t<div class=\"elementor-widget-container\">\n\t\t\t\t\t\t\t\t\t<p><a href=\"http:\/\/www.fsrm.ch\/media\/FSRMPlaquetteF.pdf\" target=\"_blank\" rel=\"noopener\">Plaquette sur les activit\u00e9s de la FSRM (FR)<\/a><\/p>\t\t\t\t\t\t\t\t<\/div>\n\t\t\t\t<\/div>\n\t\t\t\t<div class=\"elementor-element elementor-element-4063f26 elementor-widget elementor-widget-text-editor\" data-id=\"4063f26\" data-element_type=\"widget\" data-widget_type=\"text-editor.default\">\n\t\t\t\t<div class=\"elementor-widget-container\">\n\t\t\t\t\t\t\t\t\t<p><a href=\"http:\/\/fsrm.ch\/site\/wp-content\/uploads\/2020\/01\/2019_depliant_Congres_2019_E_WEB.pdf\" target=\"_blank\" rel=\"noopener\">Organisation of congresses and conferences<\/a><a href=\"http:\/\/www.fsrm.ch\/media\/FSRMPlaquetteF.pdf\" target=\"_blank\" rel=\"noopener\"> (EN)<\/a><\/p>\t\t\t\t\t\t\t\t<\/div>\n\t\t\t\t<\/div>\n\t\t\t\t<div class=\"elementor-element elementor-element-1626abc elementor-widget elementor-widget-text-editor\" data-id=\"1626abc\" data-element_type=\"widget\" data-widget_type=\"text-editor.default\">\n\t\t\t\t<div class=\"elementor-widget-container\">\n\t\t\t\t\t\t\t\t\t<p><a href=\"http:\/\/fsrm.ch\/site\/wp-content\/uploads\/2020\/01\/2019_depliant_Congres_2019_E_WEB.pdf\" target=\"_blank\" rel=\"noopener\">Plaquette FSRM EVENTS<\/a> (EN)<\/p>\t\t\t\t\t\t\t\t<\/div>\n\t\t\t\t<\/div>\n\t\t\t\t<div class=\"elementor-element elementor-element-d7abd65 elementor-widget elementor-widget-heading\" data-id=\"d7abd65\" data-element_type=\"widget\" data-widget_type=\"heading.default\">\n\t\t\t\t<div class=\"elementor-widget-container\">\n\t\t\t\t\t<h2 class=\"elementor-heading-title elementor-size-default\">Logos f\u00fcr die Presse<\/h2>\t\t\t\t<\/div>\n\t\t\t\t<\/div>\n\t\t\t\t<div class=\"elementor-element elementor-element-9190ecf elementor-widget elementor-widget-text-editor\" data-id=\"9190ecf\" data-element_type=\"widget\" data-widget_type=\"text-editor.default\">\n\t\t\t\t<div class=\"elementor-widget-container\">\n\t\t\t\t\t\t\t\t\t<p><a title=\"logo FSRM\" href=\"http:\/\/www.fsrm.ch\/media\/LOGO_FSRM_F.eps\" target=\"_blank\" rel=\"noopener\">Fran\u00e7ais [ ~300 kB ]<\/a><\/p>\t\t\t\t\t\t\t\t<\/div>\n\t\t\t\t<\/div>\n\t\t\t\t<div class=\"elementor-element elementor-element-443c2af elementor-widget elementor-widget-text-editor\" data-id=\"443c2af\" data-element_type=\"widget\" data-widget_type=\"text-editor.default\">\n\t\t\t\t<div class=\"elementor-widget-container\">\n\t\t\t\t\t\t\t\t\t<p><a title=\"logo FSRM\" href=\"http:\/\/www.fsrm.ch\/media\/LOGO_FSRM_D.eps\" target=\"_blank\" rel=\"noopener\">Deutsch [ ~300 kB ]<\/a><\/p>\t\t\t\t\t\t\t\t<\/div>\n\t\t\t\t<\/div>\n\t\t\t\t<div class=\"elementor-element elementor-element-b61d7e7 elementor-widget elementor-widget-text-editor\" data-id=\"b61d7e7\" data-element_type=\"widget\" data-widget_type=\"text-editor.default\">\n\t\t\t\t<div class=\"elementor-widget-container\">\n\t\t\t\t\t\t\t\t\t<p><a title=\"logo FSRM\" href=\"http:\/\/www.fsrm.ch\/media\/LOGO_FSRM_E.eps\" target=\"_blank\" rel=\"noopener\">English [ ~300 kB ]<\/a><\/p>\t\t\t\t\t\t\t\t<\/div>\n\t\t\t\t<\/div>\n\t\t\t\t<div class=\"elementor-element elementor-element-e1b7095 elementor-widget elementor-widget-heading\" data-id=\"e1b7095\" data-element_type=\"widget\" data-widget_type=\"heading.default\">\n\t\t\t\t<div class=\"elementor-widget-container\">\n\t\t\t\t\t<h2 class=\"elementor-heading-title elementor-size-default\">Logos in B\u00fcroqualit\u00e4t<\/h2>\t\t\t\t<\/div>\n\t\t\t\t<\/div>\n\t\t\t\t<div class=\"elementor-element elementor-element-8536c76 elementor-widget elementor-widget-text-editor\" data-id=\"8536c76\" data-element_type=\"widget\" data-widget_type=\"text-editor.default\">\n\t\t\t\t<div class=\"elementor-widget-container\">\n\t\t\t\t\t\t\t\t\t<p><a title=\"logo FSRM\" href=\"http:\/\/www.fsrm.ch\/media\/FSRM_LOGO_1000x616_F.gif\" target=\"_blank\" rel=\"noopener\">Fran\u00e7ais [ 44 kB ]<\/a><\/p>\t\t\t\t\t\t\t\t<\/div>\n\t\t\t\t<\/div>\n\t\t\t\t<div class=\"elementor-element elementor-element-6bcdee5 elementor-widget elementor-widget-text-editor\" data-id=\"6bcdee5\" data-element_type=\"widget\" data-widget_type=\"text-editor.default\">\n\t\t\t\t<div class=\"elementor-widget-container\">\n\t\t\t\t\t\t\t\t\t<p><a title=\"logo FSRM\" href=\"http:\/\/www.fsrm.ch\/media\/FSRM_LOGO_1000x616_D.gif\" target=\"_blank\" rel=\"noopener\">Deutsch [ 44 kB ]<\/a><\/p>\t\t\t\t\t\t\t\t<\/div>\n\t\t\t\t<\/div>\n\t\t\t\t<div class=\"elementor-element elementor-element-4b05020 elementor-widget elementor-widget-text-editor\" data-id=\"4b05020\" data-element_type=\"widget\" data-widget_type=\"text-editor.default\">\n\t\t\t\t<div class=\"elementor-widget-container\">\n\t\t\t\t\t\t\t\t\t<p><a title=\"logo FSRM\" href=\"http:\/\/www.fsrm.ch\/media\/FSRM_LOGO_1000x616_E.gif\" target=\"_blank\" rel=\"noopener\">English [ 44 kB ]<\/a><\/p>\t\t\t\t\t\t\t\t<\/div>\n\t\t\t\t<\/div>\n\t\t\t\t\t<\/div>\n\t\t<\/div>\n\t\t\t\t\t<\/div>\n\t\t<\/section>\n\t\t\t\t<\/div>\n\t\t","protected":false},"excerpt":{"rendered":"<p>VER\u00d6FFENTLICHUNGEN UND LOGOS Ver\u00f6ffentlichungen Plaquette 40 ans FSRM (FR) Plaquette sur les activit\u00e9s de la FSRM (FR) Organisation of congresses and conferences (EN) Plaquette FSRM EVENTS (EN) Logos f\u00fcr die Presse Fran\u00e7ais [ ~300 kB ] Deutsch [ ~300 kB ] English [ ~300 kB ] Logos in B\u00fcroqualit\u00e4t Fran\u00e7ais [ 44 kB ] Deutsch [&hellip;]<\/p>\n","protected":false},"author":6,"featured_media":0,"parent":0,"menu_order":0,"comment_status":"closed","ping_status":"closed","template":"","meta":{"footnotes":""},"class_list":["post-1869","page","type-page","status-publish","hentry"],"yoast_head":"<!-- This site is optimized with the Yoast SEO plugin v25.4 - https:\/\/yoast.com\/wordpress\/plugins\/seo\/ -->\n<title>ver\u00f6ffentlichungen - FSRM<\/title>\n<meta name=\"robots\" content=\"index, follow, max-snippet:-1, max-image-preview:large, max-video-preview:-1\" \/>\n<link rel=\"canonical\" href=\"https:\/\/fsrm.ch\/site\/de\/veroffentlichungen\/\" \/>\n<meta property=\"og:locale\" content=\"en_US\" \/>\n<meta property=\"og:type\" content=\"article\" \/>\n<meta property=\"og:title\" content=\"ver\u00f6ffentlichungen - FSRM\" \/>\n<meta property=\"og:description\" content=\"VER\u00d6FFENTLICHUNGEN UND LOGOS Ver\u00f6ffentlichungen Plaquette 40 ans FSRM (FR) Plaquette sur les activit\u00e9s de la FSRM (FR) Organisation of congresses and conferences (EN) Plaquette FSRM EVENTS (EN) Logos f\u00fcr die Presse Fran\u00e7ais [ ~300 kB ] Deutsch [ ~300 kB ] English [ ~300 kB ] Logos in B\u00fcroqualit\u00e4t Fran\u00e7ais [ 44 kB ] Deutsch [&hellip;]\" \/>\n<meta property=\"og:url\" content=\"https:\/\/fsrm.ch\/site\/de\/veroffentlichungen\/\" \/>\n<meta property=\"og:site_name\" content=\"FSRM\" \/>\n<meta property=\"article:publisher\" content=\"https:\/\/www.facebook.com\/fsrm.ch\" \/>\n<meta property=\"article:modified_time\" content=\"2024-11-28T09:37:03+00:00\" \/>\n<meta property=\"og:image\" content=\"https:\/\/fsrm.ch\/site\/wp-content\/uploads\/2018\/04\/brochures-768x357.jpg\" \/>\n<meta name=\"twitter:card\" content=\"summary_large_image\" \/>\n<script type=\"application\/ld+json\" class=\"yoast-schema-graph\">{\"@context\":\"https:\/\/schema.org\",\"@graph\":[{\"@type\":\"WebPage\",\"@id\":\"https:\/\/fsrm.ch\/site\/de\/veroffentlichungen\/\",\"url\":\"https:\/\/fsrm.ch\/site\/de\/veroffentlichungen\/\",\"name\":\"ver\u00f6ffentlichungen - FSRM\",\"isPartOf\":{\"@id\":\"https:\/\/fsrm.ch\/site\/#website\"},\"primaryImageOfPage\":{\"@id\":\"https:\/\/fsrm.ch\/site\/de\/veroffentlichungen\/#primaryimage\"},\"image\":{\"@id\":\"https:\/\/fsrm.ch\/site\/de\/veroffentlichungen\/#primaryimage\"},\"thumbnailUrl\":\"https:\/\/fsrm.ch\/site\/wp-content\/uploads\/2018\/04\/brochures-768x357.jpg\",\"datePublished\":\"2018-07-25T08:08:51+00:00\",\"dateModified\":\"2024-11-28T09:37:03+00:00\",\"breadcrumb\":{\"@id\":\"https:\/\/fsrm.ch\/site\/de\/veroffentlichungen\/#breadcrumb\"},\"inLanguage\":\"en-US\",\"potentialAction\":[{\"@type\":\"ReadAction\",\"target\":[\"https:\/\/fsrm.ch\/site\/de\/veroffentlichungen\/\"]}]},{\"@type\":\"ImageObject\",\"inLanguage\":\"en-US\",\"@id\":\"https:\/\/fsrm.ch\/site\/de\/veroffentlichungen\/#primaryimage\",\"url\":\"https:\/\/fsrm.ch\/site\/wp-content\/uploads\/2018\/04\/brochures.jpg\",\"contentUrl\":\"https:\/\/fsrm.ch\/site\/wp-content\/uploads\/2018\/04\/brochures.jpg\",\"width\":1441,\"height\":669},{\"@type\":\"BreadcrumbList\",\"@id\":\"https:\/\/fsrm.ch\/site\/de\/veroffentlichungen\/#breadcrumb\",\"itemListElement\":[{\"@type\":\"ListItem\",\"position\":1,\"name\":\"Home\",\"item\":\"https:\/\/fsrm.ch\/site\/\"},{\"@type\":\"ListItem\",\"position\":2,\"name\":\"ver\u00f6ffentlichungen\"}]},{\"@type\":\"WebSite\",\"@id\":\"https:\/\/fsrm.ch\/site\/#website\",\"url\":\"https:\/\/fsrm.ch\/site\/\",\"name\":\"FSRM\",\"description\":\"Formation continue, cours de perfectionnement professionnel et organisation d&#039;\u00e9v\u00e9nements.\",\"publisher\":{\"@id\":\"https:\/\/fsrm.ch\/site\/#organization\"},\"potentialAction\":[{\"@type\":\"SearchAction\",\"target\":{\"@type\":\"EntryPoint\",\"urlTemplate\":\"https:\/\/fsrm.ch\/site\/?s={search_term_string}\"},\"query-input\":{\"@type\":\"PropertyValueSpecification\",\"valueRequired\":true,\"valueName\":\"search_term_string\"}}],\"inLanguage\":\"en-US\"},{\"@type\":\"Organization\",\"@id\":\"https:\/\/fsrm.ch\/site\/#organization\",\"name\":\"FSRM\",\"url\":\"https:\/\/fsrm.ch\/site\/\",\"logo\":{\"@type\":\"ImageObject\",\"inLanguage\":\"en-US\",\"@id\":\"https:\/\/fsrm.ch\/site\/#\/schema\/logo\/image\/\",\"url\":\"https:\/\/fsrm.ch\/site\/wp-content\/uploads\/2025\/05\/fsrm-logo.png\",\"contentUrl\":\"https:\/\/fsrm.ch\/site\/wp-content\/uploads\/2025\/05\/fsrm-logo.png\",\"width\":1000,\"height\":539,\"caption\":\"FSRM\"},\"image\":{\"@id\":\"https:\/\/fsrm.ch\/site\/#\/schema\/logo\/image\/\"},\"sameAs\":[\"https:\/\/www.facebook.com\/fsrm.ch\",\"https:\/\/www.linkedin.com\/company\/fsrm-swiss-foundation-for-research-in-microtechnology\",\"https:\/\/www.youtube.com\/user\/fsrmch\"]}]}<\/script>\n<!-- \/ Yoast SEO plugin. -->","yoast_head_json":{"title":"ver\u00f6ffentlichungen - FSRM","robots":{"index":"index","follow":"follow","max-snippet":"max-snippet:-1","max-image-preview":"max-image-preview:large","max-video-preview":"max-video-preview:-1"},"canonical":"https:\/\/fsrm.ch\/site\/de\/veroffentlichungen\/","og_locale":"en_US","og_type":"article","og_title":"ver\u00f6ffentlichungen - FSRM","og_description":"VER\u00d6FFENTLICHUNGEN UND LOGOS Ver\u00f6ffentlichungen Plaquette 40 ans FSRM (FR) Plaquette sur les activit\u00e9s de la FSRM (FR) Organisation of congresses and conferences (EN) Plaquette FSRM EVENTS (EN) Logos f\u00fcr die Presse Fran\u00e7ais [ ~300 kB ] Deutsch [ ~300 kB ] English [ ~300 kB ] Logos in B\u00fcroqualit\u00e4t Fran\u00e7ais [ 44 kB ] Deutsch [&hellip;]","og_url":"https:\/\/fsrm.ch\/site\/de\/veroffentlichungen\/","og_site_name":"FSRM","article_publisher":"https:\/\/www.facebook.com\/fsrm.ch","article_modified_time":"2024-11-28T09:37:03+00:00","og_image":[{"url":"https:\/\/fsrm.ch\/site\/wp-content\/uploads\/2018\/04\/brochures-768x357.jpg","type":"","width":"","height":""}],"twitter_card":"summary_large_image","schema":{"@context":"https:\/\/schema.org","@graph":[{"@type":"WebPage","@id":"https:\/\/fsrm.ch\/site\/de\/veroffentlichungen\/","url":"https:\/\/fsrm.ch\/site\/de\/veroffentlichungen\/","name":"ver\u00f6ffentlichungen - FSRM","isPartOf":{"@id":"https:\/\/fsrm.ch\/site\/#website"},"primaryImageOfPage":{"@id":"https:\/\/fsrm.ch\/site\/de\/veroffentlichungen\/#primaryimage"},"image":{"@id":"https:\/\/fsrm.ch\/site\/de\/veroffentlichungen\/#primaryimage"},"thumbnailUrl":"https:\/\/fsrm.ch\/site\/wp-content\/uploads\/2018\/04\/brochures-768x357.jpg","datePublished":"2018-07-25T08:08:51+00:00","dateModified":"2024-11-28T09:37:03+00:00","breadcrumb":{"@id":"https:\/\/fsrm.ch\/site\/de\/veroffentlichungen\/#breadcrumb"},"inLanguage":"en-US","potentialAction":[{"@type":"ReadAction","target":["https:\/\/fsrm.ch\/site\/de\/veroffentlichungen\/"]}]},{"@type":"ImageObject","inLanguage":"en-US","@id":"https:\/\/fsrm.ch\/site\/de\/veroffentlichungen\/#primaryimage","url":"https:\/\/fsrm.ch\/site\/wp-content\/uploads\/2018\/04\/brochures.jpg","contentUrl":"https:\/\/fsrm.ch\/site\/wp-content\/uploads\/2018\/04\/brochures.jpg","width":1441,"height":669},{"@type":"BreadcrumbList","@id":"https:\/\/fsrm.ch\/site\/de\/veroffentlichungen\/#breadcrumb","itemListElement":[{"@type":"ListItem","position":1,"name":"Home","item":"https:\/\/fsrm.ch\/site\/"},{"@type":"ListItem","position":2,"name":"ver\u00f6ffentlichungen"}]},{"@type":"WebSite","@id":"https:\/\/fsrm.ch\/site\/#website","url":"https:\/\/fsrm.ch\/site\/","name":"FSRM","description":"Formation continue, cours de perfectionnement professionnel et organisation d&#039;\u00e9v\u00e9nements.","publisher":{"@id":"https:\/\/fsrm.ch\/site\/#organization"},"potentialAction":[{"@type":"SearchAction","target":{"@type":"EntryPoint","urlTemplate":"https:\/\/fsrm.ch\/site\/?s={search_term_string}"},"query-input":{"@type":"PropertyValueSpecification","valueRequired":true,"valueName":"search_term_string"}}],"inLanguage":"en-US"},{"@type":"Organization","@id":"https:\/\/fsrm.ch\/site\/#organization","name":"FSRM","url":"https:\/\/fsrm.ch\/site\/","logo":{"@type":"ImageObject","inLanguage":"en-US","@id":"https:\/\/fsrm.ch\/site\/#\/schema\/logo\/image\/","url":"https:\/\/fsrm.ch\/site\/wp-content\/uploads\/2025\/05\/fsrm-logo.png","contentUrl":"https:\/\/fsrm.ch\/site\/wp-content\/uploads\/2025\/05\/fsrm-logo.png","width":1000,"height":539,"caption":"FSRM"},"image":{"@id":"https:\/\/fsrm.ch\/site\/#\/schema\/logo\/image\/"},"sameAs":["https:\/\/www.facebook.com\/fsrm.ch","https:\/\/www.linkedin.com\/company\/fsrm-swiss-foundation-for-research-in-microtechnology","https:\/\/www.youtube.com\/user\/fsrmch"]}]}},"_links":{"self":[{"href":"https:\/\/fsrm.ch\/site\/wp-json\/wp\/v2\/pages\/1869","targetHints":{"allow":["GET"]}}],"collection":[{"href":"https:\/\/fsrm.ch\/site\/wp-json\/wp\/v2\/pages"}],"about":[{"href":"https:\/\/fsrm.ch\/site\/wp-json\/wp\/v2\/types\/page"}],"author":[{"embeddable":true,"href":"https:\/\/fsrm.ch\/site\/wp-json\/wp\/v2\/users\/6"}],"replies":[{"embeddable":true,"href":"https:\/\/fsrm.ch\/site\/wp-json\/wp\/v2\/comments?post=1869"}],"version-history":[{"count":32,"href":"https:\/\/fsrm.ch\/site\/wp-json\/wp\/v2\/pages\/1869\/revisions"}],"predecessor-version":[{"id":7121,"href":"https:\/\/fsrm.ch\/site\/wp-json\/wp\/v2\/pages\/1869\/revisions\/7121"}],"wp:attachment":[{"href":"https:\/\/fsrm.ch\/site\/wp-json\/wp\/v2\/media?parent=1869"}],"curies":[{"name":"wp","href":"https:\/\/api.w.org\/{rel}","templated":true}]}}