{"id":242,"date":"2018-04-18T08:44:35","date_gmt":"2018-04-18T08:44:35","guid":{"rendered":"http:\/\/fsrm.ch\/site\/?page_id=242"},"modified":"2025-06-12T12:06:08","modified_gmt":"2025-06-12T12:06:08","slug":"dissemination-2","status":"publish","type":"page","link":"https:\/\/fsrm.ch\/site\/dissemination-2\/","title":{"rendered":"diss\u00e9mination"},"content":{"rendered":"\t\t<div data-elementor-type=\"wp-post\" data-elementor-id=\"242\" class=\"elementor elementor-242\" data-elementor-post-type=\"page\">\n\t\t\t\t\t\t<section class=\"elementor-section elementor-top-section elementor-element elementor-element-3bf51109 elementor-section-stretched elementor-section-full_width elementor-section-content-middle elementor-section-height-default elementor-section-height-default\" data-id=\"3bf51109\" data-element_type=\"section\" data-settings=\"{&quot;stretch_section&quot;:&quot;section-stretched&quot;}\">\n\t\t\t\t\t\t<div class=\"elementor-container elementor-column-gap-default\">\n\t\t\t\t\t<div class=\"elementor-column elementor-col-100 elementor-top-column elementor-element elementor-element-7464e61b\" data-id=\"7464e61b\" data-element_type=\"column\" data-settings=\"{&quot;background_background&quot;:&quot;classic&quot;}\">\n\t\t\t<div class=\"elementor-widget-wrap elementor-element-populated\">\n\t\t\t\t\t\t<div class=\"elementor-element elementor-element-5c1d5941 elementor-widget elementor-widget-image\" data-id=\"5c1d5941\" data-element_type=\"widget\" data-widget_type=\"image.default\">\n\t\t\t\t<div class=\"elementor-widget-container\">\n\t\t\t\t\t\t\t\t\t\t\t\t\t\t\t<img fetchpriority=\"high\" decoding=\"async\" width=\"768\" height=\"357\" src=\"https:\/\/fsrm.ch\/site\/wp-content\/uploads\/2018\/04\/porte_voix-1-768x357.jpg\" class=\"attachment-medium_large size-medium_large wp-image-1361\" alt=\"Diss\u00e9mination pour projets de recherche\" srcset=\"https:\/\/fsrm.ch\/site\/wp-content\/uploads\/2018\/04\/porte_voix-1-768x357.jpg 768w, https:\/\/fsrm.ch\/site\/wp-content\/uploads\/2018\/04\/porte_voix-1-300x139.jpg 300w, https:\/\/fsrm.ch\/site\/wp-content\/uploads\/2018\/04\/porte_voix-1-1024x475.jpg 1024w, https:\/\/fsrm.ch\/site\/wp-content\/uploads\/2018\/04\/porte_voix-1.jpg 1441w\" sizes=\"(max-width: 768px) 100vw, 768px\" \/>\t\t\t\t\t\t\t\t\t\t\t\t\t\t\t<\/div>\n\t\t\t\t<\/div>\n\t\t\t\t\t<\/div>\n\t\t<\/div>\n\t\t\t\t\t<\/div>\n\t\t<\/section>\n\t\t\t\t<section class=\"elementor-section elementor-top-section elementor-element elementor-element-398518c7 elementor-section-stretched elementor-section-content-middle elementor-section-boxed elementor-section-height-default elementor-section-height-default\" data-id=\"398518c7\" data-element_type=\"section\" data-settings=\"{&quot;stretch_section&quot;:&quot;section-stretched&quot;}\">\n\t\t\t\t\t\t<div class=\"elementor-container elementor-column-gap-default\">\n\t\t\t\t\t<div class=\"elementor-column elementor-col-100 elementor-top-column elementor-element elementor-element-4a38fde8\" data-id=\"4a38fde8\" data-element_type=\"column\">\n\t\t\t<div class=\"elementor-widget-wrap elementor-element-populated\">\n\t\t\t\t\t\t<div class=\"elementor-element elementor-element-1f02a784 elementor-widget elementor-widget-heading\" data-id=\"1f02a784\" data-element_type=\"widget\" data-widget_type=\"heading.default\">\n\t\t\t\t<div class=\"elementor-widget-container\">\n\t\t\t\t\t<h1 class=\"elementor-heading-title elementor-size-default\">Diss\u00e9mination, communication et valorisation des r\u00e9sultats dans des projets europ\u00e9ens de recherche<\/h1>\t\t\t\t<\/div>\n\t\t\t\t<\/div>\n\t\t\t\t<div class=\"elementor-element elementor-element-27760a0 elementor-widget__width-initial elementor-widget elementor-widget-text-editor\" data-id=\"27760a0\" data-element_type=\"widget\" data-widget_type=\"text-editor.default\">\n\t\t\t\t<div class=\"elementor-widget-container\">\n\t\t\t\t\t\t\t\t\t<p>L\u2019un des changements les plus significatifs dans la nouvelle p\u00e9riode de programmation d\u2019Horizon Europe est que les plans de diss\u00e9mination et d\u2019exploitation sont d\u00e9sormais exig\u00e9s d\u00e8s la phase de proposition.<\/p>\n<p data-start=\"261\" data-end=\"404\">Les d\u00e9clarations d\u2019impact ne peuvent plus \u00eatre g\u00e9n\u00e9rales et th\u00e9oriques. Elles doivent d\u00e9montrer un impact r\u00e9el, bas\u00e9 sur des donn\u00e9es concr\u00e8tes.<\/p>\n<p data-start=\"406\" data-end=\"507\">R\u00e9diger une bonne section &#8220;Impact&#8221; est devenu un \u00e9l\u00e9ment crucial pour le succ\u00e8s de votre proposition.<\/p>\n<p data-start=\"509\" data-end=\"629\">C\u2019est pourquoi de plus en plus de coordinateurs incluent des partenaires sp\u00e9cialis\u00e9s comme la FSRM dans leur consortium.<\/p>\n<p data-start=\"631\" data-end=\"1120\">En tant que partenaire de votre nouveau projet de recherche, la FSRM contribuera \u00e0 son succ\u00e8s en \u00e9laborant le chapitre \u201cImpact\u201d en \u00e9troite collaboration avec votre coordinateur de projet. Une fois le projet accept\u00e9, la FSRM agira en tant que responsable de lot de travail (WP leader) afin de garantir la diss\u00e9mination des r\u00e9sultats, la communication des conclusions du projet aupr\u00e8s des diff\u00e9rents groupes cibles, ainsi que la mise en place de structures pour l\u2019exploitation des r\u00e9sultats.<\/p>\n<p><b><u>Statut de la Suisse dans Horizon Europe :<\/u><\/b><\/p>\n<p data-start=\"116\" data-end=\"467\">Actuellement, la Suisse n\u2019est pas associ\u00e9e \u00e0 Horizon Europe. Cependant, les partenaires suisses sont \u00e9ligibles \u00e0 la plupart des appels. En tant que partenaire r\u00e9gulier de projet, la FSRM aura le statut de \u00ab partenaire associ\u00e9 \u00bb. Ainsi, nos activit\u00e9s seront financ\u00e9es \u00e0 100 % par le gouvernement suisse et ne p\u00e8seront pas sur le budget de votre projet.<\/p>\n<p data-start=\"469\" data-end=\"530\">Veuillez contacter <strong data-start=\"488\" data-end=\"504\"><a rel=\"noopener\" data-start=\"490\" data-end=\"502\">fsrm@fsrm.ch<\/a><\/strong> pour plus d\u2019informations.<\/p>\n<p data-start=\"532\" data-end=\"546\">La FSRM&#8230;<\/p>\n<ul>\n<li data-start=\"550\" data-end=\"633\">est sp\u00e9cialis\u00e9e dans la diss\u00e9mination, la communication et la gestion de projets,<\/li>\n<li data-start=\"550\" data-end=\"633\"><span style=\"font-size: 1rem;\">est un organisme de formation de r\u00e9f\u00e9rence en Europe dans le domaine de la micro\/nanotechnologie avec un programme de plus de 30 th\u00e9matiques,<\/span><\/li>\n<li data-start=\"782\" data-end=\"840\">est une fondation neutre et ind\u00e9pendante de droit priv\u00e9,<\/li>\n<li data-start=\"843\" data-end=\"943\">poss\u00e8de une longue exp\u00e9rience en tant que partenaire dans des projets europ\u00e9ens (voir ci-dessous).<\/li>\n<\/ul>\t\t\t\t\t\t\t\t<\/div>\n\t\t\t\t<\/div>\n\t\t\t\t<div class=\"elementor-element elementor-element-f53e65f elementor-widget elementor-widget-text-editor\" data-id=\"f53e65f\" data-element_type=\"widget\" data-widget_type=\"text-editor.default\">\n\t\t\t\t<div class=\"elementor-widget-container\">\n\t\t\t\t\t\t\t\t\t<p><b>Notre expertise<\/b><\/p>\n<p data-start=\"53\" data-end=\"106\">Dans les projets de recherche financ\u00e9s par l\u2019UE :<\/p>\n<ul>\n<li data-start=\"110\" data-end=\"265\">\u00c9laboration et pilotage de lots de travail dans les domaines de la diss\u00e9mination, de la communication, de l\u2019exploitation des r\u00e9sultats et de la formation<\/li>\n<li data-start=\"268\" data-end=\"405\">Organisation de toutes les actions de communication pr\u00e9vues : sites web, r\u00e9seaux sociaux, vid\u00e9os, flyers, newsletters, articles, stands<\/li>\n<li data-start=\"408\" data-end=\"442\">Gestion administrative du projet<\/li>\n<li data-start=\"445\" data-end=\"518\">\u00c9laboration de strat\u00e9gies de diss\u00e9mination et de plans de communication<\/li>\n<li data-start=\"521\" data-end=\"629\">Mise en place de structures pour les questions de propri\u00e9t\u00e9 intellectuelle et l\u2019exploitation des r\u00e9sultats<\/li>\n<li data-start=\"632\" data-end=\"862\">Organisation de s\u00e9minaires techniques, d\u2019ateliers, de conf\u00e9rences et de formations pour favoriser l\u2019\u00e9change de savoir-faire entre partenaires et le transfert des connaissances et r\u00e9sultats du consortium vers un public plus large<\/li>\n<li data-start=\"865\" data-end=\"954\">Mise en place et gestion de plateformes de communication et de sites web de conf\u00e9rences<\/li>\n<\/ul>\n<p data-start=\"956\" data-end=\"1201\">En outre, la FSRM peut faire b\u00e9n\u00e9ficier le consortium de ses liens \u00e9troits avec les associations professionnelles, plateformes de communication, entreprises, universit\u00e9s et centres de recherche actifs dans le domaine de la micro\/nanotechnologie.<\/p>\t\t\t\t\t\t\t\t<\/div>\n\t\t\t\t<\/div>\n\t\t\t\t<div class=\"elementor-element elementor-element-a102ec4 elementor-widget elementor-widget-text-editor\" data-id=\"a102ec4\" data-element_type=\"widget\" data-widget_type=\"text-editor.default\">\n\t\t\t\t<div class=\"elementor-widget-container\">\n\t\t\t\t\t\t\t\t\t<p><b>Nos projets<\/b><\/p><ul><li><strong data-start=\"53\" data-end=\"66\">ChipScope<\/strong> \u2013 Responsable du lot de travail Communication, Diss\u00e9mination, Exploitation<\/li><li><strong data-start=\"144\" data-end=\"178\">EuroTraining, EuroTraining-MST<\/strong> \u2013 Coordinateur des deux projets<\/li><li><strong data-start=\"213\" data-end=\"266\" data-is-only-node=\"\">IAQSense, Express, Polybright, Nano2Life, Pronano<\/strong> \u2013 Responsable du lot de travail Diss\u00e9mination, Exploitation, Formation<\/li><li><strong data-start=\"340\" data-end=\"351\">ASSEMIC<\/strong> \u2013 Responsable de la formation (Training Manager)<\/li><\/ul>\t\t\t\t\t\t\t\t<\/div>\n\t\t\t\t<\/div>\n\t\t\t\t\t<\/div>\n\t\t<\/div>\n\t\t\t\t\t<\/div>\n\t\t<\/section>\n\t\t\t\t<\/div>\n\t\t","protected":false},"excerpt":{"rendered":"<p>Diss\u00e9mination, communication et valorisation des r\u00e9sultats dans des projets europ\u00e9ens de recherche L\u2019un des changements les plus significatifs dans la nouvelle p\u00e9riode de programmation d\u2019Horizon Europe est que les plans de diss\u00e9mination et d\u2019exploitation sont d\u00e9sormais exig\u00e9s d\u00e8s la phase de proposition. Les d\u00e9clarations d\u2019impact ne peuvent plus \u00eatre g\u00e9n\u00e9rales et th\u00e9oriques. Elles doivent d\u00e9montrer [&hellip;]<\/p>\n","protected":false},"author":3,"featured_media":0,"parent":0,"menu_order":0,"comment_status":"closed","ping_status":"closed","template":"","meta":{"footnotes":""},"class_list":["post-242","page","type-page","status-publish","hentry"],"yoast_head":"<!-- This site is optimized with the Yoast SEO plugin v25.4 - https:\/\/yoast.com\/wordpress\/plugins\/seo\/ -->\n<title>diss\u00e9mination - FSRM<\/title>\n<meta name=\"description\" content=\"Partenaire pour la diss\u00e9mination, la communication et la valorisation dans les projets europ\u00e9ens Horizon Europe, expertise et impact garantis\" \/>\n<meta name=\"robots\" content=\"index, follow, max-snippet:-1, max-image-preview:large, max-video-preview:-1\" \/>\n<link rel=\"canonical\" href=\"https:\/\/fsrm.ch\/site\/dissemination-2\/\" \/>\n<meta property=\"og:locale\" content=\"en_US\" \/>\n<meta property=\"og:type\" content=\"article\" \/>\n<meta property=\"og:title\" content=\"diss\u00e9mination - FSRM\" \/>\n<meta property=\"og:description\" content=\"Partenaire pour la diss\u00e9mination, la communication et la valorisation dans les projets europ\u00e9ens Horizon Europe, expertise et impact garantis\" \/>\n<meta property=\"og:url\" content=\"https:\/\/fsrm.ch\/site\/dissemination-2\/\" \/>\n<meta property=\"og:site_name\" content=\"FSRM\" \/>\n<meta property=\"article:publisher\" content=\"https:\/\/www.facebook.com\/fsrm.ch\" \/>\n<meta property=\"article:modified_time\" content=\"2025-06-12T12:06:08+00:00\" \/>\n<meta property=\"og:image\" content=\"https:\/\/fsrm.ch\/site\/wp-content\/uploads\/2018\/04\/porte_voix-1-768x357.jpg\" \/>\n<meta name=\"twitter:card\" content=\"summary_large_image\" \/>\n<meta name=\"twitter:label1\" content=\"Est. reading time\" \/>\n\t<meta name=\"twitter:data1\" content=\"3 minutes\" \/>\n<script type=\"application\/ld+json\" class=\"yoast-schema-graph\">{\"@context\":\"https:\/\/schema.org\",\"@graph\":[{\"@type\":\"WebPage\",\"@id\":\"https:\/\/fsrm.ch\/site\/dissemination-2\/\",\"url\":\"https:\/\/fsrm.ch\/site\/dissemination-2\/\",\"name\":\"diss\u00e9mination - FSRM\",\"isPartOf\":{\"@id\":\"https:\/\/fsrm.ch\/site\/#website\"},\"primaryImageOfPage\":{\"@id\":\"https:\/\/fsrm.ch\/site\/dissemination-2\/#primaryimage\"},\"image\":{\"@id\":\"https:\/\/fsrm.ch\/site\/dissemination-2\/#primaryimage\"},\"thumbnailUrl\":\"https:\/\/fsrm.ch\/site\/wp-content\/uploads\/2018\/04\/porte_voix-1-768x357.jpg\",\"datePublished\":\"2018-04-18T08:44:35+00:00\",\"dateModified\":\"2025-06-12T12:06:08+00:00\",\"description\":\"Partenaire pour la diss\u00e9mination, la communication et la valorisation dans les projets europ\u00e9ens Horizon Europe, expertise et impact garantis\",\"breadcrumb\":{\"@id\":\"https:\/\/fsrm.ch\/site\/dissemination-2\/#breadcrumb\"},\"inLanguage\":\"en-US\",\"potentialAction\":[{\"@type\":\"ReadAction\",\"target\":[\"https:\/\/fsrm.ch\/site\/dissemination-2\/\"]}]},{\"@type\":\"ImageObject\",\"inLanguage\":\"en-US\",\"@id\":\"https:\/\/fsrm.ch\/site\/dissemination-2\/#primaryimage\",\"url\":\"https:\/\/fsrm.ch\/site\/wp-content\/uploads\/2018\/04\/porte_voix-1.jpg\",\"contentUrl\":\"https:\/\/fsrm.ch\/site\/wp-content\/uploads\/2018\/04\/porte_voix-1.jpg\",\"width\":1441,\"height\":669,\"caption\":\"Diss\u00e9mination\"},{\"@type\":\"BreadcrumbList\",\"@id\":\"https:\/\/fsrm.ch\/site\/dissemination-2\/#breadcrumb\",\"itemListElement\":[{\"@type\":\"ListItem\",\"position\":1,\"name\":\"Home\",\"item\":\"https:\/\/fsrm.ch\/site\/\"},{\"@type\":\"ListItem\",\"position\":2,\"name\":\"diss\u00e9mination\"}]},{\"@type\":\"WebSite\",\"@id\":\"https:\/\/fsrm.ch\/site\/#website\",\"url\":\"https:\/\/fsrm.ch\/site\/\",\"name\":\"FSRM\",\"description\":\"Formation continue, cours de perfectionnement professionnel et organisation d&#039;\u00e9v\u00e9nements.\",\"publisher\":{\"@id\":\"https:\/\/fsrm.ch\/site\/#organization\"},\"potentialAction\":[{\"@type\":\"SearchAction\",\"target\":{\"@type\":\"EntryPoint\",\"urlTemplate\":\"https:\/\/fsrm.ch\/site\/?s={search_term_string}\"},\"query-input\":{\"@type\":\"PropertyValueSpecification\",\"valueRequired\":true,\"valueName\":\"search_term_string\"}}],\"inLanguage\":\"en-US\"},{\"@type\":\"Organization\",\"@id\":\"https:\/\/fsrm.ch\/site\/#organization\",\"name\":\"FSRM\",\"url\":\"https:\/\/fsrm.ch\/site\/\",\"logo\":{\"@type\":\"ImageObject\",\"inLanguage\":\"en-US\",\"@id\":\"https:\/\/fsrm.ch\/site\/#\/schema\/logo\/image\/\",\"url\":\"https:\/\/fsrm.ch\/site\/wp-content\/uploads\/2025\/05\/fsrm-logo.png\",\"contentUrl\":\"https:\/\/fsrm.ch\/site\/wp-content\/uploads\/2025\/05\/fsrm-logo.png\",\"width\":1000,\"height\":539,\"caption\":\"FSRM\"},\"image\":{\"@id\":\"https:\/\/fsrm.ch\/site\/#\/schema\/logo\/image\/\"},\"sameAs\":[\"https:\/\/www.facebook.com\/fsrm.ch\",\"https:\/\/www.linkedin.com\/company\/fsrm-swiss-foundation-for-research-in-microtechnology\",\"https:\/\/www.youtube.com\/user\/fsrmch\"]}]}<\/script>\n<!-- \/ Yoast SEO plugin. -->","yoast_head_json":{"title":"diss\u00e9mination - FSRM","description":"Partenaire pour la diss\u00e9mination, la communication et la valorisation dans les projets europ\u00e9ens Horizon Europe, expertise et impact garantis","robots":{"index":"index","follow":"follow","max-snippet":"max-snippet:-1","max-image-preview":"max-image-preview:large","max-video-preview":"max-video-preview:-1"},"canonical":"https:\/\/fsrm.ch\/site\/dissemination-2\/","og_locale":"en_US","og_type":"article","og_title":"diss\u00e9mination - FSRM","og_description":"Partenaire pour la diss\u00e9mination, la communication et la valorisation dans les projets europ\u00e9ens Horizon Europe, expertise et impact garantis","og_url":"https:\/\/fsrm.ch\/site\/dissemination-2\/","og_site_name":"FSRM","article_publisher":"https:\/\/www.facebook.com\/fsrm.ch","article_modified_time":"2025-06-12T12:06:08+00:00","og_image":[{"url":"https:\/\/fsrm.ch\/site\/wp-content\/uploads\/2018\/04\/porte_voix-1-768x357.jpg","type":"","width":"","height":""}],"twitter_card":"summary_large_image","twitter_misc":{"Est. reading time":"3 minutes"},"schema":{"@context":"https:\/\/schema.org","@graph":[{"@type":"WebPage","@id":"https:\/\/fsrm.ch\/site\/dissemination-2\/","url":"https:\/\/fsrm.ch\/site\/dissemination-2\/","name":"diss\u00e9mination - FSRM","isPartOf":{"@id":"https:\/\/fsrm.ch\/site\/#website"},"primaryImageOfPage":{"@id":"https:\/\/fsrm.ch\/site\/dissemination-2\/#primaryimage"},"image":{"@id":"https:\/\/fsrm.ch\/site\/dissemination-2\/#primaryimage"},"thumbnailUrl":"https:\/\/fsrm.ch\/site\/wp-content\/uploads\/2018\/04\/porte_voix-1-768x357.jpg","datePublished":"2018-04-18T08:44:35+00:00","dateModified":"2025-06-12T12:06:08+00:00","description":"Partenaire pour la diss\u00e9mination, la communication et la valorisation dans les projets europ\u00e9ens Horizon Europe, expertise et impact garantis","breadcrumb":{"@id":"https:\/\/fsrm.ch\/site\/dissemination-2\/#breadcrumb"},"inLanguage":"en-US","potentialAction":[{"@type":"ReadAction","target":["https:\/\/fsrm.ch\/site\/dissemination-2\/"]}]},{"@type":"ImageObject","inLanguage":"en-US","@id":"https:\/\/fsrm.ch\/site\/dissemination-2\/#primaryimage","url":"https:\/\/fsrm.ch\/site\/wp-content\/uploads\/2018\/04\/porte_voix-1.jpg","contentUrl":"https:\/\/fsrm.ch\/site\/wp-content\/uploads\/2018\/04\/porte_voix-1.jpg","width":1441,"height":669,"caption":"Diss\u00e9mination"},{"@type":"BreadcrumbList","@id":"https:\/\/fsrm.ch\/site\/dissemination-2\/#breadcrumb","itemListElement":[{"@type":"ListItem","position":1,"name":"Home","item":"https:\/\/fsrm.ch\/site\/"},{"@type":"ListItem","position":2,"name":"diss\u00e9mination"}]},{"@type":"WebSite","@id":"https:\/\/fsrm.ch\/site\/#website","url":"https:\/\/fsrm.ch\/site\/","name":"FSRM","description":"Formation continue, cours de perfectionnement professionnel et organisation d&#039;\u00e9v\u00e9nements.","publisher":{"@id":"https:\/\/fsrm.ch\/site\/#organization"},"potentialAction":[{"@type":"SearchAction","target":{"@type":"EntryPoint","urlTemplate":"https:\/\/fsrm.ch\/site\/?s={search_term_string}"},"query-input":{"@type":"PropertyValueSpecification","valueRequired":true,"valueName":"search_term_string"}}],"inLanguage":"en-US"},{"@type":"Organization","@id":"https:\/\/fsrm.ch\/site\/#organization","name":"FSRM","url":"https:\/\/fsrm.ch\/site\/","logo":{"@type":"ImageObject","inLanguage":"en-US","@id":"https:\/\/fsrm.ch\/site\/#\/schema\/logo\/image\/","url":"https:\/\/fsrm.ch\/site\/wp-content\/uploads\/2025\/05\/fsrm-logo.png","contentUrl":"https:\/\/fsrm.ch\/site\/wp-content\/uploads\/2025\/05\/fsrm-logo.png","width":1000,"height":539,"caption":"FSRM"},"image":{"@id":"https:\/\/fsrm.ch\/site\/#\/schema\/logo\/image\/"},"sameAs":["https:\/\/www.facebook.com\/fsrm.ch","https:\/\/www.linkedin.com\/company\/fsrm-swiss-foundation-for-research-in-microtechnology","https:\/\/www.youtube.com\/user\/fsrmch"]}]}},"_links":{"self":[{"href":"https:\/\/fsrm.ch\/site\/wp-json\/wp\/v2\/pages\/242","targetHints":{"allow":["GET"]}}],"collection":[{"href":"https:\/\/fsrm.ch\/site\/wp-json\/wp\/v2\/pages"}],"about":[{"href":"https:\/\/fsrm.ch\/site\/wp-json\/wp\/v2\/types\/page"}],"author":[{"embeddable":true,"href":"https:\/\/fsrm.ch\/site\/wp-json\/wp\/v2\/users\/3"}],"replies":[{"embeddable":true,"href":"https:\/\/fsrm.ch\/site\/wp-json\/wp\/v2\/comments?post=242"}],"version-history":[{"count":121,"href":"https:\/\/fsrm.ch\/site\/wp-json\/wp\/v2\/pages\/242\/revisions"}],"predecessor-version":[{"id":8292,"href":"https:\/\/fsrm.ch\/site\/wp-json\/wp\/v2\/pages\/242\/revisions\/8292"}],"wp:attachment":[{"href":"https:\/\/fsrm.ch\/site\/wp-json\/wp\/v2\/media?parent=242"}],"curies":[{"name":"wp","href":"https:\/\/api.w.org\/{rel}","templated":true}]}}