{"id":247,"date":"2018-04-18T08:47:55","date_gmt":"2018-04-18T08:47:55","guid":{"rendered":"http:\/\/fsrm.ch\/site\/?page_id=247"},"modified":"2025-06-12T12:50:01","modified_gmt":"2025-06-12T12:50:01","slug":"organisation-evenements","status":"publish","type":"page","link":"https:\/\/fsrm.ch\/site\/organisation-evenements\/","title":{"rendered":"organisation d&#8217;\u00e9v\u00e9nements"},"content":{"rendered":"\t\t<div data-elementor-type=\"wp-post\" data-elementor-id=\"247\" class=\"elementor elementor-247\" data-elementor-post-type=\"page\">\n\t\t\t\t\t\t<section class=\"elementor-section elementor-top-section elementor-element elementor-element-5ab19824 elementor-section-stretched elementor-section-full_width elementor-section-content-middle elementor-section-height-default elementor-section-height-default\" data-id=\"5ab19824\" data-element_type=\"section\" data-settings=\"{&quot;stretch_section&quot;:&quot;section-stretched&quot;}\">\n\t\t\t\t\t\t<div class=\"elementor-container elementor-column-gap-default\">\n\t\t\t\t\t<div class=\"elementor-column elementor-col-100 elementor-top-column elementor-element elementor-element-384f93c3\" data-id=\"384f93c3\" data-element_type=\"column\" data-settings=\"{&quot;background_background&quot;:&quot;classic&quot;}\">\n\t\t\t<div class=\"elementor-widget-wrap elementor-element-populated\">\n\t\t\t\t\t\t<div class=\"elementor-element elementor-element-256427a1 elementor-widget elementor-widget-image\" data-id=\"256427a1\" data-element_type=\"widget\" data-widget_type=\"image.default\">\n\t\t\t\t<div class=\"elementor-widget-container\">\n\t\t\t\t\t\t\t\t\t\t\t\t\t\t\t<img fetchpriority=\"high\" decoding=\"async\" width=\"768\" height=\"432\" src=\"https:\/\/fsrm.ch\/site\/wp-content\/uploads\/2018\/11\/D4_EPFL_JI_2016-05-18_tedbyrne_032-1-768x432.jpg\" class=\"attachment-medium_large size-medium_large wp-image-2314\" alt=\"\" srcset=\"https:\/\/fsrm.ch\/site\/wp-content\/uploads\/2018\/11\/D4_EPFL_JI_2016-05-18_tedbyrne_032-1-768x432.jpg 768w, https:\/\/fsrm.ch\/site\/wp-content\/uploads\/2018\/11\/D4_EPFL_JI_2016-05-18_tedbyrne_032-1-300x169.jpg 300w, https:\/\/fsrm.ch\/site\/wp-content\/uploads\/2018\/11\/D4_EPFL_JI_2016-05-18_tedbyrne_032-1-1024x576.jpg 1024w, https:\/\/fsrm.ch\/site\/wp-content\/uploads\/2018\/11\/D4_EPFL_JI_2016-05-18_tedbyrne_032-1.jpg 2000w\" sizes=\"(max-width: 768px) 100vw, 768px\" \/>\t\t\t\t\t\t\t\t\t\t\t\t\t\t\t<\/div>\n\t\t\t\t<\/div>\n\t\t\t\t\t<\/div>\n\t\t<\/div>\n\t\t\t\t\t<\/div>\n\t\t<\/section>\n\t\t\t\t<section class=\"elementor-section elementor-top-section elementor-element elementor-element-3a8c50d1 elementor-section-stretched elementor-section-content-middle elementor-section-boxed elementor-section-height-default elementor-section-height-default\" data-id=\"3a8c50d1\" data-element_type=\"section\" data-settings=\"{&quot;stretch_section&quot;:&quot;section-stretched&quot;}\">\n\t\t\t\t\t\t<div class=\"elementor-container elementor-column-gap-default\">\n\t\t\t\t\t<div class=\"elementor-column elementor-col-100 elementor-top-column elementor-element elementor-element-1ab5df31\" data-id=\"1ab5df31\" data-element_type=\"column\">\n\t\t\t<div class=\"elementor-widget-wrap elementor-element-populated\">\n\t\t\t\t\t\t<div class=\"elementor-element elementor-element-452a7511 elementor-widget elementor-widget-heading\" data-id=\"452a7511\" data-element_type=\"widget\" data-widget_type=\"heading.default\">\n\t\t\t\t<div class=\"elementor-widget-container\">\n\t\t\t\t\t<h1 class=\"elementor-heading-title elementor-size-default\">Organiser votre \u00e9v\u00e9nement avec la FSRM<\/h1>\t\t\t\t<\/div>\n\t\t\t\t<\/div>\n\t\t\t\t<div class=\"elementor-element elementor-element-dfe4ab elementor-widget elementor-widget-text-editor\" data-id=\"dfe4ab\" data-element_type=\"widget\" data-widget_type=\"text-editor.default\">\n\t\t\t\t<div class=\"elementor-widget-container\">\n\t\t\t\t\t\t\t\t\t<p>Avez-vous un s\u00e9minaire ou une conf\u00e9rence en vue ?<\/p><p>Faites appel \u00e0 notre \u00e9quipe !<\/p><p>Vous connaissez probablement la FSRM pour ses cours de formation continue &#8230; mais ce que vous ignorez peut-\u00eatre c&#8217;est que nous b\u00e9n\u00e9ficions aussi d&#8217;une grande exp\u00e9rience dans le domaine de l&#8217;organisation de congr\u00e8s et de s\u00e9minaires, souvent en partenariat avec d&#8217;autres instances.<\/p><p>L&#8217;\u00e9quipe sp\u00e9cialis\u00e9e de la FSRM poss\u00e8de les outils de gestion pour l&#8217;organisation d&#8217;\u00e9v\u00e9nements sur mesure, tels que congr\u00e8s scientifiques, conf\u00e9rences et s\u00e9minaires. Que vous ayez \u00e0 organiser un workshop d&#8217;un jour pour 30 personnes ou une conf\u00e9rence internationale d&#8217;une semaine pour 1000 participants, notre \u00e9quipe qualifi\u00e9e peut s&#8217;occuper de tous les d\u00e9tails logistiques afin que, de votre c\u00f4t\u00e9, vous puissiez vous focaliser pleinement sur le contenu acad\u00e9mique et au r\u00e9seautage de l&#8217;\u00e9v\u00e9nement.<\/p>\t\t\t\t\t\t\t\t<\/div>\n\t\t\t\t<\/div>\n\t\t\t\t<div class=\"elementor-element elementor-element-44f06a35 elementor-widget elementor-widget-heading\" data-id=\"44f06a35\" data-element_type=\"widget\" data-widget_type=\"heading.default\">\n\t\t\t\t<div class=\"elementor-widget-container\">\n\t\t\t\t\t<h2 class=\"elementor-heading-title elementor-size-default\">Exemples de services propos\u00e9s par la FSRM<\/h2>\t\t\t\t<\/div>\n\t\t\t\t<\/div>\n\t\t\t\t<div class=\"elementor-element elementor-element-4ee5ecff elementor-widget elementor-widget-text-editor\" data-id=\"4ee5ecff\" data-element_type=\"widget\" data-widget_type=\"text-editor.default\">\n\t\t\t\t<div class=\"elementor-widget-container\">\n\t\t\t\t\t\t\t\t\t<p>\u2013 Gestion des inscriptions &amp; des paiements en ligne s\u00e9curis\u00e9s.<br \/>\u2013 Site internet professionnel, adapt\u00e9 \u00e0 votre \u00e9v\u00e9nement (CMS disponible en option).<br \/>\u2013 Marketing \u00e9lectronique<br \/>\u2013 Gestion de listes d\u2019envois et de la campagne publicitaire.<br \/>\u2013 Brochure &amp; cr\u00e9ation de l&#8217;identit\u00e9 visuelle<br \/>\u2013 Facturation &amp; comptabilit\u00e9.<br \/>\u2013 Gestion des demandes de visas (lettres d\u2019invitation).<br \/>\u2013 R\u00e9ception\/accueil\/badges\/listes.<br \/>\u2013 Cr\u00e9ation du programme technique\/r\u00e9ception des abstracts.<br \/>\u2013 Programme imprim\u00e9 et digital.<br \/>\u2013 Gestion des proceedings (imprim\u00e9 et digital, y compris IEEE).<br \/>\u2013 Recherche de sponsors.<br \/>\u2013 Gestion de l&#8217;exposition.<br \/>\u2013 Service de t\u00e9l\u00e9phone, d\u2019e-mail et de r\u00e9ception\/accueil multilingue.<\/p>\t\t\t\t\t\t\t\t<\/div>\n\t\t\t\t<\/div>\n\t\t\t\t<div class=\"elementor-element elementor-element-21be8567 elementor-widget elementor-widget-heading\" data-id=\"21be8567\" data-element_type=\"widget\" data-widget_type=\"heading.default\">\n\t\t\t\t<div class=\"elementor-widget-container\">\n\t\t\t\t\t<h2 class=\"elementor-heading-title elementor-size-default\">T\u00e9l\u00e9charger notre brochure \u00abEvents\u00bb<\/h2>\t\t\t\t<\/div>\n\t\t\t\t<\/div>\n\t\t\t\t<section class=\"elementor-section elementor-inner-section elementor-element elementor-element-13f2a1f elementor-section-full_width elementor-section-height-default elementor-section-height-default\" data-id=\"13f2a1f\" data-element_type=\"section\">\n\t\t\t\t\t\t<div class=\"elementor-container elementor-column-gap-no\">\n\t\t\t\t\t<div class=\"elementor-column elementor-col-25 elementor-inner-column elementor-element elementor-element-0bf4c6a\" data-id=\"0bf4c6a\" data-element_type=\"column\">\n\t\t\t<div class=\"elementor-widget-wrap elementor-element-populated\">\n\t\t\t\t\t\t<div class=\"elementor-element elementor-element-c1e10a0 elementor-widget elementor-widget-image\" data-id=\"c1e10a0\" data-element_type=\"widget\" data-widget_type=\"image.default\">\n\t\t\t\t<div class=\"elementor-widget-container\">\n\t\t\t\t\t\t\t\t\t\t\t\t<figure class=\"wp-caption\">\n\t\t\t\t\t\t\t\t\t\t\t<a href=\"http:\/\/fsrm.ch\/site\/wp-content\/uploads\/2020\/01\/2019_depliant_Congres_2019_F_WEB.pdf\" target=\"_blank\">\n\t\t\t\t\t\t\t<img decoding=\"async\" width=\"148\" height=\"150\" src=\"https:\/\/fsrm.ch\/site\/wp-content\/uploads\/2018\/05\/cover_events_FR_200px-1-148x150.png\" class=\"attachment-thumbnail size-thumbnail wp-image-1139\" alt=\"\" \/>\t\t\t\t\t\t\t\t<\/a>\n\t\t\t\t\t\t\t\t\t\t\t<figcaption class=\"widget-image-caption wp-caption-text\">Version fran\u00e7aise<\/figcaption>\n\t\t\t\t\t\t\t\t\t\t<\/figure>\n\t\t\t\t\t\t\t\t\t<\/div>\n\t\t\t\t<\/div>\n\t\t\t\t\t<\/div>\n\t\t<\/div>\n\t\t\t\t<div class=\"elementor-column elementor-col-25 elementor-inner-column elementor-element elementor-element-fe27267\" data-id=\"fe27267\" data-element_type=\"column\">\n\t\t\t<div class=\"elementor-widget-wrap elementor-element-populated\">\n\t\t\t\t\t\t<div class=\"elementor-element elementor-element-5a6b896 elementor-widget elementor-widget-image\" data-id=\"5a6b896\" data-element_type=\"widget\" data-widget_type=\"image.default\">\n\t\t\t\t<div class=\"elementor-widget-container\">\n\t\t\t\t\t\t\t\t\t\t\t\t<figure class=\"wp-caption\">\n\t\t\t\t\t\t\t\t\t\t\t<a href=\"http:\/\/fsrm.ch\/site\/wp-content\/uploads\/2020\/01\/2019_depliant_Congres_2019_E_WEB.pdf\" target=\"_blank\">\n\t\t\t\t\t\t\t<img decoding=\"async\" width=\"143\" height=\"150\" src=\"https:\/\/fsrm.ch\/site\/wp-content\/uploads\/2018\/05\/cover_events_EN_200px-143x150.png\" class=\"attachment-thumbnail size-thumbnail wp-image-1140\" alt=\"\" \/>\t\t\t\t\t\t\t\t<\/a>\n\t\t\t\t\t\t\t\t\t\t\t<figcaption class=\"widget-image-caption wp-caption-text\">Version anglaise<\/figcaption>\n\t\t\t\t\t\t\t\t\t\t<\/figure>\n\t\t\t\t\t\t\t\t\t<\/div>\n\t\t\t\t<\/div>\n\t\t\t\t\t<\/div>\n\t\t<\/div>\n\t\t\t\t<div class=\"elementor-column elementor-col-25 elementor-inner-column elementor-element elementor-element-b5c41fb\" data-id=\"b5c41fb\" data-element_type=\"column\">\n\t\t\t<div class=\"elementor-widget-wrap\">\n\t\t\t\t\t\t\t<\/div>\n\t\t<\/div>\n\t\t\t\t<div class=\"elementor-column elementor-col-25 elementor-inner-column elementor-element elementor-element-1eafc99\" data-id=\"1eafc99\" data-element_type=\"column\">\n\t\t\t<div class=\"elementor-widget-wrap\">\n\t\t\t\t\t\t\t<\/div>\n\t\t<\/div>\n\t\t\t\t\t<\/div>\n\t\t<\/section>\n\t\t\t\t\t<\/div>\n\t\t<\/div>\n\t\t\t\t\t<\/div>\n\t\t<\/section>\n\t\t\t\t<section class=\"elementor-section elementor-top-section elementor-element elementor-element-41a0e12 elementor-section-stretched elementor-section-content-middle elementor-section-boxed elementor-section-height-default elementor-section-height-default\" data-id=\"41a0e12\" data-element_type=\"section\" data-settings=\"{&quot;stretch_section&quot;:&quot;section-stretched&quot;,&quot;background_background&quot;:&quot;classic&quot;}\">\n\t\t\t\t\t\t<div class=\"elementor-container elementor-column-gap-default\">\n\t\t\t\t\t<div class=\"elementor-column elementor-col-25 elementor-top-column elementor-element elementor-element-ad61b1b\" data-id=\"ad61b1b\" data-element_type=\"column\">\n\t\t\t<div class=\"elementor-widget-wrap elementor-element-populated\">\n\t\t\t\t\t\t<div class=\"elementor-element elementor-element-3b68216 elementor-widget elementor-widget-heading\" data-id=\"3b68216\" data-element_type=\"widget\" data-widget_type=\"heading.default\">\n\t\t\t\t<div class=\"elementor-widget-container\">\n\t\t\t\t\t<h2 class=\"elementor-heading-title elementor-size-default\">Contact<\/h2>\t\t\t\t<\/div>\n\t\t\t\t<\/div>\n\t\t\t\t<div class=\"elementor-element elementor-element-e0589bf elementor-widget elementor-widget-image\" data-id=\"e0589bf\" data-element_type=\"widget\" data-widget_type=\"image.default\">\n\t\t\t\t<div class=\"elementor-widget-container\">\n\t\t\t\t\t\t\t\t\t\t\t\t\t\t\t<img loading=\"lazy\" decoding=\"async\" width=\"150\" height=\"150\" src=\"https:\/\/fsrm.ch\/site\/wp-content\/uploads\/2018\/05\/portrait_tb-150x150.jpg\" class=\"attachment-thumbnail size-thumbnail wp-image-1137\" alt=\"\" srcset=\"https:\/\/fsrm.ch\/site\/wp-content\/uploads\/2018\/05\/portrait_tb-150x150.jpg 150w, https:\/\/fsrm.ch\/site\/wp-content\/uploads\/2018\/05\/portrait_tb.jpg 230w\" sizes=\"(max-width: 150px) 100vw, 150px\" \/>\t\t\t\t\t\t\t\t\t\t\t\t\t\t\t<\/div>\n\t\t\t\t<\/div>\n\t\t\t\t<div class=\"elementor-element elementor-element-6398e8c elementor-widget elementor-widget-text-editor\" data-id=\"6398e8c\" data-element_type=\"widget\" data-widget_type=\"text-editor.default\">\n\t\t\t\t<div class=\"elementor-widget-container\">\n\t\t\t\t\t\t\t\t\t<p>Edward Byrne<br \/>Directeur adjoint<\/p><p>+41 32 720 09 08<br \/><a href=\"mailto:byrne@fsrm.ch\"><span style=\"color: #ffffff;\">byrne [@] fsrm.ch<\/span> <\/a><\/p>\t\t\t\t\t\t\t\t<\/div>\n\t\t\t\t<\/div>\n\t\t\t\t\t<\/div>\n\t\t<\/div>\n\t\t\t\t<div class=\"elementor-column elementor-col-25 elementor-top-column elementor-element elementor-element-f0407b4\" data-id=\"f0407b4\" data-element_type=\"column\">\n\t\t\t<div class=\"elementor-widget-wrap\">\n\t\t\t\t\t\t\t<\/div>\n\t\t<\/div>\n\t\t\t\t<div class=\"elementor-column elementor-col-25 elementor-top-column elementor-element elementor-element-70d871e\" data-id=\"70d871e\" data-element_type=\"column\">\n\t\t\t<div class=\"elementor-widget-wrap\">\n\t\t\t\t\t\t\t<\/div>\n\t\t<\/div>\n\t\t\t\t<div class=\"elementor-column elementor-col-25 elementor-top-column elementor-element elementor-element-3197a66\" data-id=\"3197a66\" data-element_type=\"column\">\n\t\t\t<div class=\"elementor-widget-wrap\">\n\t\t\t\t\t\t\t<\/div>\n\t\t<\/div>\n\t\t\t\t\t<\/div>\n\t\t<\/section>\n\t\t\t\t<\/div>\n\t\t","protected":false},"excerpt":{"rendered":"<p>Organiser votre \u00e9v\u00e9nement avec la FSRM Avez-vous un s\u00e9minaire ou une conf\u00e9rence en vue ? Faites appel \u00e0 notre \u00e9quipe ! Vous connaissez probablement la FSRM pour ses cours de formation continue &#8230; mais ce que vous ignorez peut-\u00eatre c&#8217;est que nous b\u00e9n\u00e9ficions aussi d&#8217;une grande exp\u00e9rience dans le domaine de l&#8217;organisation de congr\u00e8s et [&hellip;]<\/p>\n","protected":false},"author":3,"featured_media":0,"parent":0,"menu_order":0,"comment_status":"closed","ping_status":"closed","template":"","meta":{"footnotes":""},"class_list":["post-247","page","type-page","status-publish","hentry"],"yoast_head":"<!-- This site is optimized with the Yoast SEO plugin v25.4 - https:\/\/yoast.com\/wordpress\/plugins\/seo\/ -->\n<title>organisation d&#039;\u00e9v\u00e9nements - FSRM<\/title>\n<meta name=\"robots\" content=\"index, follow, max-snippet:-1, max-image-preview:large, max-video-preview:-1\" \/>\n<link rel=\"canonical\" href=\"https:\/\/fsrm.ch\/site\/organisation-evenements\/\" \/>\n<meta property=\"og:locale\" content=\"en_US\" \/>\n<meta property=\"og:type\" content=\"article\" \/>\n<meta property=\"og:title\" content=\"organisation d&#039;\u00e9v\u00e9nements - FSRM\" \/>\n<meta property=\"og:description\" content=\"Organiser votre \u00e9v\u00e9nement avec la FSRM Avez-vous un s\u00e9minaire ou une conf\u00e9rence en vue ? Faites appel \u00e0 notre \u00e9quipe ! Vous connaissez probablement la FSRM pour ses cours de formation continue &#8230; mais ce que vous ignorez peut-\u00eatre c&#8217;est que nous b\u00e9n\u00e9ficions aussi d&#8217;une grande exp\u00e9rience dans le domaine de l&#8217;organisation de congr\u00e8s et [&hellip;]\" \/>\n<meta property=\"og:url\" content=\"https:\/\/fsrm.ch\/site\/organisation-evenements\/\" \/>\n<meta property=\"og:site_name\" content=\"FSRM\" \/>\n<meta property=\"article:publisher\" content=\"https:\/\/www.facebook.com\/fsrm.ch\" \/>\n<meta property=\"article:modified_time\" content=\"2025-06-12T12:50:01+00:00\" \/>\n<meta property=\"og:image\" content=\"https:\/\/fsrm.ch\/site\/wp-content\/uploads\/2018\/11\/D4_EPFL_JI_2016-05-18_tedbyrne_032-1-768x432.jpg\" \/>\n<meta name=\"twitter:card\" content=\"summary_large_image\" \/>\n<meta name=\"twitter:label1\" content=\"Est. reading time\" \/>\n\t<meta name=\"twitter:data1\" content=\"2 minutes\" \/>\n<script type=\"application\/ld+json\" class=\"yoast-schema-graph\">{\"@context\":\"https:\/\/schema.org\",\"@graph\":[{\"@type\":\"WebPage\",\"@id\":\"https:\/\/fsrm.ch\/site\/organisation-evenements\/\",\"url\":\"https:\/\/fsrm.ch\/site\/organisation-evenements\/\",\"name\":\"organisation d'\u00e9v\u00e9nements - FSRM\",\"isPartOf\":{\"@id\":\"https:\/\/fsrm.ch\/site\/#website\"},\"primaryImageOfPage\":{\"@id\":\"https:\/\/fsrm.ch\/site\/organisation-evenements\/#primaryimage\"},\"image\":{\"@id\":\"https:\/\/fsrm.ch\/site\/organisation-evenements\/#primaryimage\"},\"thumbnailUrl\":\"https:\/\/fsrm.ch\/site\/wp-content\/uploads\/2018\/11\/D4_EPFL_JI_2016-05-18_tedbyrne_032-1-768x432.jpg\",\"datePublished\":\"2018-04-18T08:47:55+00:00\",\"dateModified\":\"2025-06-12T12:50:01+00:00\",\"breadcrumb\":{\"@id\":\"https:\/\/fsrm.ch\/site\/organisation-evenements\/#breadcrumb\"},\"inLanguage\":\"en-US\",\"potentialAction\":[{\"@type\":\"ReadAction\",\"target\":[\"https:\/\/fsrm.ch\/site\/organisation-evenements\/\"]}]},{\"@type\":\"ImageObject\",\"inLanguage\":\"en-US\",\"@id\":\"https:\/\/fsrm.ch\/site\/organisation-evenements\/#primaryimage\",\"url\":\"https:\/\/fsrm.ch\/site\/wp-content\/uploads\/2018\/11\/D4_EPFL_JI_2016-05-18_tedbyrne_032-1.jpg\",\"contentUrl\":\"https:\/\/fsrm.ch\/site\/wp-content\/uploads\/2018\/11\/D4_EPFL_JI_2016-05-18_tedbyrne_032-1.jpg\",\"width\":2000,\"height\":1125},{\"@type\":\"BreadcrumbList\",\"@id\":\"https:\/\/fsrm.ch\/site\/organisation-evenements\/#breadcrumb\",\"itemListElement\":[{\"@type\":\"ListItem\",\"position\":1,\"name\":\"Home\",\"item\":\"https:\/\/fsrm.ch\/site\/\"},{\"@type\":\"ListItem\",\"position\":2,\"name\":\"organisation d&rsquo;\u00e9v\u00e9nements\"}]},{\"@type\":\"WebSite\",\"@id\":\"https:\/\/fsrm.ch\/site\/#website\",\"url\":\"https:\/\/fsrm.ch\/site\/\",\"name\":\"FSRM\",\"description\":\"Formation continue, cours de perfectionnement professionnel et organisation d&#039;\u00e9v\u00e9nements.\",\"publisher\":{\"@id\":\"https:\/\/fsrm.ch\/site\/#organization\"},\"potentialAction\":[{\"@type\":\"SearchAction\",\"target\":{\"@type\":\"EntryPoint\",\"urlTemplate\":\"https:\/\/fsrm.ch\/site\/?s={search_term_string}\"},\"query-input\":{\"@type\":\"PropertyValueSpecification\",\"valueRequired\":true,\"valueName\":\"search_term_string\"}}],\"inLanguage\":\"en-US\"},{\"@type\":\"Organization\",\"@id\":\"https:\/\/fsrm.ch\/site\/#organization\",\"name\":\"FSRM\",\"url\":\"https:\/\/fsrm.ch\/site\/\",\"logo\":{\"@type\":\"ImageObject\",\"inLanguage\":\"en-US\",\"@id\":\"https:\/\/fsrm.ch\/site\/#\/schema\/logo\/image\/\",\"url\":\"https:\/\/fsrm.ch\/site\/wp-content\/uploads\/2025\/05\/fsrm-logo.png\",\"contentUrl\":\"https:\/\/fsrm.ch\/site\/wp-content\/uploads\/2025\/05\/fsrm-logo.png\",\"width\":1000,\"height\":539,\"caption\":\"FSRM\"},\"image\":{\"@id\":\"https:\/\/fsrm.ch\/site\/#\/schema\/logo\/image\/\"},\"sameAs\":[\"https:\/\/www.facebook.com\/fsrm.ch\",\"https:\/\/www.linkedin.com\/company\/fsrm-swiss-foundation-for-research-in-microtechnology\",\"https:\/\/www.youtube.com\/user\/fsrmch\"]}]}<\/script>\n<!-- \/ Yoast SEO plugin. -->","yoast_head_json":{"title":"organisation d'\u00e9v\u00e9nements - FSRM","robots":{"index":"index","follow":"follow","max-snippet":"max-snippet:-1","max-image-preview":"max-image-preview:large","max-video-preview":"max-video-preview:-1"},"canonical":"https:\/\/fsrm.ch\/site\/organisation-evenements\/","og_locale":"en_US","og_type":"article","og_title":"organisation d'\u00e9v\u00e9nements - FSRM","og_description":"Organiser votre \u00e9v\u00e9nement avec la FSRM Avez-vous un s\u00e9minaire ou une conf\u00e9rence en vue ? Faites appel \u00e0 notre \u00e9quipe ! Vous connaissez probablement la FSRM pour ses cours de formation continue &#8230; mais ce que vous ignorez peut-\u00eatre c&#8217;est que nous b\u00e9n\u00e9ficions aussi d&#8217;une grande exp\u00e9rience dans le domaine de l&#8217;organisation de congr\u00e8s et [&hellip;]","og_url":"https:\/\/fsrm.ch\/site\/organisation-evenements\/","og_site_name":"FSRM","article_publisher":"https:\/\/www.facebook.com\/fsrm.ch","article_modified_time":"2025-06-12T12:50:01+00:00","og_image":[{"url":"https:\/\/fsrm.ch\/site\/wp-content\/uploads\/2018\/11\/D4_EPFL_JI_2016-05-18_tedbyrne_032-1-768x432.jpg","type":"","width":"","height":""}],"twitter_card":"summary_large_image","twitter_misc":{"Est. reading time":"2 minutes"},"schema":{"@context":"https:\/\/schema.org","@graph":[{"@type":"WebPage","@id":"https:\/\/fsrm.ch\/site\/organisation-evenements\/","url":"https:\/\/fsrm.ch\/site\/organisation-evenements\/","name":"organisation d'\u00e9v\u00e9nements - FSRM","isPartOf":{"@id":"https:\/\/fsrm.ch\/site\/#website"},"primaryImageOfPage":{"@id":"https:\/\/fsrm.ch\/site\/organisation-evenements\/#primaryimage"},"image":{"@id":"https:\/\/fsrm.ch\/site\/organisation-evenements\/#primaryimage"},"thumbnailUrl":"https:\/\/fsrm.ch\/site\/wp-content\/uploads\/2018\/11\/D4_EPFL_JI_2016-05-18_tedbyrne_032-1-768x432.jpg","datePublished":"2018-04-18T08:47:55+00:00","dateModified":"2025-06-12T12:50:01+00:00","breadcrumb":{"@id":"https:\/\/fsrm.ch\/site\/organisation-evenements\/#breadcrumb"},"inLanguage":"en-US","potentialAction":[{"@type":"ReadAction","target":["https:\/\/fsrm.ch\/site\/organisation-evenements\/"]}]},{"@type":"ImageObject","inLanguage":"en-US","@id":"https:\/\/fsrm.ch\/site\/organisation-evenements\/#primaryimage","url":"https:\/\/fsrm.ch\/site\/wp-content\/uploads\/2018\/11\/D4_EPFL_JI_2016-05-18_tedbyrne_032-1.jpg","contentUrl":"https:\/\/fsrm.ch\/site\/wp-content\/uploads\/2018\/11\/D4_EPFL_JI_2016-05-18_tedbyrne_032-1.jpg","width":2000,"height":1125},{"@type":"BreadcrumbList","@id":"https:\/\/fsrm.ch\/site\/organisation-evenements\/#breadcrumb","itemListElement":[{"@type":"ListItem","position":1,"name":"Home","item":"https:\/\/fsrm.ch\/site\/"},{"@type":"ListItem","position":2,"name":"organisation d&rsquo;\u00e9v\u00e9nements"}]},{"@type":"WebSite","@id":"https:\/\/fsrm.ch\/site\/#website","url":"https:\/\/fsrm.ch\/site\/","name":"FSRM","description":"Formation continue, cours de perfectionnement professionnel et organisation d&#039;\u00e9v\u00e9nements.","publisher":{"@id":"https:\/\/fsrm.ch\/site\/#organization"},"potentialAction":[{"@type":"SearchAction","target":{"@type":"EntryPoint","urlTemplate":"https:\/\/fsrm.ch\/site\/?s={search_term_string}"},"query-input":{"@type":"PropertyValueSpecification","valueRequired":true,"valueName":"search_term_string"}}],"inLanguage":"en-US"},{"@type":"Organization","@id":"https:\/\/fsrm.ch\/site\/#organization","name":"FSRM","url":"https:\/\/fsrm.ch\/site\/","logo":{"@type":"ImageObject","inLanguage":"en-US","@id":"https:\/\/fsrm.ch\/site\/#\/schema\/logo\/image\/","url":"https:\/\/fsrm.ch\/site\/wp-content\/uploads\/2025\/05\/fsrm-logo.png","contentUrl":"https:\/\/fsrm.ch\/site\/wp-content\/uploads\/2025\/05\/fsrm-logo.png","width":1000,"height":539,"caption":"FSRM"},"image":{"@id":"https:\/\/fsrm.ch\/site\/#\/schema\/logo\/image\/"},"sameAs":["https:\/\/www.facebook.com\/fsrm.ch","https:\/\/www.linkedin.com\/company\/fsrm-swiss-foundation-for-research-in-microtechnology","https:\/\/www.youtube.com\/user\/fsrmch"]}]}},"_links":{"self":[{"href":"https:\/\/fsrm.ch\/site\/wp-json\/wp\/v2\/pages\/247","targetHints":{"allow":["GET"]}}],"collection":[{"href":"https:\/\/fsrm.ch\/site\/wp-json\/wp\/v2\/pages"}],"about":[{"href":"https:\/\/fsrm.ch\/site\/wp-json\/wp\/v2\/types\/page"}],"author":[{"embeddable":true,"href":"https:\/\/fsrm.ch\/site\/wp-json\/wp\/v2\/users\/3"}],"replies":[{"embeddable":true,"href":"https:\/\/fsrm.ch\/site\/wp-json\/wp\/v2\/comments?post=247"}],"version-history":[{"count":58,"href":"https:\/\/fsrm.ch\/site\/wp-json\/wp\/v2\/pages\/247\/revisions"}],"predecessor-version":[{"id":8007,"href":"https:\/\/fsrm.ch\/site\/wp-json\/wp\/v2\/pages\/247\/revisions\/8007"}],"wp:attachment":[{"href":"https:\/\/fsrm.ch\/site\/wp-json\/wp\/v2\/media?parent=247"}],"curies":[{"name":"wp","href":"https:\/\/api.w.org\/{rel}","templated":true}]}}