{"id":259,"date":"2018-04-18T08:55:23","date_gmt":"2018-04-18T08:55:23","guid":{"rendered":"http:\/\/fsrm.ch\/site\/?page_id=259"},"modified":"2024-06-05T07:05:10","modified_gmt":"2024-06-05T07:05:10","slug":"acces","status":"publish","type":"page","link":"https:\/\/fsrm.ch\/site\/acces\/","title":{"rendered":"acc\u00e8s"},"content":{"rendered":"\t\t<div data-elementor-type=\"wp-post\" data-elementor-id=\"259\" class=\"elementor elementor-259\" data-elementor-post-type=\"page\">\n\t\t\t\t\t\t<section class=\"elementor-section elementor-top-section elementor-element elementor-element-348be9f9 elementor-section-stretched elementor-section-full_width elementor-section-content-middle elementor-section-height-default elementor-section-height-default\" data-id=\"348be9f9\" data-element_type=\"section\" data-settings=\"{&quot;stretch_section&quot;:&quot;section-stretched&quot;}\">\n\t\t\t\t\t\t<div class=\"elementor-container elementor-column-gap-default\">\n\t\t\t\t\t<div class=\"elementor-column elementor-col-100 elementor-top-column elementor-element elementor-element-2ef4fce6\" data-id=\"2ef4fce6\" data-element_type=\"column\" data-settings=\"{&quot;background_background&quot;:&quot;classic&quot;}\">\n\t\t\t<div class=\"elementor-widget-wrap elementor-element-populated\">\n\t\t\t\t\t\t<div class=\"elementor-element elementor-element-543fef0 elementor-widget elementor-widget-shortcode\" data-id=\"543fef0\" data-element_type=\"widget\" data-widget_type=\"shortcode.default\">\n\t\t\t\t<div class=\"elementor-widget-container\">\n\t\t\t\t\t\t\t<div class=\"elementor-shortcode\"><div id=\"wpgmza_map\" class=\"wpgmza_map\" data-settings='{\"id\":\"1\",\"map_title\":\"FSRM\",\"map_width\":\"100\",\"map_height\":\"400\",\"map_start_lat\":\"46.993402\",\"map_start_lng\":\"6.937807\",\"map_start_location\":\"46.993402000000025,6.937807000000021\",\"map_start_zoom\":\"15\",\"default_marker\":\"0\",\"type\":\"1\",\"alignment\":\"2\",\"directions_enabled\":\"1\",\"styling_enabled\":\"0\",\"styling_json\":\"\",\"active\":\"0\",\"kml\":\"\",\"bicycle\":\"0\",\"traffic\":\"0\",\"dbox\":\"1\",\"dbox_width\":\"100\",\"listmarkers\":\"0\",\"listmarkers_advanced\":\"0\",\"filterbycat\":\"0\",\"ugm_enabled\":\"0\",\"ugm_category_enabled\":\"0\",\"fusion\":\"\",\"map_width_type\":\"\\\\%\",\"map_height_type\":\"px\",\"mass_marker_support\":\"1\",\"ugm_access\":\"0\",\"order_markers_by\":\"1\",\"order_markers_choice\":\"2\",\"show_user_location\":\"0\",\"default_to\":\"\",\"other_settings\":{\"store_locator_enabled\":2,\"store_locator_distance\":2,\"store_locator_default_radius\":\"10\",\"store_locator_not_found_message\":\"No results found in this location. Please try again.\",\"store_locator_bounce\":2,\"store_locator_query_string\":\"ZIP \\\/ Address:\",\"store_locator_default_address\":\"\",\"wpgmza_store_locator_restrict\":\"\",\"store_locator_style\":\"modern\",\"wpgmza_store_locator_radius_style\":\"modern\",\"map_max_zoom\":\"1\",\"transport_layer\":0,\"wpgmza_theme_data\":\"[{\\\\\\\"featureType\\\\\\\":\\\\\\\"landscape\\\\\\\",\\\\\\\"stylers\\\\\\\":[{\\\\\\\"saturation\\\\\\\":-100},{\\\\\\\"lightness\\\\\\\":65},{\\\\\\\"visibility\\\\\\\":\\\\\\\"on\\\\\\\"}]},{\\\\\\\"featureType\\\\\\\":\\\\\\\"poi\\\\\\\",\\\\\\\"stylers\\\\\\\":[{\\\\\\\"saturation\\\\\\\":-100},{\\\\\\\"lightness\\\\\\\":51},{\\\\\\\"visibility\\\\\\\":\\\\\\\"simplified\\\\\\\"}]},{\\\\\\\"featureType\\\\\\\":\\\\\\\"road.highway\\\\\\\",\\\\\\\"stylers\\\\\\\":[{\\\\\\\"saturation\\\\\\\":-100},{\\\\\\\"visibility\\\\\\\":\\\\\\\"simplified\\\\\\\"}]},{\\\\\\\"featureType\\\\\\\":\\\\\\\"road.arterial\\\\\\\",\\\\\\\"stylers\\\\\\\":[{\\\\\\\"saturation\\\\\\\":-100},{\\\\\\\"lightness\\\\\\\":30},{\\\\\\\"visibility\\\\\\\":\\\\\\\"on\\\\\\\"}]},{\\\\\\\"featureType\\\\\\\":\\\\\\\"road.local\\\\\\\",\\\\\\\"stylers\\\\\\\":[{\\\\\\\"saturation\\\\\\\":-100},{\\\\\\\"lightness\\\\\\\":40},{\\\\\\\"visibility\\\\\\\":\\\\\\\"on\\\\\\\"}]},{\\\\\\\"featureType\\\\\\\":\\\\\\\"transit\\\\\\\",\\\\\\\"stylers\\\\\\\":[{\\\\\\\"saturation\\\\\\\":-100},{\\\\\\\"visibility\\\\\\\":\\\\\\\"simplified\\\\\\\"}]},{\\\\\\\"featureType\\\\\\\":\\\\\\\"administrative.province\\\\\\\",\\\\\\\"stylers\\\\\\\":[{\\\\\\\"visibility\\\\\\\":\\\\\\\"off\\\\\\\"}]},{\\\\\\\"featureType\\\\\\\":\\\\\\\"water\\\\\\\",\\\\\\\"elementType\\\\\\\":\\\\\\\"labels\\\\\\\",\\\\\\\"stylers\\\\\\\":[{\\\\\\\"visibility\\\\\\\":\\\\\\\"on\\\\\\\"},{\\\\\\\"lightness\\\\\\\":-25},{\\\\\\\"saturation\\\\\\\":-100}]},{\\\\\\\"featureType\\\\\\\":\\\\\\\"water\\\\\\\",\\\\\\\"elementType\\\\\\\":\\\\\\\"geometry\\\\\\\",\\\\\\\"stylers\\\\\\\":[{\\\\\\\"hue\\\\\\\":\\\\\\\"#ffff00\\\\\\\"},{\\\\\\\"lightness\\\\\\\":-25},{\\\\\\\"saturation\\\\\\\":-97}]}]\",\"wpgmza_theme_selection\":3,\"wpgmza_show_points_of_interest\":1}}' data-map-id='1' Data-maps-engine='' data-shortcode-attributes='{\"id\":\"1\"}' style=\"display:block; overflow:auto; width:100%; height:400px; float:left;\"><\/div><\/div>\n\t\t\t\t\t\t<\/div>\n\t\t\t\t<\/div>\n\t\t\t\t\t<\/div>\n\t\t<\/div>\n\t\t\t\t\t<\/div>\n\t\t<\/section>\n\t\t\t\t<section class=\"elementor-section elementor-top-section elementor-element elementor-element-3e23ce3 elementor-section-stretched elementor-section-content-middle elementor-section-boxed elementor-section-height-default elementor-section-height-default\" data-id=\"3e23ce3\" data-element_type=\"section\" data-settings=\"{&quot;stretch_section&quot;:&quot;section-stretched&quot;}\">\n\t\t\t\t\t\t<div class=\"elementor-container elementor-column-gap-default\">\n\t\t\t\t\t<div class=\"elementor-column elementor-col-100 elementor-top-column elementor-element elementor-element-115a8783\" data-id=\"115a8783\" data-element_type=\"column\">\n\t\t\t<div class=\"elementor-widget-wrap elementor-element-populated\">\n\t\t\t\t\t\t<div class=\"elementor-element elementor-element-3d2867bb elementor-widget elementor-widget-heading\" data-id=\"3d2867bb\" data-element_type=\"widget\" data-widget_type=\"heading.default\">\n\t\t\t\t<div class=\"elementor-widget-container\">\n\t\t\t\t\t<h2 class=\"elementor-heading-title elementor-size-default\">Acc\u00e8s<\/h2>\t\t\t\t<\/div>\n\t\t\t\t<\/div>\n\t\t\t\t<div class=\"elementor-element elementor-element-74305a6c elementor-widget elementor-widget-text-editor\" data-id=\"74305a6c\" data-element_type=\"widget\" data-widget_type=\"text-editor.default\">\n\t\t\t\t<div class=\"elementor-widget-container\">\n\t\t\t\t\t\t\t\t\t<p>FSRM <br \/>Fondation Suisse pour la recherche en microtechnique<br \/>Ruelle DuPeyrou 4, CP 2353<br \/>2000 Neuch\u00e2tel<br \/>Suisse<\/p><p>+41 32 720 09 00\u00a0 <br \/><a href=\"mailto:fsrm@fsrm.ch\">fsrm@fsrm.ch<\/a><\/p>\t\t\t\t\t\t\t\t<\/div>\n\t\t\t\t<\/div>\n\t\t\t\t<div class=\"elementor-element elementor-element-1129de91 elementor-widget elementor-widget-heading\" data-id=\"1129de91\" data-element_type=\"widget\" data-widget_type=\"heading.default\">\n\t\t\t\t<div class=\"elementor-widget-container\">\n\t\t\t\t\t<h2 class=\"elementor-heading-title elementor-size-default\">Comment atteindre la FSRM<\/h2>\t\t\t\t<\/div>\n\t\t\t\t<\/div>\n\t\t\t\t<div class=\"elementor-element elementor-element-193d8cdb elementor-widget elementor-widget-heading\" data-id=\"193d8cdb\" data-element_type=\"widget\" data-widget_type=\"heading.default\">\n\t\t\t\t<div class=\"elementor-widget-container\">\n\t\t\t\t\t<h2 class=\"elementor-heading-title elementor-size-default\">... en avion et en train<\/h2>\t\t\t\t<\/div>\n\t\t\t\t<\/div>\n\t\t\t\t<div class=\"elementor-element elementor-element-30ec2a9 elementor-widget elementor-widget-text-editor\" data-id=\"30ec2a9\" data-element_type=\"widget\" data-widget_type=\"text-editor.default\">\n\t\t\t\t<div class=\"elementor-widget-container\">\n\t\t\t\t\t\t\t\t\t<p style=\"text-align: left;\">A\u00e9roports internationaux de <a href=\"http:\/\/www.zurich-airport.com\" target=\"_blank\" rel=\"noopener\"><span style=\"text-decoration: underline;\">Zurich<\/span><\/a>, <span style=\"text-decoration: underline;\"><a href=\"http:\/\/www.gva.ch\" target=\"_blank\" rel=\"noopener\">Gen\u00e8ve<\/a><\/span>, <a href=\"http:\/\/www.euroairport.com\" target=\"_blank\" rel=\"noopener\"><span style=\"text-decoration: underline;\">B\u00e2le<\/span><\/a> et <span style=\"text-decoration: underline;\"><a href=\"http:\/\/www.flughafenbern.ch\" target=\"_blank\" rel=\"noopener\">Berne<\/a><\/span>. Depuis l\u00e0, trains directs toutes les heures pour Neuch\u00e2tel (2h30 et 1h15). <span style=\"text-decoration: underline;\"><a href=\"http:\/\/www.cff.ch\" target=\"_blank\" rel=\"noopener\">Horaire CFF<\/a><\/span><\/p>\t\t\t\t\t\t\t\t<\/div>\n\t\t\t\t<\/div>\n\t\t\t\t<div class=\"elementor-element elementor-element-0b91814 elementor-widget elementor-widget-heading\" data-id=\"0b91814\" data-element_type=\"widget\" data-widget_type=\"heading.default\">\n\t\t\t\t<div class=\"elementor-widget-container\">\n\t\t\t\t\t<h2 class=\"elementor-heading-title elementor-size-default\">... en voiture <\/h2>\t\t\t\t<\/div>\n\t\t\t\t<\/div>\n\t\t\t\t<div class=\"elementor-element elementor-element-335f344 elementor-widget elementor-widget-text-editor\" data-id=\"335f344\" data-element_type=\"widget\" data-widget_type=\"text-editor.default\">\n\t\t\t\t<div class=\"elementor-widget-container\">\n\t\t\t\t\t\t\t\t\t<p style=\"text-align: left;\">suivez les panneaux \u00ab Neuch\u00e2tel-Centre \u00bb et parquez votre voiture au \u00ab Parking du Port \u00bb qui se trouve \u00e0 quelques pas de la FSRM. Tous les autres parkings proches de la FSRM sont limit\u00e9s \u00e0 1h15 et sont la plupart du temps surcharg\u00e9s.<a href=\"https:\/\/map.search.ch\/..Neuch\u00e2tel,Place-du-Port-4@561632,204632\" target=\"_blank\" rel=\"noopener\"><span style=\"text-decoration: underline;\"> carte<\/span><\/a><\/p>\t\t\t\t\t\t\t\t<\/div>\n\t\t\t\t<\/div>\n\t\t\t\t<div class=\"elementor-element elementor-element-1aee790 elementor-widget elementor-widget-heading\" data-id=\"1aee790\" data-element_type=\"widget\" data-widget_type=\"heading.default\">\n\t\t\t\t<div class=\"elementor-widget-container\">\n\t\t\t\t\t<h2 class=\"elementor-heading-title elementor-size-default\">... les derniers m\u00e8tres<\/h2>\t\t\t\t<\/div>\n\t\t\t\t<\/div>\n\t\t\t\t<div class=\"elementor-element elementor-element-4559374 elementor-widget elementor-widget-text-editor\" data-id=\"4559374\" data-element_type=\"widget\" data-widget_type=\"text-editor.default\">\n\t\t\t\t<div class=\"elementor-widget-container\">\n\t\t\t\t\t\t\t\t\t<p>Acc\u00e8s en moins de 10 minutes<\/p>\t\t\t\t\t\t\t\t<\/div>\n\t\t\t\t<\/div>\n\t\t\t\t<div class=\"elementor-element elementor-element-78ffb38 elementor-widget elementor-widget-heading\" data-id=\"78ffb38\" data-element_type=\"widget\" data-widget_type=\"heading.default\">\n\t\t\t\t<div class=\"elementor-widget-container\">\n\t\t\t\t\t<h2 class=\"elementor-heading-title elementor-size-default\">Depuis la gare \u00e0 pied<\/h2>\t\t\t\t<\/div>\n\t\t\t\t<\/div>\n\t\t\t\t<div class=\"elementor-element elementor-element-6ec8cca elementor-widget elementor-widget-text-editor\" data-id=\"6ec8cca\" data-element_type=\"widget\" data-widget_type=\"text-editor.default\">\n\t\t\t\t<div class=\"elementor-widget-container\">\n\t\t\t\t\t\t\t\t\t<ol><li>Monter l&#8217;escalier roulant vers le hall de la gare.<\/li><li>Quitter la gare par la sortie droite.<\/li><li>Descendre <i>l\u2019Avenue de la Gare.<\/i><\/li><li>Au carrefour, descendre \u00e0 gauche.<\/li><li>Apr\u00e8s 50 m, vers l&#8217;\u00e9cole <i>Inlingua<\/i>, descendre les escaliers \u00e0 gauche.<\/li><li>Traverser la route et descendre les escaliers \u00e0 gauche.<\/li><li>Descendre tout droit jusqu\u2019\u00e0 la sortie du parc. Vous arrivez devant la <i>Rue de l\u2019Orangerie<\/i> (entr\u00e9e salle de cours), la <i>Ruelle DuPeyrou<\/i> (entr\u00e9e bureaux) est \u00e0 gauche de la pharmacie.<\/li><\/ol>\t\t\t\t\t\t\t\t<\/div>\n\t\t\t\t<\/div>\n\t\t\t\t<div class=\"elementor-element elementor-element-369c11d elementor-widget elementor-widget-heading\" data-id=\"369c11d\" data-element_type=\"widget\" data-widget_type=\"heading.default\">\n\t\t\t\t<div class=\"elementor-widget-container\">\n\t\t\t\t\t<h2 class=\"elementor-heading-title elementor-size-default\">Depuis la gare en transport public<\/h2>\t\t\t\t<\/div>\n\t\t\t\t<\/div>\n\t\t\t\t<div class=\"elementor-element elementor-element-4cce9a27 elementor-widget elementor-widget-text-editor\" data-id=\"4cce9a27\" data-element_type=\"widget\" data-widget_type=\"text-editor.default\">\n\t\t\t\t<div class=\"elementor-widget-container\">\n\t\t\t\t\t\t\t\t\t<ol><li style=\"text-align: left;\">Dans le sous-sol de la gare prendre le m\u00e9tro <i>Fun\u2019ambule<\/i>.<\/li><li>En 1 minute, vous vous trouvez dans le <i>Jardin Anglais<\/i> (c\u2019est le seul arr\u00eat)<\/li><li>Prendre la sortie <i>Jardin Anglais<\/i> et continuer tout droit jusqu\u2019au restaurant <i>Bleu Caf\u00e9<\/i> sur votre droite.<\/li><li>La <i>Ruelle DuPeyrou<\/i> est la premi\u00e8re \u00e0 droite. La <i>Rue de l&#8217;Orangerie<\/i> est la suivante.<\/li><\/ol>\t\t\t\t\t\t\t\t<\/div>\n\t\t\t\t<\/div>\n\t\t\t\t<div class=\"elementor-element elementor-element-3580af7 elementor-widget elementor-widget-text-editor\" data-id=\"3580af7\" data-element_type=\"widget\" data-widget_type=\"text-editor.default\">\n\t\t\t\t<div class=\"elementor-widget-container\">\n\t\t\t\t\t\t\t\t\t<p><img fetchpriority=\"high\" decoding=\"async\" class=\"alignleft wp-image-1070\" src=\"http:\/\/fsrm.ch\/site\/wp-content\/uploads\/2018\/05\/fsrm_grande-300x139.jpg\" alt=\"\" width=\"355\" height=\"165\" srcset=\"https:\/\/fsrm.ch\/site\/wp-content\/uploads\/2018\/05\/fsrm_grande-300x139.jpg 300w, https:\/\/fsrm.ch\/site\/wp-content\/uploads\/2018\/05\/fsrm_grande-768x357.jpg 768w, https:\/\/fsrm.ch\/site\/wp-content\/uploads\/2018\/05\/fsrm_grande-1024x475.jpg 1024w, https:\/\/fsrm.ch\/site\/wp-content\/uploads\/2018\/05\/fsrm_grande.jpg 1441w\" sizes=\"(max-width: 355px) 100vw, 355px\" \/><img decoding=\"async\" class=\"alignleft wp-image-1261\" src=\"http:\/\/fsrm.ch\/site\/wp-content\/uploads\/2018\/04\/Salle_Cours_Vide_2-300x139.jpg\" alt=\"\" width=\"355\" height=\"165\" srcset=\"https:\/\/fsrm.ch\/site\/wp-content\/uploads\/2018\/04\/Salle_Cours_Vide_2-300x139.jpg 300w, https:\/\/fsrm.ch\/site\/wp-content\/uploads\/2018\/04\/Salle_Cours_Vide_2-768x357.jpg 768w, https:\/\/fsrm.ch\/site\/wp-content\/uploads\/2018\/04\/Salle_Cours_Vide_2-1024x475.jpg 1024w, https:\/\/fsrm.ch\/site\/wp-content\/uploads\/2018\/04\/Salle_Cours_Vide_2.jpg 1441w\" sizes=\"(max-width: 355px) 100vw, 355px\" \/><\/p>\t\t\t\t\t\t\t\t<\/div>\n\t\t\t\t<\/div>\n\t\t\t\t\t<\/div>\n\t\t<\/div>\n\t\t\t\t\t<\/div>\n\t\t<\/section>\n\t\t\t\t<\/div>\n\t\t","protected":false},"excerpt":{"rendered":"<p>Acc\u00e8s FSRM Fondation Suisse pour la recherche en microtechniqueRuelle DuPeyrou 4, CP 23532000 Neuch\u00e2telSuisse +41 32 720 09 00\u00a0 fsrm@fsrm.ch Comment atteindre la FSRM &#8230; en avion et en train A\u00e9roports internationaux de Zurich, Gen\u00e8ve, B\u00e2le et Berne. Depuis l\u00e0, trains directs toutes les heures pour Neuch\u00e2tel (2h30 et 1h15). Horaire CFF &#8230; en voiture [&hellip;]<\/p>\n","protected":false},"author":3,"featured_media":0,"parent":0,"menu_order":0,"comment_status":"closed","ping_status":"closed","template":"","meta":{"footnotes":""},"class_list":["post-259","page","type-page","status-publish","hentry"],"yoast_head":"<!-- This site is optimized with the Yoast SEO plugin v25.4 - https:\/\/yoast.com\/wordpress\/plugins\/seo\/ -->\n<title>acc\u00e8s - FSRM<\/title>\n<meta name=\"robots\" content=\"index, follow, max-snippet:-1, max-image-preview:large, max-video-preview:-1\" \/>\n<link rel=\"canonical\" href=\"https:\/\/fsrm.ch\/site\/acces\/\" \/>\n<meta property=\"og:locale\" content=\"en_US\" \/>\n<meta property=\"og:type\" content=\"article\" \/>\n<meta property=\"og:title\" content=\"acc\u00e8s - FSRM\" \/>\n<meta property=\"og:description\" content=\"Acc\u00e8s FSRM Fondation Suisse pour la recherche en microtechniqueRuelle DuPeyrou 4, CP 23532000 Neuch\u00e2telSuisse +41 32 720 09 00\u00a0 fsrm@fsrm.ch Comment atteindre la FSRM &#8230; en avion et en train A\u00e9roports internationaux de Zurich, Gen\u00e8ve, B\u00e2le et Berne. Depuis l\u00e0, trains directs toutes les heures pour Neuch\u00e2tel (2h30 et 1h15). Horaire CFF &#8230; en voiture [&hellip;]\" \/>\n<meta property=\"og:url\" content=\"https:\/\/fsrm.ch\/site\/acces\/\" \/>\n<meta property=\"og:site_name\" content=\"FSRM\" \/>\n<meta property=\"article:publisher\" content=\"https:\/\/www.facebook.com\/fsrm.ch\" \/>\n<meta property=\"article:modified_time\" content=\"2024-06-05T07:05:10+00:00\" \/>\n<meta property=\"og:image\" content=\"http:\/\/fsrm.ch\/site\/wp-content\/uploads\/2018\/05\/fsrm_grande-300x139.jpg\" \/>\n<meta name=\"twitter:card\" content=\"summary_large_image\" \/>\n<meta name=\"twitter:label1\" content=\"Est. reading time\" \/>\n\t<meta name=\"twitter:data1\" content=\"1 minute\" \/>\n<script type=\"application\/ld+json\" class=\"yoast-schema-graph\">{\"@context\":\"https:\/\/schema.org\",\"@graph\":[{\"@type\":\"WebPage\",\"@id\":\"https:\/\/fsrm.ch\/site\/acces\/\",\"url\":\"https:\/\/fsrm.ch\/site\/acces\/\",\"name\":\"acc\u00e8s - FSRM\",\"isPartOf\":{\"@id\":\"https:\/\/fsrm.ch\/site\/#website\"},\"primaryImageOfPage\":{\"@id\":\"https:\/\/fsrm.ch\/site\/acces\/#primaryimage\"},\"image\":{\"@id\":\"https:\/\/fsrm.ch\/site\/acces\/#primaryimage\"},\"thumbnailUrl\":\"http:\/\/fsrm.ch\/site\/wp-content\/uploads\/2018\/05\/fsrm_grande-300x139.jpg\",\"datePublished\":\"2018-04-18T08:55:23+00:00\",\"dateModified\":\"2024-06-05T07:05:10+00:00\",\"breadcrumb\":{\"@id\":\"https:\/\/fsrm.ch\/site\/acces\/#breadcrumb\"},\"inLanguage\":\"en-US\",\"potentialAction\":[{\"@type\":\"ReadAction\",\"target\":[\"https:\/\/fsrm.ch\/site\/acces\/\"]}]},{\"@type\":\"ImageObject\",\"inLanguage\":\"en-US\",\"@id\":\"https:\/\/fsrm.ch\/site\/acces\/#primaryimage\",\"url\":\"https:\/\/fsrm.ch\/site\/wp-content\/uploads\/2018\/05\/fsrm_grande.jpg\",\"contentUrl\":\"https:\/\/fsrm.ch\/site\/wp-content\/uploads\/2018\/05\/fsrm_grande.jpg\",\"width\":1441,\"height\":669},{\"@type\":\"BreadcrumbList\",\"@id\":\"https:\/\/fsrm.ch\/site\/acces\/#breadcrumb\",\"itemListElement\":[{\"@type\":\"ListItem\",\"position\":1,\"name\":\"Home\",\"item\":\"https:\/\/fsrm.ch\/site\/\"},{\"@type\":\"ListItem\",\"position\":2,\"name\":\"acc\u00e8s\"}]},{\"@type\":\"WebSite\",\"@id\":\"https:\/\/fsrm.ch\/site\/#website\",\"url\":\"https:\/\/fsrm.ch\/site\/\",\"name\":\"FSRM\",\"description\":\"Formation continue, cours de perfectionnement professionnel et organisation d&#039;\u00e9v\u00e9nements.\",\"publisher\":{\"@id\":\"https:\/\/fsrm.ch\/site\/#organization\"},\"potentialAction\":[{\"@type\":\"SearchAction\",\"target\":{\"@type\":\"EntryPoint\",\"urlTemplate\":\"https:\/\/fsrm.ch\/site\/?s={search_term_string}\"},\"query-input\":{\"@type\":\"PropertyValueSpecification\",\"valueRequired\":true,\"valueName\":\"search_term_string\"}}],\"inLanguage\":\"en-US\"},{\"@type\":\"Organization\",\"@id\":\"https:\/\/fsrm.ch\/site\/#organization\",\"name\":\"FSRM\",\"url\":\"https:\/\/fsrm.ch\/site\/\",\"logo\":{\"@type\":\"ImageObject\",\"inLanguage\":\"en-US\",\"@id\":\"https:\/\/fsrm.ch\/site\/#\/schema\/logo\/image\/\",\"url\":\"https:\/\/fsrm.ch\/site\/wp-content\/uploads\/2025\/05\/fsrm-logo.png\",\"contentUrl\":\"https:\/\/fsrm.ch\/site\/wp-content\/uploads\/2025\/05\/fsrm-logo.png\",\"width\":1000,\"height\":539,\"caption\":\"FSRM\"},\"image\":{\"@id\":\"https:\/\/fsrm.ch\/site\/#\/schema\/logo\/image\/\"},\"sameAs\":[\"https:\/\/www.facebook.com\/fsrm.ch\",\"https:\/\/www.linkedin.com\/company\/fsrm-swiss-foundation-for-research-in-microtechnology\",\"https:\/\/www.youtube.com\/user\/fsrmch\"]}]}<\/script>\n<!-- \/ Yoast SEO plugin. -->","yoast_head_json":{"title":"acc\u00e8s - FSRM","robots":{"index":"index","follow":"follow","max-snippet":"max-snippet:-1","max-image-preview":"max-image-preview:large","max-video-preview":"max-video-preview:-1"},"canonical":"https:\/\/fsrm.ch\/site\/acces\/","og_locale":"en_US","og_type":"article","og_title":"acc\u00e8s - FSRM","og_description":"Acc\u00e8s FSRM Fondation Suisse pour la recherche en microtechniqueRuelle DuPeyrou 4, CP 23532000 Neuch\u00e2telSuisse +41 32 720 09 00\u00a0 fsrm@fsrm.ch Comment atteindre la FSRM &#8230; en avion et en train A\u00e9roports internationaux de Zurich, Gen\u00e8ve, B\u00e2le et Berne. Depuis l\u00e0, trains directs toutes les heures pour Neuch\u00e2tel (2h30 et 1h15). Horaire CFF &#8230; en voiture [&hellip;]","og_url":"https:\/\/fsrm.ch\/site\/acces\/","og_site_name":"FSRM","article_publisher":"https:\/\/www.facebook.com\/fsrm.ch","article_modified_time":"2024-06-05T07:05:10+00:00","og_image":[{"url":"http:\/\/fsrm.ch\/site\/wp-content\/uploads\/2018\/05\/fsrm_grande-300x139.jpg","type":"","width":"","height":""}],"twitter_card":"summary_large_image","twitter_misc":{"Est. reading time":"1 minute"},"schema":{"@context":"https:\/\/schema.org","@graph":[{"@type":"WebPage","@id":"https:\/\/fsrm.ch\/site\/acces\/","url":"https:\/\/fsrm.ch\/site\/acces\/","name":"acc\u00e8s - FSRM","isPartOf":{"@id":"https:\/\/fsrm.ch\/site\/#website"},"primaryImageOfPage":{"@id":"https:\/\/fsrm.ch\/site\/acces\/#primaryimage"},"image":{"@id":"https:\/\/fsrm.ch\/site\/acces\/#primaryimage"},"thumbnailUrl":"http:\/\/fsrm.ch\/site\/wp-content\/uploads\/2018\/05\/fsrm_grande-300x139.jpg","datePublished":"2018-04-18T08:55:23+00:00","dateModified":"2024-06-05T07:05:10+00:00","breadcrumb":{"@id":"https:\/\/fsrm.ch\/site\/acces\/#breadcrumb"},"inLanguage":"en-US","potentialAction":[{"@type":"ReadAction","target":["https:\/\/fsrm.ch\/site\/acces\/"]}]},{"@type":"ImageObject","inLanguage":"en-US","@id":"https:\/\/fsrm.ch\/site\/acces\/#primaryimage","url":"https:\/\/fsrm.ch\/site\/wp-content\/uploads\/2018\/05\/fsrm_grande.jpg","contentUrl":"https:\/\/fsrm.ch\/site\/wp-content\/uploads\/2018\/05\/fsrm_grande.jpg","width":1441,"height":669},{"@type":"BreadcrumbList","@id":"https:\/\/fsrm.ch\/site\/acces\/#breadcrumb","itemListElement":[{"@type":"ListItem","position":1,"name":"Home","item":"https:\/\/fsrm.ch\/site\/"},{"@type":"ListItem","position":2,"name":"acc\u00e8s"}]},{"@type":"WebSite","@id":"https:\/\/fsrm.ch\/site\/#website","url":"https:\/\/fsrm.ch\/site\/","name":"FSRM","description":"Formation continue, cours de perfectionnement professionnel et organisation d&#039;\u00e9v\u00e9nements.","publisher":{"@id":"https:\/\/fsrm.ch\/site\/#organization"},"potentialAction":[{"@type":"SearchAction","target":{"@type":"EntryPoint","urlTemplate":"https:\/\/fsrm.ch\/site\/?s={search_term_string}"},"query-input":{"@type":"PropertyValueSpecification","valueRequired":true,"valueName":"search_term_string"}}],"inLanguage":"en-US"},{"@type":"Organization","@id":"https:\/\/fsrm.ch\/site\/#organization","name":"FSRM","url":"https:\/\/fsrm.ch\/site\/","logo":{"@type":"ImageObject","inLanguage":"en-US","@id":"https:\/\/fsrm.ch\/site\/#\/schema\/logo\/image\/","url":"https:\/\/fsrm.ch\/site\/wp-content\/uploads\/2025\/05\/fsrm-logo.png","contentUrl":"https:\/\/fsrm.ch\/site\/wp-content\/uploads\/2025\/05\/fsrm-logo.png","width":1000,"height":539,"caption":"FSRM"},"image":{"@id":"https:\/\/fsrm.ch\/site\/#\/schema\/logo\/image\/"},"sameAs":["https:\/\/www.facebook.com\/fsrm.ch","https:\/\/www.linkedin.com\/company\/fsrm-swiss-foundation-for-research-in-microtechnology","https:\/\/www.youtube.com\/user\/fsrmch"]}]}},"_links":{"self":[{"href":"https:\/\/fsrm.ch\/site\/wp-json\/wp\/v2\/pages\/259","targetHints":{"allow":["GET"]}}],"collection":[{"href":"https:\/\/fsrm.ch\/site\/wp-json\/wp\/v2\/pages"}],"about":[{"href":"https:\/\/fsrm.ch\/site\/wp-json\/wp\/v2\/types\/page"}],"author":[{"embeddable":true,"href":"https:\/\/fsrm.ch\/site\/wp-json\/wp\/v2\/users\/3"}],"replies":[{"embeddable":true,"href":"https:\/\/fsrm.ch\/site\/wp-json\/wp\/v2\/comments?post=259"}],"version-history":[{"count":39,"href":"https:\/\/fsrm.ch\/site\/wp-json\/wp\/v2\/pages\/259\/revisions"}],"predecessor-version":[{"id":6389,"href":"https:\/\/fsrm.ch\/site\/wp-json\/wp\/v2\/pages\/259\/revisions\/6389"}],"wp:attachment":[{"href":"https:\/\/fsrm.ch\/site\/wp-json\/wp\/v2\/media?parent=259"}],"curies":[{"name":"wp","href":"https:\/\/api.w.org\/{rel}","templated":true}]}}