{"id":292,"date":"2018-04-18T09:19:03","date_gmt":"2018-04-18T09:19:03","guid":{"rendered":"http:\/\/fsrm.ch\/site\/?page_id=292"},"modified":"2025-04-07T09:10:08","modified_gmt":"2025-04-07T09:10:08","slug":"media","status":"publish","type":"page","link":"https:\/\/fsrm.ch\/site\/media\/","title":{"rendered":"media"},"content":{"rendered":"\t\t<div data-elementor-type=\"wp-post\" data-elementor-id=\"292\" class=\"elementor elementor-292\" data-elementor-post-type=\"page\">\n\t\t\t\t\t\t<section class=\"elementor-section elementor-top-section elementor-element elementor-element-37bd4b81 elementor-section-stretched elementor-section-full_width elementor-section-content-middle elementor-section-height-default elementor-section-height-default\" data-id=\"37bd4b81\" data-element_type=\"section\" data-settings=\"{&quot;stretch_section&quot;:&quot;section-stretched&quot;,&quot;background_background&quot;:&quot;classic&quot;}\">\n\t\t\t\t\t\t<div class=\"elementor-container elementor-column-gap-default\">\n\t\t\t\t\t<div class=\"elementor-column elementor-col-100 elementor-top-column elementor-element elementor-element-710e9a5a\" data-id=\"710e9a5a\" data-element_type=\"column\" data-settings=\"{&quot;background_background&quot;:&quot;classic&quot;}\">\n\t\t\t<div class=\"elementor-widget-wrap elementor-element-populated\">\n\t\t\t\t\t<div class=\"elementor-background-overlay\"><\/div>\n\t\t\t\t\t\t<div class=\"elementor-element elementor-element-6181114f elementor-widget elementor-widget-image\" data-id=\"6181114f\" data-element_type=\"widget\" data-widget_type=\"image.default\">\n\t\t\t\t<div class=\"elementor-widget-container\">\n\t\t\t\t\t\t\t\t\t\t\t\t\t\t\t<img fetchpriority=\"high\" decoding=\"async\" width=\"768\" height=\"357\" src=\"https:\/\/fsrm.ch\/site\/wp-content\/uploads\/2018\/05\/fsrm_experience-768x357.jpg\" class=\"attachment-medium_large size-medium_large wp-image-1017\" alt=\"\" srcset=\"https:\/\/fsrm.ch\/site\/wp-content\/uploads\/2018\/05\/fsrm_experience-768x357.jpg 768w, https:\/\/fsrm.ch\/site\/wp-content\/uploads\/2018\/05\/fsrm_experience-300x139.jpg 300w, https:\/\/fsrm.ch\/site\/wp-content\/uploads\/2018\/05\/fsrm_experience-1024x475.jpg 1024w, https:\/\/fsrm.ch\/site\/wp-content\/uploads\/2018\/05\/fsrm_experience.jpg 1441w\" sizes=\"(max-width: 768px) 100vw, 768px\" \/>\t\t\t\t\t\t\t\t\t\t\t\t\t\t\t<\/div>\n\t\t\t\t<\/div>\n\t\t\t\t\t<\/div>\n\t\t<\/div>\n\t\t\t\t\t<\/div>\n\t\t<\/section>\n\t\t\t\t<section class=\"elementor-section elementor-top-section elementor-element elementor-element-756904f0 elementor-section-stretched elementor-section-content-middle elementor-section-boxed elementor-section-height-default elementor-section-height-default\" data-id=\"756904f0\" data-element_type=\"section\" data-settings=\"{&quot;stretch_section&quot;:&quot;section-stretched&quot;}\">\n\t\t\t\t\t\t<div class=\"elementor-container elementor-column-gap-default\">\n\t\t\t\t\t<div class=\"elementor-column elementor-col-100 elementor-top-column elementor-element elementor-element-72db6589\" data-id=\"72db6589\" data-element_type=\"column\">\n\t\t\t<div class=\"elementor-widget-wrap elementor-element-populated\">\n\t\t\t\t\t\t<div class=\"elementor-element elementor-element-e06ad19 elementor-widget elementor-widget-heading\" data-id=\"e06ad19\" data-element_type=\"widget\" data-widget_type=\"heading.default\">\n\t\t\t\t<div class=\"elementor-widget-container\">\n\t\t\t\t\t<h2 class=\"elementor-heading-title elementor-size-default\">Communiqu\u00e9 de presse<\/h2>\t\t\t\t<\/div>\n\t\t\t\t<\/div>\n\t\t\t\t<div class=\"elementor-element elementor-element-f8b9738 elementor-widget elementor-widget-text-editor\" data-id=\"f8b9738\" data-element_type=\"widget\" data-widget_type=\"text-editor.default\">\n\t\t\t\t<div class=\"elementor-widget-container\">\n\t\t\t\t\t\t\t\t\t<div><div><a href=\"https:\/\/fsrm.ch\/site\/wp-content\/uploads\/2025\/04\/2025_Communique-de-presse_FSRM_Changement-de-direction.zip\">2025 Communiqu\u00e9 de presse : Changement de direction<\/a><\/div><\/div>\t\t\t\t\t\t\t\t<\/div>\n\t\t\t\t<\/div>\n\t\t\t\t<div class=\"elementor-element elementor-element-ba87a72 elementor-widget-divider--view-line elementor-widget elementor-widget-divider\" data-id=\"ba87a72\" data-element_type=\"widget\" data-widget_type=\"divider.default\">\n\t\t\t\t<div class=\"elementor-widget-container\">\n\t\t\t\t\t\t\t<div class=\"elementor-divider\">\n\t\t\t<span class=\"elementor-divider-separator\">\n\t\t\t\t\t\t<\/span>\n\t\t<\/div>\n\t\t\t\t\t\t<\/div>\n\t\t\t\t<\/div>\n\t\t\t\t<div class=\"elementor-element elementor-element-f3c305c elementor-widget elementor-widget-heading\" data-id=\"f3c305c\" data-element_type=\"widget\" data-widget_type=\"heading.default\">\n\t\t\t\t<div class=\"elementor-widget-container\">\n\t\t\t\t\t<h2 class=\"elementor-heading-title elementor-size-default\">Photos<\/h2>\t\t\t\t<\/div>\n\t\t\t\t<\/div>\n\t\t\t\t<div class=\"elementor-element elementor-element-5ee515cc elementor-widget elementor-widget-text-editor\" data-id=\"5ee515cc\" data-element_type=\"widget\" data-widget_type=\"text-editor.default\">\n\t\t\t\t<div class=\"elementor-widget-container\">\n\t\t\t\t\t\t\t\t\t<p>Conf\u00e9rence publique FSRM d&#8217;<a href=\"https:\/\/fsrm.ch\/site\/wp-content\/uploads\/2023\/01\/D850_FSRM_RA_tedbyrne_20210623_038.jpg\" target=\"_blank\" rel=\"noopener\">Alexandre Pauchard,<\/a> 2021 \u00e0 Microcity Neuch\u00e2tel<\/p><p>Conf\u00e9rence publique FSRM du futurologue <a href=\"http:\/\/fsrm.ch\/site\/wp-content\/uploads\/2019\/04\/DSC_0542.jpg\" target=\"_blank\" rel=\"noopener\">Simon Johnson<\/a> et <a href=\"http:\/\/fsrm.ch\/site\/wp-content\/uploads\/2019\/04\/DSC_0607.jpg\" target=\"_blank\" rel=\"noopener\">remise du Prix Omega scientifique<\/a>, May 2018, Microcity, Neuch\u00e2tel<\/p><p><a href=\"http:\/\/fsrm.ch\/site\/wp-content\/uploads\/2019\/04\/D4_FSRM_RA2017_tedbyrne_20170607_0006.jpg\" target=\"_blank\" rel=\"noopener\">Conf\u00e9rence publique FSRM<\/a>: <a href=\"http:\/\/fsrm.ch\/site\/wp-content\/uploads\/2019\/04\/D4_FSRM_RA2017_tedbyrne_20170607_0024.jpg\" target=\"_blank\" rel=\"noopener\">Swiss Loop<\/a> et <a href=\"http:\/\/fsrm.ch\/site\/wp-content\/uploads\/2019\/04\/D4_FSRM_RA2017_tedbyrne_20170607_0047.jpg\" target=\"_blank\" rel=\"noopener\">remise du Prix Omega scientifique<\/a>, juin 2017 \u00e0 Microcity, Neuch\u00e2tel<\/p><p><a href=\"http:\/\/www.fsrm.ch\/galleries\/el-khoury\/\" target=\"_blank\" rel=\"noopener\">Conf\u00e9rence publique FSRM: Mario El-Khoury et remise du Prix Omega scientifique<\/a>, le 30.05.2016 \u00e0 Microcity, Neuch\u00e2tel<\/p><p><a href=\"http:\/\/www.fsrm.ch\/galleries\/henein\/\" target=\"_blank\" rel=\"noopener\">Conf\u00e9rence publique FSRM: \u00abLes ressorts intimes du temps\u00bb<\/a>, le 09.03.2016 \u00e0 Microcity, EPFL<\/p>\t\t\t\t\t\t\t\t<\/div>\n\t\t\t\t<\/div>\n\t\t\t\t<div class=\"elementor-element elementor-element-5bf7e7e elementor-widget-divider--view-line elementor-widget elementor-widget-divider\" data-id=\"5bf7e7e\" data-element_type=\"widget\" data-widget_type=\"divider.default\">\n\t\t\t\t<div class=\"elementor-widget-container\">\n\t\t\t\t\t\t\t<div class=\"elementor-divider\">\n\t\t\t<span class=\"elementor-divider-separator\">\n\t\t\t\t\t\t<\/span>\n\t\t<\/div>\n\t\t\t\t\t\t<\/div>\n\t\t\t\t<\/div>\n\t\t\t\t<div class=\"elementor-element elementor-element-2e9f57af elementor-widget elementor-widget-heading\" data-id=\"2e9f57af\" data-element_type=\"widget\" data-widget_type=\"heading.default\">\n\t\t\t\t<div class=\"elementor-widget-container\">\n\t\t\t\t\t<h2 class=\"elementor-heading-title elementor-size-default\">Articles<\/h2>\t\t\t\t<\/div>\n\t\t\t\t<\/div>\n\t\t\t\t<div class=\"elementor-element elementor-element-b07381a elementor-widget elementor-widget-text-editor\" data-id=\"b07381a\" data-element_type=\"widget\" data-widget_type=\"text-editor.default\">\n\t\t\t\t<div class=\"elementor-widget-container\">\n\t\t\t\t\t\t\t\t\t<p>Articles plus r\u00e9cents : voir sous &#8220;<a href=\"https:\/\/fsrm.ch\/site\/publications\/\" target=\"_blank\" rel=\"noopener\">Publications<\/a>&#8220;<\/p><p><a href=\"https:\/\/fsrm.ch\/site\/wp-content\/uploads\/2023\/01\/2022-MSM_fsrm-kids_La-micro\u00e9lectronique-pr\u00e9sent\u00e9e-\u00e9-la-jeunesse.pdf\" target=\"_blank\" rel=\"noopener\">2022 MSM, Gilles Bordet : fsrm-kids &#8211; La micro\u00e9lectronique pr\u00e9sent\u00e9e \u00e0 la jeunesse<\/a><\/p><p><a href=\"https:\/\/fsrm.ch\/site\/wp-content\/uploads\/2023\/01\/2022-Journal-du-Jura_Atelier-FSRM-kids-St.Imier_-22_09_22_Quand-l\u00e9lectronique-va-aux-ados.pdf\" target=\"_blank\" rel=\"noopener\">2022 Journal du Jura, Ajour.ch, Salom\u00e9 di Nuccio : Quand l&#8217;\u00e9lectronique va aux ados<\/a><\/p><p><a href=\"http:\/\/fsrm.ch\/site\/wp-content\/uploads\/2021\/06\/CP-Innovation-Tour-les-PME-partent-en-tourn\u00e9e_Article-MSMpdf.html\" target=\"_blank\" rel=\"noopener\">2021 MSM : Les PME partent en tourn\u00e9e &#8211; projet Innovation Tour<\/a><\/p><p><a href=\"http:\/\/fsrm.ch\/site\/wp-content\/uploads\/2020\/06\/2020-Revue-FH-Article-cours-Blockchain.pdf\" target=\"_blank\" rel=\"noopener\">2020 Bulletin FH : Blockchain<\/a><\/p><p><a href=\"http:\/\/fsrm.ch\/site\/wp-content\/uploads\/2019\/06\/2019_ArcInfo_FSRM_CoursIndustrie4.0.png\" target=\"_blank\" rel=\"noopener\">2019 ArcInfo : Pour mieux dompter la digitalisation (cours FSRM-HeArc Industrie 4.0)<\/a><\/p><p><a href=\"http:\/\/fsrm.ch\/site\/wp-content\/uploads\/2020\/06\/2019-Swiss-Engineering_cours-FSRM.pdf\" target=\"_blank\" rel=\"noopener\">2019 SwissEngineering : Cours Industrie 4.0<\/a><\/p><p><a href=\"http:\/\/fsrm.ch\/site\/wp-content\/uploads\/2018\/10\/2018_Arcinfo_FSRM40ans.jpg\" target=\"_blank\" rel=\"noopener\">2018 ArcInfo : 40 ans FSRM<\/a><\/p><p><a href=\"http:\/\/fsrm.ch\/site\/wp-content\/uploads\/2018\/10\/2018_BulletinSSC_FSRM40ans.pdf\" target=\"_blank\" rel=\"noopener\">2018 Bulletin SSC : 40 ans FSRM<\/a><\/p><p><a href=\"https:\/\/www.fhs.swiss\/fre\/2018_04_05_03_FSRM.html\" target=\"_blank\" rel=\"noopener\">2018 Bulletin FH : La FSRM a 40 ans<\/a><\/p><p><a href=\"https:\/\/www.microcity.ch\/news\/40-ans-FSRM\" target=\"_blank\" rel=\"noopener\">2018 Microcity : La FSRM f\u00eate ses 40 ans<\/a><\/p><p><a href=\"https:\/\/www.rtn.ch\/rtn\/Programmes\/emissions\/La-Matinale\/La-FSRM-fete-ses-40-ans.html\" target=\"_blank\" rel=\"noopener\">2018 RTN : La FSRM f\u00eate ses 40 ans<\/a><\/p><p><a href=\"http:\/\/fsrm.ch\/site\/wp-content\/uploads\/2018\/10\/2018_EMPA_Quarterly_F.pdf\" target=\"_blank\" rel=\"noopener\">2018 EMPA Quarterly : Collaboration EMPA-FSRM<\/a><\/p>\t\t\t\t\t\t\t\t<\/div>\n\t\t\t\t<\/div>\n\t\t\t\t<div class=\"elementor-element elementor-element-a1cb5b6 elementor-widget-divider--view-line elementor-widget elementor-widget-divider\" data-id=\"a1cb5b6\" data-element_type=\"widget\" data-widget_type=\"divider.default\">\n\t\t\t\t<div class=\"elementor-widget-container\">\n\t\t\t\t\t\t\t<div class=\"elementor-divider\">\n\t\t\t<span class=\"elementor-divider-separator\">\n\t\t\t\t\t\t<\/span>\n\t\t<\/div>\n\t\t\t\t\t\t<\/div>\n\t\t\t\t<\/div>\n\t\t\t\t<div class=\"elementor-element elementor-element-f3396d6 elementor-widget elementor-widget-heading\" data-id=\"f3396d6\" data-element_type=\"widget\" data-widget_type=\"heading.default\">\n\t\t\t\t<div class=\"elementor-widget-container\">\n\t\t\t\t\t<h2 class=\"elementor-heading-title elementor-size-default\">Vid\u00e9os<\/h2>\t\t\t\t<\/div>\n\t\t\t\t<\/div>\n\t\t\t\t<div class=\"elementor-element elementor-element-1270abd elementor-widget elementor-widget-text-editor\" data-id=\"1270abd\" data-element_type=\"widget\" data-widget_type=\"text-editor.default\">\n\t\t\t\t<div class=\"elementor-widget-container\">\n\t\t\t\t\t\t\t\t\t<p><a href=\"https:\/\/www.canalalpha.ch\/play\/le-journal\/topic\/27639\/des-enfants-construisent-des-avions-solaires\" target=\"_blank\" rel=\"noopener\">2022 Canal Alpha : Des enfants construisent des avions solaires!<\/a><\/p><p class=\"page-h1\"><a href=\"http:\/\/www.canalalpha.ch\/actu\/la-fsrm-vous-apprend-a-manager-par-ecran-interpose\/\" target=\"_blank\" rel=\"noopener\">2020 Canal Alpha : La FSRM vous apprend \u00e0 manager par \u00e9cran interpos\u00e9<\/a><\/p><p><a href=\"http:\/\/www.canalalpha.ch\/actu\/blockchain-et-transactions-digitales-a-la-he-arc-ne\/\" target=\"_blank\" rel=\"noopener\">2020 Canal Alpha : Blockchain<\/a><\/p><p><a href=\"http:\/\/www.canalalpha.ch\/actu\/la-fsrm-forme-aux-nouveaux-codes-du-swiss-made\/\" target=\"_blank\" rel=\"noopener\">2019 Canal Alpha : La FSRM forme aux nouveaux codes du Swiss made<\/a><\/p><p><a href=\"http:\/\/www.canalalpha.ch\/actu\/un-futurologue-a-la-fsrm-ca-raconte-quoi\/?fbclid=IwAR2Jwlb3f6e73hr6Cw_ShhmQoJOJ845PSjNgSynB0rrIex7_SEwl94cc7Fg\" target=\"_blank\" rel=\"noopener\">2018 Canal Alpha <\/a><a href=\"http:\/\/www.canalalpha.ch\/actu\/un-futurologue-a-la-fsrm-ca-raconte-quoi\/?fbclid=IwAR2Jwlb3f6e73hr6Cw_ShhmQoJOJ845PSjNgSynB0rrIex7_SEwl94cc7Fg\" target=\"_blank\" rel=\"noopener\">: Un Futurologue \u00e0 la FSRM, \u00e7a raconte quoi?<\/a><\/p><p><a href=\"http:\/\/www.canalalpha.ch\/actu\/la-fsrm-40-ans-et-toujours-dans-lair-du-temps\/\" target=\"_blank\" rel=\"noopener\">2018 Canal Alpha : La FSRM, 40 ans et toujours dans l&#8217;air du temps. <\/a><\/p><p><a href=\"http:\/\/www.canalalpha.ch\/actu\/les-enfants-font-des-bricolages-electroniques\/?fbclid=IwAR3D9C4EVLXvy9POx3v4Pq75mUR3RMAtpQAQkQVzgJgl0zl5vCHBHBk5_vU\" target=\"_blank\" rel=\"noopener\">2018 Canal Alpha : Les ateliers fsrm-kids. Reportage Canal Alpha<\/a><\/p>\t\t\t\t\t\t\t\t<\/div>\n\t\t\t\t<\/div>\n\t\t\t\t<div class=\"elementor-element elementor-element-0100224 elementor-widget-divider--view-line elementor-widget elementor-widget-divider\" data-id=\"0100224\" data-element_type=\"widget\" data-widget_type=\"divider.default\">\n\t\t\t\t<div class=\"elementor-widget-container\">\n\t\t\t\t\t\t\t<div class=\"elementor-divider\">\n\t\t\t<span class=\"elementor-divider-separator\">\n\t\t\t\t\t\t<\/span>\n\t\t<\/div>\n\t\t\t\t\t\t<\/div>\n\t\t\t\t<\/div>\n\t\t\t\t<div class=\"elementor-element elementor-element-38b246c9 elementor-widget elementor-widget-heading\" data-id=\"38b246c9\" data-element_type=\"widget\" data-widget_type=\"heading.default\">\n\t\t\t\t<div class=\"elementor-widget-container\">\n\t\t\t\t\t<h2 class=\"elementor-heading-title elementor-size-default\">Interviews des enseignants FSRM sur YouTube<\/h2>\t\t\t\t<\/div>\n\t\t\t\t<\/div>\n\t\t\t\t<div class=\"elementor-element elementor-element-5ee8400d elementor-widget elementor-widget-text-editor\" data-id=\"5ee8400d\" data-element_type=\"widget\" data-widget_type=\"text-editor.default\">\n\t\t\t\t<div class=\"elementor-widget-container\">\n\t\t\t\t\t\t\t\t\t<div><div><div data-id=\"0795be4\" data-element_type=\"text-editor.default\" data-model-cid=\"c4331\"><a href=\"https:\/\/www.youtube.com\/user\/fsrmch\">https:\/\/www.youtube.com\/user\/fsrmch<\/a><\/div><\/div><\/div>\t\t\t\t\t\t\t\t<\/div>\n\t\t\t\t<\/div>\n\t\t\t\t<div class=\"elementor-element elementor-element-a139f8c elementor-widget elementor-widget-spacer\" data-id=\"a139f8c\" data-element_type=\"widget\" data-widget_type=\"spacer.default\">\n\t\t\t\t<div class=\"elementor-widget-container\">\n\t\t\t\t\t\t\t<div class=\"elementor-spacer\">\n\t\t\t<div class=\"elementor-spacer-inner\"><\/div>\n\t\t<\/div>\n\t\t\t\t\t\t<\/div>\n\t\t\t\t<\/div>\n\t\t\t\t<div class=\"elementor-element elementor-element-a2c67c1 elementor-widget elementor-widget-html\" data-id=\"a2c67c1\" data-element_type=\"widget\" data-widget_type=\"html.default\">\n\t\t\t\t<div class=\"elementor-widget-container\">\n\t\t\t\t\t<iframe width=\"560\" height=\"315\" src=\"https:\/\/www.youtube.com\/embed\/videoseries?list=PLz6YsifNKkUhwUo0c6BZdyyUVfIJTkAap\" frameborder=\"0\" allow=\"autoplay; encrypted-media\" allowfullscreen><\/iframe>\t\t\t\t<\/div>\n\t\t\t\t<\/div>\n\t\t\t\t\t<\/div>\n\t\t<\/div>\n\t\t\t\t\t<\/div>\n\t\t<\/section>\n\t\t\t\t<\/div>\n\t\t","protected":false},"excerpt":{"rendered":"<p>Communiqu\u00e9 de presse 2025 Communiqu\u00e9 de presse : Changement de direction Photos Conf\u00e9rence publique FSRM d&#8217;Alexandre Pauchard, 2021 \u00e0 Microcity Neuch\u00e2tel Conf\u00e9rence publique FSRM du futurologue Simon Johnson et remise du Prix Omega scientifique, May 2018, Microcity, Neuch\u00e2tel Conf\u00e9rence publique FSRM: Swiss Loop et remise du Prix Omega scientifique, juin 2017 \u00e0 Microcity, Neuch\u00e2tel Conf\u00e9rence [&hellip;]<\/p>\n","protected":false},"author":3,"featured_media":0,"parent":0,"menu_order":0,"comment_status":"closed","ping_status":"closed","template":"","meta":{"footnotes":""},"class_list":["post-292","page","type-page","status-publish","hentry"],"yoast_head":"<!-- This site is optimized with the Yoast SEO plugin v25.4 - https:\/\/yoast.com\/wordpress\/plugins\/seo\/ -->\n<title>media - FSRM<\/title>\n<meta name=\"robots\" content=\"index, follow, max-snippet:-1, max-image-preview:large, max-video-preview:-1\" \/>\n<link rel=\"canonical\" href=\"https:\/\/fsrm.ch\/site\/media\/\" \/>\n<meta property=\"og:locale\" content=\"en_US\" \/>\n<meta property=\"og:type\" content=\"article\" \/>\n<meta property=\"og:title\" content=\"media - FSRM\" \/>\n<meta property=\"og:description\" content=\"Communiqu\u00e9 de presse 2025 Communiqu\u00e9 de presse : Changement de direction Photos Conf\u00e9rence publique FSRM d&#8217;Alexandre Pauchard, 2021 \u00e0 Microcity Neuch\u00e2tel Conf\u00e9rence publique FSRM du futurologue Simon Johnson et remise du Prix Omega scientifique, May 2018, Microcity, Neuch\u00e2tel Conf\u00e9rence publique FSRM: Swiss Loop et remise du Prix Omega scientifique, juin 2017 \u00e0 Microcity, Neuch\u00e2tel Conf\u00e9rence [&hellip;]\" \/>\n<meta property=\"og:url\" content=\"https:\/\/fsrm.ch\/site\/media\/\" \/>\n<meta property=\"og:site_name\" content=\"FSRM\" \/>\n<meta property=\"article:publisher\" content=\"https:\/\/www.facebook.com\/fsrm.ch\" \/>\n<meta property=\"article:modified_time\" content=\"2025-04-07T09:10:08+00:00\" \/>\n<meta property=\"og:image\" content=\"https:\/\/fsrm.ch\/site\/wp-content\/uploads\/2018\/05\/fsrm_experience-768x357.jpg\" \/>\n<meta name=\"twitter:card\" content=\"summary_large_image\" \/>\n<meta name=\"twitter:label1\" content=\"Est. reading time\" \/>\n\t<meta name=\"twitter:data1\" content=\"1 minute\" \/>\n<script type=\"application\/ld+json\" class=\"yoast-schema-graph\">{\"@context\":\"https:\/\/schema.org\",\"@graph\":[{\"@type\":\"WebPage\",\"@id\":\"https:\/\/fsrm.ch\/site\/media\/\",\"url\":\"https:\/\/fsrm.ch\/site\/media\/\",\"name\":\"media - FSRM\",\"isPartOf\":{\"@id\":\"https:\/\/fsrm.ch\/site\/#website\"},\"primaryImageOfPage\":{\"@id\":\"https:\/\/fsrm.ch\/site\/media\/#primaryimage\"},\"image\":{\"@id\":\"https:\/\/fsrm.ch\/site\/media\/#primaryimage\"},\"thumbnailUrl\":\"https:\/\/fsrm.ch\/site\/wp-content\/uploads\/2018\/05\/fsrm_experience-768x357.jpg\",\"datePublished\":\"2018-04-18T09:19:03+00:00\",\"dateModified\":\"2025-04-07T09:10:08+00:00\",\"breadcrumb\":{\"@id\":\"https:\/\/fsrm.ch\/site\/media\/#breadcrumb\"},\"inLanguage\":\"en-US\",\"potentialAction\":[{\"@type\":\"ReadAction\",\"target\":[\"https:\/\/fsrm.ch\/site\/media\/\"]}]},{\"@type\":\"ImageObject\",\"inLanguage\":\"en-US\",\"@id\":\"https:\/\/fsrm.ch\/site\/media\/#primaryimage\",\"url\":\"https:\/\/fsrm.ch\/site\/wp-content\/uploads\/2018\/05\/fsrm_experience.jpg\",\"contentUrl\":\"https:\/\/fsrm.ch\/site\/wp-content\/uploads\/2018\/05\/fsrm_experience.jpg\",\"width\":1441,\"height\":669},{\"@type\":\"BreadcrumbList\",\"@id\":\"https:\/\/fsrm.ch\/site\/media\/#breadcrumb\",\"itemListElement\":[{\"@type\":\"ListItem\",\"position\":1,\"name\":\"Home\",\"item\":\"https:\/\/fsrm.ch\/site\/\"},{\"@type\":\"ListItem\",\"position\":2,\"name\":\"media\"}]},{\"@type\":\"WebSite\",\"@id\":\"https:\/\/fsrm.ch\/site\/#website\",\"url\":\"https:\/\/fsrm.ch\/site\/\",\"name\":\"FSRM\",\"description\":\"Formation continue, cours de perfectionnement professionnel et organisation d&#039;\u00e9v\u00e9nements.\",\"publisher\":{\"@id\":\"https:\/\/fsrm.ch\/site\/#organization\"},\"potentialAction\":[{\"@type\":\"SearchAction\",\"target\":{\"@type\":\"EntryPoint\",\"urlTemplate\":\"https:\/\/fsrm.ch\/site\/?s={search_term_string}\"},\"query-input\":{\"@type\":\"PropertyValueSpecification\",\"valueRequired\":true,\"valueName\":\"search_term_string\"}}],\"inLanguage\":\"en-US\"},{\"@type\":\"Organization\",\"@id\":\"https:\/\/fsrm.ch\/site\/#organization\",\"name\":\"FSRM\",\"url\":\"https:\/\/fsrm.ch\/site\/\",\"logo\":{\"@type\":\"ImageObject\",\"inLanguage\":\"en-US\",\"@id\":\"https:\/\/fsrm.ch\/site\/#\/schema\/logo\/image\/\",\"url\":\"https:\/\/fsrm.ch\/site\/wp-content\/uploads\/2025\/05\/fsrm-logo.png\",\"contentUrl\":\"https:\/\/fsrm.ch\/site\/wp-content\/uploads\/2025\/05\/fsrm-logo.png\",\"width\":1000,\"height\":539,\"caption\":\"FSRM\"},\"image\":{\"@id\":\"https:\/\/fsrm.ch\/site\/#\/schema\/logo\/image\/\"},\"sameAs\":[\"https:\/\/www.facebook.com\/fsrm.ch\",\"https:\/\/www.linkedin.com\/company\/fsrm-swiss-foundation-for-research-in-microtechnology\",\"https:\/\/www.youtube.com\/user\/fsrmch\"]}]}<\/script>\n<!-- \/ Yoast SEO plugin. -->","yoast_head_json":{"title":"media - FSRM","robots":{"index":"index","follow":"follow","max-snippet":"max-snippet:-1","max-image-preview":"max-image-preview:large","max-video-preview":"max-video-preview:-1"},"canonical":"https:\/\/fsrm.ch\/site\/media\/","og_locale":"en_US","og_type":"article","og_title":"media - FSRM","og_description":"Communiqu\u00e9 de presse 2025 Communiqu\u00e9 de presse : Changement de direction Photos Conf\u00e9rence publique FSRM d&#8217;Alexandre Pauchard, 2021 \u00e0 Microcity Neuch\u00e2tel Conf\u00e9rence publique FSRM du futurologue Simon Johnson et remise du Prix Omega scientifique, May 2018, Microcity, Neuch\u00e2tel Conf\u00e9rence publique FSRM: Swiss Loop et remise du Prix Omega scientifique, juin 2017 \u00e0 Microcity, Neuch\u00e2tel Conf\u00e9rence [&hellip;]","og_url":"https:\/\/fsrm.ch\/site\/media\/","og_site_name":"FSRM","article_publisher":"https:\/\/www.facebook.com\/fsrm.ch","article_modified_time":"2025-04-07T09:10:08+00:00","og_image":[{"url":"https:\/\/fsrm.ch\/site\/wp-content\/uploads\/2018\/05\/fsrm_experience-768x357.jpg","type":"","width":"","height":""}],"twitter_card":"summary_large_image","twitter_misc":{"Est. reading time":"1 minute"},"schema":{"@context":"https:\/\/schema.org","@graph":[{"@type":"WebPage","@id":"https:\/\/fsrm.ch\/site\/media\/","url":"https:\/\/fsrm.ch\/site\/media\/","name":"media - FSRM","isPartOf":{"@id":"https:\/\/fsrm.ch\/site\/#website"},"primaryImageOfPage":{"@id":"https:\/\/fsrm.ch\/site\/media\/#primaryimage"},"image":{"@id":"https:\/\/fsrm.ch\/site\/media\/#primaryimage"},"thumbnailUrl":"https:\/\/fsrm.ch\/site\/wp-content\/uploads\/2018\/05\/fsrm_experience-768x357.jpg","datePublished":"2018-04-18T09:19:03+00:00","dateModified":"2025-04-07T09:10:08+00:00","breadcrumb":{"@id":"https:\/\/fsrm.ch\/site\/media\/#breadcrumb"},"inLanguage":"en-US","potentialAction":[{"@type":"ReadAction","target":["https:\/\/fsrm.ch\/site\/media\/"]}]},{"@type":"ImageObject","inLanguage":"en-US","@id":"https:\/\/fsrm.ch\/site\/media\/#primaryimage","url":"https:\/\/fsrm.ch\/site\/wp-content\/uploads\/2018\/05\/fsrm_experience.jpg","contentUrl":"https:\/\/fsrm.ch\/site\/wp-content\/uploads\/2018\/05\/fsrm_experience.jpg","width":1441,"height":669},{"@type":"BreadcrumbList","@id":"https:\/\/fsrm.ch\/site\/media\/#breadcrumb","itemListElement":[{"@type":"ListItem","position":1,"name":"Home","item":"https:\/\/fsrm.ch\/site\/"},{"@type":"ListItem","position":2,"name":"media"}]},{"@type":"WebSite","@id":"https:\/\/fsrm.ch\/site\/#website","url":"https:\/\/fsrm.ch\/site\/","name":"FSRM","description":"Formation continue, cours de perfectionnement professionnel et organisation d&#039;\u00e9v\u00e9nements.","publisher":{"@id":"https:\/\/fsrm.ch\/site\/#organization"},"potentialAction":[{"@type":"SearchAction","target":{"@type":"EntryPoint","urlTemplate":"https:\/\/fsrm.ch\/site\/?s={search_term_string}"},"query-input":{"@type":"PropertyValueSpecification","valueRequired":true,"valueName":"search_term_string"}}],"inLanguage":"en-US"},{"@type":"Organization","@id":"https:\/\/fsrm.ch\/site\/#organization","name":"FSRM","url":"https:\/\/fsrm.ch\/site\/","logo":{"@type":"ImageObject","inLanguage":"en-US","@id":"https:\/\/fsrm.ch\/site\/#\/schema\/logo\/image\/","url":"https:\/\/fsrm.ch\/site\/wp-content\/uploads\/2025\/05\/fsrm-logo.png","contentUrl":"https:\/\/fsrm.ch\/site\/wp-content\/uploads\/2025\/05\/fsrm-logo.png","width":1000,"height":539,"caption":"FSRM"},"image":{"@id":"https:\/\/fsrm.ch\/site\/#\/schema\/logo\/image\/"},"sameAs":["https:\/\/www.facebook.com\/fsrm.ch","https:\/\/www.linkedin.com\/company\/fsrm-swiss-foundation-for-research-in-microtechnology","https:\/\/www.youtube.com\/user\/fsrmch"]}]}},"_links":{"self":[{"href":"https:\/\/fsrm.ch\/site\/wp-json\/wp\/v2\/pages\/292","targetHints":{"allow":["GET"]}}],"collection":[{"href":"https:\/\/fsrm.ch\/site\/wp-json\/wp\/v2\/pages"}],"about":[{"href":"https:\/\/fsrm.ch\/site\/wp-json\/wp\/v2\/types\/page"}],"author":[{"embeddable":true,"href":"https:\/\/fsrm.ch\/site\/wp-json\/wp\/v2\/users\/3"}],"replies":[{"embeddable":true,"href":"https:\/\/fsrm.ch\/site\/wp-json\/wp\/v2\/comments?post=292"}],"version-history":[{"count":97,"href":"https:\/\/fsrm.ch\/site\/wp-json\/wp\/v2\/pages\/292\/revisions"}],"predecessor-version":[{"id":8344,"href":"https:\/\/fsrm.ch\/site\/wp-json\/wp\/v2\/pages\/292\/revisions\/8344"}],"wp:attachment":[{"href":"https:\/\/fsrm.ch\/site\/wp-json\/wp\/v2\/media?parent=292"}],"curies":[{"name":"wp","href":"https:\/\/api.w.org\/{rel}","templated":true}]}}