{"id":313,"date":"2018-04-18T09:34:15","date_gmt":"2018-04-18T09:34:15","guid":{"rendered":"http:\/\/fsrm.ch\/site\/?page_id=313"},"modified":"2024-10-31T09:28:36","modified_gmt":"2024-10-31T09:28:36","slug":"information-generale","status":"publish","type":"page","link":"https:\/\/fsrm.ch\/site\/information-generale\/","title":{"rendered":"information g\u00e9n\u00e9rale"},"content":{"rendered":"\t\t<div data-elementor-type=\"wp-post\" data-elementor-id=\"313\" class=\"elementor elementor-313\" data-elementor-post-type=\"page\">\n\t\t\t\t\t\t<section class=\"elementor-section elementor-top-section elementor-element elementor-element-6b3f888d elementor-section-stretched elementor-section-full_width elementor-section-content-middle elementor-section-height-default elementor-section-height-default\" data-id=\"6b3f888d\" data-element_type=\"section\" data-settings=\"{&quot;stretch_section&quot;:&quot;section-stretched&quot;}\">\n\t\t\t\t\t\t<div class=\"elementor-container elementor-column-gap-default\">\n\t\t\t\t\t<div class=\"elementor-column elementor-col-100 elementor-top-column elementor-element elementor-element-8cb0cc6\" data-id=\"8cb0cc6\" data-element_type=\"column\" data-settings=\"{&quot;background_background&quot;:&quot;classic&quot;}\">\n\t\t\t<div class=\"elementor-widget-wrap elementor-element-populated\">\n\t\t\t\t\t\t<div class=\"elementor-element elementor-element-bbf4491 elementor-widget elementor-widget-image\" data-id=\"bbf4491\" data-element_type=\"widget\" data-widget_type=\"image.default\">\n\t\t\t\t<div class=\"elementor-widget-container\">\n\t\t\t\t\t\t\t\t\t\t\t\t\t\t\t<img fetchpriority=\"high\" decoding=\"async\" width=\"768\" height=\"357\" src=\"https:\/\/fsrm.ch\/site\/wp-content\/uploads\/2018\/06\/Cours_Tablette-768x357.jpg\" class=\"attachment-medium_large size-medium_large wp-image-1459\" alt=\"\" srcset=\"https:\/\/fsrm.ch\/site\/wp-content\/uploads\/2018\/06\/Cours_Tablette-768x357.jpg 768w, https:\/\/fsrm.ch\/site\/wp-content\/uploads\/2018\/06\/Cours_Tablette-300x139.jpg 300w, https:\/\/fsrm.ch\/site\/wp-content\/uploads\/2018\/06\/Cours_Tablette-1024x475.jpg 1024w, https:\/\/fsrm.ch\/site\/wp-content\/uploads\/2018\/06\/Cours_Tablette.jpg 1441w\" sizes=\"(max-width: 768px) 100vw, 768px\" \/>\t\t\t\t\t\t\t\t\t\t\t\t\t\t\t<\/div>\n\t\t\t\t<\/div>\n\t\t\t\t\t<\/div>\n\t\t<\/div>\n\t\t\t\t\t<\/div>\n\t\t<\/section>\n\t\t\t\t<section class=\"elementor-section elementor-top-section elementor-element elementor-element-480952d4 elementor-section-stretched elementor-section-content-middle elementor-section-boxed elementor-section-height-default elementor-section-height-default\" data-id=\"480952d4\" data-element_type=\"section\" data-settings=\"{&quot;stretch_section&quot;:&quot;section-stretched&quot;}\">\n\t\t\t\t\t\t<div class=\"elementor-container elementor-column-gap-default\">\n\t\t\t\t\t<div class=\"elementor-column elementor-col-100 elementor-top-column elementor-element elementor-element-342cec6a\" data-id=\"342cec6a\" data-element_type=\"column\">\n\t\t\t<div class=\"elementor-widget-wrap elementor-element-populated\">\n\t\t\t\t\t\t<div class=\"elementor-element elementor-element-41715945 elementor-widget elementor-widget-heading\" data-id=\"41715945\" data-element_type=\"widget\" data-widget_type=\"heading.default\">\n\t\t\t\t<div class=\"elementor-widget-container\">\n\t\t\t\t\t<h2 class=\"elementor-heading-title elementor-size-default\">information g\u00e9n\u00e9rale<\/h2>\t\t\t\t<\/div>\n\t\t\t\t<\/div>\n\t\t\t\t<div class=\"elementor-element elementor-element-5255160 elementor-widget elementor-widget-heading\" data-id=\"5255160\" data-element_type=\"widget\" data-widget_type=\"heading.default\">\n\t\t\t\t<div class=\"elementor-widget-container\">\n\t\t\t\t\t<h2 class=\"elementor-heading-title elementor-size-default\">150 sujets de cours<\/h2>\t\t\t\t<\/div>\n\t\t\t\t<\/div>\n\t\t\t\t<div class=\"elementor-element elementor-element-7bdeae81 elementor-widget elementor-widget-text-editor\" data-id=\"7bdeae81\" data-element_type=\"widget\" data-widget_type=\"text-editor.default\">\n\t\t\t\t<div class=\"elementor-widget-container\">\n\t\t\t\t\t\t\t\t\t<p>La FSRM propose des cours en fran\u00e7ais, allemand et anglais dans les domaines suivants :<\/p><p>\u2013 Gestion \/ Management<\/p><p>&#8211; D\u00e9veloppement de produits \/ Innovation<\/p><p>&#8211; Normes \/ Qualit\u00e9 \/ Environnement<\/p><p>&#8211; Micro et Nano Technologies<\/p><p>&#8211; Proc\u00e9d\u00e9s de fabrication \/ Microfabrication<\/p><p>&#8211; Mesures \/ Capteurs \/ Actionneurs<\/p><p>&#8211; Dispositifs m\u00e9dicaux<\/p><p>&#8211; Mat\u00e9riaux<\/p><p>&#8211; Production<\/p><p>&#8211; Electronique<\/p><p>&#8211; Lean Management<\/p><p>&#8211; Horlogerie<\/p><p>&#8211; Industrie 4.0<\/p><p><a href=\"http:\/\/www.fsrm.ch\/f\/formAgenda.php\"><strong>&gt; <\/strong><\/a><span style=\"text-decoration: underline;\"><a href=\"http:\/\/www.fsrm.ch\/f\/formAgenda.php\"><strong>Agenda<\/strong><\/a><\/span> des cours.<\/p>\t\t\t\t\t\t\t\t<\/div>\n\t\t\t\t<\/div>\n\t\t\t\t<div class=\"elementor-element elementor-element-1d60bf4 elementor-widget elementor-widget-heading\" data-id=\"1d60bf4\" data-element_type=\"widget\" data-widget_type=\"heading.default\">\n\t\t\t\t<div class=\"elementor-widget-container\">\n\t\t\t\t\t<h2 class=\"elementor-heading-title elementor-size-default\">Des cours pour les entreprises<\/h2>\t\t\t\t<\/div>\n\t\t\t\t<\/div>\n\t\t\t\t<div class=\"elementor-element elementor-element-e2021e5 elementor-widget elementor-widget-text-editor\" data-id=\"e2021e5\" data-element_type=\"widget\" data-widget_type=\"text-editor.default\">\n\t\t\t\t<div class=\"elementor-widget-container\">\n\t\t\t\t\t\t\t\t\t<p style=\"text-align: left;\">Au fil des ann\u00e9es, plus de 20&#8217;000 ing\u00e9nieurs et techniciens, dont 80% du milieu industriel, se sont perfectionn\u00e9s \u00e0 la FSRM. Les entreprises appr\u00e9cient particuli\u00e8rement l&#8217;approche pratique et la dur\u00e9e limit\u00e9e \u00e0 un ou deux jours des cours FSRM. Ceux-ci peuvent aussi \u00eatre donn\u00e9s en entreprise ou con\u00e7us sur mesure. <span style=\"text-decoration: underline;\"><a href=\"mailto: fsrm@fsrm.ch\" target=\"_blank\" rel=\"noopener\"><strong>Contactez-nous<\/strong><\/a><\/span> pour une offre sans engagement.<\/p>\t\t\t\t\t\t\t\t<\/div>\n\t\t\t\t<\/div>\n\t\t\t\t<div class=\"elementor-element elementor-element-7ac06631 elementor-widget elementor-widget-heading\" data-id=\"7ac06631\" data-element_type=\"widget\" data-widget_type=\"heading.default\">\n\t\t\t\t<div class=\"elementor-widget-container\">\n\t\t\t\t\t<h2 class=\"elementor-heading-title elementor-size-default\">Un vaste r\u00e9seau d'enseignants<\/h2>\t\t\t\t<\/div>\n\t\t\t\t<\/div>\n\t\t\t\t<div class=\"elementor-element elementor-element-7653cf83 elementor-widget elementor-widget-text-editor\" data-id=\"7653cf83\" data-element_type=\"widget\" data-widget_type=\"text-editor.default\">\n\t\t\t\t<div class=\"elementor-widget-container\">\n\t\t\t\t\t\t\t\t\t<p style=\"text-align: left;\">Quelques 200 sp\u00e9cialistes assurent le haut niveau de qualit\u00e9 des cours FSRM. Ces enseignants, issus tant de l&#8217;industrie que de la recherche et de l&#8217;enseignement, apportent des connaissances directement utiles dans la pratique.<\/p>\t\t\t\t\t\t\t\t<\/div>\n\t\t\t\t<\/div>\n\t\t\t\t<div class=\"elementor-element elementor-element-24c5f8f elementor-widget elementor-widget-heading\" data-id=\"24c5f8f\" data-element_type=\"widget\" data-widget_type=\"heading.default\">\n\t\t\t\t<div class=\"elementor-widget-container\">\n\t\t\t\t\t<h2 class=\"elementor-heading-title elementor-size-default\">Expertise en formation<\/h2>\t\t\t\t<\/div>\n\t\t\t\t<\/div>\n\t\t\t\t<div class=\"elementor-element elementor-element-33f9ad4 elementor-widget elementor-widget-text-editor\" data-id=\"33f9ad4\" data-element_type=\"widget\" data-widget_type=\"text-editor.default\">\n\t\t\t\t<div class=\"elementor-widget-container\">\n\t\t\t\t\t\t\t\t\t<p style=\"text-align: left;\">L&#8217;expertise de la FSRM en formation lui permet d&#8217;intervenir comme partenaire dans plusieurs projets europ\u00e9ens. Elle y organise, par exemple, des semaines de formation et est responsable de la communication et de la diss\u00e9mination des r\u00e9sultats de recherche. <span style=\"text-decoration: underline;\"><a href=\"https:\/\/fsrm.ch\/site\/index.php\/dissemination-2\/\" target=\"_blank\" rel=\"noopener\"><strong>Plus d&#8217;informations<\/strong><\/a>.<\/span><\/p>\t\t\t\t\t\t\t\t<\/div>\n\t\t\t\t<\/div>\n\t\t\t\t<div class=\"elementor-element elementor-element-da6b067 elementor-widget elementor-widget-heading\" data-id=\"da6b067\" data-element_type=\"widget\" data-widget_type=\"heading.default\">\n\t\t\t\t<div class=\"elementor-widget-container\">\n\t\t\t\t\t<h2 class=\"elementor-heading-title elementor-size-default\">Public cible<\/h2>\t\t\t\t<\/div>\n\t\t\t\t<\/div>\n\t\t\t\t<div class=\"elementor-element elementor-element-d9d00dc elementor-widget elementor-widget-text-editor\" data-id=\"d9d00dc\" data-element_type=\"widget\" data-widget_type=\"text-editor.default\">\n\t\t\t\t<div class=\"elementor-widget-container\">\n\t\t\t\t\t\t\t\t\t<p style=\"text-align: left;\">Les cours techniques de la FSRM s\u2019adressent \u00e0 des ing\u00e9nieurs et techniciens.<br \/>Les cours de gestion et de management s\u2019adressent \u00e0 tout professionnel int\u00e9ress\u00e9 par la th\u00e9matique.<br \/>Des informations plus d\u00e9taill\u00e9es se trouvent sur la page de description de chaque cours.<\/p>\t\t\t\t\t\t\t\t<\/div>\n\t\t\t\t<\/div>\n\t\t\t\t<div class=\"elementor-element elementor-element-71b9997 elementor-widget elementor-widget-heading\" data-id=\"71b9997\" data-element_type=\"widget\" data-widget_type=\"heading.default\">\n\t\t\t\t<div class=\"elementor-widget-container\">\n\t\t\t\t\t<h2 class=\"elementor-heading-title elementor-size-default\">Qualit\u00e9<\/h2>\t\t\t\t<\/div>\n\t\t\t\t<\/div>\n\t\t\t\t<div class=\"elementor-element elementor-element-a755fda elementor-widget elementor-widget-text-editor\" data-id=\"a755fda\" data-element_type=\"widget\" data-widget_type=\"text-editor.default\">\n\t\t\t\t<div class=\"elementor-widget-container\">\n\t\t\t\t\t\t\t\t\t<p>La qualit\u00e9 des cours de la FSRM est garantie par un suivi r\u00e9gulier des <span style=\"text-decoration: underline;\"><a href=\"https:\/\/fsrm.ch\/site\/exigences-qualite\/\" target=\"_blank\" rel=\"noopener\"><strong>exigences de qualit\u00e9<\/strong><\/a><\/span> par la direction.<\/p>\t\t\t\t\t\t\t\t<\/div>\n\t\t\t\t<\/div>\n\t\t\t\t\t<\/div>\n\t\t<\/div>\n\t\t\t\t\t<\/div>\n\t\t<\/section>\n\t\t\t\t<\/div>\n\t\t","protected":false},"excerpt":{"rendered":"<p>information g\u00e9n\u00e9rale 150 sujets de cours La FSRM propose des cours en fran\u00e7ais, allemand et anglais dans les domaines suivants : \u2013 Gestion \/ Management &#8211; D\u00e9veloppement de produits \/ Innovation &#8211; Normes \/ Qualit\u00e9 \/ Environnement &#8211; Micro et Nano Technologies &#8211; Proc\u00e9d\u00e9s de fabrication \/ Microfabrication &#8211; Mesures \/ Capteurs \/ Actionneurs &#8211; [&hellip;]<\/p>\n","protected":false},"author":3,"featured_media":0,"parent":0,"menu_order":0,"comment_status":"closed","ping_status":"closed","template":"","meta":{"footnotes":""},"class_list":["post-313","page","type-page","status-publish","hentry"],"yoast_head":"<!-- This site is optimized with the Yoast SEO plugin v25.4 - https:\/\/yoast.com\/wordpress\/plugins\/seo\/ -->\n<title>information g\u00e9n\u00e9rale - FSRM<\/title>\n<meta name=\"robots\" content=\"index, follow, max-snippet:-1, max-image-preview:large, max-video-preview:-1\" \/>\n<link rel=\"canonical\" href=\"https:\/\/fsrm.ch\/site\/information-generale\/\" \/>\n<meta property=\"og:locale\" content=\"en_US\" \/>\n<meta property=\"og:type\" content=\"article\" \/>\n<meta property=\"og:title\" content=\"information g\u00e9n\u00e9rale - FSRM\" \/>\n<meta property=\"og:description\" content=\"information g\u00e9n\u00e9rale 150 sujets de cours La FSRM propose des cours en fran\u00e7ais, allemand et anglais dans les domaines suivants : \u2013 Gestion \/ Management &#8211; D\u00e9veloppement de produits \/ Innovation &#8211; Normes \/ Qualit\u00e9 \/ Environnement &#8211; Micro et Nano Technologies &#8211; Proc\u00e9d\u00e9s de fabrication \/ Microfabrication &#8211; Mesures \/ Capteurs \/ Actionneurs &#8211; [&hellip;]\" \/>\n<meta property=\"og:url\" content=\"https:\/\/fsrm.ch\/site\/information-generale\/\" \/>\n<meta property=\"og:site_name\" content=\"FSRM\" \/>\n<meta property=\"article:publisher\" content=\"https:\/\/www.facebook.com\/fsrm.ch\" \/>\n<meta property=\"article:modified_time\" content=\"2024-10-31T09:28:36+00:00\" \/>\n<meta property=\"og:image\" content=\"https:\/\/fsrm.ch\/site\/wp-content\/uploads\/2018\/06\/Cours_Tablette-768x357.jpg\" \/>\n<meta name=\"twitter:card\" content=\"summary_large_image\" \/>\n<meta name=\"twitter:label1\" content=\"Est. reading time\" \/>\n\t<meta name=\"twitter:data1\" content=\"1 minute\" \/>\n<script type=\"application\/ld+json\" class=\"yoast-schema-graph\">{\"@context\":\"https:\/\/schema.org\",\"@graph\":[{\"@type\":\"WebPage\",\"@id\":\"https:\/\/fsrm.ch\/site\/information-generale\/\",\"url\":\"https:\/\/fsrm.ch\/site\/information-generale\/\",\"name\":\"information g\u00e9n\u00e9rale - FSRM\",\"isPartOf\":{\"@id\":\"https:\/\/fsrm.ch\/site\/#website\"},\"primaryImageOfPage\":{\"@id\":\"https:\/\/fsrm.ch\/site\/information-generale\/#primaryimage\"},\"image\":{\"@id\":\"https:\/\/fsrm.ch\/site\/information-generale\/#primaryimage\"},\"thumbnailUrl\":\"https:\/\/fsrm.ch\/site\/wp-content\/uploads\/2018\/06\/Cours_Tablette-768x357.jpg\",\"datePublished\":\"2018-04-18T09:34:15+00:00\",\"dateModified\":\"2024-10-31T09:28:36+00:00\",\"breadcrumb\":{\"@id\":\"https:\/\/fsrm.ch\/site\/information-generale\/#breadcrumb\"},\"inLanguage\":\"en-US\",\"potentialAction\":[{\"@type\":\"ReadAction\",\"target\":[\"https:\/\/fsrm.ch\/site\/information-generale\/\"]}]},{\"@type\":\"ImageObject\",\"inLanguage\":\"en-US\",\"@id\":\"https:\/\/fsrm.ch\/site\/information-generale\/#primaryimage\",\"url\":\"https:\/\/fsrm.ch\/site\/wp-content\/uploads\/2018\/06\/Cours_Tablette.jpg\",\"contentUrl\":\"https:\/\/fsrm.ch\/site\/wp-content\/uploads\/2018\/06\/Cours_Tablette.jpg\",\"width\":1441,\"height\":669},{\"@type\":\"BreadcrumbList\",\"@id\":\"https:\/\/fsrm.ch\/site\/information-generale\/#breadcrumb\",\"itemListElement\":[{\"@type\":\"ListItem\",\"position\":1,\"name\":\"Home\",\"item\":\"https:\/\/fsrm.ch\/site\/\"},{\"@type\":\"ListItem\",\"position\":2,\"name\":\"information g\u00e9n\u00e9rale\"}]},{\"@type\":\"WebSite\",\"@id\":\"https:\/\/fsrm.ch\/site\/#website\",\"url\":\"https:\/\/fsrm.ch\/site\/\",\"name\":\"FSRM\",\"description\":\"Formation continue, cours de perfectionnement professionnel et organisation d&#039;\u00e9v\u00e9nements.\",\"publisher\":{\"@id\":\"https:\/\/fsrm.ch\/site\/#organization\"},\"potentialAction\":[{\"@type\":\"SearchAction\",\"target\":{\"@type\":\"EntryPoint\",\"urlTemplate\":\"https:\/\/fsrm.ch\/site\/?s={search_term_string}\"},\"query-input\":{\"@type\":\"PropertyValueSpecification\",\"valueRequired\":true,\"valueName\":\"search_term_string\"}}],\"inLanguage\":\"en-US\"},{\"@type\":\"Organization\",\"@id\":\"https:\/\/fsrm.ch\/site\/#organization\",\"name\":\"FSRM\",\"url\":\"https:\/\/fsrm.ch\/site\/\",\"logo\":{\"@type\":\"ImageObject\",\"inLanguage\":\"en-US\",\"@id\":\"https:\/\/fsrm.ch\/site\/#\/schema\/logo\/image\/\",\"url\":\"https:\/\/fsrm.ch\/site\/wp-content\/uploads\/2025\/05\/fsrm-logo.png\",\"contentUrl\":\"https:\/\/fsrm.ch\/site\/wp-content\/uploads\/2025\/05\/fsrm-logo.png\",\"width\":1000,\"height\":539,\"caption\":\"FSRM\"},\"image\":{\"@id\":\"https:\/\/fsrm.ch\/site\/#\/schema\/logo\/image\/\"},\"sameAs\":[\"https:\/\/www.facebook.com\/fsrm.ch\",\"https:\/\/www.linkedin.com\/company\/fsrm-swiss-foundation-for-research-in-microtechnology\",\"https:\/\/www.youtube.com\/user\/fsrmch\"]}]}<\/script>\n<!-- \/ Yoast SEO plugin. -->","yoast_head_json":{"title":"information g\u00e9n\u00e9rale - FSRM","robots":{"index":"index","follow":"follow","max-snippet":"max-snippet:-1","max-image-preview":"max-image-preview:large","max-video-preview":"max-video-preview:-1"},"canonical":"https:\/\/fsrm.ch\/site\/information-generale\/","og_locale":"en_US","og_type":"article","og_title":"information g\u00e9n\u00e9rale - FSRM","og_description":"information g\u00e9n\u00e9rale 150 sujets de cours La FSRM propose des cours en fran\u00e7ais, allemand et anglais dans les domaines suivants : \u2013 Gestion \/ Management &#8211; D\u00e9veloppement de produits \/ Innovation &#8211; Normes \/ Qualit\u00e9 \/ Environnement &#8211; Micro et Nano Technologies &#8211; Proc\u00e9d\u00e9s de fabrication \/ Microfabrication &#8211; Mesures \/ Capteurs \/ Actionneurs &#8211; [&hellip;]","og_url":"https:\/\/fsrm.ch\/site\/information-generale\/","og_site_name":"FSRM","article_publisher":"https:\/\/www.facebook.com\/fsrm.ch","article_modified_time":"2024-10-31T09:28:36+00:00","og_image":[{"url":"https:\/\/fsrm.ch\/site\/wp-content\/uploads\/2018\/06\/Cours_Tablette-768x357.jpg","type":"","width":"","height":""}],"twitter_card":"summary_large_image","twitter_misc":{"Est. reading time":"1 minute"},"schema":{"@context":"https:\/\/schema.org","@graph":[{"@type":"WebPage","@id":"https:\/\/fsrm.ch\/site\/information-generale\/","url":"https:\/\/fsrm.ch\/site\/information-generale\/","name":"information g\u00e9n\u00e9rale - FSRM","isPartOf":{"@id":"https:\/\/fsrm.ch\/site\/#website"},"primaryImageOfPage":{"@id":"https:\/\/fsrm.ch\/site\/information-generale\/#primaryimage"},"image":{"@id":"https:\/\/fsrm.ch\/site\/information-generale\/#primaryimage"},"thumbnailUrl":"https:\/\/fsrm.ch\/site\/wp-content\/uploads\/2018\/06\/Cours_Tablette-768x357.jpg","datePublished":"2018-04-18T09:34:15+00:00","dateModified":"2024-10-31T09:28:36+00:00","breadcrumb":{"@id":"https:\/\/fsrm.ch\/site\/information-generale\/#breadcrumb"},"inLanguage":"en-US","potentialAction":[{"@type":"ReadAction","target":["https:\/\/fsrm.ch\/site\/information-generale\/"]}]},{"@type":"ImageObject","inLanguage":"en-US","@id":"https:\/\/fsrm.ch\/site\/information-generale\/#primaryimage","url":"https:\/\/fsrm.ch\/site\/wp-content\/uploads\/2018\/06\/Cours_Tablette.jpg","contentUrl":"https:\/\/fsrm.ch\/site\/wp-content\/uploads\/2018\/06\/Cours_Tablette.jpg","width":1441,"height":669},{"@type":"BreadcrumbList","@id":"https:\/\/fsrm.ch\/site\/information-generale\/#breadcrumb","itemListElement":[{"@type":"ListItem","position":1,"name":"Home","item":"https:\/\/fsrm.ch\/site\/"},{"@type":"ListItem","position":2,"name":"information g\u00e9n\u00e9rale"}]},{"@type":"WebSite","@id":"https:\/\/fsrm.ch\/site\/#website","url":"https:\/\/fsrm.ch\/site\/","name":"FSRM","description":"Formation continue, cours de perfectionnement professionnel et organisation d&#039;\u00e9v\u00e9nements.","publisher":{"@id":"https:\/\/fsrm.ch\/site\/#organization"},"potentialAction":[{"@type":"SearchAction","target":{"@type":"EntryPoint","urlTemplate":"https:\/\/fsrm.ch\/site\/?s={search_term_string}"},"query-input":{"@type":"PropertyValueSpecification","valueRequired":true,"valueName":"search_term_string"}}],"inLanguage":"en-US"},{"@type":"Organization","@id":"https:\/\/fsrm.ch\/site\/#organization","name":"FSRM","url":"https:\/\/fsrm.ch\/site\/","logo":{"@type":"ImageObject","inLanguage":"en-US","@id":"https:\/\/fsrm.ch\/site\/#\/schema\/logo\/image\/","url":"https:\/\/fsrm.ch\/site\/wp-content\/uploads\/2025\/05\/fsrm-logo.png","contentUrl":"https:\/\/fsrm.ch\/site\/wp-content\/uploads\/2025\/05\/fsrm-logo.png","width":1000,"height":539,"caption":"FSRM"},"image":{"@id":"https:\/\/fsrm.ch\/site\/#\/schema\/logo\/image\/"},"sameAs":["https:\/\/www.facebook.com\/fsrm.ch","https:\/\/www.linkedin.com\/company\/fsrm-swiss-foundation-for-research-in-microtechnology","https:\/\/www.youtube.com\/user\/fsrmch"]}]}},"_links":{"self":[{"href":"https:\/\/fsrm.ch\/site\/wp-json\/wp\/v2\/pages\/313","targetHints":{"allow":["GET"]}}],"collection":[{"href":"https:\/\/fsrm.ch\/site\/wp-json\/wp\/v2\/pages"}],"about":[{"href":"https:\/\/fsrm.ch\/site\/wp-json\/wp\/v2\/types\/page"}],"author":[{"embeddable":true,"href":"https:\/\/fsrm.ch\/site\/wp-json\/wp\/v2\/users\/3"}],"replies":[{"embeddable":true,"href":"https:\/\/fsrm.ch\/site\/wp-json\/wp\/v2\/comments?post=313"}],"version-history":[{"count":48,"href":"https:\/\/fsrm.ch\/site\/wp-json\/wp\/v2\/pages\/313\/revisions"}],"predecessor-version":[{"id":6992,"href":"https:\/\/fsrm.ch\/site\/wp-json\/wp\/v2\/pages\/313\/revisions\/6992"}],"wp:attachment":[{"href":"https:\/\/fsrm.ch\/site\/wp-json\/wp\/v2\/media?parent=313"}],"curies":[{"name":"wp","href":"https:\/\/api.w.org\/{rel}","templated":true}]}}