{"id":3779,"date":"2020-07-16T09:20:44","date_gmt":"2020-07-16T09:20:44","guid":{"rendered":"http:\/\/fsrm.ch\/site\/?page_id=3779"},"modified":"2024-08-29T09:00:39","modified_gmt":"2024-08-29T09:00:39","slug":"formats-cours","status":"publish","type":"page","link":"https:\/\/fsrm.ch\/site\/formats-cours\/","title":{"rendered":"Formats de cours"},"content":{"rendered":"\t\t<div data-elementor-type=\"wp-post\" data-elementor-id=\"3779\" class=\"elementor elementor-3779\" data-elementor-post-type=\"page\">\n\t\t\t\t\t\t<section class=\"elementor-section elementor-top-section elementor-element elementor-element-2d2e48f elementor-section-stretched elementor-section-full_width elementor-section-content-middle elementor-section-height-default elementor-section-height-default\" data-id=\"2d2e48f\" data-element_type=\"section\" data-settings=\"{&quot;stretch_section&quot;:&quot;section-stretched&quot;}\">\n\t\t\t\t\t\t<div class=\"elementor-container elementor-column-gap-default\">\n\t\t\t\t\t<div class=\"elementor-column elementor-col-100 elementor-top-column elementor-element elementor-element-48eb0a9\" data-id=\"48eb0a9\" data-element_type=\"column\" data-settings=\"{&quot;background_background&quot;:&quot;classic&quot;}\">\n\t\t\t<div class=\"elementor-widget-wrap elementor-element-populated\">\n\t\t\t\t\t\t<div class=\"elementor-element elementor-element-39a6137 elementor-widget elementor-widget-image\" data-id=\"39a6137\" data-element_type=\"widget\" data-widget_type=\"image.default\">\n\t\t\t\t<div class=\"elementor-widget-container\">\n\t\t\t\t\t\t\t\t\t\t\t\t\t\t\t<img fetchpriority=\"high\" decoding=\"async\" width=\"768\" height=\"357\" src=\"https:\/\/fsrm.ch\/site\/wp-content\/uploads\/2018\/05\/cours_5-1-768x357.jpg\" class=\"attachment-medium_large size-medium_large wp-image-1033\" alt=\"\" srcset=\"https:\/\/fsrm.ch\/site\/wp-content\/uploads\/2018\/05\/cours_5-1-768x357.jpg 768w, https:\/\/fsrm.ch\/site\/wp-content\/uploads\/2018\/05\/cours_5-1-300x139.jpg 300w, https:\/\/fsrm.ch\/site\/wp-content\/uploads\/2018\/05\/cours_5-1-1024x475.jpg 1024w, https:\/\/fsrm.ch\/site\/wp-content\/uploads\/2018\/05\/cours_5-1.jpg 1441w\" sizes=\"(max-width: 768px) 100vw, 768px\" \/>\t\t\t\t\t\t\t\t\t\t\t\t\t\t\t<\/div>\n\t\t\t\t<\/div>\n\t\t\t\t\t<\/div>\n\t\t<\/div>\n\t\t\t\t\t<\/div>\n\t\t<\/section>\n\t\t\t\t<section class=\"elementor-section elementor-top-section elementor-element elementor-element-316be83 elementor-section-boxed elementor-section-height-default elementor-section-height-default\" data-id=\"316be83\" data-element_type=\"section\">\n\t\t\t\t\t\t<div class=\"elementor-container elementor-column-gap-default\">\n\t\t\t\t\t<div class=\"elementor-column elementor-col-100 elementor-top-column elementor-element elementor-element-7e22e304\" data-id=\"7e22e304\" data-element_type=\"column\">\n\t\t\t<div class=\"elementor-widget-wrap elementor-element-populated\">\n\t\t\t\t\t\t<div class=\"elementor-element elementor-element-118eb76 elementor-widget elementor-widget-heading\" data-id=\"118eb76\" data-element_type=\"widget\" data-widget_type=\"heading.default\">\n\t\t\t\t<div class=\"elementor-widget-container\">\n\t\t\t\t\t<h2 class=\"elementor-heading-title elementor-size-default\">Formats de cours<\/h2>\t\t\t\t<\/div>\n\t\t\t\t<\/div>\n\t\t\t\t<div class=\"elementor-element elementor-element-14c070e6 elementor-widget elementor-widget-text-editor\" data-id=\"14c070e6\" data-element_type=\"widget\" data-widget_type=\"text-editor.default\">\n\t\t\t\t<div class=\"elementor-widget-container\">\n\t\t\t\t\t\t\t\t\t<p><\/p>\n<p>(French page only. Seite nur auf Franz\u00f6sisch)<\/p>\n<p>Pour satisfaire au mieux vos besoins, nous avons d\u00e9velopp\u00e9 des cours sous diff\u00e9rents formats.<\/p>\n<p>Vous trouverez les pictogrammes des formats disponibles sur la description de chaque cours.<\/p>\n<p><strong>&gt; Tous les cours peuvent aussi \u00eatre donn\u00e9s <span style=\"text-decoration: underline;\">en entreprise.<\/span> Plus d&#8217;informations<\/strong> <span style=\"text-decoration: underline;\"><strong><a href=\"https:\/\/fsrm.ch\/site\/cours-en-entreprise\/\" target=\"_blank\" rel=\"noopener\">ici<\/a><\/strong>.<\/span><\/p>\n<p>Si vous souhaitez suivre un cours \u00e0 distance par video streaming, veuillez l&#8217;indiquer sur le formulaire d&#8217;inscription sous &#8220;Remarques&#8221;.<\/p>\n<p><\/p>\t\t\t\t\t\t\t\t<\/div>\n\t\t\t\t<\/div>\n\t\t\t\t<div class=\"elementor-element elementor-element-3ff0211 elementor-widget-divider--view-line elementor-widget elementor-widget-divider\" data-id=\"3ff0211\" data-element_type=\"widget\" data-widget_type=\"divider.default\">\n\t\t\t\t<div class=\"elementor-widget-container\">\n\t\t\t\t\t\t\t<div class=\"elementor-divider\">\n\t\t\t<span class=\"elementor-divider-separator\">\n\t\t\t\t\t\t<\/span>\n\t\t<\/div>\n\t\t\t\t\t\t<\/div>\n\t\t\t\t<\/div>\n\t\t\t\t\t<\/div>\n\t\t<\/div>\n\t\t\t\t\t<\/div>\n\t\t<\/section>\n\t\t\t\t<section class=\"elementor-section elementor-top-section elementor-element elementor-element-4313e76 elementor-section-boxed elementor-section-height-default elementor-section-height-default\" data-id=\"4313e76\" data-element_type=\"section\">\n\t\t\t\t\t\t<div class=\"elementor-container elementor-column-gap-default\">\n\t\t\t\t\t<div class=\"elementor-column elementor-col-100 elementor-top-column elementor-element elementor-element-cd7e394\" data-id=\"cd7e394\" data-element_type=\"column\">\n\t\t\t<div class=\"elementor-widget-wrap elementor-element-populated\">\n\t\t\t\t\t\t<div class=\"elementor-element elementor-element-f244f37 elementor-widget elementor-widget-heading\" data-id=\"f244f37\" data-element_type=\"widget\" data-widget_type=\"heading.default\">\n\t\t\t\t<div class=\"elementor-widget-container\">\n\t\t\t\t\t<h2 class=\"elementor-heading-title elementor-size-default\">Cours en salle<\/h2>\t\t\t\t<\/div>\n\t\t\t\t<\/div>\n\t\t\t\t<div class=\"elementor-element elementor-element-52ee458 elementor-widget elementor-widget-image\" data-id=\"52ee458\" data-element_type=\"widget\" data-widget_type=\"image.default\">\n\t\t\t\t<div class=\"elementor-widget-container\">\n\t\t\t\t\t\t\t\t\t\t\t\t\t\t\t<img decoding=\"async\" width=\"60\" height=\"59\" src=\"https:\/\/fsrm.ch\/site\/wp-content\/uploads\/2020\/07\/Picto-salle_noir.png\" class=\"attachment-large size-large wp-image-3785\" alt=\"\" \/>\t\t\t\t\t\t\t\t\t\t\t\t\t\t\t<\/div>\n\t\t\t\t<\/div>\n\t\t\t\t<div class=\"elementor-element elementor-element-4c55477 elementor-widget elementor-widget-text-editor\" data-id=\"4c55477\" data-element_type=\"widget\" data-widget_type=\"text-editor.default\">\n\t\t\t\t<div class=\"elementor-widget-container\">\n\t\t\t\t\t\t\t\t\t<p>C&#8217;est la forme &#8220;classique&#8221; de nos cours. Le nombre de participants est limit\u00e9 pour permettre un accueil personnalis\u00e9 et pour favoriser les interactions. Le repas de midi dans un bon restaurant est inclus dans le prix. Les \u00e9ventuelles restrictions et recommandations sanitaires sont strictement respect\u00e9es.<\/p>\n<p><img decoding=\"async\" class=\"alignnone size-medium wp-image-5319\" src=\"https:\/\/fsrm.ch\/site\/wp-content\/uploads\/2022\/10\/D850_tedbyrne_FSRM_COURS_20220427_100-300x200.jpg\" alt=\"\" width=\"300\" height=\"200\" srcset=\"https:\/\/fsrm.ch\/site\/wp-content\/uploads\/2022\/10\/D850_tedbyrne_FSRM_COURS_20220427_100-300x200.jpg 300w, https:\/\/fsrm.ch\/site\/wp-content\/uploads\/2022\/10\/D850_tedbyrne_FSRM_COURS_20220427_100-1024x683.jpg 1024w, https:\/\/fsrm.ch\/site\/wp-content\/uploads\/2022\/10\/D850_tedbyrne_FSRM_COURS_20220427_100-768x512.jpg 768w, https:\/\/fsrm.ch\/site\/wp-content\/uploads\/2022\/10\/D850_tedbyrne_FSRM_COURS_20220427_100-1536x1024.jpg 1536w, https:\/\/fsrm.ch\/site\/wp-content\/uploads\/2022\/10\/D850_tedbyrne_FSRM_COURS_20220427_100-2048x1365.jpg 2048w\" sizes=\"(max-width: 300px) 100vw, 300px\" \/><\/p>\t\t\t\t\t\t\t\t<\/div>\n\t\t\t\t<\/div>\n\t\t\t\t<div class=\"elementor-element elementor-element-c9c3f16 elementor-widget-divider--view-line elementor-widget elementor-widget-divider\" data-id=\"c9c3f16\" data-element_type=\"widget\" data-widget_type=\"divider.default\">\n\t\t\t\t<div class=\"elementor-widget-container\">\n\t\t\t\t\t\t\t<div class=\"elementor-divider\">\n\t\t\t<span class=\"elementor-divider-separator\">\n\t\t\t\t\t\t<\/span>\n\t\t<\/div>\n\t\t\t\t\t\t<\/div>\n\t\t\t\t<\/div>\n\t\t\t\t<div class=\"elementor-element elementor-element-52ab31f elementor-widget elementor-widget-heading\" data-id=\"52ab31f\" data-element_type=\"widget\" data-widget_type=\"heading.default\">\n\t\t\t\t<div class=\"elementor-widget-container\">\n\t\t\t\t\t<h2 class=\"elementor-heading-title elementor-size-default\">Cours avec acc\u00e8s a distance par video streaming\n<\/h2>\t\t\t\t<\/div>\n\t\t\t\t<\/div>\n\t\t\t\t<div class=\"elementor-element elementor-element-00016c9 elementor-widget elementor-widget-image\" data-id=\"00016c9\" data-element_type=\"widget\" data-widget_type=\"image.default\">\n\t\t\t\t<div class=\"elementor-widget-container\">\n\t\t\t\t\t\t\t\t\t\t\t\t\t\t\t<img loading=\"lazy\" decoding=\"async\" width=\"77\" height=\"59\" src=\"https:\/\/fsrm.ch\/site\/wp-content\/uploads\/2020\/07\/Picto-streaming_noir.png\" class=\"attachment-large size-large wp-image-3786\" alt=\"\" \/>\t\t\t\t\t\t\t\t\t\t\t\t\t\t\t<\/div>\n\t\t\t\t<\/div>\n\t\t\t\t<div class=\"elementor-element elementor-element-9ee52dc elementor-widget elementor-widget-text-editor\" data-id=\"9ee52dc\" data-element_type=\"widget\" data-widget_type=\"text-editor.default\">\n\t\t\t\t<div class=\"elementor-widget-container\">\n\t\t\t\t\t\t\t\t\t<p>C&#8217;est un cours en salle auquel vous pouvez participer en live depuis votre ordinateur. Sur votre \u00e9cran vous verrez la pr\u00e9sentation et l&#8217;enseignant. Vous serez pr\u00e9sent\/e dans la salle via vid\u00e9o sur un \u00e9cran d\u00e9di\u00e9 et vous pourrez intervenir et participer aux discussions comme un participant dans la salle.<\/p>\n<p>C&#8217;est un nouveau format qui permet un maximum d&#8217;interactivit\u00e9 entre les participants en salle et en ligne et l&#8217;enseignant.<\/p>\t\t\t\t\t\t\t\t<\/div>\n\t\t\t\t<\/div>\n\t\t\t\t<div class=\"elementor-element elementor-element-4ca63f3 elementor-widget elementor-widget-image\" data-id=\"4ca63f3\" data-element_type=\"widget\" data-widget_type=\"image.default\">\n\t\t\t\t<div class=\"elementor-widget-container\">\n\t\t\t\t\t\t\t\t\t\t\t\t\t\t\t<img loading=\"lazy\" decoding=\"async\" width=\"300\" height=\"225\" src=\"https:\/\/fsrm.ch\/site\/wp-content\/uploads\/2022\/10\/IMG_9560-300x225.jpg\" class=\"attachment-medium size-medium wp-image-5322\" alt=\"\" srcset=\"https:\/\/fsrm.ch\/site\/wp-content\/uploads\/2022\/10\/IMG_9560-300x225.jpg 300w, https:\/\/fsrm.ch\/site\/wp-content\/uploads\/2022\/10\/IMG_9560-1024x768.jpg 1024w, https:\/\/fsrm.ch\/site\/wp-content\/uploads\/2022\/10\/IMG_9560-768x576.jpg 768w, https:\/\/fsrm.ch\/site\/wp-content\/uploads\/2022\/10\/IMG_9560-1536x1152.jpg 1536w, https:\/\/fsrm.ch\/site\/wp-content\/uploads\/2022\/10\/IMG_9560-2048x1536.jpg 2048w\" sizes=\"(max-width: 300px) 100vw, 300px\" \/>\t\t\t\t\t\t\t\t\t\t\t\t\t\t\t<\/div>\n\t\t\t\t<\/div>\n\t\t\t\t<div class=\"elementor-element elementor-element-c5cf0b7 elementor-widget elementor-widget-text-editor\" data-id=\"c5cf0b7\" data-element_type=\"widget\" data-widget_type=\"text-editor.default\">\n\t\t\t\t<div class=\"elementor-widget-container\">\n\t\t\t\t\t\t\t\t\t<p>Cours avec des participants en salle et \u00e0 distance. La personne externe participe via un \u00e9cran d\u00e9di\u00e9.<\/p>\t\t\t\t\t\t\t\t<\/div>\n\t\t\t\t<\/div>\n\t\t\t\t<div class=\"elementor-element elementor-element-894f4b5 elementor-widget-divider--view-line elementor-widget elementor-widget-divider\" data-id=\"894f4b5\" data-element_type=\"widget\" data-widget_type=\"divider.default\">\n\t\t\t\t<div class=\"elementor-widget-container\">\n\t\t\t\t\t\t\t<div class=\"elementor-divider\">\n\t\t\t<span class=\"elementor-divider-separator\">\n\t\t\t\t\t\t<\/span>\n\t\t<\/div>\n\t\t\t\t\t\t<\/div>\n\t\t\t\t<\/div>\n\t\t\t\t<div class=\"elementor-element elementor-element-0ba06c6 elementor-widget elementor-widget-heading\" data-id=\"0ba06c6\" data-element_type=\"widget\" data-widget_type=\"heading.default\">\n\t\t\t\t<div class=\"elementor-widget-container\">\n\t\t\t\t\t<h2 class=\"elementor-heading-title elementor-size-default\">Cours par visioconf\u00e9rence<\/h2>\t\t\t\t<\/div>\n\t\t\t\t<\/div>\n\t\t\t\t<div class=\"elementor-element elementor-element-7e45914 elementor-widget elementor-widget-image\" data-id=\"7e45914\" data-element_type=\"widget\" data-widget_type=\"image.default\">\n\t\t\t\t<div class=\"elementor-widget-container\">\n\t\t\t\t\t\t\t\t\t\t\t\t\t\t\t<img loading=\"lazy\" decoding=\"async\" width=\"60\" height=\"59\" src=\"https:\/\/fsrm.ch\/site\/wp-content\/uploads\/2020\/07\/Picto-visioconf\u00e9rence_noir.png\" class=\"attachment-large size-large wp-image-3787\" alt=\"\" \/>\t\t\t\t\t\t\t\t\t\t\t\t\t\t\t<\/div>\n\t\t\t\t<\/div>\n\t\t\t\t<div class=\"elementor-element elementor-element-8f9f862 elementor-widget elementor-widget-text-editor\" data-id=\"8f9f862\" data-element_type=\"widget\" data-widget_type=\"text-editor.default\">\n\t\t\t\t<div class=\"elementor-widget-container\">\n\t\t\t\t\t\t\t\t\t<p>Ce sont des modules de cours sp\u00e9cialement con\u00e7us pour la formation en ligne. Ils sont interactifs, donn\u00e9s en direct et durent environ 2 heures. Un cours est compos\u00e9 d&#8217;un ou plusieurs modules. En principe, ces cours sont donn\u00e9s via Zoom. Nous sommes ouverts \u00e0 l&#8217;utilisation d&#8217;autres plateformes si votre entreprise l&#8217;exige.<\/p>\t\t\t\t\t\t\t\t<\/div>\n\t\t\t\t<\/div>\n\t\t\t\t<div class=\"elementor-element elementor-element-c54d716 elementor-widget elementor-widget-image\" data-id=\"c54d716\" data-element_type=\"widget\" data-widget_type=\"image.default\">\n\t\t\t\t<div class=\"elementor-widget-container\">\n\t\t\t\t\t\t\t\t\t\t\t\t\t\t\t<img loading=\"lazy\" decoding=\"async\" width=\"300\" height=\"300\" src=\"https:\/\/fsrm.ch\/site\/wp-content\/uploads\/2020\/07\/2020-05-05-Cours-de-M.-Cover-via-Zoom-300x300.jpeg\" class=\"attachment-medium size-medium wp-image-3790\" alt=\"\" srcset=\"https:\/\/fsrm.ch\/site\/wp-content\/uploads\/2020\/07\/2020-05-05-Cours-de-M.-Cover-via-Zoom-300x300.jpeg 300w, https:\/\/fsrm.ch\/site\/wp-content\/uploads\/2020\/07\/2020-05-05-Cours-de-M.-Cover-via-Zoom-1024x1024.jpeg 1024w, https:\/\/fsrm.ch\/site\/wp-content\/uploads\/2020\/07\/2020-05-05-Cours-de-M.-Cover-via-Zoom-150x150.jpeg 150w, https:\/\/fsrm.ch\/site\/wp-content\/uploads\/2020\/07\/2020-05-05-Cours-de-M.-Cover-via-Zoom-768x768.jpeg 768w, https:\/\/fsrm.ch\/site\/wp-content\/uploads\/2020\/07\/2020-05-05-Cours-de-M.-Cover-via-Zoom-1536x1536.jpeg 1536w, https:\/\/fsrm.ch\/site\/wp-content\/uploads\/2020\/07\/2020-05-05-Cours-de-M.-Cover-via-Zoom-2048x2048.jpeg 2048w\" sizes=\"(max-width: 300px) 100vw, 300px\" \/>\t\t\t\t\t\t\t\t\t\t\t\t\t\t\t<\/div>\n\t\t\t\t<\/div>\n\t\t\t\t<div class=\"elementor-element elementor-element-605c0ab elementor-widget-divider--view-line elementor-widget elementor-widget-divider\" data-id=\"605c0ab\" data-element_type=\"widget\" data-widget_type=\"divider.default\">\n\t\t\t\t<div class=\"elementor-widget-container\">\n\t\t\t\t\t\t\t<div class=\"elementor-divider\">\n\t\t\t<span class=\"elementor-divider-separator\">\n\t\t\t\t\t\t<\/span>\n\t\t<\/div>\n\t\t\t\t\t\t<\/div>\n\t\t\t\t<\/div>\n\t\t\t\t<div class=\"elementor-element elementor-element-50b04ac elementor-widget elementor-widget-heading\" data-id=\"50b04ac\" data-element_type=\"widget\" data-widget_type=\"heading.default\">\n\t\t\t\t<div class=\"elementor-widget-container\">\n\t\t\t\t\t<h2 class=\"elementor-heading-title elementor-size-default\">Cours pr\u00e9-enregistr\u00e9s<\/h2>\t\t\t\t<\/div>\n\t\t\t\t<\/div>\n\t\t\t\t<div class=\"elementor-element elementor-element-61be7ca elementor-widget elementor-widget-image\" data-id=\"61be7ca\" data-element_type=\"widget\" data-widget_type=\"image.default\">\n\t\t\t\t<div class=\"elementor-widget-container\">\n\t\t\t\t\t\t\t\t\t\t\t\t\t\t\t<img loading=\"lazy\" decoding=\"async\" width=\"60\" height=\"59\" src=\"https:\/\/fsrm.ch\/site\/wp-content\/uploads\/2020\/07\/Picto-vim\u00e9o-www_noir.png\" class=\"attachment-large size-large wp-image-3788\" alt=\"\" \/>\t\t\t\t\t\t\t\t\t\t\t\t\t\t\t<\/div>\n\t\t\t\t<\/div>\n\t\t\t\t<div class=\"elementor-element elementor-element-3b17ae1 elementor-widget elementor-widget-text-editor\" data-id=\"3b17ae1\" data-element_type=\"widget\" data-widget_type=\"text-editor.default\">\n\t\t\t\t<div class=\"elementor-widget-container\">\n\t\t\t\t\t\t\t\t\t<p>Il s&#8217;agit de modules bas\u00e9s sur des cours qui ont \u00e9t\u00e9 film\u00e9s pendant qu&#8217;ils ont \u00e9t\u00e9 donn\u00e9s en salle. L&#8217;enregistrement est retravaill\u00e9 et d\u00e9coup\u00e9 en modules d&#8217;environ 1.5 heures. Les modules de cours sont disponibles sur Vimeo.<\/p>\t\t\t\t\t\t\t\t<\/div>\n\t\t\t\t<\/div>\n\t\t\t\t\t<\/div>\n\t\t<\/div>\n\t\t\t\t\t<\/div>\n\t\t<\/section>\n\t\t\t\t<\/div>\n\t\t","protected":false},"excerpt":{"rendered":"<p>Formats de cours (French page only. Seite nur auf Franz\u00f6sisch) Pour satisfaire au mieux vos besoins, nous avons d\u00e9velopp\u00e9 des cours sous diff\u00e9rents formats. Vous trouverez les pictogrammes des formats disponibles sur la description de chaque cours. &gt; Tous les cours peuvent aussi \u00eatre donn\u00e9s en entreprise. Plus d&#8217;informations ici. Si vous souhaitez suivre un [&hellip;]<\/p>\n","protected":false},"author":3,"featured_media":0,"parent":0,"menu_order":0,"comment_status":"closed","ping_status":"closed","template":"","meta":{"footnotes":""},"class_list":["post-3779","page","type-page","status-publish","hentry"],"yoast_head":"<!-- This site is optimized with the Yoast SEO plugin v25.4 - https:\/\/yoast.com\/wordpress\/plugins\/seo\/ -->\n<title>Formats de cours - FSRM<\/title>\n<meta name=\"robots\" content=\"index, follow, max-snippet:-1, max-image-preview:large, max-video-preview:-1\" \/>\n<link rel=\"canonical\" href=\"https:\/\/fsrm.ch\/site\/formats-cours\/\" \/>\n<meta property=\"og:locale\" content=\"en_US\" \/>\n<meta property=\"og:type\" content=\"article\" \/>\n<meta property=\"og:title\" content=\"Formats de cours - FSRM\" \/>\n<meta property=\"og:description\" content=\"Formats de cours (French page only. Seite nur auf Franz\u00f6sisch) Pour satisfaire au mieux vos besoins, nous avons d\u00e9velopp\u00e9 des cours sous diff\u00e9rents formats. Vous trouverez les pictogrammes des formats disponibles sur la description de chaque cours. &gt; Tous les cours peuvent aussi \u00eatre donn\u00e9s en entreprise. Plus d&#8217;informations ici. Si vous souhaitez suivre un [&hellip;]\" \/>\n<meta property=\"og:url\" content=\"https:\/\/fsrm.ch\/site\/formats-cours\/\" \/>\n<meta property=\"og:site_name\" content=\"FSRM\" \/>\n<meta property=\"article:publisher\" content=\"https:\/\/www.facebook.com\/fsrm.ch\" \/>\n<meta property=\"article:modified_time\" content=\"2024-08-29T09:00:39+00:00\" \/>\n<meta property=\"og:image\" content=\"https:\/\/fsrm.ch\/site\/wp-content\/uploads\/2018\/05\/cours_5-1-768x357.jpg\" \/>\n<meta name=\"twitter:card\" content=\"summary_large_image\" \/>\n<meta name=\"twitter:label1\" content=\"Est. reading time\" \/>\n\t<meta name=\"twitter:data1\" content=\"2 minutes\" \/>\n<script type=\"application\/ld+json\" class=\"yoast-schema-graph\">{\"@context\":\"https:\/\/schema.org\",\"@graph\":[{\"@type\":\"WebPage\",\"@id\":\"https:\/\/fsrm.ch\/site\/formats-cours\/\",\"url\":\"https:\/\/fsrm.ch\/site\/formats-cours\/\",\"name\":\"Formats de cours - FSRM\",\"isPartOf\":{\"@id\":\"https:\/\/fsrm.ch\/site\/#website\"},\"primaryImageOfPage\":{\"@id\":\"https:\/\/fsrm.ch\/site\/formats-cours\/#primaryimage\"},\"image\":{\"@id\":\"https:\/\/fsrm.ch\/site\/formats-cours\/#primaryimage\"},\"thumbnailUrl\":\"https:\/\/fsrm.ch\/site\/wp-content\/uploads\/2018\/05\/cours_5-1-768x357.jpg\",\"datePublished\":\"2020-07-16T09:20:44+00:00\",\"dateModified\":\"2024-08-29T09:00:39+00:00\",\"breadcrumb\":{\"@id\":\"https:\/\/fsrm.ch\/site\/formats-cours\/#breadcrumb\"},\"inLanguage\":\"en-US\",\"potentialAction\":[{\"@type\":\"ReadAction\",\"target\":[\"https:\/\/fsrm.ch\/site\/formats-cours\/\"]}]},{\"@type\":\"ImageObject\",\"inLanguage\":\"en-US\",\"@id\":\"https:\/\/fsrm.ch\/site\/formats-cours\/#primaryimage\",\"url\":\"https:\/\/fsrm.ch\/site\/wp-content\/uploads\/2018\/05\/cours_5-1.jpg\",\"contentUrl\":\"https:\/\/fsrm.ch\/site\/wp-content\/uploads\/2018\/05\/cours_5-1.jpg\",\"width\":1441,\"height\":669},{\"@type\":\"BreadcrumbList\",\"@id\":\"https:\/\/fsrm.ch\/site\/formats-cours\/#breadcrumb\",\"itemListElement\":[{\"@type\":\"ListItem\",\"position\":1,\"name\":\"Home\",\"item\":\"https:\/\/fsrm.ch\/site\/\"},{\"@type\":\"ListItem\",\"position\":2,\"name\":\"Formats de cours\"}]},{\"@type\":\"WebSite\",\"@id\":\"https:\/\/fsrm.ch\/site\/#website\",\"url\":\"https:\/\/fsrm.ch\/site\/\",\"name\":\"FSRM\",\"description\":\"Formation continue, cours de perfectionnement professionnel et organisation d&#039;\u00e9v\u00e9nements.\",\"publisher\":{\"@id\":\"https:\/\/fsrm.ch\/site\/#organization\"},\"potentialAction\":[{\"@type\":\"SearchAction\",\"target\":{\"@type\":\"EntryPoint\",\"urlTemplate\":\"https:\/\/fsrm.ch\/site\/?s={search_term_string}\"},\"query-input\":{\"@type\":\"PropertyValueSpecification\",\"valueRequired\":true,\"valueName\":\"search_term_string\"}}],\"inLanguage\":\"en-US\"},{\"@type\":\"Organization\",\"@id\":\"https:\/\/fsrm.ch\/site\/#organization\",\"name\":\"FSRM\",\"url\":\"https:\/\/fsrm.ch\/site\/\",\"logo\":{\"@type\":\"ImageObject\",\"inLanguage\":\"en-US\",\"@id\":\"https:\/\/fsrm.ch\/site\/#\/schema\/logo\/image\/\",\"url\":\"https:\/\/fsrm.ch\/site\/wp-content\/uploads\/2025\/05\/fsrm-logo.png\",\"contentUrl\":\"https:\/\/fsrm.ch\/site\/wp-content\/uploads\/2025\/05\/fsrm-logo.png\",\"width\":1000,\"height\":539,\"caption\":\"FSRM\"},\"image\":{\"@id\":\"https:\/\/fsrm.ch\/site\/#\/schema\/logo\/image\/\"},\"sameAs\":[\"https:\/\/www.facebook.com\/fsrm.ch\",\"https:\/\/www.linkedin.com\/company\/fsrm-swiss-foundation-for-research-in-microtechnology\",\"https:\/\/www.youtube.com\/user\/fsrmch\"]}]}<\/script>\n<!-- \/ Yoast SEO plugin. -->","yoast_head_json":{"title":"Formats de cours - FSRM","robots":{"index":"index","follow":"follow","max-snippet":"max-snippet:-1","max-image-preview":"max-image-preview:large","max-video-preview":"max-video-preview:-1"},"canonical":"https:\/\/fsrm.ch\/site\/formats-cours\/","og_locale":"en_US","og_type":"article","og_title":"Formats de cours - FSRM","og_description":"Formats de cours (French page only. Seite nur auf Franz\u00f6sisch) Pour satisfaire au mieux vos besoins, nous avons d\u00e9velopp\u00e9 des cours sous diff\u00e9rents formats. Vous trouverez les pictogrammes des formats disponibles sur la description de chaque cours. &gt; Tous les cours peuvent aussi \u00eatre donn\u00e9s en entreprise. Plus d&#8217;informations ici. Si vous souhaitez suivre un [&hellip;]","og_url":"https:\/\/fsrm.ch\/site\/formats-cours\/","og_site_name":"FSRM","article_publisher":"https:\/\/www.facebook.com\/fsrm.ch","article_modified_time":"2024-08-29T09:00:39+00:00","og_image":[{"url":"https:\/\/fsrm.ch\/site\/wp-content\/uploads\/2018\/05\/cours_5-1-768x357.jpg","type":"","width":"","height":""}],"twitter_card":"summary_large_image","twitter_misc":{"Est. reading time":"2 minutes"},"schema":{"@context":"https:\/\/schema.org","@graph":[{"@type":"WebPage","@id":"https:\/\/fsrm.ch\/site\/formats-cours\/","url":"https:\/\/fsrm.ch\/site\/formats-cours\/","name":"Formats de cours - FSRM","isPartOf":{"@id":"https:\/\/fsrm.ch\/site\/#website"},"primaryImageOfPage":{"@id":"https:\/\/fsrm.ch\/site\/formats-cours\/#primaryimage"},"image":{"@id":"https:\/\/fsrm.ch\/site\/formats-cours\/#primaryimage"},"thumbnailUrl":"https:\/\/fsrm.ch\/site\/wp-content\/uploads\/2018\/05\/cours_5-1-768x357.jpg","datePublished":"2020-07-16T09:20:44+00:00","dateModified":"2024-08-29T09:00:39+00:00","breadcrumb":{"@id":"https:\/\/fsrm.ch\/site\/formats-cours\/#breadcrumb"},"inLanguage":"en-US","potentialAction":[{"@type":"ReadAction","target":["https:\/\/fsrm.ch\/site\/formats-cours\/"]}]},{"@type":"ImageObject","inLanguage":"en-US","@id":"https:\/\/fsrm.ch\/site\/formats-cours\/#primaryimage","url":"https:\/\/fsrm.ch\/site\/wp-content\/uploads\/2018\/05\/cours_5-1.jpg","contentUrl":"https:\/\/fsrm.ch\/site\/wp-content\/uploads\/2018\/05\/cours_5-1.jpg","width":1441,"height":669},{"@type":"BreadcrumbList","@id":"https:\/\/fsrm.ch\/site\/formats-cours\/#breadcrumb","itemListElement":[{"@type":"ListItem","position":1,"name":"Home","item":"https:\/\/fsrm.ch\/site\/"},{"@type":"ListItem","position":2,"name":"Formats de cours"}]},{"@type":"WebSite","@id":"https:\/\/fsrm.ch\/site\/#website","url":"https:\/\/fsrm.ch\/site\/","name":"FSRM","description":"Formation continue, cours de perfectionnement professionnel et organisation d&#039;\u00e9v\u00e9nements.","publisher":{"@id":"https:\/\/fsrm.ch\/site\/#organization"},"potentialAction":[{"@type":"SearchAction","target":{"@type":"EntryPoint","urlTemplate":"https:\/\/fsrm.ch\/site\/?s={search_term_string}"},"query-input":{"@type":"PropertyValueSpecification","valueRequired":true,"valueName":"search_term_string"}}],"inLanguage":"en-US"},{"@type":"Organization","@id":"https:\/\/fsrm.ch\/site\/#organization","name":"FSRM","url":"https:\/\/fsrm.ch\/site\/","logo":{"@type":"ImageObject","inLanguage":"en-US","@id":"https:\/\/fsrm.ch\/site\/#\/schema\/logo\/image\/","url":"https:\/\/fsrm.ch\/site\/wp-content\/uploads\/2025\/05\/fsrm-logo.png","contentUrl":"https:\/\/fsrm.ch\/site\/wp-content\/uploads\/2025\/05\/fsrm-logo.png","width":1000,"height":539,"caption":"FSRM"},"image":{"@id":"https:\/\/fsrm.ch\/site\/#\/schema\/logo\/image\/"},"sameAs":["https:\/\/www.facebook.com\/fsrm.ch","https:\/\/www.linkedin.com\/company\/fsrm-swiss-foundation-for-research-in-microtechnology","https:\/\/www.youtube.com\/user\/fsrmch"]}]}},"_links":{"self":[{"href":"https:\/\/fsrm.ch\/site\/wp-json\/wp\/v2\/pages\/3779","targetHints":{"allow":["GET"]}}],"collection":[{"href":"https:\/\/fsrm.ch\/site\/wp-json\/wp\/v2\/pages"}],"about":[{"href":"https:\/\/fsrm.ch\/site\/wp-json\/wp\/v2\/types\/page"}],"author":[{"embeddable":true,"href":"https:\/\/fsrm.ch\/site\/wp-json\/wp\/v2\/users\/3"}],"replies":[{"embeddable":true,"href":"https:\/\/fsrm.ch\/site\/wp-json\/wp\/v2\/comments?post=3779"}],"version-history":[{"count":58,"href":"https:\/\/fsrm.ch\/site\/wp-json\/wp\/v2\/pages\/3779\/revisions"}],"predecessor-version":[{"id":6666,"href":"https:\/\/fsrm.ch\/site\/wp-json\/wp\/v2\/pages\/3779\/revisions\/6666"}],"wp:attachment":[{"href":"https:\/\/fsrm.ch\/site\/wp-json\/wp\/v2\/media?parent=3779"}],"curies":[{"name":"wp","href":"https:\/\/api.w.org\/{rel}","templated":true}]}}