{"id":3987,"date":"2020-11-25T07:46:07","date_gmt":"2020-11-25T07:46:07","guid":{"rendered":"http:\/\/fsrm.ch\/site\/?page_id=3987"},"modified":"2024-10-31T09:21:08","modified_gmt":"2024-10-31T09:21:08","slug":"exigences-qualite","status":"publish","type":"page","link":"https:\/\/fsrm.ch\/site\/exigences-qualite\/","title":{"rendered":"Exigences_qualit\u00e9"},"content":{"rendered":"\t\t<div data-elementor-type=\"wp-post\" data-elementor-id=\"3987\" class=\"elementor elementor-3987\" data-elementor-post-type=\"page\">\n\t\t\t\t\t\t<section class=\"elementor-section elementor-top-section elementor-element elementor-element-d6b6193 elementor-section-boxed elementor-section-height-default elementor-section-height-default\" data-id=\"d6b6193\" data-element_type=\"section\">\n\t\t\t\t\t\t<div class=\"elementor-container elementor-column-gap-default\">\n\t\t\t\t\t<div class=\"elementor-column elementor-col-100 elementor-top-column elementor-element elementor-element-a5d5bb8\" data-id=\"a5d5bb8\" data-element_type=\"column\">\n\t\t\t<div class=\"elementor-widget-wrap elementor-element-populated\">\n\t\t\t\t\t\t<div class=\"elementor-element elementor-element-6e70e5a elementor-widget elementor-widget-heading\" data-id=\"6e70e5a\" data-element_type=\"widget\" data-widget_type=\"heading.default\">\n\t\t\t\t<div class=\"elementor-widget-container\">\n\t\t\t\t\t<h2 class=\"elementor-heading-title elementor-size-default\">Exigences de qualit\u00e9 pour les cours de la FSRM<\/h2>\t\t\t\t<\/div>\n\t\t\t\t<\/div>\n\t\t\t\t\t<\/div>\n\t\t<\/div>\n\t\t\t\t\t<\/div>\n\t\t<\/section>\n\t\t\t\t<section class=\"elementor-section elementor-top-section elementor-element elementor-element-e0a4300 elementor-section-boxed elementor-section-height-default elementor-section-height-default\" data-id=\"e0a4300\" data-element_type=\"section\">\n\t\t\t\t\t\t<div class=\"elementor-container elementor-column-gap-default\">\n\t\t\t\t\t<div class=\"elementor-column elementor-col-100 elementor-top-column elementor-element elementor-element-1a251d4\" data-id=\"1a251d4\" data-element_type=\"column\">\n\t\t\t<div class=\"elementor-widget-wrap elementor-element-populated\">\n\t\t\t\t\t\t<div class=\"elementor-element elementor-element-3735996 elementor-widget elementor-widget-text-editor\" data-id=\"3735996\" data-element_type=\"widget\" data-widget_type=\"text-editor.default\">\n\t\t\t\t<div class=\"elementor-widget-container\">\n\t\t\t\t\t\t\t\t\t<p>La qualit\u00e9 des cours de la FSRM est garantie par un suivi r\u00e9gulier des exigences suivantes par la direction :<\/p><ul><li>Les cours durent 1-2 jours pour limiter le temps d&#8217;absence des participants de leurs places de travail.<\/li><li>Les cours sont totalement ind\u00e9pendants les uns des autres.<\/li><li>Le nombre de participants est limit\u00e9 pour favoriser les \u00e9changes (max. 12-24 participants, selon le cours).<\/li><li>Les enseignants ont une exp\u00e9rience professionnelle confirm\u00e9e.<\/li><li>Les enseignants de la FSRM sont des praticiens avec une tr\u00e8s grande exp\u00e9rience professionnelle. Pour garantir la plus grande flexibilit\u00e9 possible, ils sont libres d&#8217;organiser leur mati\u00e8re et de choisir les moyens techniques les plus adapt\u00e9s au public cible et la mati\u00e8re \u00e0 transmettre.<\/li><li>Le contenu des cours est orient\u00e9 vers la solution de probl\u00e8mes concrets et est directement utilisable dans la pratique.<\/li><li>La FSRM veille \u00e0 cr\u00e9er une atmosph\u00e8re d\u00e9tendue et agr\u00e9able favorisant l&#8217;apprentissage et l&#8217;\u00e9change. Le directeur ou la personne responsable des cours accueillent les participants lors de chaque session et leur adressent un message de bienvenu. Ils sont pr\u00e9sents pendant le repas de midi.<\/li><\/ul>\t\t\t\t\t\t\t\t<\/div>\n\t\t\t\t<\/div>\n\t\t\t\t\t<\/div>\n\t\t<\/div>\n\t\t\t\t\t<\/div>\n\t\t<\/section>\n\t\t\t\t<\/div>\n\t\t","protected":false},"excerpt":{"rendered":"<p>Exigences de qualit\u00e9 pour les cours de la FSRM La qualit\u00e9 des cours de la FSRM est garantie par un suivi r\u00e9gulier des exigences suivantes par la direction : Les cours durent 1-2 jours pour limiter le temps d&#8217;absence des participants de leurs places de travail. Les cours sont totalement ind\u00e9pendants les uns des autres. [&hellip;]<\/p>\n","protected":false},"author":3,"featured_media":0,"parent":0,"menu_order":0,"comment_status":"closed","ping_status":"closed","template":"","meta":{"footnotes":""},"class_list":["post-3987","page","type-page","status-publish","hentry"],"yoast_head":"<!-- This site is optimized with the Yoast SEO plugin v25.4 - https:\/\/yoast.com\/wordpress\/plugins\/seo\/ -->\n<title>Exigences_qualit\u00e9 - FSRM<\/title>\n<meta name=\"robots\" content=\"index, follow, max-snippet:-1, max-image-preview:large, max-video-preview:-1\" \/>\n<link rel=\"canonical\" href=\"https:\/\/fsrm.ch\/site\/exigences-qualite\/\" \/>\n<meta property=\"og:locale\" content=\"en_US\" \/>\n<meta property=\"og:type\" content=\"article\" \/>\n<meta property=\"og:title\" content=\"Exigences_qualit\u00e9 - FSRM\" \/>\n<meta property=\"og:description\" content=\"Exigences de qualit\u00e9 pour les cours de la FSRM La qualit\u00e9 des cours de la FSRM est garantie par un suivi r\u00e9gulier des exigences suivantes par la direction : Les cours durent 1-2 jours pour limiter le temps d&#8217;absence des participants de leurs places de travail. Les cours sont totalement ind\u00e9pendants les uns des autres. [&hellip;]\" \/>\n<meta property=\"og:url\" content=\"https:\/\/fsrm.ch\/site\/exigences-qualite\/\" \/>\n<meta property=\"og:site_name\" content=\"FSRM\" \/>\n<meta property=\"article:publisher\" content=\"https:\/\/www.facebook.com\/fsrm.ch\" \/>\n<meta property=\"article:modified_time\" content=\"2024-10-31T09:21:08+00:00\" \/>\n<meta name=\"twitter:card\" content=\"summary_large_image\" \/>\n<meta name=\"twitter:label1\" content=\"Est. reading time\" \/>\n\t<meta name=\"twitter:data1\" content=\"1 minute\" \/>\n<script type=\"application\/ld+json\" class=\"yoast-schema-graph\">{\"@context\":\"https:\/\/schema.org\",\"@graph\":[{\"@type\":\"WebPage\",\"@id\":\"https:\/\/fsrm.ch\/site\/exigences-qualite\/\",\"url\":\"https:\/\/fsrm.ch\/site\/exigences-qualite\/\",\"name\":\"Exigences_qualit\u00e9 - FSRM\",\"isPartOf\":{\"@id\":\"https:\/\/fsrm.ch\/site\/#website\"},\"datePublished\":\"2020-11-25T07:46:07+00:00\",\"dateModified\":\"2024-10-31T09:21:08+00:00\",\"breadcrumb\":{\"@id\":\"https:\/\/fsrm.ch\/site\/exigences-qualite\/#breadcrumb\"},\"inLanguage\":\"en-US\",\"potentialAction\":[{\"@type\":\"ReadAction\",\"target\":[\"https:\/\/fsrm.ch\/site\/exigences-qualite\/\"]}]},{\"@type\":\"BreadcrumbList\",\"@id\":\"https:\/\/fsrm.ch\/site\/exigences-qualite\/#breadcrumb\",\"itemListElement\":[{\"@type\":\"ListItem\",\"position\":1,\"name\":\"Home\",\"item\":\"https:\/\/fsrm.ch\/site\/\"},{\"@type\":\"ListItem\",\"position\":2,\"name\":\"Exigences_qualit\u00e9\"}]},{\"@type\":\"WebSite\",\"@id\":\"https:\/\/fsrm.ch\/site\/#website\",\"url\":\"https:\/\/fsrm.ch\/site\/\",\"name\":\"FSRM\",\"description\":\"Formation continue, cours de perfectionnement professionnel et organisation d&#039;\u00e9v\u00e9nements.\",\"publisher\":{\"@id\":\"https:\/\/fsrm.ch\/site\/#organization\"},\"potentialAction\":[{\"@type\":\"SearchAction\",\"target\":{\"@type\":\"EntryPoint\",\"urlTemplate\":\"https:\/\/fsrm.ch\/site\/?s={search_term_string}\"},\"query-input\":{\"@type\":\"PropertyValueSpecification\",\"valueRequired\":true,\"valueName\":\"search_term_string\"}}],\"inLanguage\":\"en-US\"},{\"@type\":\"Organization\",\"@id\":\"https:\/\/fsrm.ch\/site\/#organization\",\"name\":\"FSRM\",\"url\":\"https:\/\/fsrm.ch\/site\/\",\"logo\":{\"@type\":\"ImageObject\",\"inLanguage\":\"en-US\",\"@id\":\"https:\/\/fsrm.ch\/site\/#\/schema\/logo\/image\/\",\"url\":\"https:\/\/fsrm.ch\/site\/wp-content\/uploads\/2025\/05\/fsrm-logo.png\",\"contentUrl\":\"https:\/\/fsrm.ch\/site\/wp-content\/uploads\/2025\/05\/fsrm-logo.png\",\"width\":1000,\"height\":539,\"caption\":\"FSRM\"},\"image\":{\"@id\":\"https:\/\/fsrm.ch\/site\/#\/schema\/logo\/image\/\"},\"sameAs\":[\"https:\/\/www.facebook.com\/fsrm.ch\",\"https:\/\/www.linkedin.com\/company\/fsrm-swiss-foundation-for-research-in-microtechnology\",\"https:\/\/www.youtube.com\/user\/fsrmch\"]}]}<\/script>\n<!-- \/ Yoast SEO plugin. -->","yoast_head_json":{"title":"Exigences_qualit\u00e9 - FSRM","robots":{"index":"index","follow":"follow","max-snippet":"max-snippet:-1","max-image-preview":"max-image-preview:large","max-video-preview":"max-video-preview:-1"},"canonical":"https:\/\/fsrm.ch\/site\/exigences-qualite\/","og_locale":"en_US","og_type":"article","og_title":"Exigences_qualit\u00e9 - FSRM","og_description":"Exigences de qualit\u00e9 pour les cours de la FSRM La qualit\u00e9 des cours de la FSRM est garantie par un suivi r\u00e9gulier des exigences suivantes par la direction : Les cours durent 1-2 jours pour limiter le temps d&#8217;absence des participants de leurs places de travail. Les cours sont totalement ind\u00e9pendants les uns des autres. [&hellip;]","og_url":"https:\/\/fsrm.ch\/site\/exigences-qualite\/","og_site_name":"FSRM","article_publisher":"https:\/\/www.facebook.com\/fsrm.ch","article_modified_time":"2024-10-31T09:21:08+00:00","twitter_card":"summary_large_image","twitter_misc":{"Est. reading time":"1 minute"},"schema":{"@context":"https:\/\/schema.org","@graph":[{"@type":"WebPage","@id":"https:\/\/fsrm.ch\/site\/exigences-qualite\/","url":"https:\/\/fsrm.ch\/site\/exigences-qualite\/","name":"Exigences_qualit\u00e9 - FSRM","isPartOf":{"@id":"https:\/\/fsrm.ch\/site\/#website"},"datePublished":"2020-11-25T07:46:07+00:00","dateModified":"2024-10-31T09:21:08+00:00","breadcrumb":{"@id":"https:\/\/fsrm.ch\/site\/exigences-qualite\/#breadcrumb"},"inLanguage":"en-US","potentialAction":[{"@type":"ReadAction","target":["https:\/\/fsrm.ch\/site\/exigences-qualite\/"]}]},{"@type":"BreadcrumbList","@id":"https:\/\/fsrm.ch\/site\/exigences-qualite\/#breadcrumb","itemListElement":[{"@type":"ListItem","position":1,"name":"Home","item":"https:\/\/fsrm.ch\/site\/"},{"@type":"ListItem","position":2,"name":"Exigences_qualit\u00e9"}]},{"@type":"WebSite","@id":"https:\/\/fsrm.ch\/site\/#website","url":"https:\/\/fsrm.ch\/site\/","name":"FSRM","description":"Formation continue, cours de perfectionnement professionnel et organisation d&#039;\u00e9v\u00e9nements.","publisher":{"@id":"https:\/\/fsrm.ch\/site\/#organization"},"potentialAction":[{"@type":"SearchAction","target":{"@type":"EntryPoint","urlTemplate":"https:\/\/fsrm.ch\/site\/?s={search_term_string}"},"query-input":{"@type":"PropertyValueSpecification","valueRequired":true,"valueName":"search_term_string"}}],"inLanguage":"en-US"},{"@type":"Organization","@id":"https:\/\/fsrm.ch\/site\/#organization","name":"FSRM","url":"https:\/\/fsrm.ch\/site\/","logo":{"@type":"ImageObject","inLanguage":"en-US","@id":"https:\/\/fsrm.ch\/site\/#\/schema\/logo\/image\/","url":"https:\/\/fsrm.ch\/site\/wp-content\/uploads\/2025\/05\/fsrm-logo.png","contentUrl":"https:\/\/fsrm.ch\/site\/wp-content\/uploads\/2025\/05\/fsrm-logo.png","width":1000,"height":539,"caption":"FSRM"},"image":{"@id":"https:\/\/fsrm.ch\/site\/#\/schema\/logo\/image\/"},"sameAs":["https:\/\/www.facebook.com\/fsrm.ch","https:\/\/www.linkedin.com\/company\/fsrm-swiss-foundation-for-research-in-microtechnology","https:\/\/www.youtube.com\/user\/fsrmch"]}]}},"_links":{"self":[{"href":"https:\/\/fsrm.ch\/site\/wp-json\/wp\/v2\/pages\/3987","targetHints":{"allow":["GET"]}}],"collection":[{"href":"https:\/\/fsrm.ch\/site\/wp-json\/wp\/v2\/pages"}],"about":[{"href":"https:\/\/fsrm.ch\/site\/wp-json\/wp\/v2\/types\/page"}],"author":[{"embeddable":true,"href":"https:\/\/fsrm.ch\/site\/wp-json\/wp\/v2\/users\/3"}],"replies":[{"embeddable":true,"href":"https:\/\/fsrm.ch\/site\/wp-json\/wp\/v2\/comments?post=3987"}],"version-history":[{"count":11,"href":"https:\/\/fsrm.ch\/site\/wp-json\/wp\/v2\/pages\/3987\/revisions"}],"predecessor-version":[{"id":6974,"href":"https:\/\/fsrm.ch\/site\/wp-json\/wp\/v2\/pages\/3987\/revisions\/6974"}],"wp:attachment":[{"href":"https:\/\/fsrm.ch\/site\/wp-json\/wp\/v2\/media?parent=3987"}],"curies":[{"name":"wp","href":"https:\/\/api.w.org\/{rel}","templated":true}]}}