{"id":6550,"date":"2024-08-23T08:02:11","date_gmt":"2024-08-23T08:02:11","guid":{"rendered":"https:\/\/fsrm.ch\/site\/?page_id=6550"},"modified":"2025-09-08T09:55:56","modified_gmt":"2025-09-08T09:55:56","slug":"politique-de-confidentialite","status":"publish","type":"page","link":"https:\/\/fsrm.ch\/site\/politique-de-confidentialite\/","title":{"rendered":"politique de confidentialit\u00e9"},"content":{"rendered":"\t\t<div data-elementor-type=\"wp-page\" data-elementor-id=\"6550\" class=\"elementor elementor-6550\" data-elementor-post-type=\"page\">\n\t\t\t\t\t\t<section class=\"elementor-section elementor-top-section elementor-element elementor-element-fd14c8d elementor-section-stretched elementor-section-full_width elementor-section-content-middle elementor-section-height-default elementor-section-height-default\" data-id=\"fd14c8d\" data-element_type=\"section\" data-settings=\"{&quot;stretch_section&quot;:&quot;section-stretched&quot;}\">\n\t\t\t\t\t\t<div class=\"elementor-container elementor-column-gap-default\">\n\t\t\t\t\t<div class=\"elementor-column elementor-col-100 elementor-top-column elementor-element elementor-element-ef5e4c1\" data-id=\"ef5e4c1\" data-element_type=\"column\" data-settings=\"{&quot;background_background&quot;:&quot;classic&quot;}\">\n\t\t\t<div class=\"elementor-widget-wrap elementor-element-populated\">\n\t\t\t\t\t\t<div class=\"elementor-element elementor-element-7e3c9ed elementor-widget elementor-widget-image\" data-id=\"7e3c9ed\" data-element_type=\"widget\" data-widget_type=\"image.default\">\n\t\t\t\t<div class=\"elementor-widget-container\">\n\t\t\t\t\t\t\t\t\t\t\t\t\t\t\t<img fetchpriority=\"high\" decoding=\"async\" width=\"768\" height=\"357\" src=\"https:\/\/fsrm.ch\/site\/wp-content\/uploads\/2018\/05\/cours_5-1-768x357.jpg\" class=\"attachment-medium_large size-medium_large wp-image-1033\" alt=\"\" srcset=\"https:\/\/fsrm.ch\/site\/wp-content\/uploads\/2018\/05\/cours_5-1-768x357.jpg 768w, https:\/\/fsrm.ch\/site\/wp-content\/uploads\/2018\/05\/cours_5-1-300x139.jpg 300w, https:\/\/fsrm.ch\/site\/wp-content\/uploads\/2018\/05\/cours_5-1-1024x475.jpg 1024w, https:\/\/fsrm.ch\/site\/wp-content\/uploads\/2018\/05\/cours_5-1.jpg 1441w\" sizes=\"(max-width: 768px) 100vw, 768px\" \/>\t\t\t\t\t\t\t\t\t\t\t\t\t\t\t<\/div>\n\t\t\t\t<\/div>\n\t\t\t\t\t<\/div>\n\t\t<\/div>\n\t\t\t\t\t<\/div>\n\t\t<\/section>\n\t\t\t\t<section class=\"elementor-section elementor-top-section elementor-element elementor-element-73df58b elementor-section-stretched elementor-section-content-middle elementor-section-boxed elementor-section-height-default elementor-section-height-default\" data-id=\"73df58b\" data-element_type=\"section\" data-settings=\"{&quot;stretch_section&quot;:&quot;section-stretched&quot;}\">\n\t\t\t\t\t\t<div class=\"elementor-container elementor-column-gap-default\">\n\t\t\t\t\t<div class=\"elementor-column elementor-col-100 elementor-top-column elementor-element elementor-element-b8c2996\" data-id=\"b8c2996\" data-element_type=\"column\">\n\t\t\t<div class=\"elementor-widget-wrap elementor-element-populated\">\n\t\t\t\t\t\t<div class=\"elementor-element elementor-element-b434995 elementor-widget elementor-widget-heading\" data-id=\"b434995\" data-element_type=\"widget\" data-widget_type=\"heading.default\">\n\t\t\t\t<div class=\"elementor-widget-container\">\n\t\t\t\t\t<h2 class=\"elementor-heading-title elementor-size-default\">politique de confidentialit\u00e9<\/h2>\t\t\t\t<\/div>\n\t\t\t\t<\/div>\n\t\t\t\t<div class=\"elementor-element elementor-element-16c0745 elementor-widget elementor-widget-heading\" data-id=\"16c0745\" data-element_type=\"widget\" data-widget_type=\"heading.default\">\n\t\t\t\t<div class=\"elementor-widget-container\">\n\t\t\t\t\t<h2 class=\"elementor-heading-title elementor-size-default\">Utilisation des donn\u00e9es collect\u00e9es<\/h2>\t\t\t\t<\/div>\n\t\t\t\t<\/div>\n\t\t\t\t<div class=\"elementor-element elementor-element-57da9d9 elementor-widget elementor-widget-text-editor\" data-id=\"57da9d9\" data-element_type=\"widget\" data-widget_type=\"text-editor.default\">\n\t\t\t\t<div class=\"elementor-widget-container\">\n\t\t\t\t\t\t\t\t\t<p>Les donn\u00e9es collect\u00e9es par la FSRM sont utilis\u00e9es pour la gestion des inscriptions et la comptabilit\u00e9. De plus, elles sont utilis\u00e9es pour communiquer les \u00e9v\u00e9nements organis\u00e9s ou co-organis\u00e9s par la FSRM exclusivement (par exemple\u00a0: cours, conf\u00e9rences publiques, congr\u00e8s scientifiques, ateliers pour enfants).<\/p>\t\t\t\t\t\t\t\t<\/div>\n\t\t\t\t<\/div>\n\t\t\t\t<div class=\"elementor-element elementor-element-179798a elementor-widget elementor-widget-heading\" data-id=\"179798a\" data-element_type=\"widget\" data-widget_type=\"heading.default\">\n\t\t\t\t<div class=\"elementor-widget-container\">\n\t\t\t\t\t<h2 class=\"elementor-heading-title elementor-size-default\">Gestion et protection des donn\u00e9es personnelles<\/h2>\t\t\t\t<\/div>\n\t\t\t\t<\/div>\n\t\t\t\t<div class=\"elementor-element elementor-element-6772244 elementor-widget elementor-widget-text-editor\" data-id=\"6772244\" data-element_type=\"widget\" data-widget_type=\"text-editor.default\">\n\t\t\t\t<div class=\"elementor-widget-container\">\n\t\t\t\t\t\t\t\t\t<p>Lors de l&#8217;inscription \u00e0 un cours ou \u00e9v\u00e8nement organis\u00e9 par la FSRM, la FSRM est amen\u00e9e \u00e0 demander au client de lui communiquer des donn\u00e9es personnelles (nom, pr\u00e9nom, adresse postale, t\u00e9l\u00e9phone, adresse email) pour g\u00e9rer sa participation. La FSRM met en \u0153uvre toutes les mesures n\u00e9cessaires pour emp\u00eacher l&#8217;acc\u00e8s \u00e0 ces donn\u00e9es ainsi que leur alt\u00e9ration ou leur divulgation.<\/p><p>Ces informations sont trait\u00e9es avec la plus grande confidentialit\u00e9 et ne sont ni vendues ni distribu\u00e9es.<\/p><p>La FSRM peut faire appel \u00e0 des sous-traitants pour la gestion des donn\u00e9es. Elle s\u2019assure que leur traitement soit conforme aux exigences l\u00e9gales.<\/p><p>Lorsqu\u2019un \u00e9v\u00e9nement est co-organis\u00e9 avec un partenaire des \u00e9changes de donn\u00e9es peuvent intervenir pour la bonne gestion de l\u2019\u00e9v\u00e8nement.<\/p><p>Les collaborateurs de la FSRM sont soumis au secret professionnel et respectent la plus stricte confidentialit\u00e9 des informations communiqu\u00e9es.<\/p>\t\t\t\t\t\t\t\t<\/div>\n\t\t\t\t<\/div>\n\t\t\t\t<div class=\"elementor-element elementor-element-2e38b2b elementor-widget elementor-widget-heading\" data-id=\"2e38b2b\" data-element_type=\"widget\" data-widget_type=\"heading.default\">\n\t\t\t\t<div class=\"elementor-widget-container\">\n\t\t\t\t\t<h2 class=\"elementor-heading-title elementor-size-default\">Donn\u00e9es collect\u00e9es<\/h2>\t\t\t\t<\/div>\n\t\t\t\t<\/div>\n\t\t\t\t<div class=\"elementor-element elementor-element-5cf5442 elementor-widget elementor-widget-text-editor\" data-id=\"5cf5442\" data-element_type=\"widget\" data-widget_type=\"text-editor.default\">\n\t\t\t\t<div class=\"elementor-widget-container\">\n\t\t\t\t\t\t\t\t\t<p>La FSRM ne collecte que les donn\u00e9es n\u00e9cessaires \u00e0 la gestion de ses relations commerciales et institutionnelles ainsi qu\u2019\u00e0 la gestion des inscriptions aux cours et aux \u00e9v\u00e8nements organis\u00e9s par elle-m\u00eame.<\/p><p>Le site internet https:\/\/fsrm.ch collecte en outre des donn\u00e9es anonymis\u00e9es des visites \u00e0 des fins statistiques (pages visit\u00e9es, liens ouverts, dur\u00e9e de visite\u2026.).<\/p>\t\t\t\t\t\t\t\t<\/div>\n\t\t\t\t<\/div>\n\t\t\t\t<div class=\"elementor-element elementor-element-82cbeab elementor-widget elementor-widget-menu-anchor\" data-id=\"82cbeab\" data-element_type=\"widget\" data-widget_type=\"menu-anchor.default\">\n\t\t\t\t<div class=\"elementor-widget-container\">\n\t\t\t\t\t\t\t<div class=\"elementor-menu-anchor\" id=\"cookies\"><\/div>\n\t\t\t\t\t\t<\/div>\n\t\t\t\t<\/div>\n\t\t\t\t<div class=\"elementor-element elementor-element-01c79ee elementor-widget elementor-widget-heading\" data-id=\"01c79ee\" data-element_type=\"widget\" data-widget_type=\"heading.default\">\n\t\t\t\t<div class=\"elementor-widget-container\">\n\t\t\t\t\t<h2 class=\"elementor-heading-title elementor-size-default\">Politique de cookies<\/h2>\t\t\t\t<\/div>\n\t\t\t\t<\/div>\n\t\t\t\t<div class=\"elementor-element elementor-element-b4d6953 elementor-widget elementor-widget-text-editor\" data-id=\"b4d6953\" data-element_type=\"widget\" data-widget_type=\"text-editor.default\">\n\t\t\t\t<div class=\"elementor-widget-container\">\n\t\t\t\t\t\t\t\t\t<p><em>1. Qu&#8217;est-ce qu&#8217;un cookie ?<\/em><\/p>\n<p>Un cookie est un petit fichier texte plac\u00e9 sur votre appareil (ordinateur, smartphone, tablette) lorsque vous visitez un site web. Il permet de m\u00e9moriser certaines informations sur vos pr\u00e9f\u00e9rences et votre navigation pour am\u00e9liorer votre exp\u00e9rience de navigation.<\/p>\n<p><em>2. Les cookies que nous utilisons<\/em><\/p>\n<p>Sur notre site, nous utilisons les types de cookies suivants :<\/p>\n<p><strong>Cookie essentiel<\/strong> :<\/p>\n<p>Nom : pll_language<br>Objectif : Ce cookie est essentiel pour le bon fonctionnement de notre site. Il stocke la langue choisie par l&#8217;utilisateur pour afficher le contenu dans la langue pr\u00e9f\u00e9r\u00e9e.<\/p>\n<p>Nom :&nbsp;PHPSESSID<br>Objectif : Ce cookie est utilis\u00e9 par le langage PHP pour identifier la session de l&#8217;utilisateur sur le serveur. Il permet de maintenir les informations de session au cours d&#8217;une inscription \u00e0 un cours.<\/p>\n<p><strong>Cookies analytiques<\/strong> :<\/p>\n<p>Nom : _ga<br>Objectif : Ces cookies sont utilis\u00e9s pour recueillir des donn\u00e9es anonymes sur la fa\u00e7on dont les visiteurs utilisent notre site, telles que les pages visit\u00e9es et le temps pass\u00e9 sur le site. Ils nous aident \u00e0 am\u00e9liorer notre site et \u00e0 offrir une meilleure exp\u00e9rience utilisateur.<br>Activation : Ces cookies ne seront activ\u00e9s que si vous avez donn\u00e9 votre consentement via notre banni\u00e8re de cookies.<\/p>\n<p><em>3. Modification de notre politique de cookies<\/em><\/p>\n<p>Nous nous r\u00e9servons le droit de modifier cette politique de cookies \u00e0 tout moment. Nous vous encourageons \u00e0 consulter r\u00e9guli\u00e8rement cette page pour rester inform\u00e9 des \u00e9ventuelles mises \u00e0 jour.<\/p>\t\t\t\t\t\t\t\t<\/div>\n\t\t\t\t<\/div>\n\t\t\t\t<div class=\"elementor-element elementor-element-cb97654 elementor-widget elementor-widget-heading\" data-id=\"cb97654\" data-element_type=\"widget\" data-widget_type=\"heading.default\">\n\t\t\t\t<div class=\"elementor-widget-container\">\n\t\t\t\t\t<h2 class=\"elementor-heading-title elementor-size-default\">Rectification et effacement\n<\/h2>\t\t\t\t<\/div>\n\t\t\t\t<\/div>\n\t\t\t\t<div class=\"elementor-element elementor-element-931447d elementor-widget elementor-widget-text-editor\" data-id=\"931447d\" data-element_type=\"widget\" data-widget_type=\"text-editor.default\">\n\t\t\t\t<div class=\"elementor-widget-container\">\n\t\t\t\t\t\t\t\t\t<p>Vous pouvez demander en tout temps de ne plus recevoir de publication de la part de la FSRM ou d&#8217;\u00eatre ray\u00e9 du fichier de distribution en envoyant un e-mail \u00e0 <span style=\"text-decoration: underline;\"><a href=\"mailto:training@fsrm.ch\">training@fsrm.ch<\/a><\/span>. Cette option est mentionn\u00e9e sur toutes nos communications.<\/p>\t\t\t\t\t\t\t\t<\/div>\n\t\t\t\t<\/div>\n\t\t\t\t<div class=\"elementor-element elementor-element-6f2bcc6 elementor-widget elementor-widget-heading\" data-id=\"6f2bcc6\" data-element_type=\"widget\" data-widget_type=\"heading.default\">\n\t\t\t\t<div class=\"elementor-widget-container\">\n\t\t\t\t\t<h2 class=\"elementor-heading-title elementor-size-default\">S\u00e9curit\u00e9 de vos donn\u00e9es<\/h2>\t\t\t\t<\/div>\n\t\t\t\t<\/div>\n\t\t\t\t<div class=\"elementor-element elementor-element-cb0c6a6 elementor-widget elementor-widget-text-editor\" data-id=\"cb0c6a6\" data-element_type=\"widget\" data-widget_type=\"text-editor.default\">\n\t\t\t\t<div class=\"elementor-widget-container\">\n\t\t\t\t\t\t\t\t\t<p>Vos donn\u00e9es personnelles sont archiv\u00e9es dans une base de donn\u00e9es h\u00e9berg\u00e9e en Suisse, sur un serveur interne \u00e0 la FSRM. Des sauvegardes s\u00e9curis\u00e9es bas\u00e9es sur le cloud sont faites vers un h\u00e9bergeur externe, \u00e9galement bas\u00e9 en Suisse.<\/p><p>La loi suisse concernant la protection des donn\u00e9es assure une enti\u00e8re confidentialit\u00e9 tant pour les entreprises que pour les particuliers, et aucune administration ne peut avoir acc\u00e8s \u00e0 des informations personnelles sans l&#8217;accord d&#8217;un juge.<\/p>\t\t\t\t\t\t\t\t<\/div>\n\t\t\t\t<\/div>\n\t\t\t\t<div class=\"elementor-element elementor-element-b3bbac2 elementor-widget elementor-widget-heading\" data-id=\"b3bbac2\" data-element_type=\"widget\" data-widget_type=\"heading.default\">\n\t\t\t\t<div class=\"elementor-widget-container\">\n\t\t\t\t\t<h2 class=\"elementor-heading-title elementor-size-default\">Contact<\/h2>\t\t\t\t<\/div>\n\t\t\t\t<\/div>\n\t\t\t\t<div class=\"elementor-element elementor-element-81a0c5f elementor-widget elementor-widget-text-editor\" data-id=\"81a0c5f\" data-element_type=\"widget\" data-widget_type=\"text-editor.default\">\n\t\t\t\t<div class=\"elementor-widget-container\">\n\t\t\t\t\t\t\t\t\t<p>Sebastian Gautsch, Directeur<br>FSRM<br>Ruelle DuPeyrou 4<br>2000 Neuch\u00e2tel, Suisse<br>+41 32&nbsp;720 09 00 <a style=\"background-color: #ffffff;\" href=\"mailto:fsrm@fsrm.ch\"><span style=\"text-decoration-line: underline;\">fsrm@fsrm.ch<\/span><\/a><\/p>\t\t\t\t\t\t\t\t<\/div>\n\t\t\t\t<\/div>\n\t\t\t\t\t<\/div>\n\t\t<\/div>\n\t\t\t\t\t<\/div>\n\t\t<\/section>\n\t\t\t\t<\/div>\n\t\t","protected":false},"excerpt":{"rendered":"<p>politique de confidentialit\u00e9 Utilisation des donn\u00e9es collect\u00e9es Les donn\u00e9es collect\u00e9es par la FSRM sont utilis\u00e9es pour la gestion des inscriptions et la comptabilit\u00e9. De plus, elles sont utilis\u00e9es pour communiquer les \u00e9v\u00e9nements organis\u00e9s ou co-organis\u00e9s par la FSRM exclusivement (par exemple\u00a0: cours, conf\u00e9rences publiques, congr\u00e8s scientifiques, ateliers pour enfants). Gestion et protection des donn\u00e9es personnelles [&hellip;]<\/p>\n","protected":false},"author":7,"featured_media":0,"parent":0,"menu_order":0,"comment_status":"closed","ping_status":"closed","template":"","meta":{"footnotes":""},"class_list":["post-6550","page","type-page","status-publish","hentry"],"yoast_head":"<!-- This site is optimized with the Yoast SEO plugin v25.4 - https:\/\/yoast.com\/wordpress\/plugins\/seo\/ -->\n<title>politique de confidentialit\u00e9 - FSRM<\/title>\n<meta name=\"robots\" content=\"index, follow, max-snippet:-1, max-image-preview:large, max-video-preview:-1\" \/>\n<link rel=\"canonical\" href=\"https:\/\/fsrm.ch\/site\/politique-de-confidentialite\/\" \/>\n<meta property=\"og:locale\" content=\"en_US\" \/>\n<meta property=\"og:type\" content=\"article\" \/>\n<meta property=\"og:title\" content=\"politique de confidentialit\u00e9 - FSRM\" \/>\n<meta property=\"og:description\" content=\"politique de confidentialit\u00e9 Utilisation des donn\u00e9es collect\u00e9es Les donn\u00e9es collect\u00e9es par la FSRM sont utilis\u00e9es pour la gestion des inscriptions et la comptabilit\u00e9. De plus, elles sont utilis\u00e9es pour communiquer les \u00e9v\u00e9nements organis\u00e9s ou co-organis\u00e9s par la FSRM exclusivement (par exemple\u00a0: cours, conf\u00e9rences publiques, congr\u00e8s scientifiques, ateliers pour enfants). Gestion et protection des donn\u00e9es personnelles [&hellip;]\" \/>\n<meta property=\"og:url\" content=\"https:\/\/fsrm.ch\/site\/politique-de-confidentialite\/\" \/>\n<meta property=\"og:site_name\" content=\"FSRM\" \/>\n<meta property=\"article:publisher\" content=\"https:\/\/www.facebook.com\/fsrm.ch\" \/>\n<meta property=\"article:modified_time\" content=\"2025-09-08T09:55:56+00:00\" \/>\n<meta property=\"og:image\" content=\"https:\/\/fsrm.ch\/site\/wp-content\/uploads\/2018\/05\/cours_5-1.jpg\" \/>\n\t<meta property=\"og:image:width\" content=\"1441\" \/>\n\t<meta property=\"og:image:height\" content=\"669\" \/>\n\t<meta property=\"og:image:type\" content=\"image\/jpeg\" \/>\n<meta name=\"twitter:card\" content=\"summary_large_image\" \/>\n<meta name=\"twitter:label1\" content=\"Est. reading time\" \/>\n\t<meta name=\"twitter:data1\" content=\"3 minutes\" \/>\n<script type=\"application\/ld+json\" class=\"yoast-schema-graph\">{\"@context\":\"https:\/\/schema.org\",\"@graph\":[{\"@type\":\"WebPage\",\"@id\":\"https:\/\/fsrm.ch\/site\/politique-de-confidentialite\/\",\"url\":\"https:\/\/fsrm.ch\/site\/politique-de-confidentialite\/\",\"name\":\"politique de confidentialit\u00e9 - FSRM\",\"isPartOf\":{\"@id\":\"https:\/\/fsrm.ch\/site\/#website\"},\"primaryImageOfPage\":{\"@id\":\"https:\/\/fsrm.ch\/site\/politique-de-confidentialite\/#primaryimage\"},\"image\":{\"@id\":\"https:\/\/fsrm.ch\/site\/politique-de-confidentialite\/#primaryimage\"},\"thumbnailUrl\":\"https:\/\/fsrm.ch\/site\/wp-content\/uploads\/2018\/05\/cours_5-1-768x357.jpg\",\"datePublished\":\"2024-08-23T08:02:11+00:00\",\"dateModified\":\"2025-09-08T09:55:56+00:00\",\"breadcrumb\":{\"@id\":\"https:\/\/fsrm.ch\/site\/politique-de-confidentialite\/#breadcrumb\"},\"inLanguage\":\"en-US\",\"potentialAction\":[{\"@type\":\"ReadAction\",\"target\":[\"https:\/\/fsrm.ch\/site\/politique-de-confidentialite\/\"]}]},{\"@type\":\"ImageObject\",\"inLanguage\":\"en-US\",\"@id\":\"https:\/\/fsrm.ch\/site\/politique-de-confidentialite\/#primaryimage\",\"url\":\"https:\/\/fsrm.ch\/site\/wp-content\/uploads\/2018\/05\/cours_5-1.jpg\",\"contentUrl\":\"https:\/\/fsrm.ch\/site\/wp-content\/uploads\/2018\/05\/cours_5-1.jpg\",\"width\":1441,\"height\":669},{\"@type\":\"BreadcrumbList\",\"@id\":\"https:\/\/fsrm.ch\/site\/politique-de-confidentialite\/#breadcrumb\",\"itemListElement\":[{\"@type\":\"ListItem\",\"position\":1,\"name\":\"Home\",\"item\":\"https:\/\/fsrm.ch\/site\/\"},{\"@type\":\"ListItem\",\"position\":2,\"name\":\"politique de confidentialit\u00e9\"}]},{\"@type\":\"WebSite\",\"@id\":\"https:\/\/fsrm.ch\/site\/#website\",\"url\":\"https:\/\/fsrm.ch\/site\/\",\"name\":\"FSRM\",\"description\":\"Formation continue, cours de perfectionnement professionnel et organisation d&#039;\u00e9v\u00e9nements.\",\"publisher\":{\"@id\":\"https:\/\/fsrm.ch\/site\/#organization\"},\"potentialAction\":[{\"@type\":\"SearchAction\",\"target\":{\"@type\":\"EntryPoint\",\"urlTemplate\":\"https:\/\/fsrm.ch\/site\/?s={search_term_string}\"},\"query-input\":{\"@type\":\"PropertyValueSpecification\",\"valueRequired\":true,\"valueName\":\"search_term_string\"}}],\"inLanguage\":\"en-US\"},{\"@type\":\"Organization\",\"@id\":\"https:\/\/fsrm.ch\/site\/#organization\",\"name\":\"FSRM\",\"url\":\"https:\/\/fsrm.ch\/site\/\",\"logo\":{\"@type\":\"ImageObject\",\"inLanguage\":\"en-US\",\"@id\":\"https:\/\/fsrm.ch\/site\/#\/schema\/logo\/image\/\",\"url\":\"https:\/\/fsrm.ch\/site\/wp-content\/uploads\/2025\/05\/fsrm-logo.png\",\"contentUrl\":\"https:\/\/fsrm.ch\/site\/wp-content\/uploads\/2025\/05\/fsrm-logo.png\",\"width\":1000,\"height\":539,\"caption\":\"FSRM\"},\"image\":{\"@id\":\"https:\/\/fsrm.ch\/site\/#\/schema\/logo\/image\/\"},\"sameAs\":[\"https:\/\/www.facebook.com\/fsrm.ch\",\"https:\/\/www.linkedin.com\/company\/fsrm-swiss-foundation-for-research-in-microtechnology\",\"https:\/\/www.youtube.com\/user\/fsrmch\"]}]}<\/script>\n<!-- \/ Yoast SEO plugin. -->","yoast_head_json":{"title":"politique de confidentialit\u00e9 - FSRM","robots":{"index":"index","follow":"follow","max-snippet":"max-snippet:-1","max-image-preview":"max-image-preview:large","max-video-preview":"max-video-preview:-1"},"canonical":"https:\/\/fsrm.ch\/site\/politique-de-confidentialite\/","og_locale":"en_US","og_type":"article","og_title":"politique de confidentialit\u00e9 - FSRM","og_description":"politique de confidentialit\u00e9 Utilisation des donn\u00e9es collect\u00e9es Les donn\u00e9es collect\u00e9es par la FSRM sont utilis\u00e9es pour la gestion des inscriptions et la comptabilit\u00e9. De plus, elles sont utilis\u00e9es pour communiquer les \u00e9v\u00e9nements organis\u00e9s ou co-organis\u00e9s par la FSRM exclusivement (par exemple\u00a0: cours, conf\u00e9rences publiques, congr\u00e8s scientifiques, ateliers pour enfants). Gestion et protection des donn\u00e9es personnelles [&hellip;]","og_url":"https:\/\/fsrm.ch\/site\/politique-de-confidentialite\/","og_site_name":"FSRM","article_publisher":"https:\/\/www.facebook.com\/fsrm.ch","article_modified_time":"2025-09-08T09:55:56+00:00","og_image":[{"width":1441,"height":669,"url":"https:\/\/fsrm.ch\/site\/wp-content\/uploads\/2018\/05\/cours_5-1.jpg","type":"image\/jpeg"}],"twitter_card":"summary_large_image","twitter_misc":{"Est. reading time":"3 minutes"},"schema":{"@context":"https:\/\/schema.org","@graph":[{"@type":"WebPage","@id":"https:\/\/fsrm.ch\/site\/politique-de-confidentialite\/","url":"https:\/\/fsrm.ch\/site\/politique-de-confidentialite\/","name":"politique de confidentialit\u00e9 - FSRM","isPartOf":{"@id":"https:\/\/fsrm.ch\/site\/#website"},"primaryImageOfPage":{"@id":"https:\/\/fsrm.ch\/site\/politique-de-confidentialite\/#primaryimage"},"image":{"@id":"https:\/\/fsrm.ch\/site\/politique-de-confidentialite\/#primaryimage"},"thumbnailUrl":"https:\/\/fsrm.ch\/site\/wp-content\/uploads\/2018\/05\/cours_5-1-768x357.jpg","datePublished":"2024-08-23T08:02:11+00:00","dateModified":"2025-09-08T09:55:56+00:00","breadcrumb":{"@id":"https:\/\/fsrm.ch\/site\/politique-de-confidentialite\/#breadcrumb"},"inLanguage":"en-US","potentialAction":[{"@type":"ReadAction","target":["https:\/\/fsrm.ch\/site\/politique-de-confidentialite\/"]}]},{"@type":"ImageObject","inLanguage":"en-US","@id":"https:\/\/fsrm.ch\/site\/politique-de-confidentialite\/#primaryimage","url":"https:\/\/fsrm.ch\/site\/wp-content\/uploads\/2018\/05\/cours_5-1.jpg","contentUrl":"https:\/\/fsrm.ch\/site\/wp-content\/uploads\/2018\/05\/cours_5-1.jpg","width":1441,"height":669},{"@type":"BreadcrumbList","@id":"https:\/\/fsrm.ch\/site\/politique-de-confidentialite\/#breadcrumb","itemListElement":[{"@type":"ListItem","position":1,"name":"Home","item":"https:\/\/fsrm.ch\/site\/"},{"@type":"ListItem","position":2,"name":"politique de confidentialit\u00e9"}]},{"@type":"WebSite","@id":"https:\/\/fsrm.ch\/site\/#website","url":"https:\/\/fsrm.ch\/site\/","name":"FSRM","description":"Formation continue, cours de perfectionnement professionnel et organisation d&#039;\u00e9v\u00e9nements.","publisher":{"@id":"https:\/\/fsrm.ch\/site\/#organization"},"potentialAction":[{"@type":"SearchAction","target":{"@type":"EntryPoint","urlTemplate":"https:\/\/fsrm.ch\/site\/?s={search_term_string}"},"query-input":{"@type":"PropertyValueSpecification","valueRequired":true,"valueName":"search_term_string"}}],"inLanguage":"en-US"},{"@type":"Organization","@id":"https:\/\/fsrm.ch\/site\/#organization","name":"FSRM","url":"https:\/\/fsrm.ch\/site\/","logo":{"@type":"ImageObject","inLanguage":"en-US","@id":"https:\/\/fsrm.ch\/site\/#\/schema\/logo\/image\/","url":"https:\/\/fsrm.ch\/site\/wp-content\/uploads\/2025\/05\/fsrm-logo.png","contentUrl":"https:\/\/fsrm.ch\/site\/wp-content\/uploads\/2025\/05\/fsrm-logo.png","width":1000,"height":539,"caption":"FSRM"},"image":{"@id":"https:\/\/fsrm.ch\/site\/#\/schema\/logo\/image\/"},"sameAs":["https:\/\/www.facebook.com\/fsrm.ch","https:\/\/www.linkedin.com\/company\/fsrm-swiss-foundation-for-research-in-microtechnology","https:\/\/www.youtube.com\/user\/fsrmch"]}]}},"_links":{"self":[{"href":"https:\/\/fsrm.ch\/site\/wp-json\/wp\/v2\/pages\/6550","targetHints":{"allow":["GET"]}}],"collection":[{"href":"https:\/\/fsrm.ch\/site\/wp-json\/wp\/v2\/pages"}],"about":[{"href":"https:\/\/fsrm.ch\/site\/wp-json\/wp\/v2\/types\/page"}],"author":[{"embeddable":true,"href":"https:\/\/fsrm.ch\/site\/wp-json\/wp\/v2\/users\/7"}],"replies":[{"embeddable":true,"href":"https:\/\/fsrm.ch\/site\/wp-json\/wp\/v2\/comments?post=6550"}],"version-history":[{"count":36,"href":"https:\/\/fsrm.ch\/site\/wp-json\/wp\/v2\/pages\/6550\/revisions"}],"predecessor-version":[{"id":8643,"href":"https:\/\/fsrm.ch\/site\/wp-json\/wp\/v2\/pages\/6550\/revisions\/8643"}],"wp:attachment":[{"href":"https:\/\/fsrm.ch\/site\/wp-json\/wp\/v2\/media?parent=6550"}],"curies":[{"name":"wp","href":"https:\/\/api.w.org\/{rel}","templated":true}]}}