{"id":6834,"date":"2024-10-08T05:32:26","date_gmt":"2024-10-08T05:32:26","guid":{"rendered":"https:\/\/fsrm.ch\/site\/?page_id=6834"},"modified":"2025-09-08T09:56:20","modified_gmt":"2025-09-08T09:56:20","slug":"datenschutzrichtlinie","status":"publish","type":"page","link":"https:\/\/fsrm.ch\/site\/de\/datenschutzrichtlinie\/","title":{"rendered":"datenschutzrichtlinie"},"content":{"rendered":"\t\t<div data-elementor-type=\"wp-page\" data-elementor-id=\"6834\" class=\"elementor elementor-6834\" data-elementor-post-type=\"page\">\n\t\t\t\t\t\t<section class=\"elementor-section elementor-top-section elementor-element elementor-element-71582ea elementor-section-stretched elementor-section-full_width elementor-section-content-middle elementor-section-height-default elementor-section-height-default\" data-id=\"71582ea\" data-element_type=\"section\" data-settings=\"{&quot;stretch_section&quot;:&quot;section-stretched&quot;}\">\n\t\t\t\t\t\t<div class=\"elementor-container elementor-column-gap-default\">\n\t\t\t\t\t<div class=\"elementor-column elementor-col-100 elementor-top-column elementor-element elementor-element-d9dd889\" data-id=\"d9dd889\" data-element_type=\"column\" data-settings=\"{&quot;background_background&quot;:&quot;classic&quot;}\">\n\t\t\t<div class=\"elementor-widget-wrap elementor-element-populated\">\n\t\t\t\t\t\t<div class=\"elementor-element elementor-element-25b5951 elementor-widget elementor-widget-image\" data-id=\"25b5951\" data-element_type=\"widget\" data-widget_type=\"image.default\">\n\t\t\t\t<div class=\"elementor-widget-container\">\n\t\t\t\t\t\t\t\t\t\t\t\t\t\t\t<img fetchpriority=\"high\" decoding=\"async\" width=\"768\" height=\"357\" src=\"https:\/\/fsrm.ch\/site\/wp-content\/uploads\/2018\/05\/cours_5-1-768x357.jpg\" class=\"attachment-medium_large size-medium_large wp-image-1033\" alt=\"\" srcset=\"https:\/\/fsrm.ch\/site\/wp-content\/uploads\/2018\/05\/cours_5-1-768x357.jpg 768w, https:\/\/fsrm.ch\/site\/wp-content\/uploads\/2018\/05\/cours_5-1-300x139.jpg 300w, https:\/\/fsrm.ch\/site\/wp-content\/uploads\/2018\/05\/cours_5-1-1024x475.jpg 1024w, https:\/\/fsrm.ch\/site\/wp-content\/uploads\/2018\/05\/cours_5-1.jpg 1441w\" sizes=\"(max-width: 768px) 100vw, 768px\" \/>\t\t\t\t\t\t\t\t\t\t\t\t\t\t\t<\/div>\n\t\t\t\t<\/div>\n\t\t\t\t\t<\/div>\n\t\t<\/div>\n\t\t\t\t\t<\/div>\n\t\t<\/section>\n\t\t\t\t<section class=\"elementor-section elementor-top-section elementor-element elementor-element-b8d3333 elementor-section-stretched elementor-section-content-middle elementor-section-boxed elementor-section-height-default elementor-section-height-default\" data-id=\"b8d3333\" data-element_type=\"section\" data-settings=\"{&quot;stretch_section&quot;:&quot;section-stretched&quot;}\">\n\t\t\t\t\t\t<div class=\"elementor-container elementor-column-gap-default\">\n\t\t\t\t\t<div class=\"elementor-column elementor-col-100 elementor-top-column elementor-element elementor-element-78c7ef8\" data-id=\"78c7ef8\" data-element_type=\"column\">\n\t\t\t<div class=\"elementor-widget-wrap elementor-element-populated\">\n\t\t\t\t\t\t<div class=\"elementor-element elementor-element-be75def elementor-widget elementor-widget-heading\" data-id=\"be75def\" data-element_type=\"widget\" data-widget_type=\"heading.default\">\n\t\t\t\t<div class=\"elementor-widget-container\">\n\t\t\t\t\t<h2 class=\"elementor-heading-title elementor-size-default\">Datenschutzrichtlinie<\/h2>\t\t\t\t<\/div>\n\t\t\t\t<\/div>\n\t\t\t\t<div class=\"elementor-element elementor-element-cc58621 elementor-widget elementor-widget-heading\" data-id=\"cc58621\" data-element_type=\"widget\" data-widget_type=\"heading.default\">\n\t\t\t\t<div class=\"elementor-widget-container\">\n\t\t\t\t\t<h2 class=\"elementor-heading-title elementor-size-default\">Verwendung der gesammelten Daten<\/h2>\t\t\t\t<\/div>\n\t\t\t\t<\/div>\n\t\t\t\t<div class=\"elementor-element elementor-element-0861e8f elementor-widget elementor-widget-text-editor\" data-id=\"0861e8f\" data-element_type=\"widget\" data-widget_type=\"text-editor.default\">\n\t\t\t\t<div class=\"elementor-widget-container\">\n\t\t\t\t\t\t\t\t\t<p>Die von der FSRM gesammelten Daten werden f\u00fcr die Bearbeitung der Anmeldungen und f\u00fcr die Buchhaltung verwendet. Dar\u00fcber hinaus werden sie verwendet, um \u00fcber Kurse und Veranstaltungen zu informieren, die ausschlie\u00dflich von der FSRM organisiert oder mitorganisiert werden (z. B. Kurse, \u00f6ffentliche Vortr\u00e4ge, wissenschaftliche Kongresse, Workshops f\u00fcr Kinder, etc.).<\/p>\t\t\t\t\t\t\t\t<\/div>\n\t\t\t\t<\/div>\n\t\t\t\t<div class=\"elementor-element elementor-element-5085772 elementor-widget elementor-widget-heading\" data-id=\"5085772\" data-element_type=\"widget\" data-widget_type=\"heading.default\">\n\t\t\t\t<div class=\"elementor-widget-container\">\n\t\t\t\t\t<h2 class=\"elementor-heading-title elementor-size-default\">Verwaltung und Schutz pers\u00f6nlicher Daten<\/h2>\t\t\t\t<\/div>\n\t\t\t\t<\/div>\n\t\t\t\t<div class=\"elementor-element elementor-element-f3d2815 elementor-widget elementor-widget-text-editor\" data-id=\"f3d2815\" data-element_type=\"widget\" data-widget_type=\"text-editor.default\">\n\t\t\t\t<div class=\"elementor-widget-container\">\n\t\t\t\t\t\t\t\t\t<p>Bei der Anmeldung zu einem von der FSRM organisierten Kurs oder einer Veranstaltung kann die FSRM den Kunden um die Angabe pers\u00f6nlicher Daten (Name, Vorname, Postanschrift, Telefon, E-Mail-Adresse) bitten, um seine Teilnahme zu bearbeiten. Die FSRM ergreift alle erforderlichen Ma\u00dfnahmen, um den Zugriff auf diese Daten sowie deren \u00c4nderung oder Offenlegung zu verhindern.<\/p>\n<p>Diese Informationen werden streng vertraulich behandelt und nicht verkauft oder weitergegeben.<\/p>\n<p style=\"line-height: normal;\"><span lang=\"DE\">Die FSRM kann Dritte mit der Verwaltung der Daten beauftragen. Sie stellt sicher, dass deren Verarbeitung den gesetzlichen Anforderungen entspricht.<\/span><\/p>\n<p style=\"line-height: normal;\">Wenn eine Veranstaltung gemeinsam mit einem Partner organisiert wird, kann es zum Austausch von Daten mit den Co-Organisatoren kommen, um die Veranstaltung korrekt durchf\u00fchren zu k\u00f6nnen.<\/p>\n<p class=\"MsoNormal\" style=\"line-height: normal;\">\n<\/p><p class=\"MsoNormal\" style=\"line-height: normal;\"><span lang=\"DE\">Die Mitarbeiter der FSRM unterliegen dem Berufsgeheimnis und behandeln die \u00fcbermittelten Informationen streng vertraulich.<\/span><\/p>\t\t\t\t\t\t\t\t<\/div>\n\t\t\t\t<\/div>\n\t\t\t\t<div class=\"elementor-element elementor-element-d9ffe0f elementor-widget elementor-widget-heading\" data-id=\"d9ffe0f\" data-element_type=\"widget\" data-widget_type=\"heading.default\">\n\t\t\t\t<div class=\"elementor-widget-container\">\n\t\t\t\t\t<h2 class=\"elementor-heading-title elementor-size-default\">Gesammelte Daten<\/h2>\t\t\t\t<\/div>\n\t\t\t\t<\/div>\n\t\t\t\t<div class=\"elementor-element elementor-element-e3e55d9 elementor-widget elementor-widget-text-editor\" data-id=\"e3e55d9\" data-element_type=\"widget\" data-widget_type=\"text-editor.default\">\n\t\t\t\t<div class=\"elementor-widget-container\">\n\t\t\t\t\t\t\t\t\t<p>Die FSRM sammelt nur Daten, die f\u00fcr ihre kommerziellen und institutionellen Kontakte sowie f\u00fcr die Verwaltung der Anmeldungen zu Kursen und von ihr organisierten Veranstaltungen erforderlich sind.<\/p><p class=\"MsoNormal\" style=\"line-height: normal;\"><span lang=\"DE\">Die Website <\/span><a href=\"https:\/\/fsrm.ch\/site\/de\/home_de\/?lang=d\"><span lang=\"DE\">https:\/\/fsrm.ch\/site\/de\/home_de\/<\/span><\/a><span lang=\"DE\">\u00a0sammelt dar\u00fcber hinaus anonymisierte<br \/>Daten zu statistischen Zwecken (besuchte Seiten, ge\u00f6ffnete Links,<br \/>Besuchsdauer&#8230;.).<\/span><\/p>\t\t\t\t\t\t\t\t<\/div>\n\t\t\t\t<\/div>\n\t\t\t\t<div class=\"elementor-element elementor-element-a126f13 elementor-widget elementor-widget-menu-anchor\" data-id=\"a126f13\" data-element_type=\"widget\" data-widget_type=\"menu-anchor.default\">\n\t\t\t\t<div class=\"elementor-widget-container\">\n\t\t\t\t\t\t\t<div class=\"elementor-menu-anchor\" id=\"cookies\"><\/div>\n\t\t\t\t\t\t<\/div>\n\t\t\t\t<\/div>\n\t\t\t\t<div class=\"elementor-element elementor-element-11dc90a elementor-widget elementor-widget-heading\" data-id=\"11dc90a\" data-element_type=\"widget\" data-widget_type=\"heading.default\">\n\t\t\t\t<div class=\"elementor-widget-container\">\n\t\t\t\t\t<h2 class=\"elementor-heading-title elementor-size-default\">Cookie-Richtlinie<\/h2>\t\t\t\t<\/div>\n\t\t\t\t<\/div>\n\t\t\t\t<div class=\"elementor-element elementor-element-7c021d9 elementor-widget elementor-widget-text-editor\" data-id=\"7c021d9\" data-element_type=\"widget\" data-widget_type=\"text-editor.default\">\n\t\t\t\t<div class=\"elementor-widget-container\">\n\t\t\t\t\t\t\t\t\t<p><i>1. Was ist ein Cookie?<\/i><\/p>\n<p>Ein Cookie ist eine kleine Textdatei, die auf Ihrem Ger\u00e4t (Computer, Smartphone, Tablet) abgelegt wird, wenn Sie eine Website besuchen. Sie speichert bestimmte Informationen \u00fcber Ihre Pr\u00e4ferenzen und Ihr Surfverhalten, um Ihr Surferlebnis zu verbessern.<\/p>\n<p><i>2. Verwendete Cookies<\/i><\/p>\n<p>Auf unserer Website verwenden wir die folgenden Arten von Cookies:<\/p>\n<p>Essential Cookie :<\/p>\n<p>Name: pll_language<br>Zweck: Dieses Cookie ist f\u00fcr das reibungslose Funktionieren unserer Website unerl\u00e4sslich. Es speichert die vom Nutzer gew\u00e4hlte Sprache, um den Inhalt in der bevorzugten Sprache anzuzeigen.<\/p>\n<p>Name:&nbsp;PHPSESSID<br>Zweck: Dieses Cookie wird von der Programmiersprache PHP verwendet, um die Sitzung des Nutzers auf dem Server zu identifizieren. Es dient dazu, die Sitzungsinformationen w\u00e4hrend einer Kursanmeldung beizubehalten.<\/p>\n<p>Analytische Cookies :<\/p>\n<p>Name: _ga<br>Zweck: Diese Cookies werden verwendet, um anonyme Daten dar\u00fcber zu sammeln, wie Besucher unsere Website nutzen, z. B. welche Seiten sie besuchen und wie viel Zeit sie auf der Website verbringen. Sie helfen uns dabei, unsere Seite zu verbessern und eine bessere Nutzererfahrung zu bieten.<br>Aktivierung: Diese Cookies werden nur aktiviert, wenn Sie Ihre Zustimmung \u00fcber unseren Cookie-Banner gegeben haben.<\/p>\n<p><i>3. \u00c4nderung unserer Cookie-Richtlinie<\/i><\/p>\n<p>Wir behalten uns das Recht vor, diese Cookie-Richtlinie jederzeit zu \u00e4ndern. Wir empfehlen Ihnen, diese Seite regelm\u00e4\u00dfig zu besuchen, um \u00fcber m\u00f6gliche Aktualisierungen informiert zu bleiben.<\/p>\t\t\t\t\t\t\t\t<\/div>\n\t\t\t\t<\/div>\n\t\t\t\t<div class=\"elementor-element elementor-element-3ca832a elementor-widget elementor-widget-heading\" data-id=\"3ca832a\" data-element_type=\"widget\" data-widget_type=\"heading.default\">\n\t\t\t\t<div class=\"elementor-widget-container\">\n\t\t\t\t\t<h2 class=\"elementor-heading-title elementor-size-default\">Berichtigung und L\u00f6schung<\/h2>\t\t\t\t<\/div>\n\t\t\t\t<\/div>\n\t\t\t\t<div class=\"elementor-element elementor-element-72d1fc6 elementor-widget elementor-widget-text-editor\" data-id=\"72d1fc6\" data-element_type=\"widget\" data-widget_type=\"text-editor.default\">\n\t\t\t\t<div class=\"elementor-widget-container\">\n\t\t\t\t\t\t\t\t\t<p>Sie k\u00f6nnen jederzeit per E-Mail an training@fsrm.ch verlangen, keine E-Mails mehr von FSRM zu erhalten oder aus dem Verteiler gestrichen zu werden. Auf diese Option wird in allen unseren Mails hingewiesen.<\/p>\t\t\t\t\t\t\t\t<\/div>\n\t\t\t\t<\/div>\n\t\t\t\t<div class=\"elementor-element elementor-element-8408159 elementor-widget elementor-widget-heading\" data-id=\"8408159\" data-element_type=\"widget\" data-widget_type=\"heading.default\">\n\t\t\t\t<div class=\"elementor-widget-container\">\n\t\t\t\t\t<h2 class=\"elementor-heading-title elementor-size-default\">Sicherheit Ihrer Daten<\/h2>\t\t\t\t<\/div>\n\t\t\t\t<\/div>\n\t\t\t\t<div class=\"elementor-element elementor-element-f12ff00 elementor-widget elementor-widget-text-editor\" data-id=\"f12ff00\" data-element_type=\"widget\" data-widget_type=\"text-editor.default\">\n\t\t\t\t<div class=\"elementor-widget-container\">\n\t\t\t\t\t\t\t\t\t<p class=\"MsoNormal\" style=\"line-height: normal;\"><span lang=\"DE\">Ihre pers\u00f6nlichen Daten werden in einer Datenbank archiviert, die in der Schweiz auf einem internen Server der FSRM gehostet wird.<\/span><\/p>\t\t\t\t\t\t\t\t<\/div>\n\t\t\t\t<\/div>\n\t\t\t\t<div class=\"elementor-element elementor-element-1aa2f2d elementor-widget elementor-widget-heading\" data-id=\"1aa2f2d\" data-element_type=\"widget\" data-widget_type=\"heading.default\">\n\t\t\t\t<div class=\"elementor-widget-container\">\n\t\t\t\t\t<h2 class=\"elementor-heading-title elementor-size-default\">Kontakt<\/h2>\t\t\t\t<\/div>\n\t\t\t\t<\/div>\n\t\t\t\t<div class=\"elementor-element elementor-element-fc7b222 elementor-widget elementor-widget-text-editor\" data-id=\"fc7b222\" data-element_type=\"widget\" data-widget_type=\"text-editor.default\">\n\t\t\t\t<div class=\"elementor-widget-container\">\n\t\t\t\t\t\t\t\t\t<p>Sebastian Gautsch, Direktor<br \/>FSRM<br \/>Ruelle DuPeyrou 4<br \/>2000 Neuch\u00e2tel, Suisse<br \/>+41 32\u00a0720 09 00 <a style=\"background-color: #ffffff;\" href=\"mailto:fsrm@fsrm.ch\"><span style=\"text-decoration-line: underline;\">fsrm@fsrm.ch<\/span><\/a><\/p>\t\t\t\t\t\t\t\t<\/div>\n\t\t\t\t<\/div>\n\t\t\t\t\t<\/div>\n\t\t<\/div>\n\t\t\t\t\t<\/div>\n\t\t<\/section>\n\t\t\t\t<\/div>\n\t\t","protected":false},"excerpt":{"rendered":"<p>Datenschutzrichtlinie Verwendung der gesammelten Daten Die von der FSRM gesammelten Daten werden f\u00fcr die Bearbeitung der Anmeldungen und f\u00fcr die Buchhaltung verwendet. Dar\u00fcber hinaus werden sie verwendet, um \u00fcber Kurse und Veranstaltungen zu informieren, die ausschlie\u00dflich von der FSRM organisiert oder mitorganisiert werden (z. B. Kurse, \u00f6ffentliche Vortr\u00e4ge, wissenschaftliche Kongresse, Workshops f\u00fcr Kinder, etc.). Verwaltung [&hellip;]<\/p>\n","protected":false},"author":7,"featured_media":0,"parent":0,"menu_order":0,"comment_status":"closed","ping_status":"closed","template":"","meta":{"footnotes":""},"class_list":["post-6834","page","type-page","status-publish","hentry"],"yoast_head":"<!-- This site is optimized with the Yoast SEO plugin v25.4 - https:\/\/yoast.com\/wordpress\/plugins\/seo\/ -->\n<title>datenschutzrichtlinie - FSRM<\/title>\n<meta name=\"robots\" content=\"index, follow, max-snippet:-1, max-image-preview:large, max-video-preview:-1\" \/>\n<link rel=\"canonical\" href=\"https:\/\/fsrm.ch\/site\/de\/datenschutzrichtlinie\/\" \/>\n<meta property=\"og:locale\" content=\"en_US\" \/>\n<meta property=\"og:type\" content=\"article\" \/>\n<meta property=\"og:title\" content=\"datenschutzrichtlinie - FSRM\" \/>\n<meta property=\"og:description\" content=\"Datenschutzrichtlinie Verwendung der gesammelten Daten Die von der FSRM gesammelten Daten werden f\u00fcr die Bearbeitung der Anmeldungen und f\u00fcr die Buchhaltung verwendet. Dar\u00fcber hinaus werden sie verwendet, um \u00fcber Kurse und Veranstaltungen zu informieren, die ausschlie\u00dflich von der FSRM organisiert oder mitorganisiert werden (z. B. Kurse, \u00f6ffentliche Vortr\u00e4ge, wissenschaftliche Kongresse, Workshops f\u00fcr Kinder, etc.). Verwaltung [&hellip;]\" \/>\n<meta property=\"og:url\" content=\"https:\/\/fsrm.ch\/site\/de\/datenschutzrichtlinie\/\" \/>\n<meta property=\"og:site_name\" content=\"FSRM\" \/>\n<meta property=\"article:publisher\" content=\"https:\/\/www.facebook.com\/fsrm.ch\" \/>\n<meta property=\"article:modified_time\" content=\"2025-09-08T09:56:20+00:00\" \/>\n<meta property=\"og:image\" content=\"https:\/\/fsrm.ch\/site\/wp-content\/uploads\/2018\/05\/cours_5-1.jpg\" \/>\n\t<meta property=\"og:image:width\" content=\"1441\" \/>\n\t<meta property=\"og:image:height\" content=\"669\" \/>\n\t<meta property=\"og:image:type\" content=\"image\/jpeg\" \/>\n<meta name=\"twitter:card\" content=\"summary_large_image\" \/>\n<meta name=\"twitter:label1\" content=\"Est. reading time\" \/>\n\t<meta name=\"twitter:data1\" content=\"3 minutes\" \/>\n<script type=\"application\/ld+json\" class=\"yoast-schema-graph\">{\"@context\":\"https:\/\/schema.org\",\"@graph\":[{\"@type\":\"WebPage\",\"@id\":\"https:\/\/fsrm.ch\/site\/de\/datenschutzrichtlinie\/\",\"url\":\"https:\/\/fsrm.ch\/site\/de\/datenschutzrichtlinie\/\",\"name\":\"datenschutzrichtlinie - FSRM\",\"isPartOf\":{\"@id\":\"https:\/\/fsrm.ch\/site\/#website\"},\"primaryImageOfPage\":{\"@id\":\"https:\/\/fsrm.ch\/site\/de\/datenschutzrichtlinie\/#primaryimage\"},\"image\":{\"@id\":\"https:\/\/fsrm.ch\/site\/de\/datenschutzrichtlinie\/#primaryimage\"},\"thumbnailUrl\":\"https:\/\/fsrm.ch\/site\/wp-content\/uploads\/2018\/05\/cours_5-1-768x357.jpg\",\"datePublished\":\"2024-10-08T05:32:26+00:00\",\"dateModified\":\"2025-09-08T09:56:20+00:00\",\"breadcrumb\":{\"@id\":\"https:\/\/fsrm.ch\/site\/de\/datenschutzrichtlinie\/#breadcrumb\"},\"inLanguage\":\"en-US\",\"potentialAction\":[{\"@type\":\"ReadAction\",\"target\":[\"https:\/\/fsrm.ch\/site\/de\/datenschutzrichtlinie\/\"]}]},{\"@type\":\"ImageObject\",\"inLanguage\":\"en-US\",\"@id\":\"https:\/\/fsrm.ch\/site\/de\/datenschutzrichtlinie\/#primaryimage\",\"url\":\"https:\/\/fsrm.ch\/site\/wp-content\/uploads\/2018\/05\/cours_5-1.jpg\",\"contentUrl\":\"https:\/\/fsrm.ch\/site\/wp-content\/uploads\/2018\/05\/cours_5-1.jpg\",\"width\":1441,\"height\":669},{\"@type\":\"BreadcrumbList\",\"@id\":\"https:\/\/fsrm.ch\/site\/de\/datenschutzrichtlinie\/#breadcrumb\",\"itemListElement\":[{\"@type\":\"ListItem\",\"position\":1,\"name\":\"Home\",\"item\":\"https:\/\/fsrm.ch\/site\/\"},{\"@type\":\"ListItem\",\"position\":2,\"name\":\"datenschutzrichtlinie\"}]},{\"@type\":\"WebSite\",\"@id\":\"https:\/\/fsrm.ch\/site\/#website\",\"url\":\"https:\/\/fsrm.ch\/site\/\",\"name\":\"FSRM\",\"description\":\"Formation continue, cours de perfectionnement professionnel et organisation d&#039;\u00e9v\u00e9nements.\",\"publisher\":{\"@id\":\"https:\/\/fsrm.ch\/site\/#organization\"},\"potentialAction\":[{\"@type\":\"SearchAction\",\"target\":{\"@type\":\"EntryPoint\",\"urlTemplate\":\"https:\/\/fsrm.ch\/site\/?s={search_term_string}\"},\"query-input\":{\"@type\":\"PropertyValueSpecification\",\"valueRequired\":true,\"valueName\":\"search_term_string\"}}],\"inLanguage\":\"en-US\"},{\"@type\":\"Organization\",\"@id\":\"https:\/\/fsrm.ch\/site\/#organization\",\"name\":\"FSRM\",\"url\":\"https:\/\/fsrm.ch\/site\/\",\"logo\":{\"@type\":\"ImageObject\",\"inLanguage\":\"en-US\",\"@id\":\"https:\/\/fsrm.ch\/site\/#\/schema\/logo\/image\/\",\"url\":\"https:\/\/fsrm.ch\/site\/wp-content\/uploads\/2025\/05\/fsrm-logo.png\",\"contentUrl\":\"https:\/\/fsrm.ch\/site\/wp-content\/uploads\/2025\/05\/fsrm-logo.png\",\"width\":1000,\"height\":539,\"caption\":\"FSRM\"},\"image\":{\"@id\":\"https:\/\/fsrm.ch\/site\/#\/schema\/logo\/image\/\"},\"sameAs\":[\"https:\/\/www.facebook.com\/fsrm.ch\",\"https:\/\/www.linkedin.com\/company\/fsrm-swiss-foundation-for-research-in-microtechnology\",\"https:\/\/www.youtube.com\/user\/fsrmch\"]}]}<\/script>\n<!-- \/ Yoast SEO plugin. -->","yoast_head_json":{"title":"datenschutzrichtlinie - FSRM","robots":{"index":"index","follow":"follow","max-snippet":"max-snippet:-1","max-image-preview":"max-image-preview:large","max-video-preview":"max-video-preview:-1"},"canonical":"https:\/\/fsrm.ch\/site\/de\/datenschutzrichtlinie\/","og_locale":"en_US","og_type":"article","og_title":"datenschutzrichtlinie - FSRM","og_description":"Datenschutzrichtlinie Verwendung der gesammelten Daten Die von der FSRM gesammelten Daten werden f\u00fcr die Bearbeitung der Anmeldungen und f\u00fcr die Buchhaltung verwendet. Dar\u00fcber hinaus werden sie verwendet, um \u00fcber Kurse und Veranstaltungen zu informieren, die ausschlie\u00dflich von der FSRM organisiert oder mitorganisiert werden (z. B. Kurse, \u00f6ffentliche Vortr\u00e4ge, wissenschaftliche Kongresse, Workshops f\u00fcr Kinder, etc.). Verwaltung [&hellip;]","og_url":"https:\/\/fsrm.ch\/site\/de\/datenschutzrichtlinie\/","og_site_name":"FSRM","article_publisher":"https:\/\/www.facebook.com\/fsrm.ch","article_modified_time":"2025-09-08T09:56:20+00:00","og_image":[{"width":1441,"height":669,"url":"https:\/\/fsrm.ch\/site\/wp-content\/uploads\/2018\/05\/cours_5-1.jpg","type":"image\/jpeg"}],"twitter_card":"summary_large_image","twitter_misc":{"Est. reading time":"3 minutes"},"schema":{"@context":"https:\/\/schema.org","@graph":[{"@type":"WebPage","@id":"https:\/\/fsrm.ch\/site\/de\/datenschutzrichtlinie\/","url":"https:\/\/fsrm.ch\/site\/de\/datenschutzrichtlinie\/","name":"datenschutzrichtlinie - FSRM","isPartOf":{"@id":"https:\/\/fsrm.ch\/site\/#website"},"primaryImageOfPage":{"@id":"https:\/\/fsrm.ch\/site\/de\/datenschutzrichtlinie\/#primaryimage"},"image":{"@id":"https:\/\/fsrm.ch\/site\/de\/datenschutzrichtlinie\/#primaryimage"},"thumbnailUrl":"https:\/\/fsrm.ch\/site\/wp-content\/uploads\/2018\/05\/cours_5-1-768x357.jpg","datePublished":"2024-10-08T05:32:26+00:00","dateModified":"2025-09-08T09:56:20+00:00","breadcrumb":{"@id":"https:\/\/fsrm.ch\/site\/de\/datenschutzrichtlinie\/#breadcrumb"},"inLanguage":"en-US","potentialAction":[{"@type":"ReadAction","target":["https:\/\/fsrm.ch\/site\/de\/datenschutzrichtlinie\/"]}]},{"@type":"ImageObject","inLanguage":"en-US","@id":"https:\/\/fsrm.ch\/site\/de\/datenschutzrichtlinie\/#primaryimage","url":"https:\/\/fsrm.ch\/site\/wp-content\/uploads\/2018\/05\/cours_5-1.jpg","contentUrl":"https:\/\/fsrm.ch\/site\/wp-content\/uploads\/2018\/05\/cours_5-1.jpg","width":1441,"height":669},{"@type":"BreadcrumbList","@id":"https:\/\/fsrm.ch\/site\/de\/datenschutzrichtlinie\/#breadcrumb","itemListElement":[{"@type":"ListItem","position":1,"name":"Home","item":"https:\/\/fsrm.ch\/site\/"},{"@type":"ListItem","position":2,"name":"datenschutzrichtlinie"}]},{"@type":"WebSite","@id":"https:\/\/fsrm.ch\/site\/#website","url":"https:\/\/fsrm.ch\/site\/","name":"FSRM","description":"Formation continue, cours de perfectionnement professionnel et organisation d&#039;\u00e9v\u00e9nements.","publisher":{"@id":"https:\/\/fsrm.ch\/site\/#organization"},"potentialAction":[{"@type":"SearchAction","target":{"@type":"EntryPoint","urlTemplate":"https:\/\/fsrm.ch\/site\/?s={search_term_string}"},"query-input":{"@type":"PropertyValueSpecification","valueRequired":true,"valueName":"search_term_string"}}],"inLanguage":"en-US"},{"@type":"Organization","@id":"https:\/\/fsrm.ch\/site\/#organization","name":"FSRM","url":"https:\/\/fsrm.ch\/site\/","logo":{"@type":"ImageObject","inLanguage":"en-US","@id":"https:\/\/fsrm.ch\/site\/#\/schema\/logo\/image\/","url":"https:\/\/fsrm.ch\/site\/wp-content\/uploads\/2025\/05\/fsrm-logo.png","contentUrl":"https:\/\/fsrm.ch\/site\/wp-content\/uploads\/2025\/05\/fsrm-logo.png","width":1000,"height":539,"caption":"FSRM"},"image":{"@id":"https:\/\/fsrm.ch\/site\/#\/schema\/logo\/image\/"},"sameAs":["https:\/\/www.facebook.com\/fsrm.ch","https:\/\/www.linkedin.com\/company\/fsrm-swiss-foundation-for-research-in-microtechnology","https:\/\/www.youtube.com\/user\/fsrmch"]}]}},"_links":{"self":[{"href":"https:\/\/fsrm.ch\/site\/wp-json\/wp\/v2\/pages\/6834","targetHints":{"allow":["GET"]}}],"collection":[{"href":"https:\/\/fsrm.ch\/site\/wp-json\/wp\/v2\/pages"}],"about":[{"href":"https:\/\/fsrm.ch\/site\/wp-json\/wp\/v2\/types\/page"}],"author":[{"embeddable":true,"href":"https:\/\/fsrm.ch\/site\/wp-json\/wp\/v2\/users\/7"}],"replies":[{"embeddable":true,"href":"https:\/\/fsrm.ch\/site\/wp-json\/wp\/v2\/comments?post=6834"}],"version-history":[{"count":20,"href":"https:\/\/fsrm.ch\/site\/wp-json\/wp\/v2\/pages\/6834\/revisions"}],"predecessor-version":[{"id":8649,"href":"https:\/\/fsrm.ch\/site\/wp-json\/wp\/v2\/pages\/6834\/revisions\/8649"}],"wp:attachment":[{"href":"https:\/\/fsrm.ch\/site\/wp-json\/wp\/v2\/media?parent=6834"}],"curies":[{"name":"wp","href":"https:\/\/api.w.org\/{rel}","templated":true}]}}